{"id":1419,"date":"2022-09-29T23:23:13","date_gmt":"2022-09-29T15:23:13","guid":{"rendered":"https:\/\/essenledstrip.com\/?post_type=product&#038;p=1419"},"modified":"2024-03-24T15:57:12","modified_gmt":"2024-03-24T07:57:12","slug":"ip67-waterproof-s1018-silicone-neon-led-strip","status":"publish","type":"product","link":"https:\/\/essenledstrip.com\/de\/produkt\/ip67-wasserdicht-s1018-silikon-neon-led-streifen\/","title":{"rendered":"IP67 Wasserdichter S1018 Silikon-Neon-LED-Streifen"},"content":{"rendered":"","protected":false},"excerpt":{"rendered":"<p>Alle unsere Silikon-Neon-LED-Streifen sind mehr als IP65 wasserdicht getestet und zertifiziert, was eine hohe Leistung und lange Lebensdauer gew\u00e4hrleistet. Wir k\u00f6nnen kundenspezifische LED-Neon-Flex-Streifen mit kundenspezifischer Farbe, Gr\u00f6\u00dfe, L\u00e4nge, CRI und verschiedenem Zubeh\u00f6r anbieten.<\/p>\n<ul>\n<li>Silikon-LED-Neonlicht-Seitenansicht 10 mm * 18 mm (B * H), DC24V.<\/li>\n<li>Es ist IP67-gesch\u00fctzt, niemals vergilbend, UV-best\u00e4ndig, salzwasserbest\u00e4ndig und hochtemperaturbest\u00e4ndig durch opale Silikonbeschichtung.<\/li>\n<li>Gleichm\u00e4\u00dfige Leuchtdichte und Punktfreiheit bringen die beste Leistung f\u00fcr Innen- und Au\u00dfenanwendungen.<\/li>\n<\/ul>\n<p>Wir bieten kundenspezifische L\u00f6sungen, OEM- und ODM-Service. Gro\u00dfh\u00e4ndler, Distributoren, H\u00e4ndler, H\u00e4ndler und Agenten k\u00f6nnen gerne in gro\u00dfen Mengen bei uns einkaufen.<\/p>\n<p><img fetchpriority=\"high\" decoding=\"async\" class=\"alignnone wp-image-1425 size-large\" src=\"https:\/\/essenledstrip.com\/wp-content\/uploads\/2022\/09\/20220928151650-1024x306.webp\" alt=\"\" width=\"1024\" height=\"306\" srcset=\"https:\/\/essenledstrip.com\/wp-content\/uploads\/2022\/09\/20220928151650-1024x306.webp 1024w, https:\/\/essenledstrip.com\/wp-content\/uploads\/2022\/09\/20220928151650-300x90.webp 300w, https:\/\/essenledstrip.com\/wp-content\/uploads\/2022\/09\/20220928151650-768x229.webp 768w, https:\/\/essenledstrip.com\/wp-content\/uploads\/2022\/09\/20220928151650-18x5.webp 18w, https:\/\/essenledstrip.com\/wp-content\/uploads\/2022\/09\/20220928151650-600x179.webp 600w, https:\/\/essenledstrip.com\/wp-content\/uploads\/2022\/09\/20220928151650.webp 1526w\" sizes=\"(max-width: 1024px) 100vw, 1024px\" \/><\/p>","protected":false},"featured_media":1421,"template":"","meta":{"_kad_post_transparent":"default","_kad_post_title":"","_kad_post_layout":"default","_kad_post_sidebar_id":"","_kad_post_content_style":"default","_kad_post_vertical_padding":"default","_kad_post_feature":"","_kad_post_feature_position":"","_kad_post_header":false,"_kad_post_footer":false,"_kad_post_classname":""},"product_brand":[],"product_cat":[57,59],"product_tag":[331,333,332],"class_list":{"0":"post-1419","1":"product","2":"type-product","3":"status-publish","4":"has-post-thumbnail","6":"product_cat-neon-led-strip","7":"product_cat-side-view-neon-strip","8":"product_tag-1018-side-view-silicone-flexible-led-neon-strip-lights","9":"product_tag-1018-silicone-neon-strip-5w-10w-15w-side-view-cri90","10":"product_tag-led-silicone-neon-flex-strip-light-1018-rgb-rgbw","12":"first","13":"instock","14":"shipping-taxable","15":"product-type-simple","16":"entry","17":"content-bg","18":"loop-entry"},"yoast_head":"<!-- This site is optimized with the Yoast SEO Premium plugin v24.7 (Yoast SEO v26.7) - https:\/\/yoast.com\/wordpress\/plugins\/seo\/ -->\n<title>1018 Side View Silicone Flexible LED Neon Strip - Essenled<\/title>\n<meta name=\"description\" content=\"LED silicone neon flex strip lights S1018, a LED strip that can perfectly simulate traditional neon lighting, is suitable for a simple and stylish installation.\" \/>\n<meta name=\"robots\" content=\"index, follow, max-snippet:-1, max-image-preview:large, max-video-preview:-1\" \/>\n<link rel=\"canonical\" href=\"https:\/\/essenledstrip.com\/de\/produkt\/ip67-wasserdicht-s1018-silikon-neon-led-streifen\/\" \/>\n<meta property=\"og:locale\" content=\"de_DE\" \/>\n<meta property=\"og:type\" content=\"article\" \/>\n<meta property=\"og:title\" content=\"IP67 Waterproof S1018 Silicone Neon LED Strip\" \/>\n<meta property=\"og:description\" content=\"LED silicone neon flex strip lights S1018, a LED strip that can perfectly simulate traditional neon lighting, is suitable for a simple and stylish installation.\" \/>\n<meta property=\"og:url\" content=\"https:\/\/essenledstrip.com\/de\/produkt\/ip67-wasserdicht-s1018-silikon-neon-led-streifen\/\" \/>\n<meta property=\"og:site_name\" content=\"Essenled Lighting\" \/>\n<meta property=\"article:publisher\" content=\"https:\/\/www.facebook.com\/Shenzhen-Essenled-Lighting-COLTD-106633570961729\" \/>\n<meta property=\"article:modified_time\" content=\"2024-03-24T07:57:12+00:00\" \/>\n<meta property=\"og:image\" content=\"https:\/\/essenledstrip.com\/wp-content\/uploads\/2022\/09\/1018-silicone-neon-strip-5w-10w-15w-side-view-CRI90.webp\" \/>\n\t<meta property=\"og:image:width\" content=\"800\" \/>\n\t<meta property=\"og:image:height\" content=\"800\" \/>\n\t<meta property=\"og:image:type\" content=\"image\/webp\" \/>\n<meta name=\"twitter:card\" content=\"summary_large_image\" \/>\n<meta name=\"twitter:label1\" content=\"Gesch\u00e4tzte Lesezeit\" \/>\n\t<meta name=\"twitter:data1\" content=\"1\u00a0Minute\" \/>\n<script type=\"application\/ld+json\" class=\"yoast-schema-graph\">{\"@context\":\"https:\/\/schema.org\",\"@graph\":[{\"@type\":\"WebPage\",\"@id\":\"https:\/\/essenledstrip.com\/product\/ip67-waterproof-s1018-silicone-neon-led-strip\/\",\"url\":\"https:\/\/essenledstrip.com\/product\/ip67-waterproof-s1018-silicone-neon-led-strip\/\",\"name\":\"1018 Side View Silicone Flexible LED Neon Strip - Essenled\",\"isPartOf\":{\"@id\":\"https:\/\/essenledstrip.com\/ar\/#website\"},\"primaryImageOfPage\":{\"@id\":\"https:\/\/essenledstrip.com\/product\/ip67-waterproof-s1018-silicone-neon-led-strip\/#primaryimage\"},\"image\":{\"@id\":\"https:\/\/essenledstrip.com\/product\/ip67-waterproof-s1018-silicone-neon-led-strip\/#primaryimage\"},\"thumbnailUrl\":\"https:\/\/essenledstrip.com\/wp-content\/uploads\/2022\/09\/1018-silicone-neon-strip-5w-10w-15w-side-view-CRI90.webp\",\"datePublished\":\"2022-09-29T15:23:13+00:00\",\"dateModified\":\"2024-03-24T07:57:12+00:00\",\"description\":\"LED silicone neon flex strip lights S1018, a LED strip that can perfectly simulate traditional neon lighting, is suitable for a simple and stylish installation.\",\"breadcrumb\":{\"@id\":\"https:\/\/essenledstrip.com\/product\/ip67-waterproof-s1018-silicone-neon-led-strip\/#breadcrumb\"},\"inLanguage\":\"de\",\"potentialAction\":[{\"@type\":\"ReadAction\",\"target\":[\"https:\/\/essenledstrip.com\/product\/ip67-waterproof-s1018-silicone-neon-led-strip\/\"]}]},{\"@type\":\"ImageObject\",\"inLanguage\":\"de\",\"@id\":\"https:\/\/essenledstrip.com\/product\/ip67-waterproof-s1018-silicone-neon-led-strip\/#primaryimage\",\"url\":\"https:\/\/essenledstrip.com\/wp-content\/uploads\/2022\/09\/1018-silicone-neon-strip-5w-10w-15w-side-view-CRI90.webp\",\"contentUrl\":\"https:\/\/essenledstrip.com\/wp-content\/uploads\/2022\/09\/1018-silicone-neon-strip-5w-10w-15w-side-view-CRI90.webp\",\"width\":800,\"height\":800,\"caption\":\"1018 silicone neon strip 5w 10w 15w side view CRI90\"},{\"@type\":\"BreadcrumbList\",\"@id\":\"https:\/\/essenledstrip.com\/product\/ip67-waterproof-s1018-silicone-neon-led-strip\/#breadcrumb\",\"itemListElement\":[{\"@type\":\"ListItem\",\"position\":1,\"name\":\"Home\",\"item\":\"https:\/\/essenledstrip.com\/\"},{\"@type\":\"ListItem\",\"position\":2,\"name\":\"Varer\",\"item\":\"https:\/\/essenledstrip.com\/dk\/shop\/\"},{\"@type\":\"ListItem\",\"position\":3,\"name\":\"IP67 Waterproof S1018 Silicone Neon LED Strip\"}]},{\"@type\":\"WebSite\",\"@id\":\"https:\/\/essenledstrip.com\/ar\/#website\",\"url\":\"https:\/\/essenledstrip.com\/ar\/\",\"name\":\"Essenled Lighting\",\"description\":\"\",\"publisher\":{\"@id\":\"https:\/\/essenledstrip.com\/ar\/#organization\"},\"potentialAction\":[{\"@type\":\"SearchAction\",\"target\":{\"@type\":\"EntryPoint\",\"urlTemplate\":\"https:\/\/essenledstrip.com\/ar\/?s={search_term_string}\"},\"query-input\":{\"@type\":\"PropertyValueSpecification\",\"valueRequired\":true,\"valueName\":\"search_term_string\"}}],\"inLanguage\":\"de\"},{\"@type\":\"Organization\",\"@id\":\"https:\/\/essenledstrip.com\/ar\/#organization\",\"name\":\"Shenzhen Essenled Lighting CO.,LTD\",\"url\":\"https:\/\/essenledstrip.com\/ar\/\",\"logo\":{\"@type\":\"ImageObject\",\"inLanguage\":\"de\",\"@id\":\"https:\/\/essenledstrip.com\/ar\/#\/schema\/logo\/image\/\",\"url\":\"https:\/\/essenledstrip.com\/wp-content\/uploads\/2022\/08\/LOGO.png\",\"contentUrl\":\"https:\/\/essenledstrip.com\/wp-content\/uploads\/2022\/08\/LOGO.png\",\"width\":300,\"height\":100,\"caption\":\"Shenzhen Essenled Lighting CO.,LTD\"},\"image\":{\"@id\":\"https:\/\/essenledstrip.com\/ar\/#\/schema\/logo\/image\/\"},\"sameAs\":[\"https:\/\/www.facebook.com\/Shenzhen-Essenled-Lighting-COLTD-106633570961729\"]}]}<\/script>\n<!-- \/ Yoast SEO Premium plugin. -->","yoast_head_json":{"title":"1018 Side View Silicone Flexible LED Neon Strip - Essenled","description":"LED silicone neon flex strip lights S1018, a LED strip that can perfectly simulate traditional neon lighting, is suitable for a simple and stylish installation.","robots":{"index":"index","follow":"follow","max-snippet":"max-snippet:-1","max-image-preview":"max-image-preview:large","max-video-preview":"max-video-preview:-1"},"canonical":"https:\/\/essenledstrip.com\/de\/produkt\/ip67-wasserdicht-s1018-silikon-neon-led-streifen\/","og_locale":"de_DE","og_type":"article","og_title":"IP67 Waterproof S1018 Silicone Neon LED Strip","og_description":"LED silicone neon flex strip lights S1018, a LED strip that can perfectly simulate traditional neon lighting, is suitable for a simple and stylish installation.","og_url":"https:\/\/essenledstrip.com\/de\/produkt\/ip67-wasserdicht-s1018-silikon-neon-led-streifen\/","og_site_name":"Essenled Lighting","article_publisher":"https:\/\/www.facebook.com\/Shenzhen-Essenled-Lighting-COLTD-106633570961729","article_modified_time":"2024-03-24T07:57:12+00:00","og_image":[{"width":800,"height":800,"url":"https:\/\/essenledstrip.com\/wp-content\/uploads\/2022\/09\/1018-silicone-neon-strip-5w-10w-15w-side-view-CRI90.webp","type":"image\/webp"}],"twitter_card":"summary_large_image","twitter_misc":{"Gesch\u00e4tzte Lesezeit":"1\u00a0Minute"},"schema":{"@context":"https:\/\/schema.org","@graph":[{"@type":"WebPage","@id":"https:\/\/essenledstrip.com\/product\/ip67-waterproof-s1018-silicone-neon-led-strip\/","url":"https:\/\/essenledstrip.com\/product\/ip67-waterproof-s1018-silicone-neon-led-strip\/","name":"1018 Side View Silicone Flexible LED Neon Strip - Essenled","isPartOf":{"@id":"https:\/\/essenledstrip.com\/ar\/#website"},"primaryImageOfPage":{"@id":"https:\/\/essenledstrip.com\/product\/ip67-waterproof-s1018-silicone-neon-led-strip\/#primaryimage"},"image":{"@id":"https:\/\/essenledstrip.com\/product\/ip67-waterproof-s1018-silicone-neon-led-strip\/#primaryimage"},"thumbnailUrl":"https:\/\/essenledstrip.com\/wp-content\/uploads\/2022\/09\/1018-silicone-neon-strip-5w-10w-15w-side-view-CRI90.webp","datePublished":"2022-09-29T15:23:13+00:00","dateModified":"2024-03-24T07:57:12+00:00","description":"LED silicone neon flex strip lights S1018, a LED strip that can perfectly simulate traditional neon lighting, is suitable for a simple and stylish installation.","breadcrumb":{"@id":"https:\/\/essenledstrip.com\/product\/ip67-waterproof-s1018-silicone-neon-led-strip\/#breadcrumb"},"inLanguage":"de","potentialAction":[{"@type":"ReadAction","target":["https:\/\/essenledstrip.com\/product\/ip67-waterproof-s1018-silicone-neon-led-strip\/"]}]},{"@type":"ImageObject","inLanguage":"de","@id":"https:\/\/essenledstrip.com\/product\/ip67-waterproof-s1018-silicone-neon-led-strip\/#primaryimage","url":"https:\/\/essenledstrip.com\/wp-content\/uploads\/2022\/09\/1018-silicone-neon-strip-5w-10w-15w-side-view-CRI90.webp","contentUrl":"https:\/\/essenledstrip.com\/wp-content\/uploads\/2022\/09\/1018-silicone-neon-strip-5w-10w-15w-side-view-CRI90.webp","width":800,"height":800,"caption":"1018 silicone neon strip 5w 10w 15w side view CRI90"},{"@type":"BreadcrumbList","@id":"https:\/\/essenledstrip.com\/product\/ip67-waterproof-s1018-silicone-neon-led-strip\/#breadcrumb","itemListElement":[{"@type":"ListItem","position":1,"name":"Home","item":"https:\/\/essenledstrip.com\/"},{"@type":"ListItem","position":2,"name":"Varer","item":"https:\/\/essenledstrip.com\/dk\/shop\/"},{"@type":"ListItem","position":3,"name":"IP67 Waterproof S1018 Silicone Neon LED Strip"}]},{"@type":"WebSite","@id":"https:\/\/essenledstrip.com\/ar\/#website","url":"https:\/\/essenledstrip.com\/ar\/","name":"Essenled Lighting","description":"","publisher":{"@id":"https:\/\/essenledstrip.com\/ar\/#organization"},"potentialAction":[{"@type":"SearchAction","target":{"@type":"EntryPoint","urlTemplate":"https:\/\/essenledstrip.com\/ar\/?s={search_term_string}"},"query-input":{"@type":"PropertyValueSpecification","valueRequired":true,"valueName":"search_term_string"}}],"inLanguage":"de"},{"@type":"Organization","@id":"https:\/\/essenledstrip.com\/ar\/#organization","name":"Shenzhen Essenled Lighting CO.,LTD","url":"https:\/\/essenledstrip.com\/ar\/","logo":{"@type":"ImageObject","inLanguage":"de","@id":"https:\/\/essenledstrip.com\/ar\/#\/schema\/logo\/image\/","url":"https:\/\/essenledstrip.com\/wp-content\/uploads\/2022\/08\/LOGO.png","contentUrl":"https:\/\/essenledstrip.com\/wp-content\/uploads\/2022\/08\/LOGO.png","width":300,"height":100,"caption":"Shenzhen Essenled Lighting CO.,LTD"},"image":{"@id":"https:\/\/essenledstrip.com\/ar\/#\/schema\/logo\/image\/"},"sameAs":["https:\/\/www.facebook.com\/Shenzhen-Essenled-Lighting-COLTD-106633570961729"]}]}},"_links":{"self":[{"href":"https:\/\/essenledstrip.com\/de\/wp-json\/wp\/v2\/product\/1419","targetHints":{"allow":["GET"]}}],"collection":[{"href":"https:\/\/essenledstrip.com\/de\/wp-json\/wp\/v2\/product"}],"about":[{"href":"https:\/\/essenledstrip.com\/de\/wp-json\/wp\/v2\/types\/product"}],"version-history":[{"count":0,"href":"https:\/\/essenledstrip.com\/de\/wp-json\/wp\/v2\/product\/1419\/revisions"}],"wp:featuredmedia":[{"embeddable":true,"href":"https:\/\/essenledstrip.com\/de\/wp-json\/wp\/v2\/media\/1421"}],"wp:attachment":[{"href":"https:\/\/essenledstrip.com\/de\/wp-json\/wp\/v2\/media?parent=1419"}],"wp:term":[{"taxonomy":"product_brand","embeddable":true,"href":"https:\/\/essenledstrip.com\/de\/wp-json\/wp\/v2\/product_brand?post=1419"},{"taxonomy":"product_cat","embeddable":true,"href":"https:\/\/essenledstrip.com\/de\/wp-json\/wp\/v2\/product_cat?post=1419"},{"taxonomy":"product_tag","embeddable":true,"href":"https:\/\/essenledstrip.com\/de\/wp-json\/wp\/v2\/product_tag?post=1419"}],"curies":[{"name":"wp","href":"https:\/\/api.w.org\/{rel}","templated":true}]}}