{"id":683,"date":"2022-09-09T16:10:37","date_gmt":"2022-09-09T08:10:37","guid":{"rendered":"https:\/\/essenledstrip.com\/?post_type=product&#038;p=683"},"modified":"2024-03-24T15:31:48","modified_gmt":"2024-03-24T07:31:48","slug":"smd2110-140leds-led-strip","status":"publish","type":"product","link":"https:\/\/essenledstrip.com\/de\/produkt\/smd2110-140leds-led-streifen\/","title":{"rendered":"SMD2110 140 LEDs\/m 24 V CRI&gt;90+ LED-Streifen mit hoher Helligkeit"},"content":{"rendered":"","protected":false},"excerpt":{"rendered":"<p>Die neueste LED SMD 2110 mit einer kleinen Gr\u00f6\u00dfe von 2,1 * 1,0 mm, einem LED-Streifen mit hoher Helligkeit von nur 24 V (50 mm \/ Schnitt) und 140 LEDs \/ m hebt sich von den anderen Streifen ab, da sie alle 9,6 W \/ m (ca. 1000 lm \/ m) haben Die LEDs CRI bis zu 90+, bitte beachten Sie, dass der Standardbereich der Kelvin-Temperatur 2700k\/3000k\/4000k\/6000k betr\u00e4gt und extrem vielseitig ist.<\/p>\n<p>Es verf\u00fcgt \u00fcber 140 LEDs\/m vom Typ SMD2110, die eine hohe Leuchtkraft und eine hohe Energieeffizienz bieten, ideal zur Beleuchtung jedes Raums, kann in Profilen installiert oder in W\u00e4nden und Gipsdecken versteckt werden, dieser Streifen kann alle 50 mm durch die angegebenen Schnittfl\u00e4chen geschnitten werden, Es verf\u00fcgt \u00fcber ein Klebeband auf der R\u00fcckseite f\u00fcr eine einfache Oberfl\u00e4chenmontage.<\/p>\n<p>Unser All-Flex-Streifen mit langer lebenslanger 3-5-Jahres-Garantie mit guter Farbgleichm\u00e4\u00dfigkeit, wir versprechen nur einen Beh\u00e4lter f\u00fcr jede Bestellung, auch mit CE\/RoHs\/ETL-Zertifikat.<\/p>\n<p><img decoding=\"async\" class=\"size-medium wp-image-690\" src=\"https:\/\/essenledstrip.com\/wp-content\/uploads\/2022\/09\/SMD2110-140-led-strip-drawing-300x104.webp\" alt=\"SMD2110 140 LED-Streifenzeichnung\" width=\"300\" height=\"104\" srcset=\"https:\/\/essenledstrip.com\/wp-content\/uploads\/2022\/09\/SMD2110-140-led-strip-drawing-300x104.webp 300w, https:\/\/essenledstrip.com\/wp-content\/uploads\/2022\/09\/SMD2110-140-led-strip-drawing-18x6.webp 18w, https:\/\/essenledstrip.com\/wp-content\/uploads\/2022\/09\/SMD2110-140-led-strip-drawing-600x207.webp 600w, https:\/\/essenledstrip.com\/wp-content\/uploads\/2022\/09\/SMD2110-140-led-strip-drawing.webp 668w\" sizes=\"(max-width: 300px) 100vw, 300px\" \/><\/p>","protected":false},"featured_media":2829,"template":"","meta":{"_kad_post_transparent":"default","_kad_post_title":"","_kad_post_layout":"default","_kad_post_sidebar_id":"","_kad_post_content_style":"default","_kad_post_vertical_padding":"default","_kad_post_feature":"","_kad_post_feature_position":"","_kad_post_header":false,"_kad_post_footer":false,"_kad_post_classname":""},"product_brand":[],"product_cat":[20,26],"product_tag":[107,106,105],"class_list":{"0":"post-683","1":"product","2":"type-product","3":"status-publish","4":"has-post-thumbnail","6":"product_cat-single-color-led-strip","7":"product_cat-smd2110-led-strip","8":"product_tag-12v-24v-240leds-m-smd2110-flexible-strip","9":"product_tag-smd-2110-led-flexible-strip-light-140leds","10":"product_tag-smd2110-flexible-led-strip-light-140leds-m","12":"first","13":"instock","14":"shipping-taxable","15":"product-type-simple","16":"entry","17":"content-bg","18":"loop-entry"},"yoast_head":"<!-- This site is optimized with the Yoast SEO Premium plugin v24.7 (Yoast SEO v26.7) - https:\/\/yoast.com\/wordpress\/plugins\/seo\/ -->\n<title>High Brightness Led Strip SMD2110 24V CRI90-Essenled lighting<\/title>\n<meta name=\"description\" content=\"Compact Size SMD2110 Flex Led Strip Cri90 High Brightness 140leds per meter 24vdc 5m\/reel IP20\/IP65\/IP65H\/IP67\/IP68, sales@essenledstrip.com\" \/>\n<meta name=\"robots\" content=\"index, follow, max-snippet:-1, max-image-preview:large, max-video-preview:-1\" \/>\n<link rel=\"canonical\" href=\"https:\/\/essenledstrip.com\/de\/produkt\/smd2110-140leds-led-streifen\/\" \/>\n<meta property=\"og:locale\" content=\"de_DE\" \/>\n<meta property=\"og:type\" content=\"article\" \/>\n<meta property=\"og:title\" content=\"SMD2110 140leds\/m 24V CRI&gt;90+ High Brightness LED Strip\" \/>\n<meta property=\"og:description\" content=\"Compact Size SMD2110 Flex Led Strip Cri90 High Brightness 140leds per meter 24vdc 5m\/reel IP20\/IP65\/IP65H\/IP67\/IP68, sales@essenledstrip.com\" \/>\n<meta property=\"og:url\" content=\"https:\/\/essenledstrip.com\/de\/produkt\/smd2110-140leds-led-streifen\/\" \/>\n<meta property=\"og:site_name\" content=\"Essenled Lighting\" \/>\n<meta property=\"article:publisher\" content=\"https:\/\/www.facebook.com\/Shenzhen-Essenled-Lighting-COLTD-106633570961729\" \/>\n<meta property=\"article:modified_time\" content=\"2024-03-24T07:31:48+00:00\" \/>\n<meta property=\"og:image\" content=\"https:\/\/essenledstrip.com\/wp-content\/uploads\/2022\/09\/2110smd-140leds-10mm.webp\" \/>\n\t<meta property=\"og:image:width\" content=\"800\" \/>\n\t<meta property=\"og:image:height\" content=\"800\" \/>\n\t<meta property=\"og:image:type\" content=\"image\/webp\" \/>\n<meta name=\"twitter:card\" content=\"summary_large_image\" \/>\n<meta name=\"twitter:label1\" content=\"Gesch\u00e4tzte Lesezeit\" \/>\n\t<meta name=\"twitter:data1\" content=\"1\u00a0Minute\" \/>\n<script type=\"application\/ld+json\" class=\"yoast-schema-graph\">{\"@context\":\"https:\/\/schema.org\",\"@graph\":[{\"@type\":\"WebPage\",\"@id\":\"https:\/\/essenledstrip.com\/product\/smd2110-140leds-led-strip\/\",\"url\":\"https:\/\/essenledstrip.com\/product\/smd2110-140leds-led-strip\/\",\"name\":\"High Brightness Led Strip SMD2110 24V CRI90-Essenled lighting\",\"isPartOf\":{\"@id\":\"https:\/\/essenledstrip.com\/ar\/#website\"},\"primaryImageOfPage\":{\"@id\":\"https:\/\/essenledstrip.com\/product\/smd2110-140leds-led-strip\/#primaryimage\"},\"image\":{\"@id\":\"https:\/\/essenledstrip.com\/product\/smd2110-140leds-led-strip\/#primaryimage\"},\"thumbnailUrl\":\"https:\/\/essenledstrip.com\/wp-content\/uploads\/2022\/09\/2110smd-140leds-10mm.webp\",\"datePublished\":\"2022-09-09T08:10:37+00:00\",\"dateModified\":\"2024-03-24T07:31:48+00:00\",\"description\":\"Compact Size SMD2110 Flex Led Strip Cri90 High Brightness 140leds per meter 24vdc 5m\/reel IP20\/IP65\/IP65H\/IP67\/IP68, sales@essenledstrip.com\",\"breadcrumb\":{\"@id\":\"https:\/\/essenledstrip.com\/product\/smd2110-140leds-led-strip\/#breadcrumb\"},\"inLanguage\":\"de\",\"potentialAction\":[{\"@type\":\"ReadAction\",\"target\":[\"https:\/\/essenledstrip.com\/product\/smd2110-140leds-led-strip\/\"]}]},{\"@type\":\"ImageObject\",\"inLanguage\":\"de\",\"@id\":\"https:\/\/essenledstrip.com\/product\/smd2110-140leds-led-strip\/#primaryimage\",\"url\":\"https:\/\/essenledstrip.com\/wp-content\/uploads\/2022\/09\/2110smd-140leds-10mm.webp\",\"contentUrl\":\"https:\/\/essenledstrip.com\/wp-content\/uploads\/2022\/09\/2110smd-140leds-10mm.webp\",\"width\":800,\"height\":800},{\"@type\":\"BreadcrumbList\",\"@id\":\"https:\/\/essenledstrip.com\/product\/smd2110-140leds-led-strip\/#breadcrumb\",\"itemListElement\":[{\"@type\":\"ListItem\",\"position\":1,\"name\":\"Home\",\"item\":\"https:\/\/essenledstrip.com\/\"},{\"@type\":\"ListItem\",\"position\":2,\"name\":\"Varer\",\"item\":\"https:\/\/essenledstrip.com\/dk\/shop\/\"},{\"@type\":\"ListItem\",\"position\":3,\"name\":\"SMD2110 140leds\/m 24V CRI>90+ High Brightness LED Strip\"}]},{\"@type\":\"WebSite\",\"@id\":\"https:\/\/essenledstrip.com\/ar\/#website\",\"url\":\"https:\/\/essenledstrip.com\/ar\/\",\"name\":\"Essenled Lighting\",\"description\":\"\",\"publisher\":{\"@id\":\"https:\/\/essenledstrip.com\/ar\/#organization\"},\"potentialAction\":[{\"@type\":\"SearchAction\",\"target\":{\"@type\":\"EntryPoint\",\"urlTemplate\":\"https:\/\/essenledstrip.com\/ar\/?s={search_term_string}\"},\"query-input\":{\"@type\":\"PropertyValueSpecification\",\"valueRequired\":true,\"valueName\":\"search_term_string\"}}],\"inLanguage\":\"de\"},{\"@type\":\"Organization\",\"@id\":\"https:\/\/essenledstrip.com\/ar\/#organization\",\"name\":\"Shenzhen Essenled Lighting CO.,LTD\",\"url\":\"https:\/\/essenledstrip.com\/ar\/\",\"logo\":{\"@type\":\"ImageObject\",\"inLanguage\":\"de\",\"@id\":\"https:\/\/essenledstrip.com\/ar\/#\/schema\/logo\/image\/\",\"url\":\"https:\/\/essenledstrip.com\/wp-content\/uploads\/2022\/08\/LOGO.png\",\"contentUrl\":\"https:\/\/essenledstrip.com\/wp-content\/uploads\/2022\/08\/LOGO.png\",\"width\":300,\"height\":100,\"caption\":\"Shenzhen Essenled Lighting CO.,LTD\"},\"image\":{\"@id\":\"https:\/\/essenledstrip.com\/ar\/#\/schema\/logo\/image\/\"},\"sameAs\":[\"https:\/\/www.facebook.com\/Shenzhen-Essenled-Lighting-COLTD-106633570961729\"]}]}<\/script>\n<!-- \/ Yoast SEO Premium plugin. -->","yoast_head_json":{"title":"High Brightness Led Strip SMD2110 24V CRI90-Essenled lighting","description":"Compact Size SMD2110 Flex Led Strip Cri90 High Brightness 140leds per meter 24vdc 5m\/reel IP20\/IP65\/IP65H\/IP67\/IP68, sales@essenledstrip.com","robots":{"index":"index","follow":"follow","max-snippet":"max-snippet:-1","max-image-preview":"max-image-preview:large","max-video-preview":"max-video-preview:-1"},"canonical":"https:\/\/essenledstrip.com\/de\/produkt\/smd2110-140leds-led-streifen\/","og_locale":"de_DE","og_type":"article","og_title":"SMD2110 140leds\/m 24V CRI>90+ High Brightness LED Strip","og_description":"Compact Size SMD2110 Flex Led Strip Cri90 High Brightness 140leds per meter 24vdc 5m\/reel IP20\/IP65\/IP65H\/IP67\/IP68, sales@essenledstrip.com","og_url":"https:\/\/essenledstrip.com\/de\/produkt\/smd2110-140leds-led-streifen\/","og_site_name":"Essenled Lighting","article_publisher":"https:\/\/www.facebook.com\/Shenzhen-Essenled-Lighting-COLTD-106633570961729","article_modified_time":"2024-03-24T07:31:48+00:00","og_image":[{"width":800,"height":800,"url":"https:\/\/essenledstrip.com\/wp-content\/uploads\/2022\/09\/2110smd-140leds-10mm.webp","type":"image\/webp"}],"twitter_card":"summary_large_image","twitter_misc":{"Gesch\u00e4tzte Lesezeit":"1\u00a0Minute"},"schema":{"@context":"https:\/\/schema.org","@graph":[{"@type":"WebPage","@id":"https:\/\/essenledstrip.com\/product\/smd2110-140leds-led-strip\/","url":"https:\/\/essenledstrip.com\/product\/smd2110-140leds-led-strip\/","name":"High Brightness Led Strip SMD2110 24V CRI90-Essenled lighting","isPartOf":{"@id":"https:\/\/essenledstrip.com\/ar\/#website"},"primaryImageOfPage":{"@id":"https:\/\/essenledstrip.com\/product\/smd2110-140leds-led-strip\/#primaryimage"},"image":{"@id":"https:\/\/essenledstrip.com\/product\/smd2110-140leds-led-strip\/#primaryimage"},"thumbnailUrl":"https:\/\/essenledstrip.com\/wp-content\/uploads\/2022\/09\/2110smd-140leds-10mm.webp","datePublished":"2022-09-09T08:10:37+00:00","dateModified":"2024-03-24T07:31:48+00:00","description":"Compact Size SMD2110 Flex Led Strip Cri90 High Brightness 140leds per meter 24vdc 5m\/reel IP20\/IP65\/IP65H\/IP67\/IP68, sales@essenledstrip.com","breadcrumb":{"@id":"https:\/\/essenledstrip.com\/product\/smd2110-140leds-led-strip\/#breadcrumb"},"inLanguage":"de","potentialAction":[{"@type":"ReadAction","target":["https:\/\/essenledstrip.com\/product\/smd2110-140leds-led-strip\/"]}]},{"@type":"ImageObject","inLanguage":"de","@id":"https:\/\/essenledstrip.com\/product\/smd2110-140leds-led-strip\/#primaryimage","url":"https:\/\/essenledstrip.com\/wp-content\/uploads\/2022\/09\/2110smd-140leds-10mm.webp","contentUrl":"https:\/\/essenledstrip.com\/wp-content\/uploads\/2022\/09\/2110smd-140leds-10mm.webp","width":800,"height":800},{"@type":"BreadcrumbList","@id":"https:\/\/essenledstrip.com\/product\/smd2110-140leds-led-strip\/#breadcrumb","itemListElement":[{"@type":"ListItem","position":1,"name":"Home","item":"https:\/\/essenledstrip.com\/"},{"@type":"ListItem","position":2,"name":"Varer","item":"https:\/\/essenledstrip.com\/dk\/shop\/"},{"@type":"ListItem","position":3,"name":"SMD2110 140leds\/m 24V CRI>90+ High Brightness LED Strip"}]},{"@type":"WebSite","@id":"https:\/\/essenledstrip.com\/ar\/#website","url":"https:\/\/essenledstrip.com\/ar\/","name":"Essenled Lighting","description":"","publisher":{"@id":"https:\/\/essenledstrip.com\/ar\/#organization"},"potentialAction":[{"@type":"SearchAction","target":{"@type":"EntryPoint","urlTemplate":"https:\/\/essenledstrip.com\/ar\/?s={search_term_string}"},"query-input":{"@type":"PropertyValueSpecification","valueRequired":true,"valueName":"search_term_string"}}],"inLanguage":"de"},{"@type":"Organization","@id":"https:\/\/essenledstrip.com\/ar\/#organization","name":"Shenzhen Essenled Lighting CO.,LTD","url":"https:\/\/essenledstrip.com\/ar\/","logo":{"@type":"ImageObject","inLanguage":"de","@id":"https:\/\/essenledstrip.com\/ar\/#\/schema\/logo\/image\/","url":"https:\/\/essenledstrip.com\/wp-content\/uploads\/2022\/08\/LOGO.png","contentUrl":"https:\/\/essenledstrip.com\/wp-content\/uploads\/2022\/08\/LOGO.png","width":300,"height":100,"caption":"Shenzhen Essenled Lighting CO.,LTD"},"image":{"@id":"https:\/\/essenledstrip.com\/ar\/#\/schema\/logo\/image\/"},"sameAs":["https:\/\/www.facebook.com\/Shenzhen-Essenled-Lighting-COLTD-106633570961729"]}]}},"_links":{"self":[{"href":"https:\/\/essenledstrip.com\/de\/wp-json\/wp\/v2\/product\/683","targetHints":{"allow":["GET"]}}],"collection":[{"href":"https:\/\/essenledstrip.com\/de\/wp-json\/wp\/v2\/product"}],"about":[{"href":"https:\/\/essenledstrip.com\/de\/wp-json\/wp\/v2\/types\/product"}],"version-history":[{"count":0,"href":"https:\/\/essenledstrip.com\/de\/wp-json\/wp\/v2\/product\/683\/revisions"}],"wp:featuredmedia":[{"embeddable":true,"href":"https:\/\/essenledstrip.com\/de\/wp-json\/wp\/v2\/media\/2829"}],"wp:attachment":[{"href":"https:\/\/essenledstrip.com\/de\/wp-json\/wp\/v2\/media?parent=683"}],"wp:term":[{"taxonomy":"product_brand","embeddable":true,"href":"https:\/\/essenledstrip.com\/de\/wp-json\/wp\/v2\/product_brand?post=683"},{"taxonomy":"product_cat","embeddable":true,"href":"https:\/\/essenledstrip.com\/de\/wp-json\/wp\/v2\/product_cat?post=683"},{"taxonomy":"product_tag","embeddable":true,"href":"https:\/\/essenledstrip.com\/de\/wp-json\/wp\/v2\/product_tag?post=683"}],"curies":[{"name":"wp","href":"https:\/\/api.w.org\/{rel}","templated":true}]}}