{"id":692,"date":"2022-09-09T16:24:09","date_gmt":"2022-09-09T08:24:09","guid":{"rendered":"https:\/\/essenledstrip.com\/?post_type=product&#038;p=692"},"modified":"2024-03-24T15:32:41","modified_gmt":"2024-03-24T07:32:41","slug":"smd2110-280leds-led-strip","status":"publish","type":"product","link":"https:\/\/essenledstrip.com\/de\/produkt\/smd2110-280leds-led-streifen\/","title":{"rendered":"SMD2110 280 LEDs\/m 24 V CRI&gt;90+ LED-Streifen mit hoher Helligkeit"},"content":{"rendered":"","protected":false},"excerpt":{"rendered":"<p>Die neueste LED SMD 2110 mit einer kleinen Gr\u00f6\u00dfe von 2,1 * 1,0 mm, einem LED-Streifen mit hoher Helligkeit von nur 24 V (25 mm \/ Schnitt) und 280 LEDs \/ m hebt sich von den anderen Streifen durch 18 W \/ m (ca. 1700 lm \/ m) ab LEDs CRI bis zu 90+, bitte beachten Sie, dass der Standardbereich der Kelvin-Temperatur 2700k\/3000k\/4000k\/6000k betr\u00e4gt und extrem vielseitig ist.<\/p>\n<p>Es verf\u00fcgt \u00fcber 280 LEDs\/m vom Typ SMD2110, die eine hohe Leuchtkraft und hohe Energieeffizienz bieten, ideal zur Beleuchtung jedes Raums, kann in Profilen installiert oder in W\u00e4nden und Gipsdecken versteckt werden, dieser Streifen kann alle 25 mm durch die angegebenen Schnittfl\u00e4chen geschnitten werden, Es verf\u00fcgt \u00fcber ein Klebeband auf der R\u00fcckseite f\u00fcr eine einfache Oberfl\u00e4chenmontage.<\/p>\n<p>Unser All-Flex-Streifen mit langer lebenslanger 3-5-Jahres-Garantie mit guter Farbgleichm\u00e4\u00dfigkeit, wir versprechen nur einen Beh\u00e4lter f\u00fcr jede Bestellung, auch mit CE\/RoHs\/ETL-Zertifikat.<\/p>\n<p><img decoding=\"async\" class=\"size-medium wp-image-699\" src=\"https:\/\/essenledstrip.com\/wp-content\/uploads\/2022\/09\/SMD2110-280-led-strip-drawing-300x135.webp\" alt=\"SMD2110 280 LED-Streifenzeichnung\" width=\"300\" height=\"135\" srcset=\"https:\/\/essenledstrip.com\/wp-content\/uploads\/2022\/09\/SMD2110-280-led-strip-drawing-300x135.webp 300w, https:\/\/essenledstrip.com\/wp-content\/uploads\/2022\/09\/SMD2110-280-led-strip-drawing-18x8.webp 18w, https:\/\/essenledstrip.com\/wp-content\/uploads\/2022\/09\/SMD2110-280-led-strip-drawing.webp 494w\" sizes=\"(max-width: 300px) 100vw, 300px\" \/><\/p>","protected":false},"featured_media":2830,"template":"","meta":{"_kad_post_transparent":"default","_kad_post_title":"","_kad_post_layout":"default","_kad_post_sidebar_id":"","_kad_post_content_style":"default","_kad_post_vertical_padding":"default","_kad_post_feature":"","_kad_post_feature_position":"","_kad_post_header":false,"_kad_post_footer":false,"_kad_post_classname":""},"product_brand":[],"product_cat":[20,26],"product_tag":[108,110,109],"class_list":{"0":"post-692","1":"product","2":"type-product","3":"status-publish","4":"has-post-thumbnail","6":"product_cat-single-color-led-strip","7":"product_cat-smd2110-led-strip","8":"product_tag-dc-24v-280leds-m-smd-2110-4mm-pcb-flexible-led","9":"product_tag-smd2110-280leds-waterproof-ip65-led-strip-manufacturer","10":"product_tag-waterproof-ip20-smd2110-280leds-flexible-led-strip-lights","12":"first","13":"instock","14":"shipping-taxable","15":"product-type-simple","16":"entry","17":"content-bg","18":"loop-entry"},"yoast_head":"<!-- This site is optimized with the Yoast SEO Premium plugin v24.7 (Yoast SEO v26.7) - https:\/\/yoast.com\/wordpress\/plugins\/seo\/ -->\n<title>High Quality LED Strip SMD2110 280Leds 18W Manufacturer<\/title>\n<meta name=\"description\" content=\"High quality led strip smd2110 series is a new and highly bendable, up to 280leds\/m, CRI&gt;90+ with real color, is the best innovation for led strip light.\" \/>\n<meta name=\"robots\" content=\"index, follow, max-snippet:-1, max-image-preview:large, max-video-preview:-1\" \/>\n<link rel=\"canonical\" href=\"https:\/\/essenledstrip.com\/de\/produkt\/smd2110-280leds-led-streifen\/\" \/>\n<meta property=\"og:locale\" content=\"de_DE\" \/>\n<meta property=\"og:type\" content=\"article\" \/>\n<meta property=\"og:title\" content=\"SMD2110 280leds\/m 24V CRI&gt;90+ High Brightness LED Strip\" \/>\n<meta property=\"og:description\" content=\"High quality led strip smd2110 series is a new and highly bendable, up to 280leds\/m, CRI&gt;90+ with real color, is the best innovation for led strip light.\" \/>\n<meta property=\"og:url\" content=\"https:\/\/essenledstrip.com\/de\/produkt\/smd2110-280leds-led-streifen\/\" \/>\n<meta property=\"og:site_name\" content=\"Essenled Lighting\" \/>\n<meta property=\"article:publisher\" content=\"https:\/\/www.facebook.com\/Shenzhen-Essenled-Lighting-COLTD-106633570961729\" \/>\n<meta property=\"article:modified_time\" content=\"2024-03-24T07:32:41+00:00\" \/>\n<meta property=\"og:image\" content=\"https:\/\/essenledstrip.com\/wp-content\/uploads\/2022\/09\/2110smd-280leds-10mm.webp\" \/>\n\t<meta property=\"og:image:width\" content=\"800\" \/>\n\t<meta property=\"og:image:height\" content=\"800\" \/>\n\t<meta property=\"og:image:type\" content=\"image\/webp\" \/>\n<meta name=\"twitter:card\" content=\"summary_large_image\" \/>\n<meta name=\"twitter:label1\" content=\"Gesch\u00e4tzte Lesezeit\" \/>\n\t<meta name=\"twitter:data1\" content=\"1\u00a0Minute\" \/>\n<script type=\"application\/ld+json\" class=\"yoast-schema-graph\">{\"@context\":\"https:\/\/schema.org\",\"@graph\":[{\"@type\":\"WebPage\",\"@id\":\"https:\/\/essenledstrip.com\/product\/smd2110-280leds-led-strip\/\",\"url\":\"https:\/\/essenledstrip.com\/product\/smd2110-280leds-led-strip\/\",\"name\":\"High Quality LED Strip SMD2110 280Leds 18W Manufacturer\",\"isPartOf\":{\"@id\":\"https:\/\/essenledstrip.com\/ar\/#website\"},\"primaryImageOfPage\":{\"@id\":\"https:\/\/essenledstrip.com\/product\/smd2110-280leds-led-strip\/#primaryimage\"},\"image\":{\"@id\":\"https:\/\/essenledstrip.com\/product\/smd2110-280leds-led-strip\/#primaryimage\"},\"thumbnailUrl\":\"https:\/\/essenledstrip.com\/wp-content\/uploads\/2022\/09\/2110smd-280leds-10mm.webp\",\"datePublished\":\"2022-09-09T08:24:09+00:00\",\"dateModified\":\"2024-03-24T07:32:41+00:00\",\"description\":\"High quality led strip smd2110 series is a new and highly bendable, up to 280leds\/m, CRI>90+ with real color, is the best innovation for led strip light.\",\"breadcrumb\":{\"@id\":\"https:\/\/essenledstrip.com\/product\/smd2110-280leds-led-strip\/#breadcrumb\"},\"inLanguage\":\"de\",\"potentialAction\":[{\"@type\":\"ReadAction\",\"target\":[\"https:\/\/essenledstrip.com\/product\/smd2110-280leds-led-strip\/\"]}]},{\"@type\":\"ImageObject\",\"inLanguage\":\"de\",\"@id\":\"https:\/\/essenledstrip.com\/product\/smd2110-280leds-led-strip\/#primaryimage\",\"url\":\"https:\/\/essenledstrip.com\/wp-content\/uploads\/2022\/09\/2110smd-280leds-10mm.webp\",\"contentUrl\":\"https:\/\/essenledstrip.com\/wp-content\/uploads\/2022\/09\/2110smd-280leds-10mm.webp\",\"width\":800,\"height\":800},{\"@type\":\"BreadcrumbList\",\"@id\":\"https:\/\/essenledstrip.com\/product\/smd2110-280leds-led-strip\/#breadcrumb\",\"itemListElement\":[{\"@type\":\"ListItem\",\"position\":1,\"name\":\"Home\",\"item\":\"https:\/\/essenledstrip.com\/\"},{\"@type\":\"ListItem\",\"position\":2,\"name\":\"Varer\",\"item\":\"https:\/\/essenledstrip.com\/dk\/shop\/\"},{\"@type\":\"ListItem\",\"position\":3,\"name\":\"SMD2110 280leds\/m 24V CRI>90+ High Brightness LED Strip\"}]},{\"@type\":\"WebSite\",\"@id\":\"https:\/\/essenledstrip.com\/ar\/#website\",\"url\":\"https:\/\/essenledstrip.com\/ar\/\",\"name\":\"Essenled Lighting\",\"description\":\"\",\"publisher\":{\"@id\":\"https:\/\/essenledstrip.com\/ar\/#organization\"},\"potentialAction\":[{\"@type\":\"SearchAction\",\"target\":{\"@type\":\"EntryPoint\",\"urlTemplate\":\"https:\/\/essenledstrip.com\/ar\/?s={search_term_string}\"},\"query-input\":{\"@type\":\"PropertyValueSpecification\",\"valueRequired\":true,\"valueName\":\"search_term_string\"}}],\"inLanguage\":\"de\"},{\"@type\":\"Organization\",\"@id\":\"https:\/\/essenledstrip.com\/ar\/#organization\",\"name\":\"Shenzhen Essenled Lighting CO.,LTD\",\"url\":\"https:\/\/essenledstrip.com\/ar\/\",\"logo\":{\"@type\":\"ImageObject\",\"inLanguage\":\"de\",\"@id\":\"https:\/\/essenledstrip.com\/ar\/#\/schema\/logo\/image\/\",\"url\":\"https:\/\/essenledstrip.com\/wp-content\/uploads\/2022\/08\/LOGO.png\",\"contentUrl\":\"https:\/\/essenledstrip.com\/wp-content\/uploads\/2022\/08\/LOGO.png\",\"width\":300,\"height\":100,\"caption\":\"Shenzhen Essenled Lighting CO.,LTD\"},\"image\":{\"@id\":\"https:\/\/essenledstrip.com\/ar\/#\/schema\/logo\/image\/\"},\"sameAs\":[\"https:\/\/www.facebook.com\/Shenzhen-Essenled-Lighting-COLTD-106633570961729\"]}]}<\/script>\n<!-- \/ Yoast SEO Premium plugin. -->","yoast_head_json":{"title":"High Quality LED Strip SMD2110 280Leds 18W Manufacturer","description":"High quality led strip smd2110 series is a new and highly bendable, up to 280leds\/m, CRI>90+ with real color, is the best innovation for led strip light.","robots":{"index":"index","follow":"follow","max-snippet":"max-snippet:-1","max-image-preview":"max-image-preview:large","max-video-preview":"max-video-preview:-1"},"canonical":"https:\/\/essenledstrip.com\/de\/produkt\/smd2110-280leds-led-streifen\/","og_locale":"de_DE","og_type":"article","og_title":"SMD2110 280leds\/m 24V CRI>90+ High Brightness LED Strip","og_description":"High quality led strip smd2110 series is a new and highly bendable, up to 280leds\/m, CRI>90+ with real color, is the best innovation for led strip light.","og_url":"https:\/\/essenledstrip.com\/de\/produkt\/smd2110-280leds-led-streifen\/","og_site_name":"Essenled Lighting","article_publisher":"https:\/\/www.facebook.com\/Shenzhen-Essenled-Lighting-COLTD-106633570961729","article_modified_time":"2024-03-24T07:32:41+00:00","og_image":[{"width":800,"height":800,"url":"https:\/\/essenledstrip.com\/wp-content\/uploads\/2022\/09\/2110smd-280leds-10mm.webp","type":"image\/webp"}],"twitter_card":"summary_large_image","twitter_misc":{"Gesch\u00e4tzte Lesezeit":"1\u00a0Minute"},"schema":{"@context":"https:\/\/schema.org","@graph":[{"@type":"WebPage","@id":"https:\/\/essenledstrip.com\/product\/smd2110-280leds-led-strip\/","url":"https:\/\/essenledstrip.com\/product\/smd2110-280leds-led-strip\/","name":"High Quality LED Strip SMD2110 280Leds 18W Manufacturer","isPartOf":{"@id":"https:\/\/essenledstrip.com\/ar\/#website"},"primaryImageOfPage":{"@id":"https:\/\/essenledstrip.com\/product\/smd2110-280leds-led-strip\/#primaryimage"},"image":{"@id":"https:\/\/essenledstrip.com\/product\/smd2110-280leds-led-strip\/#primaryimage"},"thumbnailUrl":"https:\/\/essenledstrip.com\/wp-content\/uploads\/2022\/09\/2110smd-280leds-10mm.webp","datePublished":"2022-09-09T08:24:09+00:00","dateModified":"2024-03-24T07:32:41+00:00","description":"High quality led strip smd2110 series is a new and highly bendable, up to 280leds\/m, CRI>90+ with real color, is the best innovation for led strip light.","breadcrumb":{"@id":"https:\/\/essenledstrip.com\/product\/smd2110-280leds-led-strip\/#breadcrumb"},"inLanguage":"de","potentialAction":[{"@type":"ReadAction","target":["https:\/\/essenledstrip.com\/product\/smd2110-280leds-led-strip\/"]}]},{"@type":"ImageObject","inLanguage":"de","@id":"https:\/\/essenledstrip.com\/product\/smd2110-280leds-led-strip\/#primaryimage","url":"https:\/\/essenledstrip.com\/wp-content\/uploads\/2022\/09\/2110smd-280leds-10mm.webp","contentUrl":"https:\/\/essenledstrip.com\/wp-content\/uploads\/2022\/09\/2110smd-280leds-10mm.webp","width":800,"height":800},{"@type":"BreadcrumbList","@id":"https:\/\/essenledstrip.com\/product\/smd2110-280leds-led-strip\/#breadcrumb","itemListElement":[{"@type":"ListItem","position":1,"name":"Home","item":"https:\/\/essenledstrip.com\/"},{"@type":"ListItem","position":2,"name":"Varer","item":"https:\/\/essenledstrip.com\/dk\/shop\/"},{"@type":"ListItem","position":3,"name":"SMD2110 280leds\/m 24V CRI>90+ High Brightness LED Strip"}]},{"@type":"WebSite","@id":"https:\/\/essenledstrip.com\/ar\/#website","url":"https:\/\/essenledstrip.com\/ar\/","name":"Essenled Lighting","description":"","publisher":{"@id":"https:\/\/essenledstrip.com\/ar\/#organization"},"potentialAction":[{"@type":"SearchAction","target":{"@type":"EntryPoint","urlTemplate":"https:\/\/essenledstrip.com\/ar\/?s={search_term_string}"},"query-input":{"@type":"PropertyValueSpecification","valueRequired":true,"valueName":"search_term_string"}}],"inLanguage":"de"},{"@type":"Organization","@id":"https:\/\/essenledstrip.com\/ar\/#organization","name":"Shenzhen Essenled Lighting CO.,LTD","url":"https:\/\/essenledstrip.com\/ar\/","logo":{"@type":"ImageObject","inLanguage":"de","@id":"https:\/\/essenledstrip.com\/ar\/#\/schema\/logo\/image\/","url":"https:\/\/essenledstrip.com\/wp-content\/uploads\/2022\/08\/LOGO.png","contentUrl":"https:\/\/essenledstrip.com\/wp-content\/uploads\/2022\/08\/LOGO.png","width":300,"height":100,"caption":"Shenzhen Essenled Lighting CO.,LTD"},"image":{"@id":"https:\/\/essenledstrip.com\/ar\/#\/schema\/logo\/image\/"},"sameAs":["https:\/\/www.facebook.com\/Shenzhen-Essenled-Lighting-COLTD-106633570961729"]}]}},"_links":{"self":[{"href":"https:\/\/essenledstrip.com\/de\/wp-json\/wp\/v2\/product\/692","targetHints":{"allow":["GET"]}}],"collection":[{"href":"https:\/\/essenledstrip.com\/de\/wp-json\/wp\/v2\/product"}],"about":[{"href":"https:\/\/essenledstrip.com\/de\/wp-json\/wp\/v2\/types\/product"}],"version-history":[{"count":0,"href":"https:\/\/essenledstrip.com\/de\/wp-json\/wp\/v2\/product\/692\/revisions"}],"wp:featuredmedia":[{"embeddable":true,"href":"https:\/\/essenledstrip.com\/de\/wp-json\/wp\/v2\/media\/2830"}],"wp:attachment":[{"href":"https:\/\/essenledstrip.com\/de\/wp-json\/wp\/v2\/media?parent=692"}],"wp:term":[{"taxonomy":"product_brand","embeddable":true,"href":"https:\/\/essenledstrip.com\/de\/wp-json\/wp\/v2\/product_brand?post=692"},{"taxonomy":"product_cat","embeddable":true,"href":"https:\/\/essenledstrip.com\/de\/wp-json\/wp\/v2\/product_cat?post=692"},{"taxonomy":"product_tag","embeddable":true,"href":"https:\/\/essenledstrip.com\/de\/wp-json\/wp\/v2\/product_tag?post=692"}],"curies":[{"name":"wp","href":"https:\/\/api.w.org\/{rel}","templated":true}]}}