{"id":742,"date":"2022-09-14T10:58:57","date_gmt":"2022-09-14T02:58:57","guid":{"rendered":"https:\/\/essenledstrip.com\/?post_type=product&#038;p=742"},"modified":"2024-03-29T20:05:59","modified_gmt":"2024-03-29T12:05:59","slug":"smd2216-180leds-led-strip","status":"publish","type":"product","link":"https:\/\/essenledstrip.com\/de\/produkt\/smd2216-180leds-led-streifen\/","title":{"rendered":"SMD2216 180 LEDs\/m 24 V 10 mm fleckenloser LED-Streifen"},"content":{"rendered":"","protected":false},"excerpt":{"rendered":"<p>Die SMD 2216-Abmessung des Chips betr\u00e4gt 2,2 mm * 1,6 mm und ist ber\u00fchmt f\u00fcr seinen hohen Farb-CRI von bis zu RA90 oder mehr, ultrahohe Dichte und bessere Helligkeit mit 180 LEDs \/ m (14,4 W \/ m) DC24 V (33,3 mm). \/cut) nur, SMD2216 LED-Streifen k\u00f6nnen eine gleichm\u00e4\u00dfigere Lichtverteilung ohne Schatten um die Dioden erzeugen, einen Standardbereich von Farbtemperaturen von 2700k\/3000k\/4000k\/6000k und kundenspezifische Unterst\u00fctzung.<\/p>\n<p>Der SMD 2216 LED-Streifen kann nicht wasserdicht und wasserdicht (IP65 IP65H IP67 IP68) hergestellt werden. Sie k\u00f6nnen den f\u00fcr Ihr Projekt geeigneten ausw\u00e4hlen. Es kann wasserdicht sein, da sie mit einer Schutzschicht bedeckt sind. Diese werden besser an Orten verwendet, an denen Wasser austreten kann, oder bei Au\u00dfenbeleuchtung, Wegbeleuchtung, Werbetafeln und Wegweisern.<\/p>\n<p>Unser All-Flex-Streifen mit langer lebenslanger 3-5-Jahres-Garantie mit guter Farbgleichm\u00e4\u00dfigkeit, wir versprechen nur einen Beh\u00e4lter f\u00fcr jede Bestellung, auch mit CE\/RoHs\/ETL-Zertifikat.<\/p>\n<p><img decoding=\"async\" class=\"alignnone size-medium wp-image-749\" src=\"https:\/\/essenledstrip.com\/wp-content\/uploads\/2022\/09\/SMD2216-180-led-strip-drawing-300x79.webp\" alt=\"\" width=\"300\" height=\"79\" srcset=\"https:\/\/essenledstrip.com\/wp-content\/uploads\/2022\/09\/SMD2216-180-led-strip-drawing-300x79.webp 300w, https:\/\/essenledstrip.com\/wp-content\/uploads\/2022\/09\/SMD2216-180-led-strip-drawing-18x5.webp 18w, https:\/\/essenledstrip.com\/wp-content\/uploads\/2022\/09\/SMD2216-180-led-strip-drawing-600x158.webp 600w, https:\/\/essenledstrip.com\/wp-content\/uploads\/2022\/09\/SMD2216-180-led-strip-drawing.webp 749w\" sizes=\"(max-width: 300px) 100vw, 300px\" \/><\/p>","protected":false},"featured_media":2851,"template":"","meta":{"_kad_post_transparent":"default","_kad_post_title":"","_kad_post_layout":"default","_kad_post_sidebar_id":"","_kad_post_content_style":"default","_kad_post_vertical_padding":"default","_kad_post_feature":"","_kad_post_feature_position":"","_kad_post_header":false,"_kad_post_footer":false,"_kad_post_classname":""},"product_brand":[],"product_cat":[20,28],"product_tag":[124,125,126],"class_list":{"0":"post-742","1":"product","2":"type-product","3":"status-publish","4":"has-post-thumbnail","6":"product_cat-single-color-led-strip","7":"product_cat-smd2216-led-strip","8":"product_tag-2216-led-strip-lights-180led-m-24v-10mm-width","9":"product_tag-high-cri-2216-180-leds-24v-cri90-6000k-led-light-strip-lighting","10":"product_tag-smd2216-180leds-24v-only-14-4w-m-cri90-led-strip","12":"first","13":"instock","14":"shipping-taxable","15":"product-type-simple","16":"entry","17":"content-bg","18":"loop-entry"},"yoast_head":"<!-- This site is optimized with the Yoast SEO Premium plugin v24.7 (Yoast SEO v26.7) - https:\/\/yoast.com\/wordpress\/plugins\/seo\/ -->\n<title>LED Strip SMD2216 180LEDs 10mm IP20 3000K-Essenled Lighting<\/title>\n<meta name=\"description\" content=\"SMD2216 180leds led flexible strip light are widely used for home decoration, hotels, clubs, shopping malls, DC24v only, 14.4w\/m, CRI up to 90+.\" \/>\n<meta name=\"robots\" content=\"index, follow, max-snippet:-1, max-image-preview:large, max-video-preview:-1\" \/>\n<link rel=\"canonical\" href=\"https:\/\/essenledstrip.com\/de\/produkt\/smd2216-180leds-led-streifen\/\" \/>\n<meta property=\"og:locale\" content=\"de_DE\" \/>\n<meta property=\"og:type\" content=\"article\" \/>\n<meta property=\"og:title\" content=\"SMD2216 180leds\/m 24V 10mm Spotless LED Strip\" \/>\n<meta property=\"og:description\" content=\"SMD2216 180leds led flexible strip light are widely used for home decoration, hotels, clubs, shopping malls, DC24v only, 14.4w\/m, CRI up to 90+.\" \/>\n<meta property=\"og:url\" content=\"https:\/\/essenledstrip.com\/de\/produkt\/smd2216-180leds-led-streifen\/\" \/>\n<meta property=\"og:site_name\" content=\"Essenled Lighting\" \/>\n<meta property=\"article:publisher\" content=\"https:\/\/www.facebook.com\/Shenzhen-Essenled-Lighting-COLTD-106633570961729\" \/>\n<meta property=\"article:modified_time\" content=\"2024-03-29T12:05:59+00:00\" \/>\n<meta property=\"og:image\" content=\"https:\/\/essenledstrip.com\/wp-content\/uploads\/2022\/09\/SMD2216-180leds-led-strip.webp\" \/>\n\t<meta property=\"og:image:width\" content=\"800\" \/>\n\t<meta property=\"og:image:height\" content=\"800\" \/>\n\t<meta property=\"og:image:type\" content=\"image\/webp\" \/>\n<meta name=\"twitter:card\" content=\"summary_large_image\" \/>\n<meta name=\"twitter:label1\" content=\"Gesch\u00e4tzte Lesezeit\" \/>\n\t<meta name=\"twitter:data1\" content=\"1\u00a0Minute\" \/>\n<script type=\"application\/ld+json\" class=\"yoast-schema-graph\">{\"@context\":\"https:\/\/schema.org\",\"@graph\":[{\"@type\":\"WebPage\",\"@id\":\"https:\/\/essenledstrip.com\/product\/smd2216-180leds-led-strip\/\",\"url\":\"https:\/\/essenledstrip.com\/product\/smd2216-180leds-led-strip\/\",\"name\":\"LED Strip SMD2216 180LEDs 10mm IP20 3000K-Essenled Lighting\",\"isPartOf\":{\"@id\":\"https:\/\/essenledstrip.com\/ar\/#website\"},\"primaryImageOfPage\":{\"@id\":\"https:\/\/essenledstrip.com\/product\/smd2216-180leds-led-strip\/#primaryimage\"},\"image\":{\"@id\":\"https:\/\/essenledstrip.com\/product\/smd2216-180leds-led-strip\/#primaryimage\"},\"thumbnailUrl\":\"https:\/\/essenledstrip.com\/wp-content\/uploads\/2022\/09\/SMD2216-180leds-led-strip.webp\",\"datePublished\":\"2022-09-14T02:58:57+00:00\",\"dateModified\":\"2024-03-29T12:05:59+00:00\",\"description\":\"SMD2216 180leds led flexible strip light are widely used for home decoration, hotels, clubs, shopping malls, DC24v only, 14.4w\/m, CRI up to 90+.\",\"breadcrumb\":{\"@id\":\"https:\/\/essenledstrip.com\/product\/smd2216-180leds-led-strip\/#breadcrumb\"},\"inLanguage\":\"de\",\"potentialAction\":[{\"@type\":\"ReadAction\",\"target\":[\"https:\/\/essenledstrip.com\/product\/smd2216-180leds-led-strip\/\"]}]},{\"@type\":\"ImageObject\",\"inLanguage\":\"de\",\"@id\":\"https:\/\/essenledstrip.com\/product\/smd2216-180leds-led-strip\/#primaryimage\",\"url\":\"https:\/\/essenledstrip.com\/wp-content\/uploads\/2022\/09\/SMD2216-180leds-led-strip.webp\",\"contentUrl\":\"https:\/\/essenledstrip.com\/wp-content\/uploads\/2022\/09\/SMD2216-180leds-led-strip.webp\",\"width\":800,\"height\":800},{\"@type\":\"BreadcrumbList\",\"@id\":\"https:\/\/essenledstrip.com\/product\/smd2216-180leds-led-strip\/#breadcrumb\",\"itemListElement\":[{\"@type\":\"ListItem\",\"position\":1,\"name\":\"Home\",\"item\":\"https:\/\/essenledstrip.com\/\"},{\"@type\":\"ListItem\",\"position\":2,\"name\":\"Varer\",\"item\":\"https:\/\/essenledstrip.com\/dk\/shop\/\"},{\"@type\":\"ListItem\",\"position\":3,\"name\":\"SMD2216 180leds\/m 24V 10mm Spotless LED Strip\"}]},{\"@type\":\"WebSite\",\"@id\":\"https:\/\/essenledstrip.com\/ar\/#website\",\"url\":\"https:\/\/essenledstrip.com\/ar\/\",\"name\":\"Essenled Lighting\",\"description\":\"\",\"publisher\":{\"@id\":\"https:\/\/essenledstrip.com\/ar\/#organization\"},\"potentialAction\":[{\"@type\":\"SearchAction\",\"target\":{\"@type\":\"EntryPoint\",\"urlTemplate\":\"https:\/\/essenledstrip.com\/ar\/?s={search_term_string}\"},\"query-input\":{\"@type\":\"PropertyValueSpecification\",\"valueRequired\":true,\"valueName\":\"search_term_string\"}}],\"inLanguage\":\"de\"},{\"@type\":\"Organization\",\"@id\":\"https:\/\/essenledstrip.com\/ar\/#organization\",\"name\":\"Shenzhen Essenled Lighting CO.,LTD\",\"url\":\"https:\/\/essenledstrip.com\/ar\/\",\"logo\":{\"@type\":\"ImageObject\",\"inLanguage\":\"de\",\"@id\":\"https:\/\/essenledstrip.com\/ar\/#\/schema\/logo\/image\/\",\"url\":\"https:\/\/essenledstrip.com\/wp-content\/uploads\/2022\/08\/LOGO.png\",\"contentUrl\":\"https:\/\/essenledstrip.com\/wp-content\/uploads\/2022\/08\/LOGO.png\",\"width\":300,\"height\":100,\"caption\":\"Shenzhen Essenled Lighting CO.,LTD\"},\"image\":{\"@id\":\"https:\/\/essenledstrip.com\/ar\/#\/schema\/logo\/image\/\"},\"sameAs\":[\"https:\/\/www.facebook.com\/Shenzhen-Essenled-Lighting-COLTD-106633570961729\"]}]}<\/script>\n<!-- \/ Yoast SEO Premium plugin. -->","yoast_head_json":{"title":"LED Strip SMD2216 180LEDs 10mm IP20 3000K-Essenled Lighting","description":"SMD2216 180leds led flexible strip light are widely used for home decoration, hotels, clubs, shopping malls, DC24v only, 14.4w\/m, CRI up to 90+.","robots":{"index":"index","follow":"follow","max-snippet":"max-snippet:-1","max-image-preview":"max-image-preview:large","max-video-preview":"max-video-preview:-1"},"canonical":"https:\/\/essenledstrip.com\/de\/produkt\/smd2216-180leds-led-streifen\/","og_locale":"de_DE","og_type":"article","og_title":"SMD2216 180leds\/m 24V 10mm Spotless LED Strip","og_description":"SMD2216 180leds led flexible strip light are widely used for home decoration, hotels, clubs, shopping malls, DC24v only, 14.4w\/m, CRI up to 90+.","og_url":"https:\/\/essenledstrip.com\/de\/produkt\/smd2216-180leds-led-streifen\/","og_site_name":"Essenled Lighting","article_publisher":"https:\/\/www.facebook.com\/Shenzhen-Essenled-Lighting-COLTD-106633570961729","article_modified_time":"2024-03-29T12:05:59+00:00","og_image":[{"width":800,"height":800,"url":"https:\/\/essenledstrip.com\/wp-content\/uploads\/2022\/09\/SMD2216-180leds-led-strip.webp","type":"image\/webp"}],"twitter_card":"summary_large_image","twitter_misc":{"Gesch\u00e4tzte Lesezeit":"1\u00a0Minute"},"schema":{"@context":"https:\/\/schema.org","@graph":[{"@type":"WebPage","@id":"https:\/\/essenledstrip.com\/product\/smd2216-180leds-led-strip\/","url":"https:\/\/essenledstrip.com\/product\/smd2216-180leds-led-strip\/","name":"LED Strip SMD2216 180LEDs 10mm IP20 3000K-Essenled Lighting","isPartOf":{"@id":"https:\/\/essenledstrip.com\/ar\/#website"},"primaryImageOfPage":{"@id":"https:\/\/essenledstrip.com\/product\/smd2216-180leds-led-strip\/#primaryimage"},"image":{"@id":"https:\/\/essenledstrip.com\/product\/smd2216-180leds-led-strip\/#primaryimage"},"thumbnailUrl":"https:\/\/essenledstrip.com\/wp-content\/uploads\/2022\/09\/SMD2216-180leds-led-strip.webp","datePublished":"2022-09-14T02:58:57+00:00","dateModified":"2024-03-29T12:05:59+00:00","description":"SMD2216 180leds led flexible strip light are widely used for home decoration, hotels, clubs, shopping malls, DC24v only, 14.4w\/m, CRI up to 90+.","breadcrumb":{"@id":"https:\/\/essenledstrip.com\/product\/smd2216-180leds-led-strip\/#breadcrumb"},"inLanguage":"de","potentialAction":[{"@type":"ReadAction","target":["https:\/\/essenledstrip.com\/product\/smd2216-180leds-led-strip\/"]}]},{"@type":"ImageObject","inLanguage":"de","@id":"https:\/\/essenledstrip.com\/product\/smd2216-180leds-led-strip\/#primaryimage","url":"https:\/\/essenledstrip.com\/wp-content\/uploads\/2022\/09\/SMD2216-180leds-led-strip.webp","contentUrl":"https:\/\/essenledstrip.com\/wp-content\/uploads\/2022\/09\/SMD2216-180leds-led-strip.webp","width":800,"height":800},{"@type":"BreadcrumbList","@id":"https:\/\/essenledstrip.com\/product\/smd2216-180leds-led-strip\/#breadcrumb","itemListElement":[{"@type":"ListItem","position":1,"name":"Home","item":"https:\/\/essenledstrip.com\/"},{"@type":"ListItem","position":2,"name":"Varer","item":"https:\/\/essenledstrip.com\/dk\/shop\/"},{"@type":"ListItem","position":3,"name":"SMD2216 180leds\/m 24V 10mm Spotless LED Strip"}]},{"@type":"WebSite","@id":"https:\/\/essenledstrip.com\/ar\/#website","url":"https:\/\/essenledstrip.com\/ar\/","name":"Essenled Lighting","description":"","publisher":{"@id":"https:\/\/essenledstrip.com\/ar\/#organization"},"potentialAction":[{"@type":"SearchAction","target":{"@type":"EntryPoint","urlTemplate":"https:\/\/essenledstrip.com\/ar\/?s={search_term_string}"},"query-input":{"@type":"PropertyValueSpecification","valueRequired":true,"valueName":"search_term_string"}}],"inLanguage":"de"},{"@type":"Organization","@id":"https:\/\/essenledstrip.com\/ar\/#organization","name":"Shenzhen Essenled Lighting CO.,LTD","url":"https:\/\/essenledstrip.com\/ar\/","logo":{"@type":"ImageObject","inLanguage":"de","@id":"https:\/\/essenledstrip.com\/ar\/#\/schema\/logo\/image\/","url":"https:\/\/essenledstrip.com\/wp-content\/uploads\/2022\/08\/LOGO.png","contentUrl":"https:\/\/essenledstrip.com\/wp-content\/uploads\/2022\/08\/LOGO.png","width":300,"height":100,"caption":"Shenzhen Essenled Lighting CO.,LTD"},"image":{"@id":"https:\/\/essenledstrip.com\/ar\/#\/schema\/logo\/image\/"},"sameAs":["https:\/\/www.facebook.com\/Shenzhen-Essenled-Lighting-COLTD-106633570961729"]}]}},"_links":{"self":[{"href":"https:\/\/essenledstrip.com\/de\/wp-json\/wp\/v2\/product\/742","targetHints":{"allow":["GET"]}}],"collection":[{"href":"https:\/\/essenledstrip.com\/de\/wp-json\/wp\/v2\/product"}],"about":[{"href":"https:\/\/essenledstrip.com\/de\/wp-json\/wp\/v2\/types\/product"}],"version-history":[{"count":0,"href":"https:\/\/essenledstrip.com\/de\/wp-json\/wp\/v2\/product\/742\/revisions"}],"wp:featuredmedia":[{"embeddable":true,"href":"https:\/\/essenledstrip.com\/de\/wp-json\/wp\/v2\/media\/2851"}],"wp:attachment":[{"href":"https:\/\/essenledstrip.com\/de\/wp-json\/wp\/v2\/media?parent=742"}],"wp:term":[{"taxonomy":"product_brand","embeddable":true,"href":"https:\/\/essenledstrip.com\/de\/wp-json\/wp\/v2\/product_brand?post=742"},{"taxonomy":"product_cat","embeddable":true,"href":"https:\/\/essenledstrip.com\/de\/wp-json\/wp\/v2\/product_cat?post=742"},{"taxonomy":"product_tag","embeddable":true,"href":"https:\/\/essenledstrip.com\/de\/wp-json\/wp\/v2\/product_tag?post=742"}],"curies":[{"name":"wp","href":"https:\/\/api.w.org\/{rel}","templated":true}]}}