{"id":1076,"date":"2022-09-22T11:20:14","date_gmt":"2022-09-22T03:20:14","guid":{"rendered":"https:\/\/essenledstrip.com\/?post_type=product&#038;p=1076"},"modified":"2024-03-29T20:39:10","modified_gmt":"2024-03-29T12:39:10","slug":"rgb-led-strip-smd5050-96leds","status":"publish","type":"product","link":"https:\/\/essenledstrip.com\/dk\/vare\/rgb-led-strip-smd5050-96lys\/","title":{"rendered":"RGB LED Strip SMD5050 96leds\/m 23W 12mm"},"content":{"rendered":"","protected":false},"excerpt":{"rendered":"<p>RGB Strip Lights er farveskiftende lysstrimler, der har evnen til at producere enhver nuance af enhver farve, og den er skabt ved at blande de tre prim\u00e6re farver; R\u00f8d, bl\u00e5 og gr\u00f8n. Deres output afh\u00e6nger af deres type controller, der anvendes; de har ogs\u00e5 evnen til at producere rent hvidt lys.<\/p>\n<p>RGB led strip, med h\u00f8j t\u00e6thed 96leds\/m DC24v(62.5mm\/cut) 23w\/m, 12mm printplade, brugen af RGB lys strips er meget omfattende, sovev\u00e6relser, barer, stuer, billboards og skilte, disco lys mm.<\/p>\n<p>RGB-lys er meget popul\u00e6re, fordi de er sikre. RGB-lys er fri for skadeligt ultraviolet og infrar\u00f8dt lys, du kan se p\u00e5 dem i l\u00e6ngere perioder uden at bekymre dig om dit syn. Den lyser\u00f8de, r\u00f8de, bl\u00e5 og gr\u00f8nne belysning, der er mulig med RGB-lys, g\u00f8r et meget bedre stykke arbejde med at hj\u00e6lpe dig med at slappe af, RGB-lys kan ogs\u00e5 fylde dit rum med gule, orange og lilla nuancer, fantastisk til at f\u00f8le dig opl\u00f8ftet eller kreativ.<\/p>\n<p><img decoding=\"async\" class=\"alignnone size-medium wp-image-1083\" src=\"https:\/\/essenledstrip.com\/wp-content\/uploads\/2022\/09\/20220906103925-1-300x75.webp\" alt=\"\" width=\"300\" height=\"75\" srcset=\"https:\/\/essenledstrip.com\/wp-content\/uploads\/2022\/09\/20220906103925-1-300x75.webp 300w, https:\/\/essenledstrip.com\/wp-content\/uploads\/2022\/09\/20220906103925-1-18x5.webp 18w, https:\/\/essenledstrip.com\/wp-content\/uploads\/2022\/09\/20220906103925-1-600x151.webp 600w, https:\/\/essenledstrip.com\/wp-content\/uploads\/2022\/09\/20220906103925-1.webp 676w\" sizes=\"(max-width: 300px) 100vw, 300px\" \/><\/p>","protected":false},"featured_media":2791,"template":"","meta":{"_kad_post_transparent":"default","_kad_post_title":"","_kad_post_layout":"default","_kad_post_sidebar_id":"","_kad_post_content_style":"default","_kad_post_vertical_padding":"default","_kad_post_feature":"","_kad_post_feature_position":"","_kad_post_header":false,"_kad_post_footer":false,"_kad_post_classname":""},"product_brand":[],"product_cat":[38,37],"product_tag":[219,220,221],"class_list":{"0":"post-1076","1":"product","2":"type-product","3":"status-publish","4":"has-post-thumbnail","6":"product_cat-rgb","7":"product_cat-rgbx-led-strip","8":"product_tag-high-bright-rgb-led-strip-96leds-5050-24v-light","9":"product_tag-rgb-5050-led-strip-light-96leds-m-5m-reel-ip20","10":"product_tag-waterproof-rgb-5050-96leds-23w-m-ip65-ip67","12":"first","13":"instock","14":"shipping-taxable","15":"product-type-simple","16":"entry","17":"content-bg","18":"loop-entry"},"yoast_head":"<!-- This site is optimized with the Yoast SEO Premium plugin v24.7 (Yoast SEO v26.7) - https:\/\/yoast.com\/wordpress\/plugins\/seo\/ -->\n<title>LED Strip SMD5050 96LED RGB IP65 23W - Essenled Lighting<\/title>\n<meta name=\"description\" content=\"The RGB LED strip is using high quality 5050 LED chip, with high density 96leds 23w\/m, 12mm, these LED strips are RGB colour changing and dimmable.\" \/>\n<meta name=\"robots\" content=\"index, follow, max-snippet:-1, max-image-preview:large, max-video-preview:-1\" \/>\n<link rel=\"canonical\" href=\"https:\/\/essenledstrip.com\/dk\/vare\/rgb-led-strip-smd5050-96lys\/\" \/>\n<meta property=\"og:locale\" content=\"da_DK\" \/>\n<meta property=\"og:type\" content=\"article\" \/>\n<meta property=\"og:title\" content=\"RGB LED Strip SMD5050 96leds\/m 23W 12mm\" \/>\n<meta property=\"og:description\" content=\"The RGB LED strip is using high quality 5050 LED chip, with high density 96leds 23w\/m, 12mm, these LED strips are RGB colour changing and dimmable.\" \/>\n<meta property=\"og:url\" content=\"https:\/\/essenledstrip.com\/dk\/vare\/rgb-led-strip-smd5050-96lys\/\" \/>\n<meta property=\"og:site_name\" content=\"Essenled Lighting\" \/>\n<meta property=\"article:publisher\" content=\"https:\/\/www.facebook.com\/Shenzhen-Essenled-Lighting-COLTD-106633570961729\" \/>\n<meta property=\"article:modified_time\" content=\"2024-03-29T12:39:10+00:00\" \/>\n<meta property=\"og:image\" content=\"https:\/\/essenledstrip.com\/wp-content\/uploads\/2022\/09\/5050-96LEDs-24V-RGB-LED-Strip.webp\" \/>\n\t<meta property=\"og:image:width\" content=\"800\" \/>\n\t<meta property=\"og:image:height\" content=\"800\" \/>\n\t<meta property=\"og:image:type\" content=\"image\/webp\" \/>\n<meta name=\"twitter:card\" content=\"summary_large_image\" \/>\n<meta name=\"twitter:label1\" content=\"Estimeret l\u00e6setid\" \/>\n\t<meta name=\"twitter:data1\" content=\"1 minut\" \/>\n<script type=\"application\/ld+json\" class=\"yoast-schema-graph\">{\"@context\":\"https:\/\/schema.org\",\"@graph\":[{\"@type\":\"WebPage\",\"@id\":\"https:\/\/essenledstrip.com\/product\/rgb-led-strip-smd5050-96leds\/\",\"url\":\"https:\/\/essenledstrip.com\/product\/rgb-led-strip-smd5050-96leds\/\",\"name\":\"LED Strip SMD5050 96LED RGB IP65 23W - Essenled Lighting\",\"isPartOf\":{\"@id\":\"https:\/\/essenledstrip.com\/ar\/#website\"},\"primaryImageOfPage\":{\"@id\":\"https:\/\/essenledstrip.com\/product\/rgb-led-strip-smd5050-96leds\/#primaryimage\"},\"image\":{\"@id\":\"https:\/\/essenledstrip.com\/product\/rgb-led-strip-smd5050-96leds\/#primaryimage\"},\"thumbnailUrl\":\"https:\/\/essenledstrip.com\/wp-content\/uploads\/2022\/09\/5050-96LEDs-24V-RGB-LED-Strip.webp\",\"datePublished\":\"2022-09-22T03:20:14+00:00\",\"dateModified\":\"2024-03-29T12:39:10+00:00\",\"description\":\"The RGB LED strip is using high quality 5050 LED chip, with high density 96leds 23w\/m, 12mm, these LED strips are RGB colour changing and dimmable.\",\"breadcrumb\":{\"@id\":\"https:\/\/essenledstrip.com\/product\/rgb-led-strip-smd5050-96leds\/#breadcrumb\"},\"inLanguage\":\"da-DK\",\"potentialAction\":[{\"@type\":\"ReadAction\",\"target\":[\"https:\/\/essenledstrip.com\/product\/rgb-led-strip-smd5050-96leds\/\"]}]},{\"@type\":\"ImageObject\",\"inLanguage\":\"da-DK\",\"@id\":\"https:\/\/essenledstrip.com\/product\/rgb-led-strip-smd5050-96leds\/#primaryimage\",\"url\":\"https:\/\/essenledstrip.com\/wp-content\/uploads\/2022\/09\/5050-96LEDs-24V-RGB-LED-Strip.webp\",\"contentUrl\":\"https:\/\/essenledstrip.com\/wp-content\/uploads\/2022\/09\/5050-96LEDs-24V-RGB-LED-Strip.webp\",\"width\":800,\"height\":800,\"caption\":\"5050 96LEDs 24V RGB LED Strip\"},{\"@type\":\"BreadcrumbList\",\"@id\":\"https:\/\/essenledstrip.com\/product\/rgb-led-strip-smd5050-96leds\/#breadcrumb\",\"itemListElement\":[{\"@type\":\"ListItem\",\"position\":1,\"name\":\"Home\",\"item\":\"https:\/\/essenledstrip.com\/\"},{\"@type\":\"ListItem\",\"position\":2,\"name\":\"Varer\",\"item\":\"https:\/\/essenledstrip.com\/dk\/shop\/\"},{\"@type\":\"ListItem\",\"position\":3,\"name\":\"RGB LED Strip SMD5050 96leds\/m 23W 12mm\"}]},{\"@type\":\"WebSite\",\"@id\":\"https:\/\/essenledstrip.com\/ar\/#website\",\"url\":\"https:\/\/essenledstrip.com\/ar\/\",\"name\":\"Essenled Lighting\",\"description\":\"\",\"publisher\":{\"@id\":\"https:\/\/essenledstrip.com\/ar\/#organization\"},\"potentialAction\":[{\"@type\":\"SearchAction\",\"target\":{\"@type\":\"EntryPoint\",\"urlTemplate\":\"https:\/\/essenledstrip.com\/ar\/?s={search_term_string}\"},\"query-input\":{\"@type\":\"PropertyValueSpecification\",\"valueRequired\":true,\"valueName\":\"search_term_string\"}}],\"inLanguage\":\"da-DK\"},{\"@type\":\"Organization\",\"@id\":\"https:\/\/essenledstrip.com\/ar\/#organization\",\"name\":\"Shenzhen Essenled Lighting CO.,LTD\",\"url\":\"https:\/\/essenledstrip.com\/ar\/\",\"logo\":{\"@type\":\"ImageObject\",\"inLanguage\":\"da-DK\",\"@id\":\"https:\/\/essenledstrip.com\/ar\/#\/schema\/logo\/image\/\",\"url\":\"https:\/\/essenledstrip.com\/wp-content\/uploads\/2022\/08\/LOGO.png\",\"contentUrl\":\"https:\/\/essenledstrip.com\/wp-content\/uploads\/2022\/08\/LOGO.png\",\"width\":300,\"height\":100,\"caption\":\"Shenzhen Essenled Lighting CO.,LTD\"},\"image\":{\"@id\":\"https:\/\/essenledstrip.com\/ar\/#\/schema\/logo\/image\/\"},\"sameAs\":[\"https:\/\/www.facebook.com\/Shenzhen-Essenled-Lighting-COLTD-106633570961729\"]}]}<\/script>\n<!-- \/ Yoast SEO Premium plugin. -->","yoast_head_json":{"title":"LED Strip SMD5050 96LED RGB IP65 23W - Essenled Lighting","description":"The RGB LED strip is using high quality 5050 LED chip, with high density 96leds 23w\/m, 12mm, these LED strips are RGB colour changing and dimmable.","robots":{"index":"index","follow":"follow","max-snippet":"max-snippet:-1","max-image-preview":"max-image-preview:large","max-video-preview":"max-video-preview:-1"},"canonical":"https:\/\/essenledstrip.com\/dk\/vare\/rgb-led-strip-smd5050-96lys\/","og_locale":"da_DK","og_type":"article","og_title":"RGB LED Strip SMD5050 96leds\/m 23W 12mm","og_description":"The RGB LED strip is using high quality 5050 LED chip, with high density 96leds 23w\/m, 12mm, these LED strips are RGB colour changing and dimmable.","og_url":"https:\/\/essenledstrip.com\/dk\/vare\/rgb-led-strip-smd5050-96lys\/","og_site_name":"Essenled Lighting","article_publisher":"https:\/\/www.facebook.com\/Shenzhen-Essenled-Lighting-COLTD-106633570961729","article_modified_time":"2024-03-29T12:39:10+00:00","og_image":[{"width":800,"height":800,"url":"https:\/\/essenledstrip.com\/wp-content\/uploads\/2022\/09\/5050-96LEDs-24V-RGB-LED-Strip.webp","type":"image\/webp"}],"twitter_card":"summary_large_image","twitter_misc":{"Estimeret l\u00e6setid":"1 minut"},"schema":{"@context":"https:\/\/schema.org","@graph":[{"@type":"WebPage","@id":"https:\/\/essenledstrip.com\/product\/rgb-led-strip-smd5050-96leds\/","url":"https:\/\/essenledstrip.com\/product\/rgb-led-strip-smd5050-96leds\/","name":"LED Strip SMD5050 96LED RGB IP65 23W - Essenled Lighting","isPartOf":{"@id":"https:\/\/essenledstrip.com\/ar\/#website"},"primaryImageOfPage":{"@id":"https:\/\/essenledstrip.com\/product\/rgb-led-strip-smd5050-96leds\/#primaryimage"},"image":{"@id":"https:\/\/essenledstrip.com\/product\/rgb-led-strip-smd5050-96leds\/#primaryimage"},"thumbnailUrl":"https:\/\/essenledstrip.com\/wp-content\/uploads\/2022\/09\/5050-96LEDs-24V-RGB-LED-Strip.webp","datePublished":"2022-09-22T03:20:14+00:00","dateModified":"2024-03-29T12:39:10+00:00","description":"The RGB LED strip is using high quality 5050 LED chip, with high density 96leds 23w\/m, 12mm, these LED strips are RGB colour changing and dimmable.","breadcrumb":{"@id":"https:\/\/essenledstrip.com\/product\/rgb-led-strip-smd5050-96leds\/#breadcrumb"},"inLanguage":"da-DK","potentialAction":[{"@type":"ReadAction","target":["https:\/\/essenledstrip.com\/product\/rgb-led-strip-smd5050-96leds\/"]}]},{"@type":"ImageObject","inLanguage":"da-DK","@id":"https:\/\/essenledstrip.com\/product\/rgb-led-strip-smd5050-96leds\/#primaryimage","url":"https:\/\/essenledstrip.com\/wp-content\/uploads\/2022\/09\/5050-96LEDs-24V-RGB-LED-Strip.webp","contentUrl":"https:\/\/essenledstrip.com\/wp-content\/uploads\/2022\/09\/5050-96LEDs-24V-RGB-LED-Strip.webp","width":800,"height":800,"caption":"5050 96LEDs 24V RGB LED Strip"},{"@type":"BreadcrumbList","@id":"https:\/\/essenledstrip.com\/product\/rgb-led-strip-smd5050-96leds\/#breadcrumb","itemListElement":[{"@type":"ListItem","position":1,"name":"Home","item":"https:\/\/essenledstrip.com\/"},{"@type":"ListItem","position":2,"name":"Varer","item":"https:\/\/essenledstrip.com\/dk\/shop\/"},{"@type":"ListItem","position":3,"name":"RGB LED Strip SMD5050 96leds\/m 23W 12mm"}]},{"@type":"WebSite","@id":"https:\/\/essenledstrip.com\/ar\/#website","url":"https:\/\/essenledstrip.com\/ar\/","name":"Essenled Lighting","description":"","publisher":{"@id":"https:\/\/essenledstrip.com\/ar\/#organization"},"potentialAction":[{"@type":"SearchAction","target":{"@type":"EntryPoint","urlTemplate":"https:\/\/essenledstrip.com\/ar\/?s={search_term_string}"},"query-input":{"@type":"PropertyValueSpecification","valueRequired":true,"valueName":"search_term_string"}}],"inLanguage":"da-DK"},{"@type":"Organization","@id":"https:\/\/essenledstrip.com\/ar\/#organization","name":"Shenzhen Essenled Lighting CO.,LTD","url":"https:\/\/essenledstrip.com\/ar\/","logo":{"@type":"ImageObject","inLanguage":"da-DK","@id":"https:\/\/essenledstrip.com\/ar\/#\/schema\/logo\/image\/","url":"https:\/\/essenledstrip.com\/wp-content\/uploads\/2022\/08\/LOGO.png","contentUrl":"https:\/\/essenledstrip.com\/wp-content\/uploads\/2022\/08\/LOGO.png","width":300,"height":100,"caption":"Shenzhen Essenled Lighting CO.,LTD"},"image":{"@id":"https:\/\/essenledstrip.com\/ar\/#\/schema\/logo\/image\/"},"sameAs":["https:\/\/www.facebook.com\/Shenzhen-Essenled-Lighting-COLTD-106633570961729"]}]}},"_links":{"self":[{"href":"https:\/\/essenledstrip.com\/dk\/wp-json\/wp\/v2\/product\/1076","targetHints":{"allow":["GET"]}}],"collection":[{"href":"https:\/\/essenledstrip.com\/dk\/wp-json\/wp\/v2\/product"}],"about":[{"href":"https:\/\/essenledstrip.com\/dk\/wp-json\/wp\/v2\/types\/product"}],"version-history":[{"count":0,"href":"https:\/\/essenledstrip.com\/dk\/wp-json\/wp\/v2\/product\/1076\/revisions"}],"wp:featuredmedia":[{"embeddable":true,"href":"https:\/\/essenledstrip.com\/dk\/wp-json\/wp\/v2\/media\/2791"}],"wp:attachment":[{"href":"https:\/\/essenledstrip.com\/dk\/wp-json\/wp\/v2\/media?parent=1076"}],"wp:term":[{"taxonomy":"product_brand","embeddable":true,"href":"https:\/\/essenledstrip.com\/dk\/wp-json\/wp\/v2\/product_brand?post=1076"},{"taxonomy":"product_cat","embeddable":true,"href":"https:\/\/essenledstrip.com\/dk\/wp-json\/wp\/v2\/product_cat?post=1076"},{"taxonomy":"product_tag","embeddable":true,"href":"https:\/\/essenledstrip.com\/dk\/wp-json\/wp\/v2\/product_tag?post=1076"}],"curies":[{"name":"wp","href":"https:\/\/api.w.org\/{rel}","templated":true}]}}