{"id":1255,"date":"2022-09-25T09:19:06","date_gmt":"2022-09-25T01:19:06","guid":{"rendered":"https:\/\/essenledstrip.com\/?post_type=product&#038;p=1255"},"modified":"2024-03-30T07:27:28","modified_gmt":"2024-03-29T23:27:28","slug":"tunable-white-mini-cutting-led-strip-smd2835-120leds","status":"publish","type":"product","link":"https:\/\/essenledstrip.com\/dk\/vare\/tunable-white-mini-cutting-led-strip-smd2835-120leds\/","title":{"rendered":"Justerbar hvid mini-sk\u00e6ring 2 lysdioder 1 sk\u00e6re LED-strimmel SMD2835 120 lysdioder\/m"},"content":{"rendered":"","protected":false},"excerpt":{"rendered":"<p>Mini Cutting LED Strip, ogs\u00e5 kaldet Flexible 1 LED 1 cut LED strip eller Single-color Cut LED Strip, kan sk\u00e6res af hver EN LED (8,33 mm) eller hver TO Farve LED (16,6 mm). P\u00e5 grund af den korte klippel\u00e6ngde anvendes Mini Cutting LED strip normalt sammen med aluminiumsprofiler, hvilket kan l\u00f8se problemet med m\u00f8rke omr\u00e5der i enden. En 24V str\u00f8mforsyning kan drive en hvilken som helst LED (et kredsl\u00f8b).<\/p>\n<p>Den indstillelige hvide mini sk\u00e6rende led strip smd2835 med h\u00f8j t\u00e6thed 120 lysdioder\/m (12w 14w 19w) DC5v DC12v DC24v(2 lysdioder 1 sk\u00e6re 16,6mm\/sk\u00e6r), 10mm enkelt linje printkort, normal farve 2700K+6000K kan ogs\u00e5 v\u00e6re cc, andre tilpasset.<\/p>\n<p>Derfor er denne lysstang meget velegnet til kunder, der har brug for at tilpasse l\u00e6ngden af lysstangen, som kan sk\u00e6res af sig selv til lysteknik og andre kommercielle belysningsapplikationer. Tilpasset design er varmt velkommen, vi kan realisere det i henhold til vores kunders krav.<\/p>\n<p><img decoding=\"async\" class=\"alignnone size-medium wp-image-1262\" src=\"https:\/\/essenledstrip.com\/wp-content\/uploads\/2022\/09\/20220907115037-1-300x102.webp\" alt=\"\" width=\"300\" height=\"102\" srcset=\"https:\/\/essenledstrip.com\/wp-content\/uploads\/2022\/09\/20220907115037-1-300x102.webp 300w, https:\/\/essenledstrip.com\/wp-content\/uploads\/2022\/09\/20220907115037-1-18x6.webp 18w, https:\/\/essenledstrip.com\/wp-content\/uploads\/2022\/09\/20220907115037-1-600x204.webp 600w, https:\/\/essenledstrip.com\/wp-content\/uploads\/2022\/09\/20220907115037-1.webp 642w\" sizes=\"(max-width: 300px) 100vw, 300px\" \/><\/p>","protected":false},"featured_media":2766,"template":"","meta":{"_kad_post_transparent":"default","_kad_post_title":"","_kad_post_layout":"default","_kad_post_sidebar_id":"","_kad_post_content_style":"default","_kad_post_vertical_padding":"default","_kad_post_feature":"","_kad_post_feature_position":"","_kad_post_header":false,"_kad_post_footer":false,"_kad_post_classname":""},"product_brand":[],"product_cat":[54,48],"product_tag":[279,280,278],"class_list":{"0":"post-1255","1":"product","2":"type-product","3":"status-publish","4":"has-post-thumbnail","6":"product_cat-mini-cutting-led-strip","7":"product_cat-special-led-strip","8":"product_tag-2-led-1-cut-led-strip-120leds-2835-12w-14w-19w-m-dual-color","9":"product_tag-5v-12v-24v-mini-cutting-120leds-tunable-white-colors-2835-2-led-1-cut","10":"product_tag-mini-cutting-tunable-white-2835-120leds-10mm-wide-ra90-2leds-1-cut","12":"first","13":"instock","14":"shipping-taxable","15":"product-type-simple","16":"entry","17":"content-bg","18":"loop-entry"},"yoast_head":"<!-- This site is optimized with the Yoast SEO Premium plugin v24.7 (Yoast SEO v26.7) - https:\/\/yoast.com\/wordpress\/plugins\/seo\/ -->\n<title>2835 120Led\/m Mini Cut LED Strip 10MM 2Leds LED Per Cut<\/title>\n<meta name=\"description\" content=\"2835 TW mini cut LED Strip single line 120led\/m with CRI&gt;90, 2 LEDs 1 cut 16.6mm per cut, long lifetime 3-5 years warranty, also with CE ETL RoHS Certification.\" \/>\n<meta name=\"robots\" content=\"index, follow, max-snippet:-1, max-image-preview:large, max-video-preview:-1\" \/>\n<link rel=\"canonical\" href=\"https:\/\/essenledstrip.com\/dk\/vare\/tunable-white-mini-cutting-led-strip-smd2835-120leds\/\" \/>\n<meta property=\"og:locale\" content=\"da_DK\" \/>\n<meta property=\"og:type\" content=\"article\" \/>\n<meta property=\"og:title\" content=\"Tunable White Mini-Cutting 2 Leds 1 Cut LED Strip SMD2835 120leds\/m\" \/>\n<meta property=\"og:description\" content=\"2835 TW mini cut LED Strip single line 120led\/m with CRI&gt;90, 2 LEDs 1 cut 16.6mm per cut, long lifetime 3-5 years warranty, also with CE ETL RoHS Certification.\" \/>\n<meta property=\"og:url\" content=\"https:\/\/essenledstrip.com\/dk\/vare\/tunable-white-mini-cutting-led-strip-smd2835-120leds\/\" \/>\n<meta property=\"og:site_name\" content=\"Essenled Lighting\" \/>\n<meta property=\"article:publisher\" content=\"https:\/\/www.facebook.com\/Shenzhen-Essenled-Lighting-COLTD-106633570961729\" \/>\n<meta property=\"article:modified_time\" content=\"2024-03-29T23:27:28+00:00\" \/>\n<meta property=\"og:image\" content=\"https:\/\/essenledstrip.com\/wp-content\/uploads\/2022\/09\/Mini-Cut-2835-Series-120LEDM-Turnable-White.webp\" \/>\n\t<meta property=\"og:image:width\" content=\"800\" \/>\n\t<meta property=\"og:image:height\" content=\"800\" \/>\n\t<meta property=\"og:image:type\" content=\"image\/webp\" \/>\n<meta name=\"twitter:card\" content=\"summary_large_image\" \/>\n<meta name=\"twitter:label1\" content=\"Estimeret l\u00e6setid\" \/>\n\t<meta name=\"twitter:data1\" content=\"1 minut\" \/>\n<script type=\"application\/ld+json\" class=\"yoast-schema-graph\">{\"@context\":\"https:\/\/schema.org\",\"@graph\":[{\"@type\":\"WebPage\",\"@id\":\"https:\/\/essenledstrip.com\/product\/tunable-white-mini-cutting-led-strip-smd2835-120leds\/\",\"url\":\"https:\/\/essenledstrip.com\/product\/tunable-white-mini-cutting-led-strip-smd2835-120leds\/\",\"name\":\"2835 120Led\/m Mini Cut LED Strip 10MM 2Leds LED Per Cut\",\"isPartOf\":{\"@id\":\"https:\/\/essenledstrip.com\/ar\/#website\"},\"primaryImageOfPage\":{\"@id\":\"https:\/\/essenledstrip.com\/product\/tunable-white-mini-cutting-led-strip-smd2835-120leds\/#primaryimage\"},\"image\":{\"@id\":\"https:\/\/essenledstrip.com\/product\/tunable-white-mini-cutting-led-strip-smd2835-120leds\/#primaryimage\"},\"thumbnailUrl\":\"https:\/\/essenledstrip.com\/wp-content\/uploads\/2022\/09\/Mini-Cut-2835-Series-120LEDM-Turnable-White.webp\",\"datePublished\":\"2022-09-25T01:19:06+00:00\",\"dateModified\":\"2024-03-29T23:27:28+00:00\",\"description\":\"2835 TW mini cut LED Strip single line 120led\/m with CRI>90, 2 LEDs 1 cut 16.6mm per cut, long lifetime 3-5 years warranty, also with CE ETL RoHS Certification.\",\"breadcrumb\":{\"@id\":\"https:\/\/essenledstrip.com\/product\/tunable-white-mini-cutting-led-strip-smd2835-120leds\/#breadcrumb\"},\"inLanguage\":\"da-DK\",\"potentialAction\":[{\"@type\":\"ReadAction\",\"target\":[\"https:\/\/essenledstrip.com\/product\/tunable-white-mini-cutting-led-strip-smd2835-120leds\/\"]}]},{\"@type\":\"ImageObject\",\"inLanguage\":\"da-DK\",\"@id\":\"https:\/\/essenledstrip.com\/product\/tunable-white-mini-cutting-led-strip-smd2835-120leds\/#primaryimage\",\"url\":\"https:\/\/essenledstrip.com\/wp-content\/uploads\/2022\/09\/Mini-Cut-2835-Series-120LEDM-Turnable-White.webp\",\"contentUrl\":\"https:\/\/essenledstrip.com\/wp-content\/uploads\/2022\/09\/Mini-Cut-2835-Series-120LEDM-Turnable-White.webp\",\"width\":800,\"height\":800,\"caption\":\"Mini Cut 2835 Series 120LEDM Turnable White\"},{\"@type\":\"BreadcrumbList\",\"@id\":\"https:\/\/essenledstrip.com\/product\/tunable-white-mini-cutting-led-strip-smd2835-120leds\/#breadcrumb\",\"itemListElement\":[{\"@type\":\"ListItem\",\"position\":1,\"name\":\"Home\",\"item\":\"https:\/\/essenledstrip.com\/\"},{\"@type\":\"ListItem\",\"position\":2,\"name\":\"Varer\",\"item\":\"https:\/\/essenledstrip.com\/dk\/shop\/\"},{\"@type\":\"ListItem\",\"position\":3,\"name\":\"Tunable White Mini-Cutting 2 Leds 1 Cut LED Strip SMD2835 120leds\/m\"}]},{\"@type\":\"WebSite\",\"@id\":\"https:\/\/essenledstrip.com\/ar\/#website\",\"url\":\"https:\/\/essenledstrip.com\/ar\/\",\"name\":\"Essenled Lighting\",\"description\":\"\",\"publisher\":{\"@id\":\"https:\/\/essenledstrip.com\/ar\/#organization\"},\"potentialAction\":[{\"@type\":\"SearchAction\",\"target\":{\"@type\":\"EntryPoint\",\"urlTemplate\":\"https:\/\/essenledstrip.com\/ar\/?s={search_term_string}\"},\"query-input\":{\"@type\":\"PropertyValueSpecification\",\"valueRequired\":true,\"valueName\":\"search_term_string\"}}],\"inLanguage\":\"da-DK\"},{\"@type\":\"Organization\",\"@id\":\"https:\/\/essenledstrip.com\/ar\/#organization\",\"name\":\"Shenzhen Essenled Lighting CO.,LTD\",\"url\":\"https:\/\/essenledstrip.com\/ar\/\",\"logo\":{\"@type\":\"ImageObject\",\"inLanguage\":\"da-DK\",\"@id\":\"https:\/\/essenledstrip.com\/ar\/#\/schema\/logo\/image\/\",\"url\":\"https:\/\/essenledstrip.com\/wp-content\/uploads\/2022\/08\/LOGO.png\",\"contentUrl\":\"https:\/\/essenledstrip.com\/wp-content\/uploads\/2022\/08\/LOGO.png\",\"width\":300,\"height\":100,\"caption\":\"Shenzhen Essenled Lighting CO.,LTD\"},\"image\":{\"@id\":\"https:\/\/essenledstrip.com\/ar\/#\/schema\/logo\/image\/\"},\"sameAs\":[\"https:\/\/www.facebook.com\/Shenzhen-Essenled-Lighting-COLTD-106633570961729\"]}]}<\/script>\n<!-- \/ Yoast SEO Premium plugin. -->","yoast_head_json":{"title":"2835 120Led\/m Mini Cut LED Strip 10MM 2Leds LED Per Cut","description":"2835 TW mini cut LED Strip single line 120led\/m with CRI>90, 2 LEDs 1 cut 16.6mm per cut, long lifetime 3-5 years warranty, also with CE ETL RoHS Certification.","robots":{"index":"index","follow":"follow","max-snippet":"max-snippet:-1","max-image-preview":"max-image-preview:large","max-video-preview":"max-video-preview:-1"},"canonical":"https:\/\/essenledstrip.com\/dk\/vare\/tunable-white-mini-cutting-led-strip-smd2835-120leds\/","og_locale":"da_DK","og_type":"article","og_title":"Tunable White Mini-Cutting 2 Leds 1 Cut LED Strip SMD2835 120leds\/m","og_description":"2835 TW mini cut LED Strip single line 120led\/m with CRI>90, 2 LEDs 1 cut 16.6mm per cut, long lifetime 3-5 years warranty, also with CE ETL RoHS Certification.","og_url":"https:\/\/essenledstrip.com\/dk\/vare\/tunable-white-mini-cutting-led-strip-smd2835-120leds\/","og_site_name":"Essenled Lighting","article_publisher":"https:\/\/www.facebook.com\/Shenzhen-Essenled-Lighting-COLTD-106633570961729","article_modified_time":"2024-03-29T23:27:28+00:00","og_image":[{"width":800,"height":800,"url":"https:\/\/essenledstrip.com\/wp-content\/uploads\/2022\/09\/Mini-Cut-2835-Series-120LEDM-Turnable-White.webp","type":"image\/webp"}],"twitter_card":"summary_large_image","twitter_misc":{"Estimeret l\u00e6setid":"1 minut"},"schema":{"@context":"https:\/\/schema.org","@graph":[{"@type":"WebPage","@id":"https:\/\/essenledstrip.com\/product\/tunable-white-mini-cutting-led-strip-smd2835-120leds\/","url":"https:\/\/essenledstrip.com\/product\/tunable-white-mini-cutting-led-strip-smd2835-120leds\/","name":"2835 120Led\/m Mini Cut LED Strip 10MM 2Leds LED Per Cut","isPartOf":{"@id":"https:\/\/essenledstrip.com\/ar\/#website"},"primaryImageOfPage":{"@id":"https:\/\/essenledstrip.com\/product\/tunable-white-mini-cutting-led-strip-smd2835-120leds\/#primaryimage"},"image":{"@id":"https:\/\/essenledstrip.com\/product\/tunable-white-mini-cutting-led-strip-smd2835-120leds\/#primaryimage"},"thumbnailUrl":"https:\/\/essenledstrip.com\/wp-content\/uploads\/2022\/09\/Mini-Cut-2835-Series-120LEDM-Turnable-White.webp","datePublished":"2022-09-25T01:19:06+00:00","dateModified":"2024-03-29T23:27:28+00:00","description":"2835 TW mini cut LED Strip single line 120led\/m with CRI>90, 2 LEDs 1 cut 16.6mm per cut, long lifetime 3-5 years warranty, also with CE ETL RoHS Certification.","breadcrumb":{"@id":"https:\/\/essenledstrip.com\/product\/tunable-white-mini-cutting-led-strip-smd2835-120leds\/#breadcrumb"},"inLanguage":"da-DK","potentialAction":[{"@type":"ReadAction","target":["https:\/\/essenledstrip.com\/product\/tunable-white-mini-cutting-led-strip-smd2835-120leds\/"]}]},{"@type":"ImageObject","inLanguage":"da-DK","@id":"https:\/\/essenledstrip.com\/product\/tunable-white-mini-cutting-led-strip-smd2835-120leds\/#primaryimage","url":"https:\/\/essenledstrip.com\/wp-content\/uploads\/2022\/09\/Mini-Cut-2835-Series-120LEDM-Turnable-White.webp","contentUrl":"https:\/\/essenledstrip.com\/wp-content\/uploads\/2022\/09\/Mini-Cut-2835-Series-120LEDM-Turnable-White.webp","width":800,"height":800,"caption":"Mini Cut 2835 Series 120LEDM Turnable White"},{"@type":"BreadcrumbList","@id":"https:\/\/essenledstrip.com\/product\/tunable-white-mini-cutting-led-strip-smd2835-120leds\/#breadcrumb","itemListElement":[{"@type":"ListItem","position":1,"name":"Home","item":"https:\/\/essenledstrip.com\/"},{"@type":"ListItem","position":2,"name":"Varer","item":"https:\/\/essenledstrip.com\/dk\/shop\/"},{"@type":"ListItem","position":3,"name":"Tunable White Mini-Cutting 2 Leds 1 Cut LED Strip SMD2835 120leds\/m"}]},{"@type":"WebSite","@id":"https:\/\/essenledstrip.com\/ar\/#website","url":"https:\/\/essenledstrip.com\/ar\/","name":"Essenled Lighting","description":"","publisher":{"@id":"https:\/\/essenledstrip.com\/ar\/#organization"},"potentialAction":[{"@type":"SearchAction","target":{"@type":"EntryPoint","urlTemplate":"https:\/\/essenledstrip.com\/ar\/?s={search_term_string}"},"query-input":{"@type":"PropertyValueSpecification","valueRequired":true,"valueName":"search_term_string"}}],"inLanguage":"da-DK"},{"@type":"Organization","@id":"https:\/\/essenledstrip.com\/ar\/#organization","name":"Shenzhen Essenled Lighting CO.,LTD","url":"https:\/\/essenledstrip.com\/ar\/","logo":{"@type":"ImageObject","inLanguage":"da-DK","@id":"https:\/\/essenledstrip.com\/ar\/#\/schema\/logo\/image\/","url":"https:\/\/essenledstrip.com\/wp-content\/uploads\/2022\/08\/LOGO.png","contentUrl":"https:\/\/essenledstrip.com\/wp-content\/uploads\/2022\/08\/LOGO.png","width":300,"height":100,"caption":"Shenzhen Essenled Lighting CO.,LTD"},"image":{"@id":"https:\/\/essenledstrip.com\/ar\/#\/schema\/logo\/image\/"},"sameAs":["https:\/\/www.facebook.com\/Shenzhen-Essenled-Lighting-COLTD-106633570961729"]}]}},"_links":{"self":[{"href":"https:\/\/essenledstrip.com\/dk\/wp-json\/wp\/v2\/product\/1255","targetHints":{"allow":["GET"]}}],"collection":[{"href":"https:\/\/essenledstrip.com\/dk\/wp-json\/wp\/v2\/product"}],"about":[{"href":"https:\/\/essenledstrip.com\/dk\/wp-json\/wp\/v2\/types\/product"}],"version-history":[{"count":0,"href":"https:\/\/essenledstrip.com\/dk\/wp-json\/wp\/v2\/product\/1255\/revisions"}],"wp:featuredmedia":[{"embeddable":true,"href":"https:\/\/essenledstrip.com\/dk\/wp-json\/wp\/v2\/media\/2766"}],"wp:attachment":[{"href":"https:\/\/essenledstrip.com\/dk\/wp-json\/wp\/v2\/media?parent=1255"}],"wp:term":[{"taxonomy":"product_brand","embeddable":true,"href":"https:\/\/essenledstrip.com\/dk\/wp-json\/wp\/v2\/product_brand?post=1255"},{"taxonomy":"product_cat","embeddable":true,"href":"https:\/\/essenledstrip.com\/dk\/wp-json\/wp\/v2\/product_cat?post=1255"},{"taxonomy":"product_tag","embeddable":true,"href":"https:\/\/essenledstrip.com\/dk\/wp-json\/wp\/v2\/product_tag?post=1255"}],"curies":[{"name":"wp","href":"https:\/\/api.w.org\/{rel}","templated":true}]}}