{"id":1342,"date":"2022-09-26T20:05:24","date_gmt":"2022-09-26T12:05:24","guid":{"rendered":"https:\/\/essenledstrip.com\/?post_type=product&#038;p=1342"},"modified":"2022-09-26T20:05:25","modified_gmt":"2022-09-26T12:05:25","slug":"ip65-free-bend-flex-led-wall-washer","status":"publish","type":"product","link":"https:\/\/essenledstrip.com\/dk\/vare\/ip65-free-bend-flex-led-wall-washer\/","title":{"rendered":"Nyt design IP65 Free Bend Flex LED Wall Washer"},"content":{"rendered":"","protected":false},"excerpt":{"rendered":"<p>IP65 Free bend fleksibel LED wall washer lys kaldes ogs\u00e5 3D bend fleksibel LED wall washer lys, eller 3D flex power-plus, er vandret og lodret b\u00f8jning er begge tilg\u00e6ngelige for at im\u00f8dekomme mere line\u00e6r wall washer lys applikation. P\u00e5 grund af brugen af silikonest\u00f8bning og indbygget linseproces, silikonemateriale som hus til LED wall washer lysstrimmel, modstandsdygtig over for gulning, h\u00f8j temperatur, korrosion, svag syre og alkali.<\/p>\n<p>Str\u00e5levinkel: 15\u00b0, 30\u00b0, 50\u00b0, 25*35\u00b0, 18*20\u00b0, 20*55\u00b0<br \/>\nStyring: PWM<br \/>\nFarve: Enkelt farve \/ Tunable White \/ RGB \/ RGBW \/ DMX512 \/ DMX512 RGBW<br \/>\nL\u00e6ngde: 5M\/hjul<\/p>\n<p>LED wall washer lysb\u00e5nd Komplet s\u00e6t tilbeh\u00f8r til forskellige lejligheder, drejebeslag til at justere lyset p\u00e5 v\u00e6ggen, nem installation LED wall washer lys maksimalt k\u00f8rende p\u00e5 5 meter, alternativ til stift wall washer lys med aluminiumshus eller LED strip til accentbelysning .<\/p>\n<p><img fetchpriority=\"high\" decoding=\"async\" class=\"alignnone wp-image-1350 size-large\" src=\"https:\/\/essenledstrip.com\/wp-content\/uploads\/2022\/09\/20220907221244-1-1024x213.webp\" alt=\"\" width=\"1024\" height=\"213\" srcset=\"https:\/\/essenledstrip.com\/wp-content\/uploads\/2022\/09\/20220907221244-1-1024x213.webp 1024w, https:\/\/essenledstrip.com\/wp-content\/uploads\/2022\/09\/20220907221244-1-300x63.webp 300w, https:\/\/essenledstrip.com\/wp-content\/uploads\/2022\/09\/20220907221244-1-768x160.webp 768w, https:\/\/essenledstrip.com\/wp-content\/uploads\/2022\/09\/20220907221244-1-1536x320.webp 1536w, https:\/\/essenledstrip.com\/wp-content\/uploads\/2022\/09\/20220907221244-1-18x4.webp 18w, https:\/\/essenledstrip.com\/wp-content\/uploads\/2022\/09\/20220907221244-1-600x125.webp 600w, https:\/\/essenledstrip.com\/wp-content\/uploads\/2022\/09\/20220907221244-1.webp 1790w\" sizes=\"(max-width: 1024px) 100vw, 1024px\" \/><\/p>","protected":false},"featured_media":1344,"template":"","meta":{"_kad_post_transparent":"default","_kad_post_title":"","_kad_post_layout":"default","_kad_post_sidebar_id":"","_kad_post_content_style":"default","_kad_post_vertical_padding":"default","_kad_post_feature":"","_kad_post_feature_position":"","_kad_post_header":false,"_kad_post_footer":false,"_kad_post_classname":""},"product_brand":[],"product_cat":[305,57],"product_tag":[311,310,312],"class_list":{"0":"post-1342","1":"product","2":"type-product","3":"status-publish","4":"has-post-thumbnail","6":"product_cat-ip65-flexible-led-wall-wallsher","7":"product_cat-neon-led-strip","8":"product_tag-free-bending-mono-flexible-wall-washer-light","9":"product_tag-ip65-free-bend-flex-led-wall-washer","10":"product_tag-new-design-3d-bend-flexible-led-wall-washer-light","12":"first","13":"instock","14":"shipping-taxable","15":"product-type-simple","16":"entry","17":"content-bg","18":"loop-entry"},"yoast_head":"<!-- This site is optimized with the Yoast SEO Premium plugin v24.7 (Yoast SEO v26.7) - https:\/\/yoast.com\/wordpress\/plugins\/seo\/ -->\n<title>New Design IP65 Free Bend Flex LED Wall Washer - Essenled<\/title>\n<meta name=\"description\" content=\"Silicone material as housing for LED wall washer light strip,has great flexibility.15\u00b0,30\u00b0, 50\u00b0, 25*35\u00b0, 18*20\u00b0,20*55\u00b0 beam angle optional for applications.\" \/>\n<meta name=\"robots\" content=\"index, follow, max-snippet:-1, max-image-preview:large, max-video-preview:-1\" \/>\n<link rel=\"canonical\" href=\"https:\/\/essenledstrip.com\/dk\/vare\/ip65-free-bend-flex-led-wall-washer\/\" \/>\n<meta property=\"og:locale\" content=\"da_DK\" \/>\n<meta property=\"og:type\" content=\"article\" \/>\n<meta property=\"og:title\" content=\"New Design IP65 Free Bend Flex LED Wall Washer\" \/>\n<meta property=\"og:description\" content=\"Silicone material as housing for LED wall washer light strip,has great flexibility.15\u00b0,30\u00b0, 50\u00b0, 25*35\u00b0, 18*20\u00b0,20*55\u00b0 beam angle optional for applications.\" \/>\n<meta property=\"og:url\" content=\"https:\/\/essenledstrip.com\/dk\/vare\/ip65-free-bend-flex-led-wall-washer\/\" \/>\n<meta property=\"og:site_name\" content=\"Essenled Lighting\" \/>\n<meta property=\"article:publisher\" content=\"https:\/\/www.facebook.com\/Shenzhen-Essenled-Lighting-COLTD-106633570961729\" \/>\n<meta property=\"article:modified_time\" content=\"2022-09-26T12:05:25+00:00\" \/>\n<meta property=\"og:image\" content=\"https:\/\/essenledstrip.com\/wp-content\/uploads\/2022\/09\/IP65-Free-Bend-Flex-LED-Wall-Washer.webp\" \/>\n\t<meta property=\"og:image:width\" content=\"800\" \/>\n\t<meta property=\"og:image:height\" content=\"800\" \/>\n\t<meta property=\"og:image:type\" content=\"image\/webp\" \/>\n<meta name=\"twitter:card\" content=\"summary_large_image\" \/>\n<script type=\"application\/ld+json\" class=\"yoast-schema-graph\">{\"@context\":\"https:\/\/schema.org\",\"@graph\":[{\"@type\":\"WebPage\",\"@id\":\"https:\/\/essenledstrip.com\/nl\/product\/ip65-free-bend-flex-led-wall-washer\/\",\"url\":\"https:\/\/essenledstrip.com\/nl\/product\/ip65-free-bend-flex-led-wall-washer\/\",\"name\":\"New Design IP65 Free Bend Flex LED Wall Washer - Essenled\",\"isPartOf\":{\"@id\":\"https:\/\/essenledstrip.com\/ar\/#website\"},\"primaryImageOfPage\":{\"@id\":\"https:\/\/essenledstrip.com\/nl\/product\/ip65-free-bend-flex-led-wall-washer\/#primaryimage\"},\"image\":{\"@id\":\"https:\/\/essenledstrip.com\/nl\/product\/ip65-free-bend-flex-led-wall-washer\/#primaryimage\"},\"thumbnailUrl\":\"https:\/\/essenledstrip.com\/wp-content\/uploads\/2022\/09\/IP65-Free-Bend-Flex-LED-Wall-Washer.webp\",\"datePublished\":\"2022-09-26T12:05:24+00:00\",\"dateModified\":\"2022-09-26T12:05:25+00:00\",\"description\":\"Silicone material as housing for LED wall washer light strip,has great flexibility.15\u00b0,30\u00b0, 50\u00b0, 25*35\u00b0, 18*20\u00b0,20*55\u00b0 beam angle optional for applications.\",\"breadcrumb\":{\"@id\":\"https:\/\/essenledstrip.com\/nl\/product\/ip65-free-bend-flex-led-wall-washer\/#breadcrumb\"},\"inLanguage\":\"da-DK\",\"potentialAction\":[{\"@type\":\"ReadAction\",\"target\":[\"https:\/\/essenledstrip.com\/nl\/product\/ip65-free-bend-flex-led-wall-washer\/\"]}]},{\"@type\":\"ImageObject\",\"inLanguage\":\"da-DK\",\"@id\":\"https:\/\/essenledstrip.com\/nl\/product\/ip65-free-bend-flex-led-wall-washer\/#primaryimage\",\"url\":\"https:\/\/essenledstrip.com\/wp-content\/uploads\/2022\/09\/IP65-Free-Bend-Flex-LED-Wall-Washer.webp\",\"contentUrl\":\"https:\/\/essenledstrip.com\/wp-content\/uploads\/2022\/09\/IP65-Free-Bend-Flex-LED-Wall-Washer.webp\",\"width\":800,\"height\":800,\"caption\":\"IP65 Free Bend Flex LED Wall Washer\"},{\"@type\":\"BreadcrumbList\",\"@id\":\"https:\/\/essenledstrip.com\/nl\/product\/ip65-free-bend-flex-led-wall-washer\/#breadcrumb\",\"itemListElement\":[{\"@type\":\"ListItem\",\"position\":1,\"name\":\"Home\",\"item\":\"https:\/\/essenledstrip.com\/\"},{\"@type\":\"ListItem\",\"position\":2,\"name\":\"Varer\",\"item\":\"https:\/\/essenledstrip.com\/dk\/shop\/\"},{\"@type\":\"ListItem\",\"position\":3,\"name\":\"New Design IP65 Free Bend Flex LED Wall Washer\"}]},{\"@type\":\"WebSite\",\"@id\":\"https:\/\/essenledstrip.com\/ar\/#website\",\"url\":\"https:\/\/essenledstrip.com\/ar\/\",\"name\":\"Essenled Lighting\",\"description\":\"\",\"publisher\":{\"@id\":\"https:\/\/essenledstrip.com\/ar\/#organization\"},\"potentialAction\":[{\"@type\":\"SearchAction\",\"target\":{\"@type\":\"EntryPoint\",\"urlTemplate\":\"https:\/\/essenledstrip.com\/ar\/?s={search_term_string}\"},\"query-input\":{\"@type\":\"PropertyValueSpecification\",\"valueRequired\":true,\"valueName\":\"search_term_string\"}}],\"inLanguage\":\"da-DK\"},{\"@type\":\"Organization\",\"@id\":\"https:\/\/essenledstrip.com\/ar\/#organization\",\"name\":\"Shenzhen Essenled Lighting CO.,LTD\",\"url\":\"https:\/\/essenledstrip.com\/ar\/\",\"logo\":{\"@type\":\"ImageObject\",\"inLanguage\":\"da-DK\",\"@id\":\"https:\/\/essenledstrip.com\/ar\/#\/schema\/logo\/image\/\",\"url\":\"https:\/\/essenledstrip.com\/wp-content\/uploads\/2022\/08\/LOGO.png\",\"contentUrl\":\"https:\/\/essenledstrip.com\/wp-content\/uploads\/2022\/08\/LOGO.png\",\"width\":300,\"height\":100,\"caption\":\"Shenzhen Essenled Lighting CO.,LTD\"},\"image\":{\"@id\":\"https:\/\/essenledstrip.com\/ar\/#\/schema\/logo\/image\/\"},\"sameAs\":[\"https:\/\/www.facebook.com\/Shenzhen-Essenled-Lighting-COLTD-106633570961729\"]}]}<\/script>\n<!-- \/ Yoast SEO Premium plugin. -->","yoast_head_json":{"title":"New Design IP65 Free Bend Flex LED Wall Washer - Essenled","description":"Silicone material as housing for LED wall washer light strip,has great flexibility.15\u00b0,30\u00b0, 50\u00b0, 25*35\u00b0, 18*20\u00b0,20*55\u00b0 beam angle optional for applications.","robots":{"index":"index","follow":"follow","max-snippet":"max-snippet:-1","max-image-preview":"max-image-preview:large","max-video-preview":"max-video-preview:-1"},"canonical":"https:\/\/essenledstrip.com\/dk\/vare\/ip65-free-bend-flex-led-wall-washer\/","og_locale":"da_DK","og_type":"article","og_title":"New Design IP65 Free Bend Flex LED Wall Washer","og_description":"Silicone material as housing for LED wall washer light strip,has great flexibility.15\u00b0,30\u00b0, 50\u00b0, 25*35\u00b0, 18*20\u00b0,20*55\u00b0 beam angle optional for applications.","og_url":"https:\/\/essenledstrip.com\/dk\/vare\/ip65-free-bend-flex-led-wall-washer\/","og_site_name":"Essenled Lighting","article_publisher":"https:\/\/www.facebook.com\/Shenzhen-Essenled-Lighting-COLTD-106633570961729","article_modified_time":"2022-09-26T12:05:25+00:00","og_image":[{"width":800,"height":800,"url":"https:\/\/essenledstrip.com\/wp-content\/uploads\/2022\/09\/IP65-Free-Bend-Flex-LED-Wall-Washer.webp","type":"image\/webp"}],"twitter_card":"summary_large_image","schema":{"@context":"https:\/\/schema.org","@graph":[{"@type":"WebPage","@id":"https:\/\/essenledstrip.com\/nl\/product\/ip65-free-bend-flex-led-wall-washer\/","url":"https:\/\/essenledstrip.com\/nl\/product\/ip65-free-bend-flex-led-wall-washer\/","name":"New Design IP65 Free Bend Flex LED Wall Washer - Essenled","isPartOf":{"@id":"https:\/\/essenledstrip.com\/ar\/#website"},"primaryImageOfPage":{"@id":"https:\/\/essenledstrip.com\/nl\/product\/ip65-free-bend-flex-led-wall-washer\/#primaryimage"},"image":{"@id":"https:\/\/essenledstrip.com\/nl\/product\/ip65-free-bend-flex-led-wall-washer\/#primaryimage"},"thumbnailUrl":"https:\/\/essenledstrip.com\/wp-content\/uploads\/2022\/09\/IP65-Free-Bend-Flex-LED-Wall-Washer.webp","datePublished":"2022-09-26T12:05:24+00:00","dateModified":"2022-09-26T12:05:25+00:00","description":"Silicone material as housing for LED wall washer light strip,has great flexibility.15\u00b0,30\u00b0, 50\u00b0, 25*35\u00b0, 18*20\u00b0,20*55\u00b0 beam angle optional for applications.","breadcrumb":{"@id":"https:\/\/essenledstrip.com\/nl\/product\/ip65-free-bend-flex-led-wall-washer\/#breadcrumb"},"inLanguage":"da-DK","potentialAction":[{"@type":"ReadAction","target":["https:\/\/essenledstrip.com\/nl\/product\/ip65-free-bend-flex-led-wall-washer\/"]}]},{"@type":"ImageObject","inLanguage":"da-DK","@id":"https:\/\/essenledstrip.com\/nl\/product\/ip65-free-bend-flex-led-wall-washer\/#primaryimage","url":"https:\/\/essenledstrip.com\/wp-content\/uploads\/2022\/09\/IP65-Free-Bend-Flex-LED-Wall-Washer.webp","contentUrl":"https:\/\/essenledstrip.com\/wp-content\/uploads\/2022\/09\/IP65-Free-Bend-Flex-LED-Wall-Washer.webp","width":800,"height":800,"caption":"IP65 Free Bend Flex LED Wall Washer"},{"@type":"BreadcrumbList","@id":"https:\/\/essenledstrip.com\/nl\/product\/ip65-free-bend-flex-led-wall-washer\/#breadcrumb","itemListElement":[{"@type":"ListItem","position":1,"name":"Home","item":"https:\/\/essenledstrip.com\/"},{"@type":"ListItem","position":2,"name":"Varer","item":"https:\/\/essenledstrip.com\/dk\/shop\/"},{"@type":"ListItem","position":3,"name":"New Design IP65 Free Bend Flex LED Wall Washer"}]},{"@type":"WebSite","@id":"https:\/\/essenledstrip.com\/ar\/#website","url":"https:\/\/essenledstrip.com\/ar\/","name":"Essenled Lighting","description":"","publisher":{"@id":"https:\/\/essenledstrip.com\/ar\/#organization"},"potentialAction":[{"@type":"SearchAction","target":{"@type":"EntryPoint","urlTemplate":"https:\/\/essenledstrip.com\/ar\/?s={search_term_string}"},"query-input":{"@type":"PropertyValueSpecification","valueRequired":true,"valueName":"search_term_string"}}],"inLanguage":"da-DK"},{"@type":"Organization","@id":"https:\/\/essenledstrip.com\/ar\/#organization","name":"Shenzhen Essenled Lighting CO.,LTD","url":"https:\/\/essenledstrip.com\/ar\/","logo":{"@type":"ImageObject","inLanguage":"da-DK","@id":"https:\/\/essenledstrip.com\/ar\/#\/schema\/logo\/image\/","url":"https:\/\/essenledstrip.com\/wp-content\/uploads\/2022\/08\/LOGO.png","contentUrl":"https:\/\/essenledstrip.com\/wp-content\/uploads\/2022\/08\/LOGO.png","width":300,"height":100,"caption":"Shenzhen Essenled Lighting CO.,LTD"},"image":{"@id":"https:\/\/essenledstrip.com\/ar\/#\/schema\/logo\/image\/"},"sameAs":["https:\/\/www.facebook.com\/Shenzhen-Essenled-Lighting-COLTD-106633570961729"]}]}},"_links":{"self":[{"href":"https:\/\/essenledstrip.com\/dk\/wp-json\/wp\/v2\/product\/1342","targetHints":{"allow":["GET"]}}],"collection":[{"href":"https:\/\/essenledstrip.com\/dk\/wp-json\/wp\/v2\/product"}],"about":[{"href":"https:\/\/essenledstrip.com\/dk\/wp-json\/wp\/v2\/types\/product"}],"version-history":[{"count":0,"href":"https:\/\/essenledstrip.com\/dk\/wp-json\/wp\/v2\/product\/1342\/revisions"}],"wp:featuredmedia":[{"embeddable":true,"href":"https:\/\/essenledstrip.com\/dk\/wp-json\/wp\/v2\/media\/1344"}],"wp:attachment":[{"href":"https:\/\/essenledstrip.com\/dk\/wp-json\/wp\/v2\/media?parent=1342"}],"wp:term":[{"taxonomy":"product_brand","embeddable":true,"href":"https:\/\/essenledstrip.com\/dk\/wp-json\/wp\/v2\/product_brand?post=1342"},{"taxonomy":"product_cat","embeddable":true,"href":"https:\/\/essenledstrip.com\/dk\/wp-json\/wp\/v2\/product_cat?post=1342"},{"taxonomy":"product_tag","embeddable":true,"href":"https:\/\/essenledstrip.com\/dk\/wp-json\/wp\/v2\/product_tag?post=1342"}],"curies":[{"name":"wp","href":"https:\/\/api.w.org\/{rel}","templated":true}]}}