{"id":1381,"date":"2022-09-27T23:05:14","date_gmt":"2022-09-27T15:05:14","guid":{"rendered":"https:\/\/essenledstrip.com\/?post_type=product&#038;p=1381"},"modified":"2024-03-24T16:02:39","modified_gmt":"2024-03-24T08:02:39","slug":"ip68-top-view-silicone-neon-led-strip-lights-1615","status":"publish","type":"product","link":"https:\/\/essenledstrip.com\/dk\/vare\/ip68-top-view-silikone-neon-led-strip-lys-1615\/","title":{"rendered":"IP68 Top View Silikone Neon LED Strip Lights \u2013 1615"},"content":{"rendered":"","protected":false},"excerpt":{"rendered":"<p>IP68 Silikone Neon flex strip Sv\u00f8mmebassin bruges i springvand, sv\u00f8mmebassiner, vandlande, f\u00e6lles musik springvand, massagecentre og havelandskaber. LED-tapen er anti-klor beskyttet med IP68 og kan neds\u00e6nkes i vandet op til 2 meter. Lyset er set ovenfra og st\u00f8rrelsen kan tilpasses.<\/p>\n<p>Med IP68 beskyttelsesniveau, saltopl\u00f8sningsbestandighed, svag syre- og alkalikorrosion, \u00e6tsende gasser, brand og UV. Vores IP68 led strip neonlys kan ogs\u00e5 v\u00e6re r\u00f8de, gr\u00f8nne, bl\u00e5, gule, orange, pink, tunable white, RGB, RGBW og adresserbare SPI RGB. Standardsp\u00e6ndingen er 24Vdc. Hvis du har brug for 12Vdc, kan vi tilpasse det til dig.<\/p>\n<p><img fetchpriority=\"high\" decoding=\"async\" class=\"alignnone wp-image-1388 size-large\" src=\"https:\/\/essenledstrip.com\/wp-content\/uploads\/2022\/09\/0927113635-1024x304.webp\" alt=\"\" width=\"1024\" height=\"304\" srcset=\"https:\/\/essenledstrip.com\/wp-content\/uploads\/2022\/09\/0927113635-1024x304.webp 1024w, https:\/\/essenledstrip.com\/wp-content\/uploads\/2022\/09\/0927113635-300x89.webp 300w, https:\/\/essenledstrip.com\/wp-content\/uploads\/2022\/09\/0927113635-768x228.webp 768w, https:\/\/essenledstrip.com\/wp-content\/uploads\/2022\/09\/0927113635-1536x456.webp 1536w, https:\/\/essenledstrip.com\/wp-content\/uploads\/2022\/09\/0927113635-18x5.webp 18w, https:\/\/essenledstrip.com\/wp-content\/uploads\/2022\/09\/0927113635-600x178.webp 600w, https:\/\/essenledstrip.com\/wp-content\/uploads\/2022\/09\/0927113635.webp 1579w\" sizes=\"(max-width: 1024px) 100vw, 1024px\" \/><\/p>","protected":false},"featured_media":1384,"template":"","meta":{"_kad_post_transparent":"default","_kad_post_title":"","_kad_post_layout":"default","_kad_post_sidebar_id":"","_kad_post_content_style":"default","_kad_post_vertical_padding":"default","_kad_post_feature":"","_kad_post_feature_position":"","_kad_post_header":false,"_kad_post_footer":false,"_kad_post_classname":""},"product_brand":[],"product_cat":[120,57],"product_tag":[320,319,321],"class_list":{"0":"post-1381","1":"product","2":"type-product","3":"status-publish","4":"has-post-thumbnail","6":"product_cat-ip68-silicone-neon-strip","7":"product_cat-neon-led-strip","8":"product_tag-ip68-silicone-neon-led-strip-led-linear-lighting-solution","9":"product_tag-pool-waterproof-ip68-silicone-neon-led-strip-light","10":"product_tag-unique-designed-ip68-top-view-led-neon-swimming-pool","12":"first","13":"instock","14":"shipping-taxable","15":"product-type-simple","16":"entry","17":"content-bg","18":"loop-entry"},"yoast_head":"<!-- This site is optimized with the Yoast SEO Premium plugin v24.7 (Yoast SEO v26.7) - https:\/\/yoast.com\/wordpress\/plugins\/seo\/ -->\n<title>Pool Waterproof IP68 Silicon Neon Flex LED Strip - Essenled<\/title>\n<meta name=\"description\" content=\"The IP68 Silicone Neon LED strip lights or neon lights for can be used underwater of swimming pool which is less than 3m, convenient for installation.\" \/>\n<meta name=\"robots\" content=\"index, follow, max-snippet:-1, max-image-preview:large, max-video-preview:-1\" \/>\n<link rel=\"canonical\" href=\"https:\/\/essenledstrip.com\/dk\/vare\/ip68-top-view-silikone-neon-led-strip-lys-1615\/\" \/>\n<meta property=\"og:locale\" content=\"da_DK\" \/>\n<meta property=\"og:type\" content=\"article\" \/>\n<meta property=\"og:title\" content=\"IP68 Top View Silicone Neon LED Strip Lights - 1615\" \/>\n<meta property=\"og:description\" content=\"The IP68 Silicone Neon LED strip lights or neon lights for can be used underwater of swimming pool which is less than 3m, convenient for installation.\" \/>\n<meta property=\"og:url\" content=\"https:\/\/essenledstrip.com\/dk\/vare\/ip68-top-view-silikone-neon-led-strip-lys-1615\/\" \/>\n<meta property=\"og:site_name\" content=\"Essenled Lighting\" \/>\n<meta property=\"article:publisher\" content=\"https:\/\/www.facebook.com\/Shenzhen-Essenled-Lighting-COLTD-106633570961729\" \/>\n<meta property=\"article:modified_time\" content=\"2024-03-24T08:02:39+00:00\" \/>\n<meta property=\"og:image\" content=\"https:\/\/essenledstrip.com\/wp-content\/uploads\/2022\/09\/IP68-silicone-neon-led-strip-led-linear-lighting-solution.webp\" \/>\n\t<meta property=\"og:image:width\" content=\"800\" \/>\n\t<meta property=\"og:image:height\" content=\"800\" \/>\n\t<meta property=\"og:image:type\" content=\"image\/webp\" \/>\n<meta name=\"twitter:card\" content=\"summary_large_image\" \/>\n<meta name=\"twitter:label1\" content=\"Estimeret l\u00e6setid\" \/>\n\t<meta name=\"twitter:data1\" content=\"1 minut\" \/>\n<script type=\"application\/ld+json\" class=\"yoast-schema-graph\">{\"@context\":\"https:\/\/schema.org\",\"@graph\":[{\"@type\":\"WebPage\",\"@id\":\"https:\/\/essenledstrip.com\/product\/ip68-top-view-silicone-neon-led-strip-lights-1615\/\",\"url\":\"https:\/\/essenledstrip.com\/product\/ip68-top-view-silicone-neon-led-strip-lights-1615\/\",\"name\":\"Pool Waterproof IP68 Silicon Neon Flex LED Strip - Essenled\",\"isPartOf\":{\"@id\":\"https:\/\/essenledstrip.com\/ar\/#website\"},\"primaryImageOfPage\":{\"@id\":\"https:\/\/essenledstrip.com\/product\/ip68-top-view-silicone-neon-led-strip-lights-1615\/#primaryimage\"},\"image\":{\"@id\":\"https:\/\/essenledstrip.com\/product\/ip68-top-view-silicone-neon-led-strip-lights-1615\/#primaryimage\"},\"thumbnailUrl\":\"https:\/\/essenledstrip.com\/wp-content\/uploads\/2022\/09\/IP68-silicone-neon-led-strip-led-linear-lighting-solution.webp\",\"datePublished\":\"2022-09-27T15:05:14+00:00\",\"dateModified\":\"2024-03-24T08:02:39+00:00\",\"description\":\"The IP68 Silicone Neon LED strip lights or neon lights for can be used underwater of swimming pool which is less than 3m, convenient for installation.\",\"breadcrumb\":{\"@id\":\"https:\/\/essenledstrip.com\/product\/ip68-top-view-silicone-neon-led-strip-lights-1615\/#breadcrumb\"},\"inLanguage\":\"da-DK\",\"potentialAction\":[{\"@type\":\"ReadAction\",\"target\":[\"https:\/\/essenledstrip.com\/product\/ip68-top-view-silicone-neon-led-strip-lights-1615\/\"]}]},{\"@type\":\"ImageObject\",\"inLanguage\":\"da-DK\",\"@id\":\"https:\/\/essenledstrip.com\/product\/ip68-top-view-silicone-neon-led-strip-lights-1615\/#primaryimage\",\"url\":\"https:\/\/essenledstrip.com\/wp-content\/uploads\/2022\/09\/IP68-silicone-neon-led-strip-led-linear-lighting-solution.webp\",\"contentUrl\":\"https:\/\/essenledstrip.com\/wp-content\/uploads\/2022\/09\/IP68-silicone-neon-led-strip-led-linear-lighting-solution.webp\",\"width\":800,\"height\":800,\"caption\":\"IP68 silicone neon led strip led linear lighting solution\"},{\"@type\":\"BreadcrumbList\",\"@id\":\"https:\/\/essenledstrip.com\/product\/ip68-top-view-silicone-neon-led-strip-lights-1615\/#breadcrumb\",\"itemListElement\":[{\"@type\":\"ListItem\",\"position\":1,\"name\":\"Home\",\"item\":\"https:\/\/essenledstrip.com\/\"},{\"@type\":\"ListItem\",\"position\":2,\"name\":\"Varer\",\"item\":\"https:\/\/essenledstrip.com\/dk\/shop\/\"},{\"@type\":\"ListItem\",\"position\":3,\"name\":\"IP68 Top View Silicone Neon LED Strip Lights &#8211; 1615\"}]},{\"@type\":\"WebSite\",\"@id\":\"https:\/\/essenledstrip.com\/ar\/#website\",\"url\":\"https:\/\/essenledstrip.com\/ar\/\",\"name\":\"Essenled Lighting\",\"description\":\"\",\"publisher\":{\"@id\":\"https:\/\/essenledstrip.com\/ar\/#organization\"},\"potentialAction\":[{\"@type\":\"SearchAction\",\"target\":{\"@type\":\"EntryPoint\",\"urlTemplate\":\"https:\/\/essenledstrip.com\/ar\/?s={search_term_string}\"},\"query-input\":{\"@type\":\"PropertyValueSpecification\",\"valueRequired\":true,\"valueName\":\"search_term_string\"}}],\"inLanguage\":\"da-DK\"},{\"@type\":\"Organization\",\"@id\":\"https:\/\/essenledstrip.com\/ar\/#organization\",\"name\":\"Shenzhen Essenled Lighting CO.,LTD\",\"url\":\"https:\/\/essenledstrip.com\/ar\/\",\"logo\":{\"@type\":\"ImageObject\",\"inLanguage\":\"da-DK\",\"@id\":\"https:\/\/essenledstrip.com\/ar\/#\/schema\/logo\/image\/\",\"url\":\"https:\/\/essenledstrip.com\/wp-content\/uploads\/2022\/08\/LOGO.png\",\"contentUrl\":\"https:\/\/essenledstrip.com\/wp-content\/uploads\/2022\/08\/LOGO.png\",\"width\":300,\"height\":100,\"caption\":\"Shenzhen Essenled Lighting CO.,LTD\"},\"image\":{\"@id\":\"https:\/\/essenledstrip.com\/ar\/#\/schema\/logo\/image\/\"},\"sameAs\":[\"https:\/\/www.facebook.com\/Shenzhen-Essenled-Lighting-COLTD-106633570961729\"]}]}<\/script>\n<!-- \/ Yoast SEO Premium plugin. -->","yoast_head_json":{"title":"Pool Waterproof IP68 Silicon Neon Flex LED Strip - Essenled","description":"The IP68 Silicone Neon LED strip lights or neon lights for can be used underwater of swimming pool which is less than 3m, convenient for installation.","robots":{"index":"index","follow":"follow","max-snippet":"max-snippet:-1","max-image-preview":"max-image-preview:large","max-video-preview":"max-video-preview:-1"},"canonical":"https:\/\/essenledstrip.com\/dk\/vare\/ip68-top-view-silikone-neon-led-strip-lys-1615\/","og_locale":"da_DK","og_type":"article","og_title":"IP68 Top View Silicone Neon LED Strip Lights - 1615","og_description":"The IP68 Silicone Neon LED strip lights or neon lights for can be used underwater of swimming pool which is less than 3m, convenient for installation.","og_url":"https:\/\/essenledstrip.com\/dk\/vare\/ip68-top-view-silikone-neon-led-strip-lys-1615\/","og_site_name":"Essenled Lighting","article_publisher":"https:\/\/www.facebook.com\/Shenzhen-Essenled-Lighting-COLTD-106633570961729","article_modified_time":"2024-03-24T08:02:39+00:00","og_image":[{"width":800,"height":800,"url":"https:\/\/essenledstrip.com\/wp-content\/uploads\/2022\/09\/IP68-silicone-neon-led-strip-led-linear-lighting-solution.webp","type":"image\/webp"}],"twitter_card":"summary_large_image","twitter_misc":{"Estimeret l\u00e6setid":"1 minut"},"schema":{"@context":"https:\/\/schema.org","@graph":[{"@type":"WebPage","@id":"https:\/\/essenledstrip.com\/product\/ip68-top-view-silicone-neon-led-strip-lights-1615\/","url":"https:\/\/essenledstrip.com\/product\/ip68-top-view-silicone-neon-led-strip-lights-1615\/","name":"Pool Waterproof IP68 Silicon Neon Flex LED Strip - Essenled","isPartOf":{"@id":"https:\/\/essenledstrip.com\/ar\/#website"},"primaryImageOfPage":{"@id":"https:\/\/essenledstrip.com\/product\/ip68-top-view-silicone-neon-led-strip-lights-1615\/#primaryimage"},"image":{"@id":"https:\/\/essenledstrip.com\/product\/ip68-top-view-silicone-neon-led-strip-lights-1615\/#primaryimage"},"thumbnailUrl":"https:\/\/essenledstrip.com\/wp-content\/uploads\/2022\/09\/IP68-silicone-neon-led-strip-led-linear-lighting-solution.webp","datePublished":"2022-09-27T15:05:14+00:00","dateModified":"2024-03-24T08:02:39+00:00","description":"The IP68 Silicone Neon LED strip lights or neon lights for can be used underwater of swimming pool which is less than 3m, convenient for installation.","breadcrumb":{"@id":"https:\/\/essenledstrip.com\/product\/ip68-top-view-silicone-neon-led-strip-lights-1615\/#breadcrumb"},"inLanguage":"da-DK","potentialAction":[{"@type":"ReadAction","target":["https:\/\/essenledstrip.com\/product\/ip68-top-view-silicone-neon-led-strip-lights-1615\/"]}]},{"@type":"ImageObject","inLanguage":"da-DK","@id":"https:\/\/essenledstrip.com\/product\/ip68-top-view-silicone-neon-led-strip-lights-1615\/#primaryimage","url":"https:\/\/essenledstrip.com\/wp-content\/uploads\/2022\/09\/IP68-silicone-neon-led-strip-led-linear-lighting-solution.webp","contentUrl":"https:\/\/essenledstrip.com\/wp-content\/uploads\/2022\/09\/IP68-silicone-neon-led-strip-led-linear-lighting-solution.webp","width":800,"height":800,"caption":"IP68 silicone neon led strip led linear lighting solution"},{"@type":"BreadcrumbList","@id":"https:\/\/essenledstrip.com\/product\/ip68-top-view-silicone-neon-led-strip-lights-1615\/#breadcrumb","itemListElement":[{"@type":"ListItem","position":1,"name":"Home","item":"https:\/\/essenledstrip.com\/"},{"@type":"ListItem","position":2,"name":"Varer","item":"https:\/\/essenledstrip.com\/dk\/shop\/"},{"@type":"ListItem","position":3,"name":"IP68 Top View Silicone Neon LED Strip Lights &#8211; 1615"}]},{"@type":"WebSite","@id":"https:\/\/essenledstrip.com\/ar\/#website","url":"https:\/\/essenledstrip.com\/ar\/","name":"Essenled Lighting","description":"","publisher":{"@id":"https:\/\/essenledstrip.com\/ar\/#organization"},"potentialAction":[{"@type":"SearchAction","target":{"@type":"EntryPoint","urlTemplate":"https:\/\/essenledstrip.com\/ar\/?s={search_term_string}"},"query-input":{"@type":"PropertyValueSpecification","valueRequired":true,"valueName":"search_term_string"}}],"inLanguage":"da-DK"},{"@type":"Organization","@id":"https:\/\/essenledstrip.com\/ar\/#organization","name":"Shenzhen Essenled Lighting CO.,LTD","url":"https:\/\/essenledstrip.com\/ar\/","logo":{"@type":"ImageObject","inLanguage":"da-DK","@id":"https:\/\/essenledstrip.com\/ar\/#\/schema\/logo\/image\/","url":"https:\/\/essenledstrip.com\/wp-content\/uploads\/2022\/08\/LOGO.png","contentUrl":"https:\/\/essenledstrip.com\/wp-content\/uploads\/2022\/08\/LOGO.png","width":300,"height":100,"caption":"Shenzhen Essenled Lighting CO.,LTD"},"image":{"@id":"https:\/\/essenledstrip.com\/ar\/#\/schema\/logo\/image\/"},"sameAs":["https:\/\/www.facebook.com\/Shenzhen-Essenled-Lighting-COLTD-106633570961729"]}]}},"_links":{"self":[{"href":"https:\/\/essenledstrip.com\/dk\/wp-json\/wp\/v2\/product\/1381","targetHints":{"allow":["GET"]}}],"collection":[{"href":"https:\/\/essenledstrip.com\/dk\/wp-json\/wp\/v2\/product"}],"about":[{"href":"https:\/\/essenledstrip.com\/dk\/wp-json\/wp\/v2\/types\/product"}],"version-history":[{"count":0,"href":"https:\/\/essenledstrip.com\/dk\/wp-json\/wp\/v2\/product\/1381\/revisions"}],"wp:featuredmedia":[{"embeddable":true,"href":"https:\/\/essenledstrip.com\/dk\/wp-json\/wp\/v2\/media\/1384"}],"wp:attachment":[{"href":"https:\/\/essenledstrip.com\/dk\/wp-json\/wp\/v2\/media?parent=1381"}],"wp:term":[{"taxonomy":"product_brand","embeddable":true,"href":"https:\/\/essenledstrip.com\/dk\/wp-json\/wp\/v2\/product_brand?post=1381"},{"taxonomy":"product_cat","embeddable":true,"href":"https:\/\/essenledstrip.com\/dk\/wp-json\/wp\/v2\/product_cat?post=1381"},{"taxonomy":"product_tag","embeddable":true,"href":"https:\/\/essenledstrip.com\/dk\/wp-json\/wp\/v2\/product_tag?post=1381"}],"curies":[{"name":"wp","href":"https:\/\/api.w.org\/{rel}","templated":true}]}}