{"id":1411,"date":"2022-09-29T23:17:58","date_gmt":"2022-09-29T15:17:58","guid":{"rendered":"https:\/\/essenledstrip.com\/?post_type=product&#038;p=1411"},"modified":"2022-09-29T23:17:59","modified_gmt":"2022-09-29T15:17:59","slug":"ip67-waterproof-s0817-silicone-neon-led-strip","status":"publish","type":"product","link":"https:\/\/essenledstrip.com\/dk\/vare\/ip67-waterproof-s0817-silicone-neon-led-strip\/","title":{"rendered":"IP67 Vandt\u00e6t S0817 Silikone Neon LED Strip"},"content":{"rendered":"","protected":false},"excerpt":{"rendered":"<p>Alle vores silikone neon led strip lys er mere end IP65 vandt\u00e6tte testet og certificeret, hvilket sikrer h\u00f8j ydeevne og lang levetid. Vi kan tilbyde brugerdefineret LED Neon Flex strip lys med tilpasset farve, st\u00f8rrelse, lang, CRI og forskelligt tilbeh\u00f8r.<\/p>\n<ul>\n<li>Silikone led neonlys fra siden 08mm*17mm(B*H), DC24V.<\/li>\n<li>Den er IP67-beskyttelse, aldrig gul, UV-bestandig, saltvandsbestandig og h\u00f8jtemperaturbestandig via opal silikonebel\u00e6gning.<\/li>\n<li>Ensartet luminans og prikfri vil give den mest fremragende ydeevne til indend\u00f8rs og udend\u00f8rs anvendelse.<\/li>\n<\/ul>\n<p>Vi tilbyder skr\u00e6ddersyede l\u00f8sninger, OEM, ODM service. Grossister, distribut\u00f8rer, forhandlere, forhandlere, agenter er velkomne til at k\u00f8be i l\u00f8s v\u00e6gt hos os.<\/p>\n<p><img fetchpriority=\"high\" decoding=\"async\" class=\"alignnone wp-image-1417 size-large\" src=\"https:\/\/essenledstrip.com\/wp-content\/uploads\/2022\/09\/20220928151555-1024x363.webp\" alt=\"\" width=\"1024\" height=\"363\" srcset=\"https:\/\/essenledstrip.com\/wp-content\/uploads\/2022\/09\/20220928151555-1024x363.webp 1024w, https:\/\/essenledstrip.com\/wp-content\/uploads\/2022\/09\/20220928151555-300x106.webp 300w, https:\/\/essenledstrip.com\/wp-content\/uploads\/2022\/09\/20220928151555-768x272.webp 768w, https:\/\/essenledstrip.com\/wp-content\/uploads\/2022\/09\/20220928151555-18x6.webp 18w, https:\/\/essenledstrip.com\/wp-content\/uploads\/2022\/09\/20220928151555-600x213.webp 600w, https:\/\/essenledstrip.com\/wp-content\/uploads\/2022\/09\/20220928151555.webp 1370w\" sizes=\"(max-width: 1024px) 100vw, 1024px\" \/><\/p>","protected":false},"featured_media":1413,"template":"","meta":{"_kad_post_transparent":"default","_kad_post_title":"","_kad_post_layout":"default","_kad_post_sidebar_id":"","_kad_post_content_style":"default","_kad_post_vertical_padding":"default","_kad_post_feature":"","_kad_post_feature_position":"","_kad_post_header":false,"_kad_post_footer":false,"_kad_post_classname":""},"product_brand":[],"product_cat":[57,59],"product_tag":[330,329,328],"class_list":{"0":"post-1411","1":"product","2":"type-product","3":"status-publish","4":"has-post-thumbnail","6":"product_cat-neon-led-strip","7":"product_cat-side-view-neon-strip","8":"product_tag-0817-warm-white-side-view-bending-flex-neon-strip-lights","9":"product_tag-5m-custom-silicone-neon-led-strip-0817-ip67-waterproof","10":"product_tag-neon-lighting-led-strip-0817-silicone-neon-5w-10w","12":"first","13":"instock","14":"shipping-taxable","15":"product-type-simple","16":"entry","17":"content-bg","18":"loop-entry"},"yoast_head":"<!-- This site is optimized with the Yoast SEO Premium plugin v24.7 (Yoast SEO v26.7) - https:\/\/yoast.com\/wordpress\/plugins\/seo\/ -->\n<title>S0817 Silicone Extrusion Neon Strip IP67 protection - Essenled<\/title>\n<meta name=\"description\" content=\"Side View Neon Strip S0817, Single color\/CCT\/RGB optional, Color with environmental protection grade silicone material, integrated extrusion molding process.\" \/>\n<meta name=\"robots\" content=\"index, follow, max-snippet:-1, max-image-preview:large, max-video-preview:-1\" \/>\n<link rel=\"canonical\" href=\"https:\/\/essenledstrip.com\/dk\/produit\/ip67-waterproof-s0817-silicone-neon-led-strip\/\" \/>\n<meta property=\"og:locale\" content=\"da_DK\" \/>\n<meta property=\"og:type\" content=\"article\" \/>\n<meta property=\"og:title\" content=\"IP67 Waterproof S0817 Silicone Neon LED Strip\" \/>\n<meta property=\"og:description\" content=\"Side View Neon Strip S0817, Single color\/CCT\/RGB optional, Color with environmental protection grade silicone material, integrated extrusion molding process.\" \/>\n<meta property=\"og:url\" content=\"https:\/\/essenledstrip.com\/dk\/produit\/ip67-waterproof-s0817-silicone-neon-led-strip\/\" \/>\n<meta property=\"og:site_name\" content=\"Essenled Lighting\" \/>\n<meta property=\"article:publisher\" content=\"https:\/\/www.facebook.com\/Shenzhen-Essenled-Lighting-COLTD-106633570961729\" \/>\n<meta property=\"article:modified_time\" content=\"2022-09-29T15:17:59+00:00\" \/>\n<meta property=\"og:image\" content=\"https:\/\/essenledstrip.com\/wp-content\/uploads\/2022\/09\/0817-warm-white-side-view-bending-flex-neon-strip-lights.webp\" \/>\n\t<meta property=\"og:image:width\" content=\"800\" \/>\n\t<meta property=\"og:image:height\" content=\"800\" \/>\n\t<meta property=\"og:image:type\" content=\"image\/webp\" \/>\n<meta name=\"twitter:card\" content=\"summary_large_image\" \/>\n<script type=\"application\/ld+json\" class=\"yoast-schema-graph\">{\"@context\":\"https:\/\/schema.org\",\"@graph\":[{\"@type\":\"WebPage\",\"@id\":\"https:\/\/essenledstrip.com\/fr\/produit\/ip67-waterproof-s0817-silicone-neon-led-strip\/\",\"url\":\"https:\/\/essenledstrip.com\/fr\/produit\/ip67-waterproof-s0817-silicone-neon-led-strip\/\",\"name\":\"S0817 Silicone Extrusion Neon Strip IP67 protection - Essenled\",\"isPartOf\":{\"@id\":\"https:\/\/essenledstrip.com\/ar\/#website\"},\"primaryImageOfPage\":{\"@id\":\"https:\/\/essenledstrip.com\/fr\/produit\/ip67-waterproof-s0817-silicone-neon-led-strip\/#primaryimage\"},\"image\":{\"@id\":\"https:\/\/essenledstrip.com\/fr\/produit\/ip67-waterproof-s0817-silicone-neon-led-strip\/#primaryimage\"},\"thumbnailUrl\":\"https:\/\/essenledstrip.com\/wp-content\/uploads\/2022\/09\/0817-warm-white-side-view-bending-flex-neon-strip-lights.webp\",\"datePublished\":\"2022-09-29T15:17:58+00:00\",\"dateModified\":\"2022-09-29T15:17:59+00:00\",\"description\":\"Side View Neon Strip S0817, Single color\/CCT\/RGB optional, Color with environmental protection grade silicone material, integrated extrusion molding process.\",\"breadcrumb\":{\"@id\":\"https:\/\/essenledstrip.com\/fr\/produit\/ip67-waterproof-s0817-silicone-neon-led-strip\/#breadcrumb\"},\"inLanguage\":\"da-DK\",\"potentialAction\":[{\"@type\":\"ReadAction\",\"target\":[\"https:\/\/essenledstrip.com\/fr\/produit\/ip67-waterproof-s0817-silicone-neon-led-strip\/\"]}]},{\"@type\":\"ImageObject\",\"inLanguage\":\"da-DK\",\"@id\":\"https:\/\/essenledstrip.com\/fr\/produit\/ip67-waterproof-s0817-silicone-neon-led-strip\/#primaryimage\",\"url\":\"https:\/\/essenledstrip.com\/wp-content\/uploads\/2022\/09\/0817-warm-white-side-view-bending-flex-neon-strip-lights.webp\",\"contentUrl\":\"https:\/\/essenledstrip.com\/wp-content\/uploads\/2022\/09\/0817-warm-white-side-view-bending-flex-neon-strip-lights.webp\",\"width\":800,\"height\":800,\"caption\":\"0817 warm white side view bending flex neon strip lights\"},{\"@type\":\"BreadcrumbList\",\"@id\":\"https:\/\/essenledstrip.com\/fr\/produit\/ip67-waterproof-s0817-silicone-neon-led-strip\/#breadcrumb\",\"itemListElement\":[{\"@type\":\"ListItem\",\"position\":1,\"name\":\"Home\",\"item\":\"https:\/\/essenledstrip.com\/\"},{\"@type\":\"ListItem\",\"position\":2,\"name\":\"Varer\",\"item\":\"https:\/\/essenledstrip.com\/dk\/shop\/\"},{\"@type\":\"ListItem\",\"position\":3,\"name\":\"IP67 Waterproof S0817 Silicone Neon LED Strip\"}]},{\"@type\":\"WebSite\",\"@id\":\"https:\/\/essenledstrip.com\/ar\/#website\",\"url\":\"https:\/\/essenledstrip.com\/ar\/\",\"name\":\"Essenled Lighting\",\"description\":\"\",\"publisher\":{\"@id\":\"https:\/\/essenledstrip.com\/ar\/#organization\"},\"potentialAction\":[{\"@type\":\"SearchAction\",\"target\":{\"@type\":\"EntryPoint\",\"urlTemplate\":\"https:\/\/essenledstrip.com\/ar\/?s={search_term_string}\"},\"query-input\":{\"@type\":\"PropertyValueSpecification\",\"valueRequired\":true,\"valueName\":\"search_term_string\"}}],\"inLanguage\":\"da-DK\"},{\"@type\":\"Organization\",\"@id\":\"https:\/\/essenledstrip.com\/ar\/#organization\",\"name\":\"Shenzhen Essenled Lighting CO.,LTD\",\"url\":\"https:\/\/essenledstrip.com\/ar\/\",\"logo\":{\"@type\":\"ImageObject\",\"inLanguage\":\"da-DK\",\"@id\":\"https:\/\/essenledstrip.com\/ar\/#\/schema\/logo\/image\/\",\"url\":\"https:\/\/essenledstrip.com\/wp-content\/uploads\/2022\/08\/LOGO.png\",\"contentUrl\":\"https:\/\/essenledstrip.com\/wp-content\/uploads\/2022\/08\/LOGO.png\",\"width\":300,\"height\":100,\"caption\":\"Shenzhen Essenled Lighting CO.,LTD\"},\"image\":{\"@id\":\"https:\/\/essenledstrip.com\/ar\/#\/schema\/logo\/image\/\"},\"sameAs\":[\"https:\/\/www.facebook.com\/Shenzhen-Essenled-Lighting-COLTD-106633570961729\"]}]}<\/script>\n<!-- \/ Yoast SEO Premium plugin. -->","yoast_head_json":{"title":"S0817 Silicone Extrusion Neon Strip IP67 protection - Essenled","description":"Side View Neon Strip S0817, Single color\/CCT\/RGB optional, Color with environmental protection grade silicone material, integrated extrusion molding process.","robots":{"index":"index","follow":"follow","max-snippet":"max-snippet:-1","max-image-preview":"max-image-preview:large","max-video-preview":"max-video-preview:-1"},"canonical":"https:\/\/essenledstrip.com\/dk\/produit\/ip67-waterproof-s0817-silicone-neon-led-strip\/","og_locale":"da_DK","og_type":"article","og_title":"IP67 Waterproof S0817 Silicone Neon LED Strip","og_description":"Side View Neon Strip S0817, Single color\/CCT\/RGB optional, Color with environmental protection grade silicone material, integrated extrusion molding process.","og_url":"https:\/\/essenledstrip.com\/dk\/produit\/ip67-waterproof-s0817-silicone-neon-led-strip\/","og_site_name":"Essenled Lighting","article_publisher":"https:\/\/www.facebook.com\/Shenzhen-Essenled-Lighting-COLTD-106633570961729","article_modified_time":"2022-09-29T15:17:59+00:00","og_image":[{"width":800,"height":800,"url":"https:\/\/essenledstrip.com\/wp-content\/uploads\/2022\/09\/0817-warm-white-side-view-bending-flex-neon-strip-lights.webp","type":"image\/webp"}],"twitter_card":"summary_large_image","schema":{"@context":"https:\/\/schema.org","@graph":[{"@type":"WebPage","@id":"https:\/\/essenledstrip.com\/fr\/produit\/ip67-waterproof-s0817-silicone-neon-led-strip\/","url":"https:\/\/essenledstrip.com\/fr\/produit\/ip67-waterproof-s0817-silicone-neon-led-strip\/","name":"S0817 Silicone Extrusion Neon Strip IP67 protection - Essenled","isPartOf":{"@id":"https:\/\/essenledstrip.com\/ar\/#website"},"primaryImageOfPage":{"@id":"https:\/\/essenledstrip.com\/fr\/produit\/ip67-waterproof-s0817-silicone-neon-led-strip\/#primaryimage"},"image":{"@id":"https:\/\/essenledstrip.com\/fr\/produit\/ip67-waterproof-s0817-silicone-neon-led-strip\/#primaryimage"},"thumbnailUrl":"https:\/\/essenledstrip.com\/wp-content\/uploads\/2022\/09\/0817-warm-white-side-view-bending-flex-neon-strip-lights.webp","datePublished":"2022-09-29T15:17:58+00:00","dateModified":"2022-09-29T15:17:59+00:00","description":"Side View Neon Strip S0817, Single color\/CCT\/RGB optional, Color with environmental protection grade silicone material, integrated extrusion molding process.","breadcrumb":{"@id":"https:\/\/essenledstrip.com\/fr\/produit\/ip67-waterproof-s0817-silicone-neon-led-strip\/#breadcrumb"},"inLanguage":"da-DK","potentialAction":[{"@type":"ReadAction","target":["https:\/\/essenledstrip.com\/fr\/produit\/ip67-waterproof-s0817-silicone-neon-led-strip\/"]}]},{"@type":"ImageObject","inLanguage":"da-DK","@id":"https:\/\/essenledstrip.com\/fr\/produit\/ip67-waterproof-s0817-silicone-neon-led-strip\/#primaryimage","url":"https:\/\/essenledstrip.com\/wp-content\/uploads\/2022\/09\/0817-warm-white-side-view-bending-flex-neon-strip-lights.webp","contentUrl":"https:\/\/essenledstrip.com\/wp-content\/uploads\/2022\/09\/0817-warm-white-side-view-bending-flex-neon-strip-lights.webp","width":800,"height":800,"caption":"0817 warm white side view bending flex neon strip lights"},{"@type":"BreadcrumbList","@id":"https:\/\/essenledstrip.com\/fr\/produit\/ip67-waterproof-s0817-silicone-neon-led-strip\/#breadcrumb","itemListElement":[{"@type":"ListItem","position":1,"name":"Home","item":"https:\/\/essenledstrip.com\/"},{"@type":"ListItem","position":2,"name":"Varer","item":"https:\/\/essenledstrip.com\/dk\/shop\/"},{"@type":"ListItem","position":3,"name":"IP67 Waterproof S0817 Silicone Neon LED Strip"}]},{"@type":"WebSite","@id":"https:\/\/essenledstrip.com\/ar\/#website","url":"https:\/\/essenledstrip.com\/ar\/","name":"Essenled Lighting","description":"","publisher":{"@id":"https:\/\/essenledstrip.com\/ar\/#organization"},"potentialAction":[{"@type":"SearchAction","target":{"@type":"EntryPoint","urlTemplate":"https:\/\/essenledstrip.com\/ar\/?s={search_term_string}"},"query-input":{"@type":"PropertyValueSpecification","valueRequired":true,"valueName":"search_term_string"}}],"inLanguage":"da-DK"},{"@type":"Organization","@id":"https:\/\/essenledstrip.com\/ar\/#organization","name":"Shenzhen Essenled Lighting CO.,LTD","url":"https:\/\/essenledstrip.com\/ar\/","logo":{"@type":"ImageObject","inLanguage":"da-DK","@id":"https:\/\/essenledstrip.com\/ar\/#\/schema\/logo\/image\/","url":"https:\/\/essenledstrip.com\/wp-content\/uploads\/2022\/08\/LOGO.png","contentUrl":"https:\/\/essenledstrip.com\/wp-content\/uploads\/2022\/08\/LOGO.png","width":300,"height":100,"caption":"Shenzhen Essenled Lighting CO.,LTD"},"image":{"@id":"https:\/\/essenledstrip.com\/ar\/#\/schema\/logo\/image\/"},"sameAs":["https:\/\/www.facebook.com\/Shenzhen-Essenled-Lighting-COLTD-106633570961729"]}]}},"_links":{"self":[{"href":"https:\/\/essenledstrip.com\/dk\/wp-json\/wp\/v2\/product\/1411","targetHints":{"allow":["GET"]}}],"collection":[{"href":"https:\/\/essenledstrip.com\/dk\/wp-json\/wp\/v2\/product"}],"about":[{"href":"https:\/\/essenledstrip.com\/dk\/wp-json\/wp\/v2\/types\/product"}],"version-history":[{"count":0,"href":"https:\/\/essenledstrip.com\/dk\/wp-json\/wp\/v2\/product\/1411\/revisions"}],"wp:featuredmedia":[{"embeddable":true,"href":"https:\/\/essenledstrip.com\/dk\/wp-json\/wp\/v2\/media\/1413"}],"wp:attachment":[{"href":"https:\/\/essenledstrip.com\/dk\/wp-json\/wp\/v2\/media?parent=1411"}],"wp:term":[{"taxonomy":"product_brand","embeddable":true,"href":"https:\/\/essenledstrip.com\/dk\/wp-json\/wp\/v2\/product_brand?post=1411"},{"taxonomy":"product_cat","embeddable":true,"href":"https:\/\/essenledstrip.com\/dk\/wp-json\/wp\/v2\/product_cat?post=1411"},{"taxonomy":"product_tag","embeddable":true,"href":"https:\/\/essenledstrip.com\/dk\/wp-json\/wp\/v2\/product_tag?post=1411"}],"curies":[{"name":"wp","href":"https:\/\/api.w.org\/{rel}","templated":true}]}}