{"id":2562,"date":"2023-07-19T10:14:55","date_gmt":"2023-07-19T02:14:55","guid":{"rendered":"https:\/\/essenledstrip.com\/?post_type=product&#038;p=2562"},"modified":"2023-07-19T10:31:20","modified_gmt":"2023-07-19T02:31:20","slug":"dmx512-spi-addressable-led-strip","status":"publish","type":"product","link":"https:\/\/essenledstrip.com\/dk\/vare\/dmx512-spi-addressable-led-strip\/","title":{"rendered":"DMX512&amp;SPI Adresserbar LED Strip 5V 12V 24V"},"content":{"rendered":"","protected":false},"excerpt":{"rendered":"<p>Adresserbare LED-strips er digitale LED-strips, der indeholder LED&#039;er og driverchips. P\u00e5 samme m\u00e5de er det ogs\u00e5 en LED-strimmel med en kontrol-IC, som underst\u00f8tter styringen af hver LED eller LED-gruppe. Det betyder, at hver LED i sig selv kan v\u00e6re autonom og intelligent. Der er to hovedtyper af adresserbar LED IC-placering: IC&#039;er indbygget i LED-strukturen og IC&#039;er placeret uden for LED&#039;en.<\/p>\n<p>Adresserbare LED-striber giver dig mulighed for at anvende forskellige effekter p\u00e5 forskellige dele af LED-strimlen samtidigt eller med intervaller. Det er fantastisk til at vise animationer og andre dynamiske sk\u00e6rme. Som et resultat kan du producere fantastiske og endda komplekse effekter. Det bruges hovedsageligt i f\u00f8lgende scenarier:<\/p>\n<p><strong>Scenebelysning:<\/strong> Adresserbare LED-striber er popul\u00e6re i underholdningsindustrien, is\u00e6r til scenebelysning og koncertbilleder.<\/p>\n<p><strong>Arkitektonisk belysning:<\/strong> Adresserbare LED-striber er meget udbredt i arkitektoniske belysningsprojekter. Skab i\u00f8jnefaldende lyseffekter, der forbedrer arkitektoniske designs. For at fremh\u00e6ve bygningens struktur, facade og interne funktioner.<\/p>","protected":false},"featured_media":2565,"template":"","meta":{"_kad_post_transparent":"default","_kad_post_title":"","_kad_post_layout":"default","_kad_post_sidebar_id":"","_kad_post_content_style":"default","_kad_post_vertical_padding":"default","_kad_post_feature":"","_kad_post_feature_position":"","_kad_post_header":false,"_kad_post_footer":false,"_kad_post_classname":""},"product_brand":[],"product_cat":[605,37],"product_tag":[607,606,608],"class_list":{"0":"post-2562","1":"product","2":"type-product","3":"status-publish","4":"has-post-thumbnail","6":"product_cat-dmx512-spi-led-strip","7":"product_cat-rgbx-led-strip","8":"product_tag-dmx-magic-led-strip","9":"product_tag-dmx512spi-addressable-led-strip","10":"product_tag-dmx512spi-digital-led-strips","12":"first","13":"instock","14":"shipping-taxable","15":"product-type-simple","16":"entry","17":"content-bg","18":"loop-entry"},"yoast_head":"<!-- This site is optimized with the Yoast SEO Premium plugin v24.7 (Yoast SEO v26.7) - https:\/\/yoast.com\/wordpress\/plugins\/seo\/ -->\n<title>DMX512&amp;SPI Addressable LED Strip 5V 12V 24V<\/title>\n<meta name=\"description\" content=\"DMX512&amp;SPI Addressable LED Strip has 5V, 12V, and 24V, eco-energy, flowing water and horse racing, colorful gradient and various light effects.\" \/>\n<meta name=\"robots\" content=\"index, follow, max-snippet:-1, max-image-preview:large, max-video-preview:-1\" \/>\n<link rel=\"canonical\" href=\"https:\/\/essenledstrip.com\/dk\/vare\/dmx512-spi-addressable-led-strip\/\" \/>\n<meta property=\"og:locale\" content=\"da_DK\" \/>\n<meta property=\"og:type\" content=\"article\" \/>\n<meta property=\"og:title\" content=\"DMX512&amp;SPI Addressable LED Strip 5V 12V 24V\" \/>\n<meta property=\"og:description\" content=\"DMX512&amp;SPI Addressable LED Strip has 5V, 12V, and 24V, eco-energy, flowing water and horse racing, colorful gradient and various light effects.\" \/>\n<meta property=\"og:url\" content=\"https:\/\/essenledstrip.com\/dk\/vare\/dmx512-spi-addressable-led-strip\/\" \/>\n<meta property=\"og:site_name\" content=\"Essenled Lighting\" \/>\n<meta property=\"article:publisher\" content=\"https:\/\/www.facebook.com\/Shenzhen-Essenled-Lighting-COLTD-106633570961729\" \/>\n<meta property=\"article:modified_time\" content=\"2023-07-19T02:31:20+00:00\" \/>\n<meta property=\"og:image\" content=\"https:\/\/essenledstrip.com\/wp-content\/uploads\/2023\/07\/DMX512SPI-Addressable-LED-strip.webp\" \/>\n\t<meta property=\"og:image:width\" content=\"800\" \/>\n\t<meta property=\"og:image:height\" content=\"800\" \/>\n\t<meta property=\"og:image:type\" content=\"image\/webp\" \/>\n<meta name=\"twitter:card\" content=\"summary_large_image\" \/>\n<script type=\"application\/ld+json\" class=\"yoast-schema-graph\">{\"@context\":\"https:\/\/schema.org\",\"@graph\":[{\"@type\":\"WebPage\",\"@id\":\"https:\/\/essenledstrip.com\/product\/dmx512-spi-addressable-led-strip\/\",\"url\":\"https:\/\/essenledstrip.com\/product\/dmx512-spi-addressable-led-strip\/\",\"name\":\"DMX512&SPI Addressable LED Strip 5V 12V 24V\",\"isPartOf\":{\"@id\":\"https:\/\/essenledstrip.com\/ar\/#website\"},\"primaryImageOfPage\":{\"@id\":\"https:\/\/essenledstrip.com\/product\/dmx512-spi-addressable-led-strip\/#primaryimage\"},\"image\":{\"@id\":\"https:\/\/essenledstrip.com\/product\/dmx512-spi-addressable-led-strip\/#primaryimage\"},\"thumbnailUrl\":\"https:\/\/essenledstrip.com\/wp-content\/uploads\/2023\/07\/DMX512SPI-Addressable-LED-strip.webp\",\"datePublished\":\"2023-07-19T02:14:55+00:00\",\"dateModified\":\"2023-07-19T02:31:20+00:00\",\"description\":\"DMX512&SPI Addressable LED Strip has 5V, 12V, and 24V, eco-energy, flowing water and horse racing, colorful gradient and various light effects.\",\"breadcrumb\":{\"@id\":\"https:\/\/essenledstrip.com\/product\/dmx512-spi-addressable-led-strip\/#breadcrumb\"},\"inLanguage\":\"da-DK\",\"potentialAction\":[{\"@type\":\"ReadAction\",\"target\":[\"https:\/\/essenledstrip.com\/product\/dmx512-spi-addressable-led-strip\/\"]}]},{\"@type\":\"ImageObject\",\"inLanguage\":\"da-DK\",\"@id\":\"https:\/\/essenledstrip.com\/product\/dmx512-spi-addressable-led-strip\/#primaryimage\",\"url\":\"https:\/\/essenledstrip.com\/wp-content\/uploads\/2023\/07\/DMX512SPI-Addressable-LED-strip.webp\",\"contentUrl\":\"https:\/\/essenledstrip.com\/wp-content\/uploads\/2023\/07\/DMX512SPI-Addressable-LED-strip.webp\",\"width\":800,\"height\":800},{\"@type\":\"BreadcrumbList\",\"@id\":\"https:\/\/essenledstrip.com\/product\/dmx512-spi-addressable-led-strip\/#breadcrumb\",\"itemListElement\":[{\"@type\":\"ListItem\",\"position\":1,\"name\":\"Home\",\"item\":\"https:\/\/essenledstrip.com\/\"},{\"@type\":\"ListItem\",\"position\":2,\"name\":\"Varer\",\"item\":\"https:\/\/essenledstrip.com\/dk\/shop\/\"},{\"@type\":\"ListItem\",\"position\":3,\"name\":\"DMX512&#038;SPI Addressable LED Strip 5V 12V 24V\"}]},{\"@type\":\"WebSite\",\"@id\":\"https:\/\/essenledstrip.com\/ar\/#website\",\"url\":\"https:\/\/essenledstrip.com\/ar\/\",\"name\":\"Essenled Lighting\",\"description\":\"\",\"publisher\":{\"@id\":\"https:\/\/essenledstrip.com\/ar\/#organization\"},\"potentialAction\":[{\"@type\":\"SearchAction\",\"target\":{\"@type\":\"EntryPoint\",\"urlTemplate\":\"https:\/\/essenledstrip.com\/ar\/?s={search_term_string}\"},\"query-input\":{\"@type\":\"PropertyValueSpecification\",\"valueRequired\":true,\"valueName\":\"search_term_string\"}}],\"inLanguage\":\"da-DK\"},{\"@type\":\"Organization\",\"@id\":\"https:\/\/essenledstrip.com\/ar\/#organization\",\"name\":\"Shenzhen Essenled Lighting CO.,LTD\",\"url\":\"https:\/\/essenledstrip.com\/ar\/\",\"logo\":{\"@type\":\"ImageObject\",\"inLanguage\":\"da-DK\",\"@id\":\"https:\/\/essenledstrip.com\/ar\/#\/schema\/logo\/image\/\",\"url\":\"https:\/\/essenledstrip.com\/wp-content\/uploads\/2022\/08\/LOGO.png\",\"contentUrl\":\"https:\/\/essenledstrip.com\/wp-content\/uploads\/2022\/08\/LOGO.png\",\"width\":300,\"height\":100,\"caption\":\"Shenzhen Essenled Lighting CO.,LTD\"},\"image\":{\"@id\":\"https:\/\/essenledstrip.com\/ar\/#\/schema\/logo\/image\/\"},\"sameAs\":[\"https:\/\/www.facebook.com\/Shenzhen-Essenled-Lighting-COLTD-106633570961729\"]}]}<\/script>\n<!-- \/ Yoast SEO Premium plugin. -->","yoast_head_json":{"title":"DMX512&SPI Addressable LED Strip 5V 12V 24V","description":"DMX512&SPI Addressable LED Strip has 5V, 12V, and 24V, eco-energy, flowing water and horse racing, colorful gradient and various light effects.","robots":{"index":"index","follow":"follow","max-snippet":"max-snippet:-1","max-image-preview":"max-image-preview:large","max-video-preview":"max-video-preview:-1"},"canonical":"https:\/\/essenledstrip.com\/dk\/vare\/dmx512-spi-addressable-led-strip\/","og_locale":"da_DK","og_type":"article","og_title":"DMX512&SPI Addressable LED Strip 5V 12V 24V","og_description":"DMX512&SPI Addressable LED Strip has 5V, 12V, and 24V, eco-energy, flowing water and horse racing, colorful gradient and various light effects.","og_url":"https:\/\/essenledstrip.com\/dk\/vare\/dmx512-spi-addressable-led-strip\/","og_site_name":"Essenled Lighting","article_publisher":"https:\/\/www.facebook.com\/Shenzhen-Essenled-Lighting-COLTD-106633570961729","article_modified_time":"2023-07-19T02:31:20+00:00","og_image":[{"width":800,"height":800,"url":"https:\/\/essenledstrip.com\/wp-content\/uploads\/2023\/07\/DMX512SPI-Addressable-LED-strip.webp","type":"image\/webp"}],"twitter_card":"summary_large_image","schema":{"@context":"https:\/\/schema.org","@graph":[{"@type":"WebPage","@id":"https:\/\/essenledstrip.com\/product\/dmx512-spi-addressable-led-strip\/","url":"https:\/\/essenledstrip.com\/product\/dmx512-spi-addressable-led-strip\/","name":"DMX512&SPI Addressable LED Strip 5V 12V 24V","isPartOf":{"@id":"https:\/\/essenledstrip.com\/ar\/#website"},"primaryImageOfPage":{"@id":"https:\/\/essenledstrip.com\/product\/dmx512-spi-addressable-led-strip\/#primaryimage"},"image":{"@id":"https:\/\/essenledstrip.com\/product\/dmx512-spi-addressable-led-strip\/#primaryimage"},"thumbnailUrl":"https:\/\/essenledstrip.com\/wp-content\/uploads\/2023\/07\/DMX512SPI-Addressable-LED-strip.webp","datePublished":"2023-07-19T02:14:55+00:00","dateModified":"2023-07-19T02:31:20+00:00","description":"DMX512&SPI Addressable LED Strip has 5V, 12V, and 24V, eco-energy, flowing water and horse racing, colorful gradient and various light effects.","breadcrumb":{"@id":"https:\/\/essenledstrip.com\/product\/dmx512-spi-addressable-led-strip\/#breadcrumb"},"inLanguage":"da-DK","potentialAction":[{"@type":"ReadAction","target":["https:\/\/essenledstrip.com\/product\/dmx512-spi-addressable-led-strip\/"]}]},{"@type":"ImageObject","inLanguage":"da-DK","@id":"https:\/\/essenledstrip.com\/product\/dmx512-spi-addressable-led-strip\/#primaryimage","url":"https:\/\/essenledstrip.com\/wp-content\/uploads\/2023\/07\/DMX512SPI-Addressable-LED-strip.webp","contentUrl":"https:\/\/essenledstrip.com\/wp-content\/uploads\/2023\/07\/DMX512SPI-Addressable-LED-strip.webp","width":800,"height":800},{"@type":"BreadcrumbList","@id":"https:\/\/essenledstrip.com\/product\/dmx512-spi-addressable-led-strip\/#breadcrumb","itemListElement":[{"@type":"ListItem","position":1,"name":"Home","item":"https:\/\/essenledstrip.com\/"},{"@type":"ListItem","position":2,"name":"Varer","item":"https:\/\/essenledstrip.com\/dk\/shop\/"},{"@type":"ListItem","position":3,"name":"DMX512&#038;SPI Addressable LED Strip 5V 12V 24V"}]},{"@type":"WebSite","@id":"https:\/\/essenledstrip.com\/ar\/#website","url":"https:\/\/essenledstrip.com\/ar\/","name":"Essenled Lighting","description":"","publisher":{"@id":"https:\/\/essenledstrip.com\/ar\/#organization"},"potentialAction":[{"@type":"SearchAction","target":{"@type":"EntryPoint","urlTemplate":"https:\/\/essenledstrip.com\/ar\/?s={search_term_string}"},"query-input":{"@type":"PropertyValueSpecification","valueRequired":true,"valueName":"search_term_string"}}],"inLanguage":"da-DK"},{"@type":"Organization","@id":"https:\/\/essenledstrip.com\/ar\/#organization","name":"Shenzhen Essenled Lighting CO.,LTD","url":"https:\/\/essenledstrip.com\/ar\/","logo":{"@type":"ImageObject","inLanguage":"da-DK","@id":"https:\/\/essenledstrip.com\/ar\/#\/schema\/logo\/image\/","url":"https:\/\/essenledstrip.com\/wp-content\/uploads\/2022\/08\/LOGO.png","contentUrl":"https:\/\/essenledstrip.com\/wp-content\/uploads\/2022\/08\/LOGO.png","width":300,"height":100,"caption":"Shenzhen Essenled Lighting CO.,LTD"},"image":{"@id":"https:\/\/essenledstrip.com\/ar\/#\/schema\/logo\/image\/"},"sameAs":["https:\/\/www.facebook.com\/Shenzhen-Essenled-Lighting-COLTD-106633570961729"]}]}},"_links":{"self":[{"href":"https:\/\/essenledstrip.com\/dk\/wp-json\/wp\/v2\/product\/2562","targetHints":{"allow":["GET"]}}],"collection":[{"href":"https:\/\/essenledstrip.com\/dk\/wp-json\/wp\/v2\/product"}],"about":[{"href":"https:\/\/essenledstrip.com\/dk\/wp-json\/wp\/v2\/types\/product"}],"version-history":[{"count":0,"href":"https:\/\/essenledstrip.com\/dk\/wp-json\/wp\/v2\/product\/2562\/revisions"}],"wp:featuredmedia":[{"embeddable":true,"href":"https:\/\/essenledstrip.com\/dk\/wp-json\/wp\/v2\/media\/2565"}],"wp:attachment":[{"href":"https:\/\/essenledstrip.com\/dk\/wp-json\/wp\/v2\/media?parent=2562"}],"wp:term":[{"taxonomy":"product_brand","embeddable":true,"href":"https:\/\/essenledstrip.com\/dk\/wp-json\/wp\/v2\/product_brand?post=2562"},{"taxonomy":"product_cat","embeddable":true,"href":"https:\/\/essenledstrip.com\/dk\/wp-json\/wp\/v2\/product_cat?post=2562"},{"taxonomy":"product_tag","embeddable":true,"href":"https:\/\/essenledstrip.com\/dk\/wp-json\/wp\/v2\/product_tag?post=2562"}],"curies":[{"name":"wp","href":"https:\/\/api.w.org\/{rel}","templated":true}]}}