{"id":644,"date":"2022-09-08T22:53:57","date_gmt":"2022-09-08T14:53:57","guid":{"rendered":"https:\/\/essenledstrip.com\/?post_type=product&#038;p=644"},"modified":"2024-06-05T09:16:58","modified_gmt":"2024-06-05T01:16:58","slug":"smd2010-420leds-led-strip","status":"publish","type":"product","link":"https:\/\/essenledstrip.com\/dk\/vare\/smd2010-420leds-led-strip\/","title":{"rendered":"SMD2010 420lys\/m 10mm h\u00f8jdensitet CRI&gt;95 LED Strip"},"content":{"rendered":"","protected":false},"excerpt":{"rendered":"<p>Lysdioderne SMD2010 er mini super lysende led, 420 lysdioder\/m 20w\/m med h\u00f8j CRI&gt;95 \u00e6gte farve, denne med 10 mm bredde 3 ounce dobbeltlags fleksibelt hvidt printkort. Kun 24vDC (16,7 mm\/snit), vi tilbyder et standardomr\u00e5de af kelvin-temperaturer, der matcher 2500K\/2700k\/3000k\/3500k\/4000k\/5500k\/6000k tilg\u00e6ngelig.<\/p>\n<p>For kunder, der leder efter den h\u00f8je CRI led strip, tror jeg, at hele smd2010 serien af led strip er meget velegnede, fordi alle lysdioder CRI kan op til CRI95 mere, der er en r\u00e6kke forskellige led strip til vores check, 280leds-720leds\/ m, kan du i henhold til dine behov for at v\u00e6lge den, du \u00f8nsker.<\/p>\n<p>Vores all-flex strimmel med lang levetid 3-5 \u00e5rs garanti med god farveuniform, vi lover kun \u00e9n bin for hver ordre, ogs\u00e5 med CE\/RoHs\/ETL certifikat.<\/p>\n<p><img decoding=\"async\" class=\"size-medium wp-image-651\" src=\"https:\/\/essenledstrip.com\/wp-content\/uploads\/2022\/09\/SMD2010-420-led-strip-drawing-300x149.webp\" alt=\"SMD2010 420 led strip tegning\" width=\"300\" height=\"149\" srcset=\"https:\/\/essenledstrip.com\/wp-content\/uploads\/2022\/09\/SMD2010-420-led-strip-drawing-300x149.webp 300w, https:\/\/essenledstrip.com\/wp-content\/uploads\/2022\/09\/SMD2010-420-led-strip-drawing-18x9.webp 18w, https:\/\/essenledstrip.com\/wp-content\/uploads\/2022\/09\/SMD2010-420-led-strip-drawing.webp 534w\" sizes=\"(max-width: 300px) 100vw, 300px\" \/><\/p>","protected":false},"featured_media":2826,"template":"","meta":{"_kad_post_transparent":"default","_kad_post_title":"","_kad_post_layout":"default","_kad_post_sidebar_id":"","_kad_post_content_style":"default","_kad_post_vertical_padding":"default","_kad_post_feature":"","_kad_post_feature_position":"","_kad_post_header":false,"_kad_post_footer":false,"_kad_post_classname":""},"product_brand":[],"product_cat":[20,27],"product_tag":[95,94,93],"class_list":{"0":"post-644","1":"product","2":"type-product","3":"status-publish","4":"has-post-thumbnail","6":"product_cat-single-color-led-strip","7":"product_cat-smd2010-led-strip","8":"product_tag-24v-smd2010-led-strip-420-led-metre-cri-ra-95","9":"product_tag-no-lighting-dots-strip-light-smd2010-420leds-super-narrow-led-flex-strips","10":"product_tag-smd2010-420leds-flex-led-strip-lighting-nonwaterproof-led-tape","12":"first","13":"instock","14":"shipping-taxable","15":"product-type-simple","16":"entry","17":"content-bg","18":"loop-entry"},"yoast_head":"<!-- This site is optimized with the Yoast SEO Premium plugin v24.7 (Yoast SEO v26.7) - https:\/\/yoast.com\/wordpress\/plugins\/seo\/ -->\n<title>SMD2010 420leds\/m DC24v High Density LED Strip - Essenled<\/title>\n<meta name=\"description\" content=\"Professional LED strips with SMD2010 chip high density are supplied in 12V and 24V versions. They have a CRI color up to 97 and we promise 5-year warranty.\" \/>\n<meta name=\"robots\" content=\"index, follow, max-snippet:-1, max-image-preview:large, max-video-preview:-1\" \/>\n<link rel=\"canonical\" href=\"https:\/\/essenledstrip.com\/dk\/vare\/smd2010-420leds-led-strip\/\" \/>\n<meta property=\"og:locale\" content=\"da_DK\" \/>\n<meta property=\"og:type\" content=\"article\" \/>\n<meta property=\"og:title\" content=\"SMD2010 420leds\/m 10mm high density CRI&gt;95 LED Strip\" \/>\n<meta property=\"og:description\" content=\"Professional LED strips with SMD2010 chip high density are supplied in 12V and 24V versions. They have a CRI color up to 97 and we promise 5-year warranty.\" \/>\n<meta property=\"og:url\" content=\"https:\/\/essenledstrip.com\/dk\/vare\/smd2010-420leds-led-strip\/\" \/>\n<meta property=\"og:site_name\" content=\"Essenled Lighting\" \/>\n<meta property=\"article:publisher\" content=\"https:\/\/www.facebook.com\/Shenzhen-Essenled-Lighting-COLTD-106633570961729\" \/>\n<meta property=\"article:modified_time\" content=\"2024-06-05T01:16:58+00:00\" \/>\n<meta property=\"og:image\" content=\"https:\/\/essenledstrip.com\/wp-content\/uploads\/2022\/09\/1808smd-420leds-10mm.webp\" \/>\n\t<meta property=\"og:image:width\" content=\"800\" \/>\n\t<meta property=\"og:image:height\" content=\"800\" \/>\n\t<meta property=\"og:image:type\" content=\"image\/webp\" \/>\n<meta name=\"twitter:card\" content=\"summary_large_image\" \/>\n<meta name=\"twitter:label1\" content=\"Estimeret l\u00e6setid\" \/>\n\t<meta name=\"twitter:data1\" content=\"1 minut\" \/>\n<script type=\"application\/ld+json\" class=\"yoast-schema-graph\">{\"@context\":\"https:\/\/schema.org\",\"@graph\":[{\"@type\":\"WebPage\",\"@id\":\"https:\/\/essenledstrip.com\/product\/smd2010-420leds-led-strip\/\",\"url\":\"https:\/\/essenledstrip.com\/product\/smd2010-420leds-led-strip\/\",\"name\":\"SMD2010 420leds\/m DC24v High Density LED Strip - Essenled\",\"isPartOf\":{\"@id\":\"https:\/\/essenledstrip.com\/ar\/#website\"},\"primaryImageOfPage\":{\"@id\":\"https:\/\/essenledstrip.com\/product\/smd2010-420leds-led-strip\/#primaryimage\"},\"image\":{\"@id\":\"https:\/\/essenledstrip.com\/product\/smd2010-420leds-led-strip\/#primaryimage\"},\"thumbnailUrl\":\"https:\/\/essenledstrip.com\/wp-content\/uploads\/2022\/09\/1808smd-420leds-10mm.webp\",\"datePublished\":\"2022-09-08T14:53:57+00:00\",\"dateModified\":\"2024-06-05T01:16:58+00:00\",\"description\":\"Professional LED strips with SMD2010 chip high density are supplied in 12V and 24V versions. They have a CRI color up to 97 and we promise 5-year warranty.\",\"breadcrumb\":{\"@id\":\"https:\/\/essenledstrip.com\/product\/smd2010-420leds-led-strip\/#breadcrumb\"},\"inLanguage\":\"da-DK\",\"potentialAction\":[{\"@type\":\"ReadAction\",\"target\":[\"https:\/\/essenledstrip.com\/product\/smd2010-420leds-led-strip\/\"]}]},{\"@type\":\"ImageObject\",\"inLanguage\":\"da-DK\",\"@id\":\"https:\/\/essenledstrip.com\/product\/smd2010-420leds-led-strip\/#primaryimage\",\"url\":\"https:\/\/essenledstrip.com\/wp-content\/uploads\/2022\/09\/1808smd-420leds-10mm.webp\",\"contentUrl\":\"https:\/\/essenledstrip.com\/wp-content\/uploads\/2022\/09\/1808smd-420leds-10mm.webp\",\"width\":800,\"height\":800},{\"@type\":\"BreadcrumbList\",\"@id\":\"https:\/\/essenledstrip.com\/product\/smd2010-420leds-led-strip\/#breadcrumb\",\"itemListElement\":[{\"@type\":\"ListItem\",\"position\":1,\"name\":\"Home\",\"item\":\"https:\/\/essenledstrip.com\/\"},{\"@type\":\"ListItem\",\"position\":2,\"name\":\"Varer\",\"item\":\"https:\/\/essenledstrip.com\/dk\/shop\/\"},{\"@type\":\"ListItem\",\"position\":3,\"name\":\"SMD2010 420leds\/m 10mm high density CRI>95 LED Strip\"}]},{\"@type\":\"WebSite\",\"@id\":\"https:\/\/essenledstrip.com\/ar\/#website\",\"url\":\"https:\/\/essenledstrip.com\/ar\/\",\"name\":\"Essenled Lighting\",\"description\":\"\",\"publisher\":{\"@id\":\"https:\/\/essenledstrip.com\/ar\/#organization\"},\"potentialAction\":[{\"@type\":\"SearchAction\",\"target\":{\"@type\":\"EntryPoint\",\"urlTemplate\":\"https:\/\/essenledstrip.com\/ar\/?s={search_term_string}\"},\"query-input\":{\"@type\":\"PropertyValueSpecification\",\"valueRequired\":true,\"valueName\":\"search_term_string\"}}],\"inLanguage\":\"da-DK\"},{\"@type\":\"Organization\",\"@id\":\"https:\/\/essenledstrip.com\/ar\/#organization\",\"name\":\"Shenzhen Essenled Lighting CO.,LTD\",\"url\":\"https:\/\/essenledstrip.com\/ar\/\",\"logo\":{\"@type\":\"ImageObject\",\"inLanguage\":\"da-DK\",\"@id\":\"https:\/\/essenledstrip.com\/ar\/#\/schema\/logo\/image\/\",\"url\":\"https:\/\/essenledstrip.com\/wp-content\/uploads\/2022\/08\/LOGO.png\",\"contentUrl\":\"https:\/\/essenledstrip.com\/wp-content\/uploads\/2022\/08\/LOGO.png\",\"width\":300,\"height\":100,\"caption\":\"Shenzhen Essenled Lighting CO.,LTD\"},\"image\":{\"@id\":\"https:\/\/essenledstrip.com\/ar\/#\/schema\/logo\/image\/\"},\"sameAs\":[\"https:\/\/www.facebook.com\/Shenzhen-Essenled-Lighting-COLTD-106633570961729\"]}]}<\/script>\n<!-- \/ Yoast SEO Premium plugin. -->","yoast_head_json":{"title":"SMD2010 420leds\/m DC24v High Density LED Strip - Essenled","description":"Professional LED strips with SMD2010 chip high density are supplied in 12V and 24V versions. They have a CRI color up to 97 and we promise 5-year warranty.","robots":{"index":"index","follow":"follow","max-snippet":"max-snippet:-1","max-image-preview":"max-image-preview:large","max-video-preview":"max-video-preview:-1"},"canonical":"https:\/\/essenledstrip.com\/dk\/vare\/smd2010-420leds-led-strip\/","og_locale":"da_DK","og_type":"article","og_title":"SMD2010 420leds\/m 10mm high density CRI>95 LED Strip","og_description":"Professional LED strips with SMD2010 chip high density are supplied in 12V and 24V versions. They have a CRI color up to 97 and we promise 5-year warranty.","og_url":"https:\/\/essenledstrip.com\/dk\/vare\/smd2010-420leds-led-strip\/","og_site_name":"Essenled Lighting","article_publisher":"https:\/\/www.facebook.com\/Shenzhen-Essenled-Lighting-COLTD-106633570961729","article_modified_time":"2024-06-05T01:16:58+00:00","og_image":[{"width":800,"height":800,"url":"https:\/\/essenledstrip.com\/wp-content\/uploads\/2022\/09\/1808smd-420leds-10mm.webp","type":"image\/webp"}],"twitter_card":"summary_large_image","twitter_misc":{"Estimeret l\u00e6setid":"1 minut"},"schema":{"@context":"https:\/\/schema.org","@graph":[{"@type":"WebPage","@id":"https:\/\/essenledstrip.com\/product\/smd2010-420leds-led-strip\/","url":"https:\/\/essenledstrip.com\/product\/smd2010-420leds-led-strip\/","name":"SMD2010 420leds\/m DC24v High Density LED Strip - Essenled","isPartOf":{"@id":"https:\/\/essenledstrip.com\/ar\/#website"},"primaryImageOfPage":{"@id":"https:\/\/essenledstrip.com\/product\/smd2010-420leds-led-strip\/#primaryimage"},"image":{"@id":"https:\/\/essenledstrip.com\/product\/smd2010-420leds-led-strip\/#primaryimage"},"thumbnailUrl":"https:\/\/essenledstrip.com\/wp-content\/uploads\/2022\/09\/1808smd-420leds-10mm.webp","datePublished":"2022-09-08T14:53:57+00:00","dateModified":"2024-06-05T01:16:58+00:00","description":"Professional LED strips with SMD2010 chip high density are supplied in 12V and 24V versions. They have a CRI color up to 97 and we promise 5-year warranty.","breadcrumb":{"@id":"https:\/\/essenledstrip.com\/product\/smd2010-420leds-led-strip\/#breadcrumb"},"inLanguage":"da-DK","potentialAction":[{"@type":"ReadAction","target":["https:\/\/essenledstrip.com\/product\/smd2010-420leds-led-strip\/"]}]},{"@type":"ImageObject","inLanguage":"da-DK","@id":"https:\/\/essenledstrip.com\/product\/smd2010-420leds-led-strip\/#primaryimage","url":"https:\/\/essenledstrip.com\/wp-content\/uploads\/2022\/09\/1808smd-420leds-10mm.webp","contentUrl":"https:\/\/essenledstrip.com\/wp-content\/uploads\/2022\/09\/1808smd-420leds-10mm.webp","width":800,"height":800},{"@type":"BreadcrumbList","@id":"https:\/\/essenledstrip.com\/product\/smd2010-420leds-led-strip\/#breadcrumb","itemListElement":[{"@type":"ListItem","position":1,"name":"Home","item":"https:\/\/essenledstrip.com\/"},{"@type":"ListItem","position":2,"name":"Varer","item":"https:\/\/essenledstrip.com\/dk\/shop\/"},{"@type":"ListItem","position":3,"name":"SMD2010 420leds\/m 10mm high density CRI>95 LED Strip"}]},{"@type":"WebSite","@id":"https:\/\/essenledstrip.com\/ar\/#website","url":"https:\/\/essenledstrip.com\/ar\/","name":"Essenled Lighting","description":"","publisher":{"@id":"https:\/\/essenledstrip.com\/ar\/#organization"},"potentialAction":[{"@type":"SearchAction","target":{"@type":"EntryPoint","urlTemplate":"https:\/\/essenledstrip.com\/ar\/?s={search_term_string}"},"query-input":{"@type":"PropertyValueSpecification","valueRequired":true,"valueName":"search_term_string"}}],"inLanguage":"da-DK"},{"@type":"Organization","@id":"https:\/\/essenledstrip.com\/ar\/#organization","name":"Shenzhen Essenled Lighting CO.,LTD","url":"https:\/\/essenledstrip.com\/ar\/","logo":{"@type":"ImageObject","inLanguage":"da-DK","@id":"https:\/\/essenledstrip.com\/ar\/#\/schema\/logo\/image\/","url":"https:\/\/essenledstrip.com\/wp-content\/uploads\/2022\/08\/LOGO.png","contentUrl":"https:\/\/essenledstrip.com\/wp-content\/uploads\/2022\/08\/LOGO.png","width":300,"height":100,"caption":"Shenzhen Essenled Lighting CO.,LTD"},"image":{"@id":"https:\/\/essenledstrip.com\/ar\/#\/schema\/logo\/image\/"},"sameAs":["https:\/\/www.facebook.com\/Shenzhen-Essenled-Lighting-COLTD-106633570961729"]}]}},"_links":{"self":[{"href":"https:\/\/essenledstrip.com\/dk\/wp-json\/wp\/v2\/product\/644","targetHints":{"allow":["GET"]}}],"collection":[{"href":"https:\/\/essenledstrip.com\/dk\/wp-json\/wp\/v2\/product"}],"about":[{"href":"https:\/\/essenledstrip.com\/dk\/wp-json\/wp\/v2\/types\/product"}],"version-history":[{"count":0,"href":"https:\/\/essenledstrip.com\/dk\/wp-json\/wp\/v2\/product\/644\/revisions"}],"wp:featuredmedia":[{"embeddable":true,"href":"https:\/\/essenledstrip.com\/dk\/wp-json\/wp\/v2\/media\/2826"}],"wp:attachment":[{"href":"https:\/\/essenledstrip.com\/dk\/wp-json\/wp\/v2\/media?parent=644"}],"wp:term":[{"taxonomy":"product_brand","embeddable":true,"href":"https:\/\/essenledstrip.com\/dk\/wp-json\/wp\/v2\/product_brand?post=644"},{"taxonomy":"product_cat","embeddable":true,"href":"https:\/\/essenledstrip.com\/dk\/wp-json\/wp\/v2\/product_cat?post=644"},{"taxonomy":"product_tag","embeddable":true,"href":"https:\/\/essenledstrip.com\/dk\/wp-json\/wp\/v2\/product_tag?post=644"}],"curies":[{"name":"wp","href":"https:\/\/api.w.org\/{rel}","templated":true}]}}