{"id":857,"date":"2022-09-16T11:10:25","date_gmt":"2022-09-16T03:10:25","guid":{"rendered":"https:\/\/essenledstrip.com\/?post_type=product&#038;p=857"},"modified":"2024-03-24T15:46:03","modified_gmt":"2024-03-24T07:46:03","slug":"smd5630-60leds-led-strip","status":"publish","type":"product","link":"https:\/\/essenledstrip.com\/dk\/vare\/smd5630-60leds-led-strip\/","title":{"rendered":"SMD5630 60leds\/m 14,4W 10mm LED Strip"},"content":{"rendered":"","protected":false},"excerpt":{"rendered":"<p>SMD5630-dimensionen af chippen er 5,6 mm * 3,0 mm, er de lyseste LED-strips med lumen p\u00e5 op til 50-60lm pr. LED ved 150mA. Med 60 lysdioder\/m(14,4w\/m) DC12v(50mm\/cut) og DC24v(100mm\/cut), 10mm printkort, standard farvetemperatur 2700K\/3000K\/4000K\/6000K, er SMD5630 LED strip en ideel l\u00f8sning til kommercielle applikationer, der har brug for maksimal lysstyrke for at fremh\u00e6ve funktioner.<\/p>\n<p>Som vi ved TOP SMD5630 chip, h\u00f8j lysstyrke, bred str\u00e5levinkel, lavt henfald. Med kvalitet vandt\u00e6t (IP65 IP65H IP67 IP68) og ikke-vandt\u00e6t, er at tilfredsstille kunder, der s\u00f8ger en h\u00f8j lysstyrke af belysningen og str\u00e5lende farveeffekter. De er ideelle lyskilder til boligindretning, hotel, KTV, bugt osv.<\/p>\n<p>Vores all-flex strimmel med lang levetid 3-5 \u00e5rs garanti med god farveuniform, vi lover kun \u00e9n bin for hver ordre, ogs\u00e5 med CE\/RoHs\/ETL certifikat.<\/p>\n<p><img fetchpriority=\"high\" decoding=\"async\" class=\"alignnone wp-image-864 size-large\" src=\"https:\/\/essenledstrip.com\/wp-content\/uploads\/2022\/09\/20220906093006-1-1024x118.webp\" alt=\"\" width=\"1024\" height=\"118\" srcset=\"https:\/\/essenledstrip.com\/wp-content\/uploads\/2022\/09\/20220906093006-1-1024x118.webp 1024w, https:\/\/essenledstrip.com\/wp-content\/uploads\/2022\/09\/20220906093006-1-300x34.webp 300w, https:\/\/essenledstrip.com\/wp-content\/uploads\/2022\/09\/20220906093006-1-768x88.webp 768w, https:\/\/essenledstrip.com\/wp-content\/uploads\/2022\/09\/20220906093006-1-1536x177.webp 1536w, https:\/\/essenledstrip.com\/wp-content\/uploads\/2022\/09\/20220906093006-1-18x2.webp 18w, https:\/\/essenledstrip.com\/wp-content\/uploads\/2022\/09\/20220906093006-1-600x69.webp 600w, https:\/\/essenledstrip.com\/wp-content\/uploads\/2022\/09\/20220906093006-1.webp 1897w\" sizes=\"(max-width: 1024px) 100vw, 1024px\" \/><\/p>","protected":false},"featured_media":859,"template":"","meta":{"_kad_post_transparent":"default","_kad_post_title":"","_kad_post_layout":"default","_kad_post_sidebar_id":"","_kad_post_content_style":"default","_kad_post_vertical_padding":"default","_kad_post_feature":"","_kad_post_feature_position":"","_kad_post_header":false,"_kad_post_footer":false,"_kad_post_classname":""},"product_brand":[],"product_cat":[20,25],"product_tag":[157,158,159],"class_list":{"0":"post-857","1":"product","2":"type-product","3":"status-publish","4":"has-post-thumbnail","6":"product_cat-single-color-led-strip","7":"product_cat-smd5630-led-strip","8":"product_tag-24v-led-tape-smd-5630-60leds-m-5m-tira-led-strip-light","9":"product_tag-5m-led-strip-smd-5630-60leds-flexible-led-tape-light","10":"product_tag-super-bright-5630-60leds-led-strip-light-white-warm-white","12":"first","13":"instock","14":"shipping-taxable","15":"product-type-simple","16":"entry","17":"content-bg","18":"loop-entry"},"yoast_head":"<!-- This site is optimized with the Yoast SEO Premium plugin v24.7 (Yoast SEO v26.7) - https:\/\/yoast.com\/wordpress\/plugins\/seo\/ -->\n<title>SMD5630 LED strip light Factory&amp;Manufacturer - Essenled Lighting<\/title>\n<meta name=\"description\" content=\"China 3-5 Years Warranty LED Strip 24V SMD5630 60LEDs\/M (14.4w\/m), Find details about China LED Strip Light, support customized at your brand.\" \/>\n<meta name=\"robots\" content=\"index, follow, max-snippet:-1, max-image-preview:large, max-video-preview:-1\" \/>\n<link rel=\"canonical\" href=\"https:\/\/essenledstrip.com\/dk\/vare\/smd5630-60leds-led-strip\/\" \/>\n<meta property=\"og:locale\" content=\"da_DK\" \/>\n<meta property=\"og:type\" content=\"article\" \/>\n<meta property=\"og:title\" content=\"SMD5630 60leds\/m 14.4W 10mm LED Strip\" \/>\n<meta property=\"og:description\" content=\"China 3-5 Years Warranty LED Strip 24V SMD5630 60LEDs\/M (14.4w\/m), Find details about China LED Strip Light, support customized at your brand.\" \/>\n<meta property=\"og:url\" content=\"https:\/\/essenledstrip.com\/dk\/vare\/smd5630-60leds-led-strip\/\" \/>\n<meta property=\"og:site_name\" content=\"Essenled Lighting\" \/>\n<meta property=\"article:publisher\" content=\"https:\/\/www.facebook.com\/Shenzhen-Essenled-Lighting-COLTD-106633570961729\" \/>\n<meta property=\"article:modified_time\" content=\"2024-03-24T07:46:03+00:00\" \/>\n<meta property=\"og:image\" content=\"https:\/\/essenledstrip.com\/wp-content\/uploads\/2022\/09\/5M-led-strip-SMD-5630-60leds-Flexible-led-tape-light.webp\" \/>\n\t<meta property=\"og:image:width\" content=\"800\" \/>\n\t<meta property=\"og:image:height\" content=\"800\" \/>\n\t<meta property=\"og:image:type\" content=\"image\/webp\" \/>\n<meta name=\"twitter:card\" content=\"summary_large_image\" \/>\n<meta name=\"twitter:label1\" content=\"Estimeret l\u00e6setid\" \/>\n\t<meta name=\"twitter:data1\" content=\"1 minut\" \/>\n<script type=\"application\/ld+json\" class=\"yoast-schema-graph\">{\"@context\":\"https:\/\/schema.org\",\"@graph\":[{\"@type\":\"WebPage\",\"@id\":\"https:\/\/essenledstrip.com\/product\/smd5630-60leds-led-strip\/\",\"url\":\"https:\/\/essenledstrip.com\/product\/smd5630-60leds-led-strip\/\",\"name\":\"SMD5630 LED strip light Factory&Manufacturer - Essenled Lighting\",\"isPartOf\":{\"@id\":\"https:\/\/essenledstrip.com\/ar\/#website\"},\"primaryImageOfPage\":{\"@id\":\"https:\/\/essenledstrip.com\/product\/smd5630-60leds-led-strip\/#primaryimage\"},\"image\":{\"@id\":\"https:\/\/essenledstrip.com\/product\/smd5630-60leds-led-strip\/#primaryimage\"},\"thumbnailUrl\":\"https:\/\/essenledstrip.com\/wp-content\/uploads\/2022\/09\/5M-led-strip-SMD-5630-60leds-Flexible-led-tape-light.webp\",\"datePublished\":\"2022-09-16T03:10:25+00:00\",\"dateModified\":\"2024-03-24T07:46:03+00:00\",\"description\":\"China 3-5 Years Warranty LED Strip 24V SMD5630 60LEDs\/M (14.4w\/m), Find details about China LED Strip Light, support customized at your brand.\",\"breadcrumb\":{\"@id\":\"https:\/\/essenledstrip.com\/product\/smd5630-60leds-led-strip\/#breadcrumb\"},\"inLanguage\":\"da-DK\",\"potentialAction\":[{\"@type\":\"ReadAction\",\"target\":[\"https:\/\/essenledstrip.com\/product\/smd5630-60leds-led-strip\/\"]}]},{\"@type\":\"ImageObject\",\"inLanguage\":\"da-DK\",\"@id\":\"https:\/\/essenledstrip.com\/product\/smd5630-60leds-led-strip\/#primaryimage\",\"url\":\"https:\/\/essenledstrip.com\/wp-content\/uploads\/2022\/09\/5M-led-strip-SMD-5630-60leds-Flexible-led-tape-light.webp\",\"contentUrl\":\"https:\/\/essenledstrip.com\/wp-content\/uploads\/2022\/09\/5M-led-strip-SMD-5630-60leds-Flexible-led-tape-light.webp\",\"width\":800,\"height\":800,\"caption\":\"5M led strip SMD 5630 60leds Flexible led tape light\"},{\"@type\":\"BreadcrumbList\",\"@id\":\"https:\/\/essenledstrip.com\/product\/smd5630-60leds-led-strip\/#breadcrumb\",\"itemListElement\":[{\"@type\":\"ListItem\",\"position\":1,\"name\":\"Home\",\"item\":\"https:\/\/essenledstrip.com\/\"},{\"@type\":\"ListItem\",\"position\":2,\"name\":\"Varer\",\"item\":\"https:\/\/essenledstrip.com\/dk\/shop\/\"},{\"@type\":\"ListItem\",\"position\":3,\"name\":\"SMD5630 60leds\/m 14.4W 10mm LED Strip\"}]},{\"@type\":\"WebSite\",\"@id\":\"https:\/\/essenledstrip.com\/ar\/#website\",\"url\":\"https:\/\/essenledstrip.com\/ar\/\",\"name\":\"Essenled Lighting\",\"description\":\"\",\"publisher\":{\"@id\":\"https:\/\/essenledstrip.com\/ar\/#organization\"},\"potentialAction\":[{\"@type\":\"SearchAction\",\"target\":{\"@type\":\"EntryPoint\",\"urlTemplate\":\"https:\/\/essenledstrip.com\/ar\/?s={search_term_string}\"},\"query-input\":{\"@type\":\"PropertyValueSpecification\",\"valueRequired\":true,\"valueName\":\"search_term_string\"}}],\"inLanguage\":\"da-DK\"},{\"@type\":\"Organization\",\"@id\":\"https:\/\/essenledstrip.com\/ar\/#organization\",\"name\":\"Shenzhen Essenled Lighting CO.,LTD\",\"url\":\"https:\/\/essenledstrip.com\/ar\/\",\"logo\":{\"@type\":\"ImageObject\",\"inLanguage\":\"da-DK\",\"@id\":\"https:\/\/essenledstrip.com\/ar\/#\/schema\/logo\/image\/\",\"url\":\"https:\/\/essenledstrip.com\/wp-content\/uploads\/2022\/08\/LOGO.png\",\"contentUrl\":\"https:\/\/essenledstrip.com\/wp-content\/uploads\/2022\/08\/LOGO.png\",\"width\":300,\"height\":100,\"caption\":\"Shenzhen Essenled Lighting CO.,LTD\"},\"image\":{\"@id\":\"https:\/\/essenledstrip.com\/ar\/#\/schema\/logo\/image\/\"},\"sameAs\":[\"https:\/\/www.facebook.com\/Shenzhen-Essenled-Lighting-COLTD-106633570961729\"]}]}<\/script>\n<!-- \/ Yoast SEO Premium plugin. -->","yoast_head_json":{"title":"SMD5630 LED strip light Factory&Manufacturer - Essenled Lighting","description":"China 3-5 Years Warranty LED Strip 24V SMD5630 60LEDs\/M (14.4w\/m), Find details about China LED Strip Light, support customized at your brand.","robots":{"index":"index","follow":"follow","max-snippet":"max-snippet:-1","max-image-preview":"max-image-preview:large","max-video-preview":"max-video-preview:-1"},"canonical":"https:\/\/essenledstrip.com\/dk\/vare\/smd5630-60leds-led-strip\/","og_locale":"da_DK","og_type":"article","og_title":"SMD5630 60leds\/m 14.4W 10mm LED Strip","og_description":"China 3-5 Years Warranty LED Strip 24V SMD5630 60LEDs\/M (14.4w\/m), Find details about China LED Strip Light, support customized at your brand.","og_url":"https:\/\/essenledstrip.com\/dk\/vare\/smd5630-60leds-led-strip\/","og_site_name":"Essenled Lighting","article_publisher":"https:\/\/www.facebook.com\/Shenzhen-Essenled-Lighting-COLTD-106633570961729","article_modified_time":"2024-03-24T07:46:03+00:00","og_image":[{"width":800,"height":800,"url":"https:\/\/essenledstrip.com\/wp-content\/uploads\/2022\/09\/5M-led-strip-SMD-5630-60leds-Flexible-led-tape-light.webp","type":"image\/webp"}],"twitter_card":"summary_large_image","twitter_misc":{"Estimeret l\u00e6setid":"1 minut"},"schema":{"@context":"https:\/\/schema.org","@graph":[{"@type":"WebPage","@id":"https:\/\/essenledstrip.com\/product\/smd5630-60leds-led-strip\/","url":"https:\/\/essenledstrip.com\/product\/smd5630-60leds-led-strip\/","name":"SMD5630 LED strip light Factory&Manufacturer - Essenled Lighting","isPartOf":{"@id":"https:\/\/essenledstrip.com\/ar\/#website"},"primaryImageOfPage":{"@id":"https:\/\/essenledstrip.com\/product\/smd5630-60leds-led-strip\/#primaryimage"},"image":{"@id":"https:\/\/essenledstrip.com\/product\/smd5630-60leds-led-strip\/#primaryimage"},"thumbnailUrl":"https:\/\/essenledstrip.com\/wp-content\/uploads\/2022\/09\/5M-led-strip-SMD-5630-60leds-Flexible-led-tape-light.webp","datePublished":"2022-09-16T03:10:25+00:00","dateModified":"2024-03-24T07:46:03+00:00","description":"China 3-5 Years Warranty LED Strip 24V SMD5630 60LEDs\/M (14.4w\/m), Find details about China LED Strip Light, support customized at your brand.","breadcrumb":{"@id":"https:\/\/essenledstrip.com\/product\/smd5630-60leds-led-strip\/#breadcrumb"},"inLanguage":"da-DK","potentialAction":[{"@type":"ReadAction","target":["https:\/\/essenledstrip.com\/product\/smd5630-60leds-led-strip\/"]}]},{"@type":"ImageObject","inLanguage":"da-DK","@id":"https:\/\/essenledstrip.com\/product\/smd5630-60leds-led-strip\/#primaryimage","url":"https:\/\/essenledstrip.com\/wp-content\/uploads\/2022\/09\/5M-led-strip-SMD-5630-60leds-Flexible-led-tape-light.webp","contentUrl":"https:\/\/essenledstrip.com\/wp-content\/uploads\/2022\/09\/5M-led-strip-SMD-5630-60leds-Flexible-led-tape-light.webp","width":800,"height":800,"caption":"5M led strip SMD 5630 60leds Flexible led tape light"},{"@type":"BreadcrumbList","@id":"https:\/\/essenledstrip.com\/product\/smd5630-60leds-led-strip\/#breadcrumb","itemListElement":[{"@type":"ListItem","position":1,"name":"Home","item":"https:\/\/essenledstrip.com\/"},{"@type":"ListItem","position":2,"name":"Varer","item":"https:\/\/essenledstrip.com\/dk\/shop\/"},{"@type":"ListItem","position":3,"name":"SMD5630 60leds\/m 14.4W 10mm LED Strip"}]},{"@type":"WebSite","@id":"https:\/\/essenledstrip.com\/ar\/#website","url":"https:\/\/essenledstrip.com\/ar\/","name":"Essenled Lighting","description":"","publisher":{"@id":"https:\/\/essenledstrip.com\/ar\/#organization"},"potentialAction":[{"@type":"SearchAction","target":{"@type":"EntryPoint","urlTemplate":"https:\/\/essenledstrip.com\/ar\/?s={search_term_string}"},"query-input":{"@type":"PropertyValueSpecification","valueRequired":true,"valueName":"search_term_string"}}],"inLanguage":"da-DK"},{"@type":"Organization","@id":"https:\/\/essenledstrip.com\/ar\/#organization","name":"Shenzhen Essenled Lighting CO.,LTD","url":"https:\/\/essenledstrip.com\/ar\/","logo":{"@type":"ImageObject","inLanguage":"da-DK","@id":"https:\/\/essenledstrip.com\/ar\/#\/schema\/logo\/image\/","url":"https:\/\/essenledstrip.com\/wp-content\/uploads\/2022\/08\/LOGO.png","contentUrl":"https:\/\/essenledstrip.com\/wp-content\/uploads\/2022\/08\/LOGO.png","width":300,"height":100,"caption":"Shenzhen Essenled Lighting CO.,LTD"},"image":{"@id":"https:\/\/essenledstrip.com\/ar\/#\/schema\/logo\/image\/"},"sameAs":["https:\/\/www.facebook.com\/Shenzhen-Essenled-Lighting-COLTD-106633570961729"]}]}},"_links":{"self":[{"href":"https:\/\/essenledstrip.com\/dk\/wp-json\/wp\/v2\/product\/857","targetHints":{"allow":["GET"]}}],"collection":[{"href":"https:\/\/essenledstrip.com\/dk\/wp-json\/wp\/v2\/product"}],"about":[{"href":"https:\/\/essenledstrip.com\/dk\/wp-json\/wp\/v2\/types\/product"}],"version-history":[{"count":0,"href":"https:\/\/essenledstrip.com\/dk\/wp-json\/wp\/v2\/product\/857\/revisions"}],"wp:featuredmedia":[{"embeddable":true,"href":"https:\/\/essenledstrip.com\/dk\/wp-json\/wp\/v2\/media\/859"}],"wp:attachment":[{"href":"https:\/\/essenledstrip.com\/dk\/wp-json\/wp\/v2\/media?parent=857"}],"wp:term":[{"taxonomy":"product_brand","embeddable":true,"href":"https:\/\/essenledstrip.com\/dk\/wp-json\/wp\/v2\/product_brand?post=857"},{"taxonomy":"product_cat","embeddable":true,"href":"https:\/\/essenledstrip.com\/dk\/wp-json\/wp\/v2\/product_cat?post=857"},{"taxonomy":"product_tag","embeddable":true,"href":"https:\/\/essenledstrip.com\/dk\/wp-json\/wp\/v2\/product_tag?post=857"}],"curies":[{"name":"wp","href":"https:\/\/api.w.org\/{rel}","templated":true}]}}