{"id":1002,"date":"2022-09-20T11:14:18","date_gmt":"2022-09-20T03:14:18","guid":{"rendered":"https:\/\/essenledstrip.com\/?post_type=product&#038;p=1002"},"modified":"2024-06-05T09:52:23","modified_gmt":"2024-06-05T01:52:23","slug":"tunable-white-led-strip-smd2835-112leds","status":"publish","type":"product","link":"https:\/\/essenledstrip.com\/es\/producto\/tunable-white-led-strip-smd2835-112leds\/","title":{"rendered":"Tira LED Blanco Sintonizable SMD2835 112leds\/m 19.2W 24V"},"content":{"rendered":"","protected":false},"excerpt":{"rendered":"<p>La tira LED de luz blanca regulable din\u00e1mica, tambi\u00e9n llamada tiras de luz blanca variable, tira de luz blanca regulable CCT, tiras de luz cct blanca doble de dos colores, tira de luz blanca mixta, luces cambiantes CCT, tira LED blanca sintonizable. Por lo general, es una tira de LED blanca ajustable de 24 V, el ajuste de los tonos blancos o el cambio de temperatura de color se logra a trav\u00e9s de un controlador de LED blanco sintonizable remoto o con cable o un controlador DMX.<\/p>\n<p>El LED superbrillante SMD2835 LED sintonizable blanco, smd2835 112leds\/m con alta densidad, mayor CRI90 m\u00e1s, la potencia es de 19,2 w\/m, la temperatura de color se puede ajustar mediante el sistema de control de 1800K a 6000k para cumplir con diferentes requisitos de color, brillo tambi\u00e9n puede ser ajustable<\/p>\n<p>Todas nuestras tiras de LED blancas sintonizables tienen certificaci\u00f3n CE, RoHS, lo que garantiza un alto rendimiento y una larga vida \u00fatil de 3 a 5 a\u00f1os. Brindamos soluciones personalizadas para todos nuestros clientes, servicios OEM y ODM en su marca.<\/p>\n<p><img decoding=\"async\" class=\"alignnone size-medium wp-image-1009\" src=\"https:\/\/essenledstrip.com\/wp-content\/uploads\/2022\/09\/20220906094505-1-300x70.webp\" alt=\"\" width=\"300\" height=\"70\" srcset=\"https:\/\/essenledstrip.com\/wp-content\/uploads\/2022\/09\/20220906094505-1-300x70.webp 300w, https:\/\/essenledstrip.com\/wp-content\/uploads\/2022\/09\/20220906094505-1-18x4.webp 18w, https:\/\/essenledstrip.com\/wp-content\/uploads\/2022\/09\/20220906094505-1-600x139.webp 600w, https:\/\/essenledstrip.com\/wp-content\/uploads\/2022\/09\/20220906094505-1.webp 766w\" sizes=\"(max-width: 300px) 100vw, 300px\" \/><\/p>","protected":false},"featured_media":3025,"template":"","meta":{"_kad_post_transparent":"default","_kad_post_title":"","_kad_post_layout":"default","_kad_post_sidebar_id":"","_kad_post_content_style":"default","_kad_post_vertical_padding":"default","_kad_post_feature":"","_kad_post_feature_position":"","_kad_post_header":false,"_kad_post_footer":false,"_kad_post_classname":""},"product_brand":[],"product_cat":[29],"product_tag":[201,203,202],"class_list":{"0":"post-1002","1":"product","2":"type-product","3":"status-publish","4":"has-post-thumbnail","6":"product_cat-tunable-white-led-strip","7":"product_tag-24v-112led-m-smd-2835-led-strip-light-cwww-cct-adjustable","8":"product_tag-2835-112leds-meter-adjustable-cct-led-strip-19-2w-m","9":"product_tag-2835-cct-tunable112leds-m-cri90-ip20-led-flexible-strip","11":"first","12":"instock","13":"shipping-taxable","14":"product-type-simple","15":"entry","16":"content-bg","17":"loop-entry"},"yoast_head":"<!-- This site is optimized with the Yoast SEO Premium plugin v24.7 (Yoast SEO v26.7) - https:\/\/yoast.com\/wordpress\/plugins\/seo\/ -->\n<title>Bright led strip 112leds 2835 tunable white Dimmable - Essenled<\/title>\n<meta name=\"description\" content=\"Bright led strip tunable white 112leds 2835 19.2w\/m, available in cool white, neutral white and warm white,with Ra\u226590, Non-waterproof\/waterproof are available.\" \/>\n<meta name=\"robots\" content=\"index, follow, max-snippet:-1, max-image-preview:large, max-video-preview:-1\" \/>\n<link rel=\"canonical\" href=\"https:\/\/essenledstrip.com\/es\/producto\/tunable-white-led-strip-smd2835-112leds\/\" \/>\n<meta property=\"og:locale\" content=\"es_ES\" \/>\n<meta property=\"og:type\" content=\"article\" \/>\n<meta property=\"og:title\" content=\"Tunable White LED Strip SMD2835 112leds\/m 19.2W 24V\" \/>\n<meta property=\"og:description\" content=\"Bright led strip tunable white 112leds 2835 19.2w\/m, available in cool white, neutral white and warm white,with Ra\u226590, Non-waterproof\/waterproof are available.\" \/>\n<meta property=\"og:url\" content=\"https:\/\/essenledstrip.com\/es\/producto\/tunable-white-led-strip-smd2835-112leds\/\" \/>\n<meta property=\"og:site_name\" content=\"Essenled Lighting\" \/>\n<meta property=\"article:publisher\" content=\"https:\/\/www.facebook.com\/Shenzhen-Essenled-Lighting-COLTD-106633570961729\" \/>\n<meta property=\"article:modified_time\" content=\"2024-06-05T01:52:23+00:00\" \/>\n<meta property=\"og:image\" content=\"https:\/\/essenledstrip.com\/wp-content\/uploads\/2022\/09\/Tunable-White-2835-LED-Strip-Light-3000K-6000K.webp\" \/>\n\t<meta property=\"og:image:width\" content=\"1000\" \/>\n\t<meta property=\"og:image:height\" content=\"1000\" \/>\n\t<meta property=\"og:image:type\" content=\"image\/webp\" \/>\n<meta name=\"twitter:card\" content=\"summary_large_image\" \/>\n<meta name=\"twitter:label1\" content=\"Tiempo de lectura\" \/>\n\t<meta name=\"twitter:data1\" content=\"1 minuto\" \/>\n<script type=\"application\/ld+json\" class=\"yoast-schema-graph\">{\"@context\":\"https:\/\/schema.org\",\"@graph\":[{\"@type\":\"WebPage\",\"@id\":\"https:\/\/essenledstrip.com\/product\/tunable-white-led-strip-smd2835-112leds\/\",\"url\":\"https:\/\/essenledstrip.com\/product\/tunable-white-led-strip-smd2835-112leds\/\",\"name\":\"Bright led strip 112leds 2835 tunable white Dimmable - Essenled\",\"isPartOf\":{\"@id\":\"https:\/\/essenledstrip.com\/ar\/#website\"},\"primaryImageOfPage\":{\"@id\":\"https:\/\/essenledstrip.com\/product\/tunable-white-led-strip-smd2835-112leds\/#primaryimage\"},\"image\":{\"@id\":\"https:\/\/essenledstrip.com\/product\/tunable-white-led-strip-smd2835-112leds\/#primaryimage\"},\"thumbnailUrl\":\"https:\/\/essenledstrip.com\/wp-content\/uploads\/2022\/09\/Tunable-White-2835-LED-Strip-Light-3000K-6000K.webp\",\"datePublished\":\"2022-09-20T03:14:18+00:00\",\"dateModified\":\"2024-06-05T01:52:23+00:00\",\"description\":\"Bright led strip tunable white 112leds 2835 19.2w\/m, available in cool white, neutral white and warm white,with Ra\u226590, Non-waterproof\/waterproof are available.\",\"breadcrumb\":{\"@id\":\"https:\/\/essenledstrip.com\/product\/tunable-white-led-strip-smd2835-112leds\/#breadcrumb\"},\"inLanguage\":\"es\",\"potentialAction\":[{\"@type\":\"ReadAction\",\"target\":[\"https:\/\/essenledstrip.com\/product\/tunable-white-led-strip-smd2835-112leds\/\"]}]},{\"@type\":\"ImageObject\",\"inLanguage\":\"es\",\"@id\":\"https:\/\/essenledstrip.com\/product\/tunable-white-led-strip-smd2835-112leds\/#primaryimage\",\"url\":\"https:\/\/essenledstrip.com\/wp-content\/uploads\/2022\/09\/Tunable-White-2835-LED-Strip-Light-3000K-6000K.webp\",\"contentUrl\":\"https:\/\/essenledstrip.com\/wp-content\/uploads\/2022\/09\/Tunable-White-2835-LED-Strip-Light-3000K-6000K.webp\",\"width\":1000,\"height\":1000},{\"@type\":\"BreadcrumbList\",\"@id\":\"https:\/\/essenledstrip.com\/product\/tunable-white-led-strip-smd2835-112leds\/#breadcrumb\",\"itemListElement\":[{\"@type\":\"ListItem\",\"position\":1,\"name\":\"Home\",\"item\":\"https:\/\/essenledstrip.com\/\"},{\"@type\":\"ListItem\",\"position\":2,\"name\":\"Varer\",\"item\":\"https:\/\/essenledstrip.com\/dk\/shop\/\"},{\"@type\":\"ListItem\",\"position\":3,\"name\":\"Tunable White LED Strip SMD2835 112leds\/m 19.2W 24V\"}]},{\"@type\":\"WebSite\",\"@id\":\"https:\/\/essenledstrip.com\/ar\/#website\",\"url\":\"https:\/\/essenledstrip.com\/ar\/\",\"name\":\"Essenled Lighting\",\"description\":\"\",\"publisher\":{\"@id\":\"https:\/\/essenledstrip.com\/ar\/#organization\"},\"potentialAction\":[{\"@type\":\"SearchAction\",\"target\":{\"@type\":\"EntryPoint\",\"urlTemplate\":\"https:\/\/essenledstrip.com\/ar\/?s={search_term_string}\"},\"query-input\":{\"@type\":\"PropertyValueSpecification\",\"valueRequired\":true,\"valueName\":\"search_term_string\"}}],\"inLanguage\":\"es\"},{\"@type\":\"Organization\",\"@id\":\"https:\/\/essenledstrip.com\/ar\/#organization\",\"name\":\"Shenzhen Essenled Lighting CO.,LTD\",\"url\":\"https:\/\/essenledstrip.com\/ar\/\",\"logo\":{\"@type\":\"ImageObject\",\"inLanguage\":\"es\",\"@id\":\"https:\/\/essenledstrip.com\/ar\/#\/schema\/logo\/image\/\",\"url\":\"https:\/\/essenledstrip.com\/wp-content\/uploads\/2022\/08\/LOGO.png\",\"contentUrl\":\"https:\/\/essenledstrip.com\/wp-content\/uploads\/2022\/08\/LOGO.png\",\"width\":300,\"height\":100,\"caption\":\"Shenzhen Essenled Lighting CO.,LTD\"},\"image\":{\"@id\":\"https:\/\/essenledstrip.com\/ar\/#\/schema\/logo\/image\/\"},\"sameAs\":[\"https:\/\/www.facebook.com\/Shenzhen-Essenled-Lighting-COLTD-106633570961729\"]}]}<\/script>\n<!-- \/ Yoast SEO Premium plugin. -->","yoast_head_json":{"title":"Bright led strip 112leds 2835 tunable white Dimmable - Essenled","description":"Bright led strip tunable white 112leds 2835 19.2w\/m, available in cool white, neutral white and warm white,with Ra\u226590, Non-waterproof\/waterproof are available.","robots":{"index":"index","follow":"follow","max-snippet":"max-snippet:-1","max-image-preview":"max-image-preview:large","max-video-preview":"max-video-preview:-1"},"canonical":"https:\/\/essenledstrip.com\/es\/producto\/tunable-white-led-strip-smd2835-112leds\/","og_locale":"es_ES","og_type":"article","og_title":"Tunable White LED Strip SMD2835 112leds\/m 19.2W 24V","og_description":"Bright led strip tunable white 112leds 2835 19.2w\/m, available in cool white, neutral white and warm white,with Ra\u226590, Non-waterproof\/waterproof are available.","og_url":"https:\/\/essenledstrip.com\/es\/producto\/tunable-white-led-strip-smd2835-112leds\/","og_site_name":"Essenled Lighting","article_publisher":"https:\/\/www.facebook.com\/Shenzhen-Essenled-Lighting-COLTD-106633570961729","article_modified_time":"2024-06-05T01:52:23+00:00","og_image":[{"width":1000,"height":1000,"url":"https:\/\/essenledstrip.com\/wp-content\/uploads\/2022\/09\/Tunable-White-2835-LED-Strip-Light-3000K-6000K.webp","type":"image\/webp"}],"twitter_card":"summary_large_image","twitter_misc":{"Tiempo de lectura":"1 minuto"},"schema":{"@context":"https:\/\/schema.org","@graph":[{"@type":"WebPage","@id":"https:\/\/essenledstrip.com\/product\/tunable-white-led-strip-smd2835-112leds\/","url":"https:\/\/essenledstrip.com\/product\/tunable-white-led-strip-smd2835-112leds\/","name":"Bright led strip 112leds 2835 tunable white Dimmable - Essenled","isPartOf":{"@id":"https:\/\/essenledstrip.com\/ar\/#website"},"primaryImageOfPage":{"@id":"https:\/\/essenledstrip.com\/product\/tunable-white-led-strip-smd2835-112leds\/#primaryimage"},"image":{"@id":"https:\/\/essenledstrip.com\/product\/tunable-white-led-strip-smd2835-112leds\/#primaryimage"},"thumbnailUrl":"https:\/\/essenledstrip.com\/wp-content\/uploads\/2022\/09\/Tunable-White-2835-LED-Strip-Light-3000K-6000K.webp","datePublished":"2022-09-20T03:14:18+00:00","dateModified":"2024-06-05T01:52:23+00:00","description":"Bright led strip tunable white 112leds 2835 19.2w\/m, available in cool white, neutral white and warm white,with Ra\u226590, Non-waterproof\/waterproof are available.","breadcrumb":{"@id":"https:\/\/essenledstrip.com\/product\/tunable-white-led-strip-smd2835-112leds\/#breadcrumb"},"inLanguage":"es","potentialAction":[{"@type":"ReadAction","target":["https:\/\/essenledstrip.com\/product\/tunable-white-led-strip-smd2835-112leds\/"]}]},{"@type":"ImageObject","inLanguage":"es","@id":"https:\/\/essenledstrip.com\/product\/tunable-white-led-strip-smd2835-112leds\/#primaryimage","url":"https:\/\/essenledstrip.com\/wp-content\/uploads\/2022\/09\/Tunable-White-2835-LED-Strip-Light-3000K-6000K.webp","contentUrl":"https:\/\/essenledstrip.com\/wp-content\/uploads\/2022\/09\/Tunable-White-2835-LED-Strip-Light-3000K-6000K.webp","width":1000,"height":1000},{"@type":"BreadcrumbList","@id":"https:\/\/essenledstrip.com\/product\/tunable-white-led-strip-smd2835-112leds\/#breadcrumb","itemListElement":[{"@type":"ListItem","position":1,"name":"Home","item":"https:\/\/essenledstrip.com\/"},{"@type":"ListItem","position":2,"name":"Varer","item":"https:\/\/essenledstrip.com\/dk\/shop\/"},{"@type":"ListItem","position":3,"name":"Tunable White LED Strip SMD2835 112leds\/m 19.2W 24V"}]},{"@type":"WebSite","@id":"https:\/\/essenledstrip.com\/ar\/#website","url":"https:\/\/essenledstrip.com\/ar\/","name":"Essenled Lighting","description":"","publisher":{"@id":"https:\/\/essenledstrip.com\/ar\/#organization"},"potentialAction":[{"@type":"SearchAction","target":{"@type":"EntryPoint","urlTemplate":"https:\/\/essenledstrip.com\/ar\/?s={search_term_string}"},"query-input":{"@type":"PropertyValueSpecification","valueRequired":true,"valueName":"search_term_string"}}],"inLanguage":"es"},{"@type":"Organization","@id":"https:\/\/essenledstrip.com\/ar\/#organization","name":"Shenzhen Essenled Lighting CO.,LTD","url":"https:\/\/essenledstrip.com\/ar\/","logo":{"@type":"ImageObject","inLanguage":"es","@id":"https:\/\/essenledstrip.com\/ar\/#\/schema\/logo\/image\/","url":"https:\/\/essenledstrip.com\/wp-content\/uploads\/2022\/08\/LOGO.png","contentUrl":"https:\/\/essenledstrip.com\/wp-content\/uploads\/2022\/08\/LOGO.png","width":300,"height":100,"caption":"Shenzhen Essenled Lighting CO.,LTD"},"image":{"@id":"https:\/\/essenledstrip.com\/ar\/#\/schema\/logo\/image\/"},"sameAs":["https:\/\/www.facebook.com\/Shenzhen-Essenled-Lighting-COLTD-106633570961729"]}]}},"_links":{"self":[{"href":"https:\/\/essenledstrip.com\/es\/wp-json\/wp\/v2\/product\/1002","targetHints":{"allow":["GET"]}}],"collection":[{"href":"https:\/\/essenledstrip.com\/es\/wp-json\/wp\/v2\/product"}],"about":[{"href":"https:\/\/essenledstrip.com\/es\/wp-json\/wp\/v2\/types\/product"}],"version-history":[{"count":0,"href":"https:\/\/essenledstrip.com\/es\/wp-json\/wp\/v2\/product\/1002\/revisions"}],"wp:featuredmedia":[{"embeddable":true,"href":"https:\/\/essenledstrip.com\/es\/wp-json\/wp\/v2\/media\/3025"}],"wp:attachment":[{"href":"https:\/\/essenledstrip.com\/es\/wp-json\/wp\/v2\/media?parent=1002"}],"wp:term":[{"taxonomy":"product_brand","embeddable":true,"href":"https:\/\/essenledstrip.com\/es\/wp-json\/wp\/v2\/product_brand?post=1002"},{"taxonomy":"product_cat","embeddable":true,"href":"https:\/\/essenledstrip.com\/es\/wp-json\/wp\/v2\/product_cat?post=1002"},{"taxonomy":"product_tag","embeddable":true,"href":"https:\/\/essenledstrip.com\/es\/wp-json\/wp\/v2\/product_tag?post=1002"}],"curies":[{"name":"wp","href":"https:\/\/api.w.org\/{rel}","templated":true}]}}