{"id":1170,"date":"2022-09-22T23:04:25","date_gmt":"2022-09-22T15:04:25","guid":{"rendered":"https:\/\/essenledstrip.com\/?post_type=product&#038;p=1170"},"modified":"2024-03-29T20:51:15","modified_gmt":"2024-03-29T12:51:15","slug":"rgbcct-led-strip-smd5050-60leds","status":"publish","type":"product","link":"https:\/\/essenledstrip.com\/es\/producto\/rgbcct-led-strip-smd5050-60leds\/","title":{"rendered":"Tira LED RGBCCT SMD5050 60leds\/m 19.2W 12mm"},"content":{"rendered":"","protected":false},"excerpt":{"rendered":"<p>La tira LED RGBWW (RGB + White + Warm White) utiliza un chip LED 5 en 1 con rojo, verde, azul, blanco y blanco c\u00e1lido para mezclar colores. La \u00fanica diferencia entre RGBW y RGBWW es la intensidad del color blanco. La tira de luz RGB con blanco c\u00e1lido extra crear\u00e1 un amarillo-blanco m\u00e1s suave.<\/p>\n<p>CCT (temperatura de color correlacionada) significa que la temperatura de color de la tira de luz LED se puede ajustar para cambiar entre blanco c\u00e1lido y blanco, la tira de luz RGBWW es otro nombre de la tira RGBCCT. Con 60 ledes\/m (19,2 w\/m) DC24v (100 mm\/corte), placa pcb de una sola l\u00ednea de 12 mm, el CCT est\u00e1ndar es RGB+2400K+6000K.<\/p>\n<p>La mejor elecci\u00f3n depende realmente de la aplicaci\u00f3n. Si todo lo que busca son colores RGB b\u00e1sicos sin necesidad de blanco puro, entonces la tira de LED RGB b\u00e1sica es generalmente m\u00e1s rentable y eficiente. Sin embargo, para aquellos que buscan la opci\u00f3n de colores blanco y RGB, as\u00ed como una combinaci\u00f3n de ambos, RGB+W es una mejor opci\u00f3n. Pero si quieres obtener el diferente brillo del color blanco. El RGB+Warm white+white ser\u00e1 una gran elecci\u00f3n.<\/p>\n<p><img decoding=\"async\" class=\"alignnone size-medium wp-image-1176\" src=\"https:\/\/essenledstrip.com\/wp-content\/uploads\/2022\/09\/20220906163026-1-300x69.webp\" alt=\"\" width=\"300\" height=\"69\" srcset=\"https:\/\/essenledstrip.com\/wp-content\/uploads\/2022\/09\/20220906163026-1-300x69.webp 300w, https:\/\/essenledstrip.com\/wp-content\/uploads\/2022\/09\/20220906163026-1-768x176.webp 768w, https:\/\/essenledstrip.com\/wp-content\/uploads\/2022\/09\/20220906163026-1-18x4.webp 18w, https:\/\/essenledstrip.com\/wp-content\/uploads\/2022\/09\/20220906163026-1-600x137.webp 600w, https:\/\/essenledstrip.com\/wp-content\/uploads\/2022\/09\/20220906163026-1.webp 827w\" sizes=\"(max-width: 300px) 100vw, 300px\" \/><\/p>","protected":false},"featured_media":2809,"template":"","meta":{"_kad_post_transparent":"default","_kad_post_title":"","_kad_post_layout":"default","_kad_post_sidebar_id":"","_kad_post_content_style":"default","_kad_post_vertical_padding":"default","_kad_post_feature":"","_kad_post_feature_position":"","_kad_post_header":false,"_kad_post_footer":false,"_kad_post_classname":""},"product_brand":[],"product_cat":[41,37],"product_tag":[253,252,254],"class_list":{"0":"post-1170","1":"product","2":"type-product","3":"status-publish","4":"has-post-thumbnail","6":"product_cat-rgbtw","7":"product_cat-rgbx-led-strip","8":"product_tag-5m-5in1-rgbcct-led-strip-light-5050-60leds-24v","9":"product_tag-ip65-24v-5050-60leds-rgbcct-5-in-1-led-strip-light","10":"product_tag-rgbcct-5-in-1-waterproof-flexible-led-tape-60led-5050-19-2w","12":"first","13":"instock","14":"shipping-taxable","15":"product-type-simple","16":"entry","17":"content-bg","18":"loop-entry"},"yoast_head":"<!-- This site is optimized with the Yoast SEO Premium plugin v24.7 (Yoast SEO v26.7) - https:\/\/yoast.com\/wordpress\/plugins\/seo\/ -->\n<title>12mm 5 in 1 RGB+CCT Led Strip 5050 60leds\/m 19.2w - Essenled<\/title>\n<meta name=\"description\" content=\"60LED\/M RGBCCT 5in1 SMD5050 led strip build a wonderful colorful light world, 16 millions mixed colors for you to choose which can make amazing colorful.\" \/>\n<meta name=\"robots\" content=\"index, follow, max-snippet:-1, max-image-preview:large, max-video-preview:-1\" \/>\n<link rel=\"canonical\" href=\"https:\/\/essenledstrip.com\/es\/producto\/rgbcct-led-strip-smd5050-60leds\/\" \/>\n<meta property=\"og:locale\" content=\"es_ES\" \/>\n<meta property=\"og:type\" content=\"article\" \/>\n<meta property=\"og:title\" content=\"RGBCCT LED Strip SMD5050 60leds\/m 19.2W 12mm\" \/>\n<meta property=\"og:description\" content=\"60LED\/M RGBCCT 5in1 SMD5050 led strip build a wonderful colorful light world, 16 millions mixed colors for you to choose which can make amazing colorful.\" \/>\n<meta property=\"og:url\" content=\"https:\/\/essenledstrip.com\/es\/producto\/rgbcct-led-strip-smd5050-60leds\/\" \/>\n<meta property=\"og:site_name\" content=\"Essenled Lighting\" \/>\n<meta property=\"article:publisher\" content=\"https:\/\/www.facebook.com\/Shenzhen-Essenled-Lighting-COLTD-106633570961729\" \/>\n<meta property=\"article:modified_time\" content=\"2024-03-29T12:51:15+00:00\" \/>\n<meta property=\"og:image\" content=\"https:\/\/essenledstrip.com\/wp-content\/uploads\/2022\/09\/5-colors-in-1-led-strip-light-5050RGBWWW-IP68-DC24V-.webp\" \/>\n\t<meta property=\"og:image:width\" content=\"800\" \/>\n\t<meta property=\"og:image:height\" content=\"800\" \/>\n\t<meta property=\"og:image:type\" content=\"image\/webp\" \/>\n<meta name=\"twitter:card\" content=\"summary_large_image\" \/>\n<meta name=\"twitter:label1\" content=\"Tiempo de lectura\" \/>\n\t<meta name=\"twitter:data1\" content=\"1 minuto\" \/>\n<script type=\"application\/ld+json\" class=\"yoast-schema-graph\">{\"@context\":\"https:\/\/schema.org\",\"@graph\":[{\"@type\":\"WebPage\",\"@id\":\"https:\/\/essenledstrip.com\/product\/rgbcct-led-strip-smd5050-60leds\/\",\"url\":\"https:\/\/essenledstrip.com\/product\/rgbcct-led-strip-smd5050-60leds\/\",\"name\":\"12mm 5 in 1 RGB+CCT Led Strip 5050 60leds\/m 19.2w - Essenled\",\"isPartOf\":{\"@id\":\"https:\/\/essenledstrip.com\/ar\/#website\"},\"primaryImageOfPage\":{\"@id\":\"https:\/\/essenledstrip.com\/product\/rgbcct-led-strip-smd5050-60leds\/#primaryimage\"},\"image\":{\"@id\":\"https:\/\/essenledstrip.com\/product\/rgbcct-led-strip-smd5050-60leds\/#primaryimage\"},\"thumbnailUrl\":\"https:\/\/essenledstrip.com\/wp-content\/uploads\/2022\/09\/5-colors-in-1-led-strip-light-5050RGBWWW-IP68-DC24V-.webp\",\"datePublished\":\"2022-09-22T15:04:25+00:00\",\"dateModified\":\"2024-03-29T12:51:15+00:00\",\"description\":\"60LED\/M RGBCCT 5in1 SMD5050 led strip build a wonderful colorful light world, 16 millions mixed colors for you to choose which can make amazing colorful.\",\"breadcrumb\":{\"@id\":\"https:\/\/essenledstrip.com\/product\/rgbcct-led-strip-smd5050-60leds\/#breadcrumb\"},\"inLanguage\":\"es\",\"potentialAction\":[{\"@type\":\"ReadAction\",\"target\":[\"https:\/\/essenledstrip.com\/product\/rgbcct-led-strip-smd5050-60leds\/\"]}]},{\"@type\":\"ImageObject\",\"inLanguage\":\"es\",\"@id\":\"https:\/\/essenledstrip.com\/product\/rgbcct-led-strip-smd5050-60leds\/#primaryimage\",\"url\":\"https:\/\/essenledstrip.com\/wp-content\/uploads\/2022\/09\/5-colors-in-1-led-strip-light-5050RGBWWW-IP68-DC24V-.webp\",\"contentUrl\":\"https:\/\/essenledstrip.com\/wp-content\/uploads\/2022\/09\/5-colors-in-1-led-strip-light-5050RGBWWW-IP68-DC24V-.webp\",\"width\":800,\"height\":800,\"caption\":\"5 colors in 1 led strip light 5050RGBWWW IP68 DC24V\"},{\"@type\":\"BreadcrumbList\",\"@id\":\"https:\/\/essenledstrip.com\/product\/rgbcct-led-strip-smd5050-60leds\/#breadcrumb\",\"itemListElement\":[{\"@type\":\"ListItem\",\"position\":1,\"name\":\"Home\",\"item\":\"https:\/\/essenledstrip.com\/\"},{\"@type\":\"ListItem\",\"position\":2,\"name\":\"Varer\",\"item\":\"https:\/\/essenledstrip.com\/dk\/shop\/\"},{\"@type\":\"ListItem\",\"position\":3,\"name\":\"RGBCCT LED Strip SMD5050 60leds\/m 19.2W 12mm\"}]},{\"@type\":\"WebSite\",\"@id\":\"https:\/\/essenledstrip.com\/ar\/#website\",\"url\":\"https:\/\/essenledstrip.com\/ar\/\",\"name\":\"Essenled Lighting\",\"description\":\"\",\"publisher\":{\"@id\":\"https:\/\/essenledstrip.com\/ar\/#organization\"},\"potentialAction\":[{\"@type\":\"SearchAction\",\"target\":{\"@type\":\"EntryPoint\",\"urlTemplate\":\"https:\/\/essenledstrip.com\/ar\/?s={search_term_string}\"},\"query-input\":{\"@type\":\"PropertyValueSpecification\",\"valueRequired\":true,\"valueName\":\"search_term_string\"}}],\"inLanguage\":\"es\"},{\"@type\":\"Organization\",\"@id\":\"https:\/\/essenledstrip.com\/ar\/#organization\",\"name\":\"Shenzhen Essenled Lighting CO.,LTD\",\"url\":\"https:\/\/essenledstrip.com\/ar\/\",\"logo\":{\"@type\":\"ImageObject\",\"inLanguage\":\"es\",\"@id\":\"https:\/\/essenledstrip.com\/ar\/#\/schema\/logo\/image\/\",\"url\":\"https:\/\/essenledstrip.com\/wp-content\/uploads\/2022\/08\/LOGO.png\",\"contentUrl\":\"https:\/\/essenledstrip.com\/wp-content\/uploads\/2022\/08\/LOGO.png\",\"width\":300,\"height\":100,\"caption\":\"Shenzhen Essenled Lighting CO.,LTD\"},\"image\":{\"@id\":\"https:\/\/essenledstrip.com\/ar\/#\/schema\/logo\/image\/\"},\"sameAs\":[\"https:\/\/www.facebook.com\/Shenzhen-Essenled-Lighting-COLTD-106633570961729\"]}]}<\/script>\n<!-- \/ Yoast SEO Premium plugin. -->","yoast_head_json":{"title":"12mm 5 in 1 RGB+CCT Led Strip 5050 60leds\/m 19.2w - Essenled","description":"60LED\/M RGBCCT 5in1 SMD5050 led strip build a wonderful colorful light world, 16 millions mixed colors for you to choose which can make amazing colorful.","robots":{"index":"index","follow":"follow","max-snippet":"max-snippet:-1","max-image-preview":"max-image-preview:large","max-video-preview":"max-video-preview:-1"},"canonical":"https:\/\/essenledstrip.com\/es\/producto\/rgbcct-led-strip-smd5050-60leds\/","og_locale":"es_ES","og_type":"article","og_title":"RGBCCT LED Strip SMD5050 60leds\/m 19.2W 12mm","og_description":"60LED\/M RGBCCT 5in1 SMD5050 led strip build a wonderful colorful light world, 16 millions mixed colors for you to choose which can make amazing colorful.","og_url":"https:\/\/essenledstrip.com\/es\/producto\/rgbcct-led-strip-smd5050-60leds\/","og_site_name":"Essenled Lighting","article_publisher":"https:\/\/www.facebook.com\/Shenzhen-Essenled-Lighting-COLTD-106633570961729","article_modified_time":"2024-03-29T12:51:15+00:00","og_image":[{"width":800,"height":800,"url":"https:\/\/essenledstrip.com\/wp-content\/uploads\/2022\/09\/5-colors-in-1-led-strip-light-5050RGBWWW-IP68-DC24V-.webp","type":"image\/webp"}],"twitter_card":"summary_large_image","twitter_misc":{"Tiempo de lectura":"1 minuto"},"schema":{"@context":"https:\/\/schema.org","@graph":[{"@type":"WebPage","@id":"https:\/\/essenledstrip.com\/product\/rgbcct-led-strip-smd5050-60leds\/","url":"https:\/\/essenledstrip.com\/product\/rgbcct-led-strip-smd5050-60leds\/","name":"12mm 5 in 1 RGB+CCT Led Strip 5050 60leds\/m 19.2w - Essenled","isPartOf":{"@id":"https:\/\/essenledstrip.com\/ar\/#website"},"primaryImageOfPage":{"@id":"https:\/\/essenledstrip.com\/product\/rgbcct-led-strip-smd5050-60leds\/#primaryimage"},"image":{"@id":"https:\/\/essenledstrip.com\/product\/rgbcct-led-strip-smd5050-60leds\/#primaryimage"},"thumbnailUrl":"https:\/\/essenledstrip.com\/wp-content\/uploads\/2022\/09\/5-colors-in-1-led-strip-light-5050RGBWWW-IP68-DC24V-.webp","datePublished":"2022-09-22T15:04:25+00:00","dateModified":"2024-03-29T12:51:15+00:00","description":"60LED\/M RGBCCT 5in1 SMD5050 led strip build a wonderful colorful light world, 16 millions mixed colors for you to choose which can make amazing colorful.","breadcrumb":{"@id":"https:\/\/essenledstrip.com\/product\/rgbcct-led-strip-smd5050-60leds\/#breadcrumb"},"inLanguage":"es","potentialAction":[{"@type":"ReadAction","target":["https:\/\/essenledstrip.com\/product\/rgbcct-led-strip-smd5050-60leds\/"]}]},{"@type":"ImageObject","inLanguage":"es","@id":"https:\/\/essenledstrip.com\/product\/rgbcct-led-strip-smd5050-60leds\/#primaryimage","url":"https:\/\/essenledstrip.com\/wp-content\/uploads\/2022\/09\/5-colors-in-1-led-strip-light-5050RGBWWW-IP68-DC24V-.webp","contentUrl":"https:\/\/essenledstrip.com\/wp-content\/uploads\/2022\/09\/5-colors-in-1-led-strip-light-5050RGBWWW-IP68-DC24V-.webp","width":800,"height":800,"caption":"5 colors in 1 led strip light 5050RGBWWW IP68 DC24V"},{"@type":"BreadcrumbList","@id":"https:\/\/essenledstrip.com\/product\/rgbcct-led-strip-smd5050-60leds\/#breadcrumb","itemListElement":[{"@type":"ListItem","position":1,"name":"Home","item":"https:\/\/essenledstrip.com\/"},{"@type":"ListItem","position":2,"name":"Varer","item":"https:\/\/essenledstrip.com\/dk\/shop\/"},{"@type":"ListItem","position":3,"name":"RGBCCT LED Strip SMD5050 60leds\/m 19.2W 12mm"}]},{"@type":"WebSite","@id":"https:\/\/essenledstrip.com\/ar\/#website","url":"https:\/\/essenledstrip.com\/ar\/","name":"Essenled Lighting","description":"","publisher":{"@id":"https:\/\/essenledstrip.com\/ar\/#organization"},"potentialAction":[{"@type":"SearchAction","target":{"@type":"EntryPoint","urlTemplate":"https:\/\/essenledstrip.com\/ar\/?s={search_term_string}"},"query-input":{"@type":"PropertyValueSpecification","valueRequired":true,"valueName":"search_term_string"}}],"inLanguage":"es"},{"@type":"Organization","@id":"https:\/\/essenledstrip.com\/ar\/#organization","name":"Shenzhen Essenled Lighting CO.,LTD","url":"https:\/\/essenledstrip.com\/ar\/","logo":{"@type":"ImageObject","inLanguage":"es","@id":"https:\/\/essenledstrip.com\/ar\/#\/schema\/logo\/image\/","url":"https:\/\/essenledstrip.com\/wp-content\/uploads\/2022\/08\/LOGO.png","contentUrl":"https:\/\/essenledstrip.com\/wp-content\/uploads\/2022\/08\/LOGO.png","width":300,"height":100,"caption":"Shenzhen Essenled Lighting CO.,LTD"},"image":{"@id":"https:\/\/essenledstrip.com\/ar\/#\/schema\/logo\/image\/"},"sameAs":["https:\/\/www.facebook.com\/Shenzhen-Essenled-Lighting-COLTD-106633570961729"]}]}},"_links":{"self":[{"href":"https:\/\/essenledstrip.com\/es\/wp-json\/wp\/v2\/product\/1170","targetHints":{"allow":["GET"]}}],"collection":[{"href":"https:\/\/essenledstrip.com\/es\/wp-json\/wp\/v2\/product"}],"about":[{"href":"https:\/\/essenledstrip.com\/es\/wp-json\/wp\/v2\/types\/product"}],"version-history":[{"count":0,"href":"https:\/\/essenledstrip.com\/es\/wp-json\/wp\/v2\/product\/1170\/revisions"}],"wp:featuredmedia":[{"embeddable":true,"href":"https:\/\/essenledstrip.com\/es\/wp-json\/wp\/v2\/media\/2809"}],"wp:attachment":[{"href":"https:\/\/essenledstrip.com\/es\/wp-json\/wp\/v2\/media?parent=1170"}],"wp:term":[{"taxonomy":"product_brand","embeddable":true,"href":"https:\/\/essenledstrip.com\/es\/wp-json\/wp\/v2\/product_brand?post=1170"},{"taxonomy":"product_cat","embeddable":true,"href":"https:\/\/essenledstrip.com\/es\/wp-json\/wp\/v2\/product_cat?post=1170"},{"taxonomy":"product_tag","embeddable":true,"href":"https:\/\/essenledstrip.com\/es\/wp-json\/wp\/v2\/product_tag?post=1170"}],"curies":[{"name":"wp","href":"https:\/\/api.w.org\/{rel}","templated":true}]}}