{"id":1315,"date":"2022-09-26T11:05:35","date_gmt":"2022-09-26T03:05:35","guid":{"rendered":"https:\/\/essenledstrip.com\/?post_type=product&#038;p=1315"},"modified":"2024-03-30T07:41:08","modified_gmt":"2024-03-29T23:41:08","slug":"side-emitting-led-strip-smd3014-120leds","status":"publish","type":"product","link":"https:\/\/essenledstrip.com\/es\/producto\/tira-led-emisora-lateral-smd3014-120leds\/","title":{"rendered":"Tira Led Emisora Lateral SMD3014 120leds 12W 24V 8mm"},"content":{"rendered":"","protected":false},"excerpt":{"rendered":"<p>La tira LED de emisi\u00f3n lateral proyecta la luz hacia un lado de la tira flexible, en lugar de hacia arriba. Esto significa que se puede ocultar y aun as\u00ed iluminar algo desde un lado. ideal para rotulaci\u00f3n de se\u00f1alizaci\u00f3n y resaltado de bordes. De tal manera que la iluminaci\u00f3n se emite desde el costado en lugar de las tiras est\u00e1ndar que emiten luz desde la parte superior de la superficie.<\/p>\n<p>La tira de led de emisi\u00f3n lateral smd3014 60 leds\/m (12w\/m) DC12v (25 mm\/corte) y DC24v (50 mm\/corte), placa pcb de una sola l\u00ednea de 8 mm, disponible en 2700 K, 3000 K, 4000 K, 6000 K, las tiras de led de emisi\u00f3n lateral contienen solo serie de color, serie RGB y serie RGBW.<\/p>\n<p>La serie de tiras de LED de emisi\u00f3n lateral est\u00e1 clasificada para uso en interiores, los LED est\u00e1n dise\u00f1ados para emitir haces de luz de lado, paralelos a superficies planas sin que las tiras est\u00e9n a la vista para resaltar pasillos, escaleras y rincones. los LED est\u00e1n dise\u00f1ados para emitir haces de forma lateral, paralela a superficies planas sin que las tiras est\u00e9n a la vista. La construcci\u00f3n flexible de la tira combinada con el respaldo adhesivo de 3M y el dise\u00f1o cortado a la medida lo hacen conveniente para elevar cualquier espacio interior.<\/p>\n<p><img fetchpriority=\"high\" decoding=\"async\" class=\"alignnone wp-image-1321 size-large\" src=\"https:\/\/essenledstrip.com\/wp-content\/uploads\/2022\/09\/20220907172420-1-1024x144.webp\" alt=\"\" width=\"1024\" height=\"144\" srcset=\"https:\/\/essenledstrip.com\/wp-content\/uploads\/2022\/09\/20220907172420-1-1024x144.webp 1024w, https:\/\/essenledstrip.com\/wp-content\/uploads\/2022\/09\/20220907172420-1-300x42.webp 300w, https:\/\/essenledstrip.com\/wp-content\/uploads\/2022\/09\/20220907172420-1-768x108.webp 768w, https:\/\/essenledstrip.com\/wp-content\/uploads\/2022\/09\/20220907172420-1-18x3.webp 18w, https:\/\/essenledstrip.com\/wp-content\/uploads\/2022\/09\/20220907172420-1-600x84.webp 600w, https:\/\/essenledstrip.com\/wp-content\/uploads\/2022\/09\/20220907172420-1.webp 1336w\" sizes=\"(max-width: 1024px) 100vw, 1024px\" \/><\/p>","protected":false},"featured_media":2780,"template":"","meta":{"_kad_post_transparent":"default","_kad_post_title":"","_kad_post_layout":"default","_kad_post_sidebar_id":"","_kad_post_content_style":"default","_kad_post_vertical_padding":"default","_kad_post_feature":"","_kad_post_feature_position":"","_kad_post_header":false,"_kad_post_footer":false,"_kad_post_classname":""},"product_brand":[],"product_cat":[256,48],"product_tag":[299,300,301],"class_list":{"0":"post-1315","1":"product","2":"type-product","3":"status-publish","4":"has-post-thumbnail","6":"product_cat-side-emitting-led-strip","7":"product_cat-special-led-strip","8":"product_tag-120leds-3014-12v-24v-side-emitting-led-strip-lights-12w","9":"product_tag-3014-side-emitting-led-strip-lights-120leds-12v-24v-8mm","10":"product_tag-hgih-bright-side-view-120leds-3014-side-emitting-led-strip","12":"first","13":"instock","14":"shipping-taxable","15":"product-type-simple","16":"entry","17":"content-bg","18":"loop-entry"},"yoast_head":"<!-- This site is optimized with the Yoast SEO Premium plugin v24.7 (Yoast SEO v26.7) - https:\/\/yoast.com\/wordpress\/plugins\/seo\/ -->\n<title>3014 Side Emitting Led Strip Lights 120led\/m 12W 8mm Width<\/title>\n<meta name=\"description\" content=\"Best one 3014 side emitting led strip 120leds\/m with high density, Input Voltage available in DC12V\/DC24V optional, 12W with CRI80+, 90+, support OEM&amp;ODM.\" \/>\n<meta name=\"robots\" content=\"index, follow, max-snippet:-1, max-image-preview:large, max-video-preview:-1\" \/>\n<link rel=\"canonical\" href=\"https:\/\/essenledstrip.com\/es\/producto\/tira-led-emisora-lateral-smd3014-120leds\/\" \/>\n<meta property=\"og:locale\" content=\"es_ES\" \/>\n<meta property=\"og:type\" content=\"article\" \/>\n<meta property=\"og:title\" content=\"Side Emitting Led Strip SMD3014 120leds 12W 24V 8mm\" \/>\n<meta property=\"og:description\" content=\"Best one 3014 side emitting led strip 120leds\/m with high density, Input Voltage available in DC12V\/DC24V optional, 12W with CRI80+, 90+, support OEM&amp;ODM.\" \/>\n<meta property=\"og:url\" content=\"https:\/\/essenledstrip.com\/es\/producto\/tira-led-emisora-lateral-smd3014-120leds\/\" \/>\n<meta property=\"og:site_name\" content=\"Essenled Lighting\" \/>\n<meta property=\"article:publisher\" content=\"https:\/\/www.facebook.com\/Shenzhen-Essenled-Lighting-COLTD-106633570961729\" \/>\n<meta property=\"article:modified_time\" content=\"2024-03-29T23:41:08+00:00\" \/>\n<meta property=\"og:image\" content=\"https:\/\/essenledstrip.com\/wp-content\/uploads\/2022\/09\/Side-emitting-120leds-high-density.webp\" \/>\n\t<meta property=\"og:image:width\" content=\"800\" \/>\n\t<meta property=\"og:image:height\" content=\"800\" \/>\n\t<meta property=\"og:image:type\" content=\"image\/webp\" \/>\n<meta name=\"twitter:card\" content=\"summary_large_image\" \/>\n<meta name=\"twitter:label1\" content=\"Tiempo de lectura\" \/>\n\t<meta name=\"twitter:data1\" content=\"1 minuto\" \/>\n<script type=\"application\/ld+json\" class=\"yoast-schema-graph\">{\"@context\":\"https:\/\/schema.org\",\"@graph\":[{\"@type\":\"WebPage\",\"@id\":\"https:\/\/essenledstrip.com\/product\/side-emitting-led-strip-smd3014-120leds\/\",\"url\":\"https:\/\/essenledstrip.com\/product\/side-emitting-led-strip-smd3014-120leds\/\",\"name\":\"3014 Side Emitting Led Strip Lights 120led\/m 12W 8mm Width\",\"isPartOf\":{\"@id\":\"https:\/\/essenledstrip.com\/ar\/#website\"},\"primaryImageOfPage\":{\"@id\":\"https:\/\/essenledstrip.com\/product\/side-emitting-led-strip-smd3014-120leds\/#primaryimage\"},\"image\":{\"@id\":\"https:\/\/essenledstrip.com\/product\/side-emitting-led-strip-smd3014-120leds\/#primaryimage\"},\"thumbnailUrl\":\"https:\/\/essenledstrip.com\/wp-content\/uploads\/2022\/09\/Side-emitting-120leds-high-density.webp\",\"datePublished\":\"2022-09-26T03:05:35+00:00\",\"dateModified\":\"2024-03-29T23:41:08+00:00\",\"description\":\"Best one 3014 side emitting led strip 120leds\/m with high density, Input Voltage available in DC12V\/DC24V optional, 12W with CRI80+, 90+, support OEM&ODM.\",\"breadcrumb\":{\"@id\":\"https:\/\/essenledstrip.com\/product\/side-emitting-led-strip-smd3014-120leds\/#breadcrumb\"},\"inLanguage\":\"es\",\"potentialAction\":[{\"@type\":\"ReadAction\",\"target\":[\"https:\/\/essenledstrip.com\/product\/side-emitting-led-strip-smd3014-120leds\/\"]}]},{\"@type\":\"ImageObject\",\"inLanguage\":\"es\",\"@id\":\"https:\/\/essenledstrip.com\/product\/side-emitting-led-strip-smd3014-120leds\/#primaryimage\",\"url\":\"https:\/\/essenledstrip.com\/wp-content\/uploads\/2022\/09\/Side-emitting-120leds-high-density.webp\",\"contentUrl\":\"https:\/\/essenledstrip.com\/wp-content\/uploads\/2022\/09\/Side-emitting-120leds-high-density.webp\",\"width\":800,\"height\":800,\"caption\":\"Side emitting 120leds high density\"},{\"@type\":\"BreadcrumbList\",\"@id\":\"https:\/\/essenledstrip.com\/product\/side-emitting-led-strip-smd3014-120leds\/#breadcrumb\",\"itemListElement\":[{\"@type\":\"ListItem\",\"position\":1,\"name\":\"Home\",\"item\":\"https:\/\/essenledstrip.com\/\"},{\"@type\":\"ListItem\",\"position\":2,\"name\":\"Varer\",\"item\":\"https:\/\/essenledstrip.com\/dk\/shop\/\"},{\"@type\":\"ListItem\",\"position\":3,\"name\":\"Side Emitting Led Strip SMD3014 120leds 12W 24V 8mm\"}]},{\"@type\":\"WebSite\",\"@id\":\"https:\/\/essenledstrip.com\/ar\/#website\",\"url\":\"https:\/\/essenledstrip.com\/ar\/\",\"name\":\"Essenled Lighting\",\"description\":\"\",\"publisher\":{\"@id\":\"https:\/\/essenledstrip.com\/ar\/#organization\"},\"potentialAction\":[{\"@type\":\"SearchAction\",\"target\":{\"@type\":\"EntryPoint\",\"urlTemplate\":\"https:\/\/essenledstrip.com\/ar\/?s={search_term_string}\"},\"query-input\":{\"@type\":\"PropertyValueSpecification\",\"valueRequired\":true,\"valueName\":\"search_term_string\"}}],\"inLanguage\":\"es\"},{\"@type\":\"Organization\",\"@id\":\"https:\/\/essenledstrip.com\/ar\/#organization\",\"name\":\"Shenzhen Essenled Lighting CO.,LTD\",\"url\":\"https:\/\/essenledstrip.com\/ar\/\",\"logo\":{\"@type\":\"ImageObject\",\"inLanguage\":\"es\",\"@id\":\"https:\/\/essenledstrip.com\/ar\/#\/schema\/logo\/image\/\",\"url\":\"https:\/\/essenledstrip.com\/wp-content\/uploads\/2022\/08\/LOGO.png\",\"contentUrl\":\"https:\/\/essenledstrip.com\/wp-content\/uploads\/2022\/08\/LOGO.png\",\"width\":300,\"height\":100,\"caption\":\"Shenzhen Essenled Lighting CO.,LTD\"},\"image\":{\"@id\":\"https:\/\/essenledstrip.com\/ar\/#\/schema\/logo\/image\/\"},\"sameAs\":[\"https:\/\/www.facebook.com\/Shenzhen-Essenled-Lighting-COLTD-106633570961729\"]}]}<\/script>\n<!-- \/ Yoast SEO Premium plugin. -->","yoast_head_json":{"title":"3014 Side Emitting Led Strip Lights 120led\/m 12W 8mm Width","description":"Best one 3014 side emitting led strip 120leds\/m with high density, Input Voltage available in DC12V\/DC24V optional, 12W with CRI80+, 90+, support OEM&ODM.","robots":{"index":"index","follow":"follow","max-snippet":"max-snippet:-1","max-image-preview":"max-image-preview:large","max-video-preview":"max-video-preview:-1"},"canonical":"https:\/\/essenledstrip.com\/es\/producto\/tira-led-emisora-lateral-smd3014-120leds\/","og_locale":"es_ES","og_type":"article","og_title":"Side Emitting Led Strip SMD3014 120leds 12W 24V 8mm","og_description":"Best one 3014 side emitting led strip 120leds\/m with high density, Input Voltage available in DC12V\/DC24V optional, 12W with CRI80+, 90+, support OEM&ODM.","og_url":"https:\/\/essenledstrip.com\/es\/producto\/tira-led-emisora-lateral-smd3014-120leds\/","og_site_name":"Essenled Lighting","article_publisher":"https:\/\/www.facebook.com\/Shenzhen-Essenled-Lighting-COLTD-106633570961729","article_modified_time":"2024-03-29T23:41:08+00:00","og_image":[{"width":800,"height":800,"url":"https:\/\/essenledstrip.com\/wp-content\/uploads\/2022\/09\/Side-emitting-120leds-high-density.webp","type":"image\/webp"}],"twitter_card":"summary_large_image","twitter_misc":{"Tiempo de lectura":"1 minuto"},"schema":{"@context":"https:\/\/schema.org","@graph":[{"@type":"WebPage","@id":"https:\/\/essenledstrip.com\/product\/side-emitting-led-strip-smd3014-120leds\/","url":"https:\/\/essenledstrip.com\/product\/side-emitting-led-strip-smd3014-120leds\/","name":"3014 Side Emitting Led Strip Lights 120led\/m 12W 8mm Width","isPartOf":{"@id":"https:\/\/essenledstrip.com\/ar\/#website"},"primaryImageOfPage":{"@id":"https:\/\/essenledstrip.com\/product\/side-emitting-led-strip-smd3014-120leds\/#primaryimage"},"image":{"@id":"https:\/\/essenledstrip.com\/product\/side-emitting-led-strip-smd3014-120leds\/#primaryimage"},"thumbnailUrl":"https:\/\/essenledstrip.com\/wp-content\/uploads\/2022\/09\/Side-emitting-120leds-high-density.webp","datePublished":"2022-09-26T03:05:35+00:00","dateModified":"2024-03-29T23:41:08+00:00","description":"Best one 3014 side emitting led strip 120leds\/m with high density, Input Voltage available in DC12V\/DC24V optional, 12W with CRI80+, 90+, support OEM&ODM.","breadcrumb":{"@id":"https:\/\/essenledstrip.com\/product\/side-emitting-led-strip-smd3014-120leds\/#breadcrumb"},"inLanguage":"es","potentialAction":[{"@type":"ReadAction","target":["https:\/\/essenledstrip.com\/product\/side-emitting-led-strip-smd3014-120leds\/"]}]},{"@type":"ImageObject","inLanguage":"es","@id":"https:\/\/essenledstrip.com\/product\/side-emitting-led-strip-smd3014-120leds\/#primaryimage","url":"https:\/\/essenledstrip.com\/wp-content\/uploads\/2022\/09\/Side-emitting-120leds-high-density.webp","contentUrl":"https:\/\/essenledstrip.com\/wp-content\/uploads\/2022\/09\/Side-emitting-120leds-high-density.webp","width":800,"height":800,"caption":"Side emitting 120leds high density"},{"@type":"BreadcrumbList","@id":"https:\/\/essenledstrip.com\/product\/side-emitting-led-strip-smd3014-120leds\/#breadcrumb","itemListElement":[{"@type":"ListItem","position":1,"name":"Home","item":"https:\/\/essenledstrip.com\/"},{"@type":"ListItem","position":2,"name":"Varer","item":"https:\/\/essenledstrip.com\/dk\/shop\/"},{"@type":"ListItem","position":3,"name":"Side Emitting Led Strip SMD3014 120leds 12W 24V 8mm"}]},{"@type":"WebSite","@id":"https:\/\/essenledstrip.com\/ar\/#website","url":"https:\/\/essenledstrip.com\/ar\/","name":"Essenled Lighting","description":"","publisher":{"@id":"https:\/\/essenledstrip.com\/ar\/#organization"},"potentialAction":[{"@type":"SearchAction","target":{"@type":"EntryPoint","urlTemplate":"https:\/\/essenledstrip.com\/ar\/?s={search_term_string}"},"query-input":{"@type":"PropertyValueSpecification","valueRequired":true,"valueName":"search_term_string"}}],"inLanguage":"es"},{"@type":"Organization","@id":"https:\/\/essenledstrip.com\/ar\/#organization","name":"Shenzhen Essenled Lighting CO.,LTD","url":"https:\/\/essenledstrip.com\/ar\/","logo":{"@type":"ImageObject","inLanguage":"es","@id":"https:\/\/essenledstrip.com\/ar\/#\/schema\/logo\/image\/","url":"https:\/\/essenledstrip.com\/wp-content\/uploads\/2022\/08\/LOGO.png","contentUrl":"https:\/\/essenledstrip.com\/wp-content\/uploads\/2022\/08\/LOGO.png","width":300,"height":100,"caption":"Shenzhen Essenled Lighting CO.,LTD"},"image":{"@id":"https:\/\/essenledstrip.com\/ar\/#\/schema\/logo\/image\/"},"sameAs":["https:\/\/www.facebook.com\/Shenzhen-Essenled-Lighting-COLTD-106633570961729"]}]}},"_links":{"self":[{"href":"https:\/\/essenledstrip.com\/es\/wp-json\/wp\/v2\/product\/1315","targetHints":{"allow":["GET"]}}],"collection":[{"href":"https:\/\/essenledstrip.com\/es\/wp-json\/wp\/v2\/product"}],"about":[{"href":"https:\/\/essenledstrip.com\/es\/wp-json\/wp\/v2\/types\/product"}],"version-history":[{"count":0,"href":"https:\/\/essenledstrip.com\/es\/wp-json\/wp\/v2\/product\/1315\/revisions"}],"wp:featuredmedia":[{"embeddable":true,"href":"https:\/\/essenledstrip.com\/es\/wp-json\/wp\/v2\/media\/2780"}],"wp:attachment":[{"href":"https:\/\/essenledstrip.com\/es\/wp-json\/wp\/v2\/media?parent=1315"}],"wp:term":[{"taxonomy":"product_brand","embeddable":true,"href":"https:\/\/essenledstrip.com\/es\/wp-json\/wp\/v2\/product_brand?post=1315"},{"taxonomy":"product_cat","embeddable":true,"href":"https:\/\/essenledstrip.com\/es\/wp-json\/wp\/v2\/product_cat?post=1315"},{"taxonomy":"product_tag","embeddable":true,"href":"https:\/\/essenledstrip.com\/es\/wp-json\/wp\/v2\/product_tag?post=1315"}],"curies":[{"name":"wp","href":"https:\/\/api.w.org\/{rel}","templated":true}]}}