{"id":1427,"date":"2022-09-29T23:28:50","date_gmt":"2022-09-29T15:28:50","guid":{"rendered":"https:\/\/essenledstrip.com\/?post_type=product&#038;p=1427"},"modified":"2022-09-29T23:28:50","modified_gmt":"2022-09-29T15:28:50","slug":"ip67-waterproof-s1220-silicone-neon-led-strip","status":"publish","type":"product","link":"https:\/\/essenledstrip.com\/es\/producto\/ip67-impermeable-s1220-silicona-neon-led-strip\/","title":{"rendered":"Tira de LED de ne\u00f3n de silicona IP67 resistente al agua S1220"},"content":{"rendered":"","protected":false},"excerpt":{"rendered":"<p>Todas nuestras tiras de luces LED de ne\u00f3n de silicona tienen m\u00e1s de IP65 probadas y certificadas a prueba de agua, lo que garantiza un alto rendimiento y una larga vida \u00fatil. Podemos ofrecer tiras de luces LED de ne\u00f3n flexibles personalizadas con color, tama\u00f1o, largo, CRI y varios accesorios personalizados.<\/p>\n<ul>\n<li>Vista lateral de luz de ne\u00f3n led de silicona 12 mm * 20 mm (ancho * alto), DC24V.<\/li>\n<li>Tiene protecci\u00f3n IP67, nunca amarillo, resistente a los rayos UV, resistente al agua salada y resistente a altas temperaturas mediante revestimiento de silicona opal.<\/li>\n<li>La luminancia uniforme y la ausencia de puntos brindar\u00e1n el rendimiento m\u00e1s excelente para aplicaciones en interiores y exteriores.<\/li>\n<\/ul>\n<p>Ofrecemos soluciones personalizadas, servicio OEM, ODM. Mayoristas, distribuidores, comerciantes, comerciantes, agentes son bienvenidos a comprar al por mayor con nosotros.<\/p>\n<p><img fetchpriority=\"high\" decoding=\"async\" class=\"alignnone wp-image-1433 size-large\" src=\"https:\/\/essenledstrip.com\/wp-content\/uploads\/2022\/09\/20220928151747-1024x312.webp\" alt=\"\" width=\"1024\" height=\"312\" srcset=\"https:\/\/essenledstrip.com\/wp-content\/uploads\/2022\/09\/20220928151747-1024x312.webp 1024w, https:\/\/essenledstrip.com\/wp-content\/uploads\/2022\/09\/20220928151747-300x91.webp 300w, https:\/\/essenledstrip.com\/wp-content\/uploads\/2022\/09\/20220928151747-768x234.webp 768w, https:\/\/essenledstrip.com\/wp-content\/uploads\/2022\/09\/20220928151747-18x5.webp 18w, https:\/\/essenledstrip.com\/wp-content\/uploads\/2022\/09\/20220928151747-600x183.webp 600w, https:\/\/essenledstrip.com\/wp-content\/uploads\/2022\/09\/20220928151747.webp 1490w\" sizes=\"(max-width: 1024px) 100vw, 1024px\" \/><\/p>","protected":false},"featured_media":1429,"template":"","meta":{"_kad_post_transparent":"default","_kad_post_title":"","_kad_post_layout":"default","_kad_post_sidebar_id":"","_kad_post_content_style":"default","_kad_post_vertical_padding":"default","_kad_post_feature":"","_kad_post_feature_position":"","_kad_post_header":false,"_kad_post_footer":false,"_kad_post_classname":""},"product_brand":[],"product_cat":[57,59],"product_tag":[335,336,334],"class_list":{"0":"post-1427","1":"product","2":"type-product","3":"status-publish","4":"has-post-thumbnail","6":"product_cat-neon-led-strip","7":"product_cat-side-view-neon-strip","8":"product_tag-1220-silicone-neon-light-side-view-emitting-5w-10w-15w","9":"product_tag-custmized-ip67-silicone-neon-light-manufacturer-1220","10":"product_tag-ip67-waterproof-silicone-neon-strip-1220-for-outdoor-use","12":"first","13":"instock","14":"shipping-taxable","15":"product-type-simple","16":"entry","17":"content-bg","18":"loop-entry"},"yoast_head":"<!-- This site is optimized with the Yoast SEO Premium plugin v24.7 (Yoast SEO v26.7) - https:\/\/yoast.com\/wordpress\/plugins\/seo\/ -->\n<title>Flexible Neon strip Light S1220 RGBW Manufacturer - Essenled<\/title>\n<meta name=\"description\" content=\"China Flexible White silicone Neon Tube Light S1220 with High-Quality, it is never yellow, UV resistant, saltwater resistant and high temperature resistant.\" \/>\n<meta name=\"robots\" content=\"index, follow, max-snippet:-1, max-image-preview:large, max-video-preview:-1\" \/>\n<link rel=\"canonical\" href=\"https:\/\/essenledstrip.com\/es\/producto\/ip67-impermeable-s1220-silicona-neon-led-strip\/\" \/>\n<meta property=\"og:locale\" content=\"es_ES\" \/>\n<meta property=\"og:type\" content=\"article\" \/>\n<meta property=\"og:title\" content=\"IP67 Waterproof S1220 Silicone Neon LED Strip\" \/>\n<meta property=\"og:description\" content=\"China Flexible White silicone Neon Tube Light S1220 with High-Quality, it is never yellow, UV resistant, saltwater resistant and high temperature resistant.\" \/>\n<meta property=\"og:url\" content=\"https:\/\/essenledstrip.com\/es\/producto\/ip67-impermeable-s1220-silicona-neon-led-strip\/\" \/>\n<meta property=\"og:site_name\" content=\"Essenled Lighting\" \/>\n<meta property=\"article:publisher\" content=\"https:\/\/www.facebook.com\/Shenzhen-Essenled-Lighting-COLTD-106633570961729\" \/>\n<meta property=\"og:image\" content=\"https:\/\/essenledstrip.com\/wp-content\/uploads\/2022\/09\/IP67-waterproof-silicone-neon-strip-1220-for-outdoor-use.webp\" \/>\n\t<meta property=\"og:image:width\" content=\"800\" \/>\n\t<meta property=\"og:image:height\" content=\"800\" \/>\n\t<meta property=\"og:image:type\" content=\"image\/webp\" \/>\n<meta name=\"twitter:card\" content=\"summary_large_image\" \/>\n<script type=\"application\/ld+json\" class=\"yoast-schema-graph\">{\"@context\":\"https:\/\/schema.org\",\"@graph\":[{\"@type\":\"WebPage\",\"@id\":\"https:\/\/essenledstrip.com\/product\/ip67-waterproof-s1220-silicone-neon-led-strip\/\",\"url\":\"https:\/\/essenledstrip.com\/product\/ip67-waterproof-s1220-silicone-neon-led-strip\/\",\"name\":\"Flexible Neon strip Light S1220 RGBW Manufacturer - Essenled\",\"isPartOf\":{\"@id\":\"https:\/\/essenledstrip.com\/ar\/#website\"},\"primaryImageOfPage\":{\"@id\":\"https:\/\/essenledstrip.com\/product\/ip67-waterproof-s1220-silicone-neon-led-strip\/#primaryimage\"},\"image\":{\"@id\":\"https:\/\/essenledstrip.com\/product\/ip67-waterproof-s1220-silicone-neon-led-strip\/#primaryimage\"},\"thumbnailUrl\":\"https:\/\/essenledstrip.com\/wp-content\/uploads\/2022\/09\/IP67-waterproof-silicone-neon-strip-1220-for-outdoor-use.webp\",\"datePublished\":\"2022-09-29T15:28:50+00:00\",\"description\":\"China Flexible White silicone Neon Tube Light S1220 with High-Quality, it is never yellow, UV resistant, saltwater resistant and high temperature resistant.\",\"breadcrumb\":{\"@id\":\"https:\/\/essenledstrip.com\/product\/ip67-waterproof-s1220-silicone-neon-led-strip\/#breadcrumb\"},\"inLanguage\":\"es\",\"potentialAction\":[{\"@type\":\"ReadAction\",\"target\":[\"https:\/\/essenledstrip.com\/product\/ip67-waterproof-s1220-silicone-neon-led-strip\/\"]}]},{\"@type\":\"ImageObject\",\"inLanguage\":\"es\",\"@id\":\"https:\/\/essenledstrip.com\/product\/ip67-waterproof-s1220-silicone-neon-led-strip\/#primaryimage\",\"url\":\"https:\/\/essenledstrip.com\/wp-content\/uploads\/2022\/09\/IP67-waterproof-silicone-neon-strip-1220-for-outdoor-use.webp\",\"contentUrl\":\"https:\/\/essenledstrip.com\/wp-content\/uploads\/2022\/09\/IP67-waterproof-silicone-neon-strip-1220-for-outdoor-use.webp\",\"width\":800,\"height\":800,\"caption\":\"IP67 waterproof silicone neon strip 1220 for outdoor use\"},{\"@type\":\"BreadcrumbList\",\"@id\":\"https:\/\/essenledstrip.com\/product\/ip67-waterproof-s1220-silicone-neon-led-strip\/#breadcrumb\",\"itemListElement\":[{\"@type\":\"ListItem\",\"position\":1,\"name\":\"Home\",\"item\":\"https:\/\/essenledstrip.com\/\"},{\"@type\":\"ListItem\",\"position\":2,\"name\":\"Varer\",\"item\":\"https:\/\/essenledstrip.com\/dk\/shop\/\"},{\"@type\":\"ListItem\",\"position\":3,\"name\":\"IP67 Waterproof S1220 Silicone Neon LED Strip\"}]},{\"@type\":\"WebSite\",\"@id\":\"https:\/\/essenledstrip.com\/ar\/#website\",\"url\":\"https:\/\/essenledstrip.com\/ar\/\",\"name\":\"Essenled Lighting\",\"description\":\"\",\"publisher\":{\"@id\":\"https:\/\/essenledstrip.com\/ar\/#organization\"},\"potentialAction\":[{\"@type\":\"SearchAction\",\"target\":{\"@type\":\"EntryPoint\",\"urlTemplate\":\"https:\/\/essenledstrip.com\/ar\/?s={search_term_string}\"},\"query-input\":{\"@type\":\"PropertyValueSpecification\",\"valueRequired\":true,\"valueName\":\"search_term_string\"}}],\"inLanguage\":\"es\"},{\"@type\":\"Organization\",\"@id\":\"https:\/\/essenledstrip.com\/ar\/#organization\",\"name\":\"Shenzhen Essenled Lighting CO.,LTD\",\"url\":\"https:\/\/essenledstrip.com\/ar\/\",\"logo\":{\"@type\":\"ImageObject\",\"inLanguage\":\"es\",\"@id\":\"https:\/\/essenledstrip.com\/ar\/#\/schema\/logo\/image\/\",\"url\":\"https:\/\/essenledstrip.com\/wp-content\/uploads\/2022\/08\/LOGO.png\",\"contentUrl\":\"https:\/\/essenledstrip.com\/wp-content\/uploads\/2022\/08\/LOGO.png\",\"width\":300,\"height\":100,\"caption\":\"Shenzhen Essenled Lighting CO.,LTD\"},\"image\":{\"@id\":\"https:\/\/essenledstrip.com\/ar\/#\/schema\/logo\/image\/\"},\"sameAs\":[\"https:\/\/www.facebook.com\/Shenzhen-Essenled-Lighting-COLTD-106633570961729\"]}]}<\/script>\n<!-- \/ Yoast SEO Premium plugin. -->","yoast_head_json":{"title":"Flexible Neon strip Light S1220 RGBW Manufacturer - Essenled","description":"China Flexible White silicone Neon Tube Light S1220 with High-Quality, it is never yellow, UV resistant, saltwater resistant and high temperature resistant.","robots":{"index":"index","follow":"follow","max-snippet":"max-snippet:-1","max-image-preview":"max-image-preview:large","max-video-preview":"max-video-preview:-1"},"canonical":"https:\/\/essenledstrip.com\/es\/producto\/ip67-impermeable-s1220-silicona-neon-led-strip\/","og_locale":"es_ES","og_type":"article","og_title":"IP67 Waterproof S1220 Silicone Neon LED Strip","og_description":"China Flexible White silicone Neon Tube Light S1220 with High-Quality, it is never yellow, UV resistant, saltwater resistant and high temperature resistant.","og_url":"https:\/\/essenledstrip.com\/es\/producto\/ip67-impermeable-s1220-silicona-neon-led-strip\/","og_site_name":"Essenled Lighting","article_publisher":"https:\/\/www.facebook.com\/Shenzhen-Essenled-Lighting-COLTD-106633570961729","og_image":[{"width":800,"height":800,"url":"https:\/\/essenledstrip.com\/wp-content\/uploads\/2022\/09\/IP67-waterproof-silicone-neon-strip-1220-for-outdoor-use.webp","type":"image\/webp"}],"twitter_card":"summary_large_image","schema":{"@context":"https:\/\/schema.org","@graph":[{"@type":"WebPage","@id":"https:\/\/essenledstrip.com\/product\/ip67-waterproof-s1220-silicone-neon-led-strip\/","url":"https:\/\/essenledstrip.com\/product\/ip67-waterproof-s1220-silicone-neon-led-strip\/","name":"Flexible Neon strip Light S1220 RGBW Manufacturer - Essenled","isPartOf":{"@id":"https:\/\/essenledstrip.com\/ar\/#website"},"primaryImageOfPage":{"@id":"https:\/\/essenledstrip.com\/product\/ip67-waterproof-s1220-silicone-neon-led-strip\/#primaryimage"},"image":{"@id":"https:\/\/essenledstrip.com\/product\/ip67-waterproof-s1220-silicone-neon-led-strip\/#primaryimage"},"thumbnailUrl":"https:\/\/essenledstrip.com\/wp-content\/uploads\/2022\/09\/IP67-waterproof-silicone-neon-strip-1220-for-outdoor-use.webp","datePublished":"2022-09-29T15:28:50+00:00","description":"China Flexible White silicone Neon Tube Light S1220 with High-Quality, it is never yellow, UV resistant, saltwater resistant and high temperature resistant.","breadcrumb":{"@id":"https:\/\/essenledstrip.com\/product\/ip67-waterproof-s1220-silicone-neon-led-strip\/#breadcrumb"},"inLanguage":"es","potentialAction":[{"@type":"ReadAction","target":["https:\/\/essenledstrip.com\/product\/ip67-waterproof-s1220-silicone-neon-led-strip\/"]}]},{"@type":"ImageObject","inLanguage":"es","@id":"https:\/\/essenledstrip.com\/product\/ip67-waterproof-s1220-silicone-neon-led-strip\/#primaryimage","url":"https:\/\/essenledstrip.com\/wp-content\/uploads\/2022\/09\/IP67-waterproof-silicone-neon-strip-1220-for-outdoor-use.webp","contentUrl":"https:\/\/essenledstrip.com\/wp-content\/uploads\/2022\/09\/IP67-waterproof-silicone-neon-strip-1220-for-outdoor-use.webp","width":800,"height":800,"caption":"IP67 waterproof silicone neon strip 1220 for outdoor use"},{"@type":"BreadcrumbList","@id":"https:\/\/essenledstrip.com\/product\/ip67-waterproof-s1220-silicone-neon-led-strip\/#breadcrumb","itemListElement":[{"@type":"ListItem","position":1,"name":"Home","item":"https:\/\/essenledstrip.com\/"},{"@type":"ListItem","position":2,"name":"Varer","item":"https:\/\/essenledstrip.com\/dk\/shop\/"},{"@type":"ListItem","position":3,"name":"IP67 Waterproof S1220 Silicone Neon LED Strip"}]},{"@type":"WebSite","@id":"https:\/\/essenledstrip.com\/ar\/#website","url":"https:\/\/essenledstrip.com\/ar\/","name":"Essenled Lighting","description":"","publisher":{"@id":"https:\/\/essenledstrip.com\/ar\/#organization"},"potentialAction":[{"@type":"SearchAction","target":{"@type":"EntryPoint","urlTemplate":"https:\/\/essenledstrip.com\/ar\/?s={search_term_string}"},"query-input":{"@type":"PropertyValueSpecification","valueRequired":true,"valueName":"search_term_string"}}],"inLanguage":"es"},{"@type":"Organization","@id":"https:\/\/essenledstrip.com\/ar\/#organization","name":"Shenzhen Essenled Lighting CO.,LTD","url":"https:\/\/essenledstrip.com\/ar\/","logo":{"@type":"ImageObject","inLanguage":"es","@id":"https:\/\/essenledstrip.com\/ar\/#\/schema\/logo\/image\/","url":"https:\/\/essenledstrip.com\/wp-content\/uploads\/2022\/08\/LOGO.png","contentUrl":"https:\/\/essenledstrip.com\/wp-content\/uploads\/2022\/08\/LOGO.png","width":300,"height":100,"caption":"Shenzhen Essenled Lighting CO.,LTD"},"image":{"@id":"https:\/\/essenledstrip.com\/ar\/#\/schema\/logo\/image\/"},"sameAs":["https:\/\/www.facebook.com\/Shenzhen-Essenled-Lighting-COLTD-106633570961729"]}]}},"_links":{"self":[{"href":"https:\/\/essenledstrip.com\/es\/wp-json\/wp\/v2\/product\/1427","targetHints":{"allow":["GET"]}}],"collection":[{"href":"https:\/\/essenledstrip.com\/es\/wp-json\/wp\/v2\/product"}],"about":[{"href":"https:\/\/essenledstrip.com\/es\/wp-json\/wp\/v2\/types\/product"}],"version-history":[{"count":0,"href":"https:\/\/essenledstrip.com\/es\/wp-json\/wp\/v2\/product\/1427\/revisions"}],"wp:featuredmedia":[{"embeddable":true,"href":"https:\/\/essenledstrip.com\/es\/wp-json\/wp\/v2\/media\/1429"}],"wp:attachment":[{"href":"https:\/\/essenledstrip.com\/es\/wp-json\/wp\/v2\/media?parent=1427"}],"wp:term":[{"taxonomy":"product_brand","embeddable":true,"href":"https:\/\/essenledstrip.com\/es\/wp-json\/wp\/v2\/product_brand?post=1427"},{"taxonomy":"product_cat","embeddable":true,"href":"https:\/\/essenledstrip.com\/es\/wp-json\/wp\/v2\/product_cat?post=1427"},{"taxonomy":"product_tag","embeddable":true,"href":"https:\/\/essenledstrip.com\/es\/wp-json\/wp\/v2\/product_tag?post=1427"}],"curies":[{"name":"wp","href":"https:\/\/api.w.org\/{rel}","templated":true}]}}