{"id":1474,"date":"2022-10-02T10:17:16","date_gmt":"2022-10-02T02:17:16","guid":{"rendered":"https:\/\/essenledstrip.com\/?post_type=product&#038;p=1474"},"modified":"2024-03-30T11:42:33","modified_gmt":"2024-03-30T03:42:33","slug":"constant-current-led-strip-10m-60leds","status":"publish","type":"product","link":"https:\/\/essenledstrip.com\/es\/producto\/tira-led-corriente-constante-10m-60leds\/","title":{"rendered":"Tira LED Corriente Constante 10m\/bobina 12.5W\/m 60leds\/m"},"content":{"rendered":"","protected":false},"excerpt":{"rendered":"<p>Las tiras de LED de corriente constante s\u00faper largas est\u00e1n especialmente dise\u00f1adas para usuarios que tienen la intenci\u00f3n de conducir tiras de 10 m, 15 m, 20 m, 30 m metros (100 pies) hasta 100 metros de distancia s\u00faper larga con solo un controlador en un extremo mientras tienen color y brillo precisos en cada uno parte de las tiras. A trav\u00e9s de chips IC integrados a bordo, la corriente el\u00e9ctrica en cada LED tiene exactamente el mismo valor. Esta tecnolog\u00eda permite exactamente la misma salida de luz en cada parte de las tiras de LED, a pesar de las posibles ca\u00eddas de tensi\u00f3n en el lugar de instalaci\u00f3n.<\/p>\n<p>Dise\u00f1o de corriente constante superlarga: SMD2835 60 ledes\/m, 12,5 w\/m, solo 24 V CC, 10 m por carrete, longitud superlarga cada unidad con un controlador, sin ca\u00edda de tensi\u00f3n, color preciso, brillo uniforme en cada parte de las tiras, menos controladores necesario, menos cableado, instalaci\u00f3n m\u00e1s f\u00e1cil.<\/p>\n<p><img decoding=\"async\" class=\"alignnone size-medium wp-image-1479\" src=\"https:\/\/essenledstrip.com\/wp-content\/uploads\/2022\/10\/20220906210418-1-300x77.webp\" alt=\"\" width=\"300\" height=\"77\" srcset=\"https:\/\/essenledstrip.com\/wp-content\/uploads\/2022\/10\/20220906210418-1-300x77.webp 300w, https:\/\/essenledstrip.com\/wp-content\/uploads\/2022\/10\/20220906210418-1-768x197.webp 768w, https:\/\/essenledstrip.com\/wp-content\/uploads\/2022\/10\/20220906210418-1-18x5.webp 18w, https:\/\/essenledstrip.com\/wp-content\/uploads\/2022\/10\/20220906210418-1-600x154.webp 600w, https:\/\/essenledstrip.com\/wp-content\/uploads\/2022\/10\/20220906210418-1.webp 860w\" sizes=\"(max-width: 300px) 100vw, 300px\" \/><\/p>","protected":false},"featured_media":2856,"template":"","meta":{"_kad_post_transparent":"default","_kad_post_title":"","_kad_post_layout":"default","_kad_post_sidebar_id":"","_kad_post_content_style":"default","_kad_post_vertical_padding":"default","_kad_post_feature":"","_kad_post_feature_position":"","_kad_post_header":false,"_kad_post_footer":false,"_kad_post_classname":""},"product_brand":[],"product_cat":[48,56],"product_tag":[349,351,350],"class_list":{"0":"post-1474","1":"product","2":"type-product","3":"status-publish","4":"has-post-thumbnail","6":"product_cat-special-led-strip","7":"product_cat-super-long-constant-current-led-strip","8":"product_tag-constant-current-strip-rgbw-led-strip-24v-15m-reel-11w-m","9":"product_tag-smd5050-60leds-led-strip-constant-current-rgbw-15m-reel","10":"product_tag-super-long-low-voltage-drop-rgbw-strip-15m-reel-24v","12":"first","13":"instock","14":"shipping-taxable","15":"product-type-simple","16":"entry","17":"content-bg","18":"loop-entry"},"yoast_head":"<!-- This site is optimized with the Yoast SEO Premium plugin v24.7 (Yoast SEO v26.7) - https:\/\/yoast.com\/wordpress\/plugins\/seo\/ -->\n<title>Super Long Constant Current Led Strip 10M\/reel 12.5W - Essenled<\/title>\n<meta name=\"description\" content=\"Full Series Super long constant current LED Strip Light Provides 50 meters, 30 meters, 20 meters,15 meters per reel, 60leds 120leds with high density.\" \/>\n<meta name=\"robots\" content=\"index, follow, max-snippet:-1, max-image-preview:large, max-video-preview:-1\" \/>\n<link rel=\"canonical\" href=\"https:\/\/essenledstrip.com\/es\/producto\/tira-led-corriente-constante-10m-60leds\/\" \/>\n<meta property=\"og:locale\" content=\"es_ES\" \/>\n<meta property=\"og:type\" content=\"article\" \/>\n<meta property=\"og:title\" content=\"Constant Current LED Strip 10m\/reel 12.5W\/m 60leds\/m\" \/>\n<meta property=\"og:description\" content=\"Full Series Super long constant current LED Strip Light Provides 50 meters, 30 meters, 20 meters,15 meters per reel, 60leds 120leds with high density.\" \/>\n<meta property=\"og:url\" content=\"https:\/\/essenledstrip.com\/es\/producto\/tira-led-corriente-constante-10m-60leds\/\" \/>\n<meta property=\"og:site_name\" content=\"Essenled Lighting\" \/>\n<meta property=\"article:publisher\" content=\"https:\/\/www.facebook.com\/Shenzhen-Essenled-Lighting-COLTD-106633570961729\" \/>\n<meta property=\"article:modified_time\" content=\"2024-03-30T03:42:33+00:00\" \/>\n<meta property=\"og:image\" content=\"https:\/\/essenledstrip.com\/wp-content\/uploads\/2022\/10\/Constant-Current-LED-Strip.webp\" \/>\n\t<meta property=\"og:image:width\" content=\"800\" \/>\n\t<meta property=\"og:image:height\" content=\"800\" \/>\n\t<meta property=\"og:image:type\" content=\"image\/webp\" \/>\n<meta name=\"twitter:card\" content=\"summary_large_image\" \/>\n<meta name=\"twitter:label1\" content=\"Tiempo de lectura\" \/>\n\t<meta name=\"twitter:data1\" content=\"1 minuto\" \/>\n<script type=\"application\/ld+json\" class=\"yoast-schema-graph\">{\"@context\":\"https:\/\/schema.org\",\"@graph\":[{\"@type\":\"WebPage\",\"@id\":\"https:\/\/essenledstrip.com\/product\/constant-current-led-strip-10m-60leds\/\",\"url\":\"https:\/\/essenledstrip.com\/product\/constant-current-led-strip-10m-60leds\/\",\"name\":\"Super Long Constant Current Led Strip 10M\/reel 12.5W - Essenled\",\"isPartOf\":{\"@id\":\"https:\/\/essenledstrip.com\/ar\/#website\"},\"primaryImageOfPage\":{\"@id\":\"https:\/\/essenledstrip.com\/product\/constant-current-led-strip-10m-60leds\/#primaryimage\"},\"image\":{\"@id\":\"https:\/\/essenledstrip.com\/product\/constant-current-led-strip-10m-60leds\/#primaryimage\"},\"thumbnailUrl\":\"https:\/\/essenledstrip.com\/wp-content\/uploads\/2022\/10\/Constant-Current-LED-Strip.webp\",\"datePublished\":\"2022-10-02T02:17:16+00:00\",\"dateModified\":\"2024-03-30T03:42:33+00:00\",\"description\":\"Full Series Super long constant current LED Strip Light Provides 50 meters, 30 meters, 20 meters,15 meters per reel, 60leds 120leds with high density.\",\"breadcrumb\":{\"@id\":\"https:\/\/essenledstrip.com\/product\/constant-current-led-strip-10m-60leds\/#breadcrumb\"},\"inLanguage\":\"es\",\"potentialAction\":[{\"@type\":\"ReadAction\",\"target\":[\"https:\/\/essenledstrip.com\/product\/constant-current-led-strip-10m-60leds\/\"]}]},{\"@type\":\"ImageObject\",\"inLanguage\":\"es\",\"@id\":\"https:\/\/essenledstrip.com\/product\/constant-current-led-strip-10m-60leds\/#primaryimage\",\"url\":\"https:\/\/essenledstrip.com\/wp-content\/uploads\/2022\/10\/Constant-Current-LED-Strip.webp\",\"contentUrl\":\"https:\/\/essenledstrip.com\/wp-content\/uploads\/2022\/10\/Constant-Current-LED-Strip.webp\",\"width\":800,\"height\":800,\"caption\":\"Constant Current LED Strip\"},{\"@type\":\"BreadcrumbList\",\"@id\":\"https:\/\/essenledstrip.com\/product\/constant-current-led-strip-10m-60leds\/#breadcrumb\",\"itemListElement\":[{\"@type\":\"ListItem\",\"position\":1,\"name\":\"Home\",\"item\":\"https:\/\/essenledstrip.com\/\"},{\"@type\":\"ListItem\",\"position\":2,\"name\":\"Varer\",\"item\":\"https:\/\/essenledstrip.com\/dk\/shop\/\"},{\"@type\":\"ListItem\",\"position\":3,\"name\":\"Constant Current LED Strip 10m\/reel 12.5W\/m 60leds\/m\"}]},{\"@type\":\"WebSite\",\"@id\":\"https:\/\/essenledstrip.com\/ar\/#website\",\"url\":\"https:\/\/essenledstrip.com\/ar\/\",\"name\":\"Essenled Lighting\",\"description\":\"\",\"publisher\":{\"@id\":\"https:\/\/essenledstrip.com\/ar\/#organization\"},\"potentialAction\":[{\"@type\":\"SearchAction\",\"target\":{\"@type\":\"EntryPoint\",\"urlTemplate\":\"https:\/\/essenledstrip.com\/ar\/?s={search_term_string}\"},\"query-input\":{\"@type\":\"PropertyValueSpecification\",\"valueRequired\":true,\"valueName\":\"search_term_string\"}}],\"inLanguage\":\"es\"},{\"@type\":\"Organization\",\"@id\":\"https:\/\/essenledstrip.com\/ar\/#organization\",\"name\":\"Shenzhen Essenled Lighting CO.,LTD\",\"url\":\"https:\/\/essenledstrip.com\/ar\/\",\"logo\":{\"@type\":\"ImageObject\",\"inLanguage\":\"es\",\"@id\":\"https:\/\/essenledstrip.com\/ar\/#\/schema\/logo\/image\/\",\"url\":\"https:\/\/essenledstrip.com\/wp-content\/uploads\/2022\/08\/LOGO.png\",\"contentUrl\":\"https:\/\/essenledstrip.com\/wp-content\/uploads\/2022\/08\/LOGO.png\",\"width\":300,\"height\":100,\"caption\":\"Shenzhen Essenled Lighting CO.,LTD\"},\"image\":{\"@id\":\"https:\/\/essenledstrip.com\/ar\/#\/schema\/logo\/image\/\"},\"sameAs\":[\"https:\/\/www.facebook.com\/Shenzhen-Essenled-Lighting-COLTD-106633570961729\"]}]}<\/script>\n<!-- \/ Yoast SEO Premium plugin. -->","yoast_head_json":{"title":"Super Long Constant Current Led Strip 10M\/reel 12.5W - Essenled","description":"Full Series Super long constant current LED Strip Light Provides 50 meters, 30 meters, 20 meters,15 meters per reel, 60leds 120leds with high density.","robots":{"index":"index","follow":"follow","max-snippet":"max-snippet:-1","max-image-preview":"max-image-preview:large","max-video-preview":"max-video-preview:-1"},"canonical":"https:\/\/essenledstrip.com\/es\/producto\/tira-led-corriente-constante-10m-60leds\/","og_locale":"es_ES","og_type":"article","og_title":"Constant Current LED Strip 10m\/reel 12.5W\/m 60leds\/m","og_description":"Full Series Super long constant current LED Strip Light Provides 50 meters, 30 meters, 20 meters,15 meters per reel, 60leds 120leds with high density.","og_url":"https:\/\/essenledstrip.com\/es\/producto\/tira-led-corriente-constante-10m-60leds\/","og_site_name":"Essenled Lighting","article_publisher":"https:\/\/www.facebook.com\/Shenzhen-Essenled-Lighting-COLTD-106633570961729","article_modified_time":"2024-03-30T03:42:33+00:00","og_image":[{"width":800,"height":800,"url":"https:\/\/essenledstrip.com\/wp-content\/uploads\/2022\/10\/Constant-Current-LED-Strip.webp","type":"image\/webp"}],"twitter_card":"summary_large_image","twitter_misc":{"Tiempo de lectura":"1 minuto"},"schema":{"@context":"https:\/\/schema.org","@graph":[{"@type":"WebPage","@id":"https:\/\/essenledstrip.com\/product\/constant-current-led-strip-10m-60leds\/","url":"https:\/\/essenledstrip.com\/product\/constant-current-led-strip-10m-60leds\/","name":"Super Long Constant Current Led Strip 10M\/reel 12.5W - Essenled","isPartOf":{"@id":"https:\/\/essenledstrip.com\/ar\/#website"},"primaryImageOfPage":{"@id":"https:\/\/essenledstrip.com\/product\/constant-current-led-strip-10m-60leds\/#primaryimage"},"image":{"@id":"https:\/\/essenledstrip.com\/product\/constant-current-led-strip-10m-60leds\/#primaryimage"},"thumbnailUrl":"https:\/\/essenledstrip.com\/wp-content\/uploads\/2022\/10\/Constant-Current-LED-Strip.webp","datePublished":"2022-10-02T02:17:16+00:00","dateModified":"2024-03-30T03:42:33+00:00","description":"Full Series Super long constant current LED Strip Light Provides 50 meters, 30 meters, 20 meters,15 meters per reel, 60leds 120leds with high density.","breadcrumb":{"@id":"https:\/\/essenledstrip.com\/product\/constant-current-led-strip-10m-60leds\/#breadcrumb"},"inLanguage":"es","potentialAction":[{"@type":"ReadAction","target":["https:\/\/essenledstrip.com\/product\/constant-current-led-strip-10m-60leds\/"]}]},{"@type":"ImageObject","inLanguage":"es","@id":"https:\/\/essenledstrip.com\/product\/constant-current-led-strip-10m-60leds\/#primaryimage","url":"https:\/\/essenledstrip.com\/wp-content\/uploads\/2022\/10\/Constant-Current-LED-Strip.webp","contentUrl":"https:\/\/essenledstrip.com\/wp-content\/uploads\/2022\/10\/Constant-Current-LED-Strip.webp","width":800,"height":800,"caption":"Constant Current LED Strip"},{"@type":"BreadcrumbList","@id":"https:\/\/essenledstrip.com\/product\/constant-current-led-strip-10m-60leds\/#breadcrumb","itemListElement":[{"@type":"ListItem","position":1,"name":"Home","item":"https:\/\/essenledstrip.com\/"},{"@type":"ListItem","position":2,"name":"Varer","item":"https:\/\/essenledstrip.com\/dk\/shop\/"},{"@type":"ListItem","position":3,"name":"Constant Current LED Strip 10m\/reel 12.5W\/m 60leds\/m"}]},{"@type":"WebSite","@id":"https:\/\/essenledstrip.com\/ar\/#website","url":"https:\/\/essenledstrip.com\/ar\/","name":"Essenled Lighting","description":"","publisher":{"@id":"https:\/\/essenledstrip.com\/ar\/#organization"},"potentialAction":[{"@type":"SearchAction","target":{"@type":"EntryPoint","urlTemplate":"https:\/\/essenledstrip.com\/ar\/?s={search_term_string}"},"query-input":{"@type":"PropertyValueSpecification","valueRequired":true,"valueName":"search_term_string"}}],"inLanguage":"es"},{"@type":"Organization","@id":"https:\/\/essenledstrip.com\/ar\/#organization","name":"Shenzhen Essenled Lighting CO.,LTD","url":"https:\/\/essenledstrip.com\/ar\/","logo":{"@type":"ImageObject","inLanguage":"es","@id":"https:\/\/essenledstrip.com\/ar\/#\/schema\/logo\/image\/","url":"https:\/\/essenledstrip.com\/wp-content\/uploads\/2022\/08\/LOGO.png","contentUrl":"https:\/\/essenledstrip.com\/wp-content\/uploads\/2022\/08\/LOGO.png","width":300,"height":100,"caption":"Shenzhen Essenled Lighting CO.,LTD"},"image":{"@id":"https:\/\/essenledstrip.com\/ar\/#\/schema\/logo\/image\/"},"sameAs":["https:\/\/www.facebook.com\/Shenzhen-Essenled-Lighting-COLTD-106633570961729"]}]}},"_links":{"self":[{"href":"https:\/\/essenledstrip.com\/es\/wp-json\/wp\/v2\/product\/1474","targetHints":{"allow":["GET"]}}],"collection":[{"href":"https:\/\/essenledstrip.com\/es\/wp-json\/wp\/v2\/product"}],"about":[{"href":"https:\/\/essenledstrip.com\/es\/wp-json\/wp\/v2\/types\/product"}],"version-history":[{"count":0,"href":"https:\/\/essenledstrip.com\/es\/wp-json\/wp\/v2\/product\/1474\/revisions"}],"wp:featuredmedia":[{"embeddable":true,"href":"https:\/\/essenledstrip.com\/es\/wp-json\/wp\/v2\/media\/2856"}],"wp:attachment":[{"href":"https:\/\/essenledstrip.com\/es\/wp-json\/wp\/v2\/media?parent=1474"}],"wp:term":[{"taxonomy":"product_brand","embeddable":true,"href":"https:\/\/essenledstrip.com\/es\/wp-json\/wp\/v2\/product_brand?post=1474"},{"taxonomy":"product_cat","embeddable":true,"href":"https:\/\/essenledstrip.com\/es\/wp-json\/wp\/v2\/product_cat?post=1474"},{"taxonomy":"product_tag","embeddable":true,"href":"https:\/\/essenledstrip.com\/es\/wp-json\/wp\/v2\/product_tag?post=1474"}],"curies":[{"name":"wp","href":"https:\/\/api.w.org\/{rel}","templated":true}]}}