{"id":711,"date":"2022-09-09T23:11:04","date_gmt":"2022-09-09T15:11:04","guid":{"rendered":"https:\/\/essenledstrip.com\/?post_type=product&#038;p=711"},"modified":"2024-03-24T15:34:34","modified_gmt":"2024-03-24T07:34:34","slug":"smd2110-700leds-led-strip","status":"publish","type":"product","link":"https:\/\/essenledstrip.com\/es\/producto\/smd2110-700leds-led-tira\/","title":{"rendered":"SMD2110 700leds\/m 24V CRI&gt;90+ Tira LED de alto brillo"},"content":{"rendered":"","protected":false},"excerpt":{"rendered":"<p>El LED SMD 2110 m\u00e1s nuevo con tama\u00f1o peque\u00f1o de 2,1*1,0 mm, tira de LED de alto brillo de 24 V (10 mm\/corte) solamente, con 700 LED\/m se destaca de las otras tiras por tener 22 W\/m (alrededor de 2100 lm\/m), todas las LEDs CRI hasta 90+, tenga en cuenta que el rango est\u00e1ndar de temperatura Kelvin es de 2700k\/3000k\/4000k\/6000k y es extremadamente vers\u00e1til.<\/p>\n<p>Dispone de 700leds\/m de tipo SMD2110 que ofrecen alta luminosidad y alta eficiencia energ\u00e9tica, ideal para iluminar cualquier espacio, pudiendo instalarse en perfiles u ocultarse en paredes y techos de escayola, esta tira se puede cortar cada 10mm por las superficies de corte especificadas, cuenta con una cinta adhesiva en la parte posterior para facilitar el montaje en superficie.<\/p>\n<p>Nuestra tira totalmente flexible con una larga vida \u00fatil de 3 a 5 a\u00f1os de garant\u00eda con buen uniforme de color, prometemos un contenedor solo para cada pedido, tambi\u00e9n con certificado CE\/RoHs\/ETL.<\/p>\n<p><img decoding=\"async\" class=\"size-medium wp-image-718\" src=\"https:\/\/essenledstrip.com\/wp-content\/uploads\/2022\/09\/SMD2110-700-led-strip-drawing-300x119.webp\" alt=\"Dibujo de tira de led SMD2110 700\" width=\"300\" height=\"119\" srcset=\"https:\/\/essenledstrip.com\/wp-content\/uploads\/2022\/09\/SMD2110-700-led-strip-drawing-300x119.webp 300w, https:\/\/essenledstrip.com\/wp-content\/uploads\/2022\/09\/SMD2110-700-led-strip-drawing-18x7.webp 18w, https:\/\/essenledstrip.com\/wp-content\/uploads\/2022\/09\/SMD2110-700-led-strip-drawing.webp 578w\" sizes=\"(max-width: 300px) 100vw, 300px\" \/><\/p>","protected":false},"featured_media":2832,"template":"","meta":{"_kad_post_transparent":"default","_kad_post_title":"","_kad_post_layout":"default","_kad_post_sidebar_id":"","_kad_post_content_style":"default","_kad_post_vertical_padding":"default","_kad_post_feature":"","_kad_post_feature_position":"","_kad_post_header":false,"_kad_post_footer":false,"_kad_post_classname":""},"product_brand":[],"product_cat":[20,26],"product_tag":[119,117,118],"class_list":{"0":"post-711","1":"product","2":"type-product","3":"status-publish","4":"has-post-thumbnail","6":"product_cat-single-color-led-strip","7":"product_cat-smd2110-led-strip","8":"product_tag-high-brightness-high-efficiency-smd2110-700leds-24v","9":"product_tag-smd2110-24v-led-streifen-strip-700leds-m-high-density","10":"product_tag-smd2110-flexible-led-strip-light-700leds-m","12":"first","13":"instock","14":"shipping-taxable","15":"product-type-simple","16":"entry","17":"content-bg","18":"loop-entry"},"yoast_head":"<!-- This site is optimized with the Yoast SEO Premium plugin v24.7 (Yoast SEO v26.7) - https:\/\/yoast.com\/wordpress\/plugins\/seo\/ -->\n<title>High density DC24V 700LED\/M SMD2110 IP20 24W Led Strip<\/title>\n<meta name=\"description\" content=\"High Brightness High Efficiency SMD2110 700leds 24V 5Meters CRI95 LED Flex Flexible Waterproof Led Strip Lights, we offer free custom at your brand.\" \/>\n<meta name=\"robots\" content=\"index, follow, max-snippet:-1, max-image-preview:large, max-video-preview:-1\" \/>\n<link rel=\"canonical\" href=\"https:\/\/essenledstrip.com\/es\/producto\/smd2110-700leds-led-tira\/\" \/>\n<meta property=\"og:locale\" content=\"es_ES\" \/>\n<meta property=\"og:type\" content=\"article\" \/>\n<meta property=\"og:title\" content=\"SMD2110 700leds\/m 24V CRI&gt;90+ High Brightness LED Strip\" \/>\n<meta property=\"og:description\" content=\"High Brightness High Efficiency SMD2110 700leds 24V 5Meters CRI95 LED Flex Flexible Waterproof Led Strip Lights, we offer free custom at your brand.\" \/>\n<meta property=\"og:url\" content=\"https:\/\/essenledstrip.com\/es\/producto\/smd2110-700leds-led-tira\/\" \/>\n<meta property=\"og:site_name\" content=\"Essenled Lighting\" \/>\n<meta property=\"article:publisher\" content=\"https:\/\/www.facebook.com\/Shenzhen-Essenled-Lighting-COLTD-106633570961729\" \/>\n<meta property=\"article:modified_time\" content=\"2024-03-24T07:34:34+00:00\" \/>\n<meta property=\"og:image\" content=\"https:\/\/essenledstrip.com\/wp-content\/uploads\/2022\/09\/2110smd-700leds-10mm.webp\" \/>\n\t<meta property=\"og:image:width\" content=\"800\" \/>\n\t<meta property=\"og:image:height\" content=\"800\" \/>\n\t<meta property=\"og:image:type\" content=\"image\/webp\" \/>\n<meta name=\"twitter:card\" content=\"summary_large_image\" \/>\n<meta name=\"twitter:label1\" content=\"Tiempo de lectura\" \/>\n\t<meta name=\"twitter:data1\" content=\"1 minuto\" \/>\n<script type=\"application\/ld+json\" class=\"yoast-schema-graph\">{\"@context\":\"https:\/\/schema.org\",\"@graph\":[{\"@type\":\"WebPage\",\"@id\":\"https:\/\/essenledstrip.com\/product\/smd2110-700leds-led-strip\/\",\"url\":\"https:\/\/essenledstrip.com\/product\/smd2110-700leds-led-strip\/\",\"name\":\"High density DC24V 700LED\/M SMD2110 IP20 24W Led Strip\",\"isPartOf\":{\"@id\":\"https:\/\/essenledstrip.com\/ar\/#website\"},\"primaryImageOfPage\":{\"@id\":\"https:\/\/essenledstrip.com\/product\/smd2110-700leds-led-strip\/#primaryimage\"},\"image\":{\"@id\":\"https:\/\/essenledstrip.com\/product\/smd2110-700leds-led-strip\/#primaryimage\"},\"thumbnailUrl\":\"https:\/\/essenledstrip.com\/wp-content\/uploads\/2022\/09\/2110smd-700leds-10mm.webp\",\"datePublished\":\"2022-09-09T15:11:04+00:00\",\"dateModified\":\"2024-03-24T07:34:34+00:00\",\"description\":\"High Brightness High Efficiency SMD2110 700leds 24V 5Meters CRI95 LED Flex Flexible Waterproof Led Strip Lights, we offer free custom at your brand.\",\"breadcrumb\":{\"@id\":\"https:\/\/essenledstrip.com\/product\/smd2110-700leds-led-strip\/#breadcrumb\"},\"inLanguage\":\"es\",\"potentialAction\":[{\"@type\":\"ReadAction\",\"target\":[\"https:\/\/essenledstrip.com\/product\/smd2110-700leds-led-strip\/\"]}]},{\"@type\":\"ImageObject\",\"inLanguage\":\"es\",\"@id\":\"https:\/\/essenledstrip.com\/product\/smd2110-700leds-led-strip\/#primaryimage\",\"url\":\"https:\/\/essenledstrip.com\/wp-content\/uploads\/2022\/09\/2110smd-700leds-10mm.webp\",\"contentUrl\":\"https:\/\/essenledstrip.com\/wp-content\/uploads\/2022\/09\/2110smd-700leds-10mm.webp\",\"width\":800,\"height\":800},{\"@type\":\"BreadcrumbList\",\"@id\":\"https:\/\/essenledstrip.com\/product\/smd2110-700leds-led-strip\/#breadcrumb\",\"itemListElement\":[{\"@type\":\"ListItem\",\"position\":1,\"name\":\"Home\",\"item\":\"https:\/\/essenledstrip.com\/\"},{\"@type\":\"ListItem\",\"position\":2,\"name\":\"Varer\",\"item\":\"https:\/\/essenledstrip.com\/dk\/shop\/\"},{\"@type\":\"ListItem\",\"position\":3,\"name\":\"SMD2110 700leds\/m 24V CRI>90+ High Brightness LED Strip\"}]},{\"@type\":\"WebSite\",\"@id\":\"https:\/\/essenledstrip.com\/ar\/#website\",\"url\":\"https:\/\/essenledstrip.com\/ar\/\",\"name\":\"Essenled Lighting\",\"description\":\"\",\"publisher\":{\"@id\":\"https:\/\/essenledstrip.com\/ar\/#organization\"},\"potentialAction\":[{\"@type\":\"SearchAction\",\"target\":{\"@type\":\"EntryPoint\",\"urlTemplate\":\"https:\/\/essenledstrip.com\/ar\/?s={search_term_string}\"},\"query-input\":{\"@type\":\"PropertyValueSpecification\",\"valueRequired\":true,\"valueName\":\"search_term_string\"}}],\"inLanguage\":\"es\"},{\"@type\":\"Organization\",\"@id\":\"https:\/\/essenledstrip.com\/ar\/#organization\",\"name\":\"Shenzhen Essenled Lighting CO.,LTD\",\"url\":\"https:\/\/essenledstrip.com\/ar\/\",\"logo\":{\"@type\":\"ImageObject\",\"inLanguage\":\"es\",\"@id\":\"https:\/\/essenledstrip.com\/ar\/#\/schema\/logo\/image\/\",\"url\":\"https:\/\/essenledstrip.com\/wp-content\/uploads\/2022\/08\/LOGO.png\",\"contentUrl\":\"https:\/\/essenledstrip.com\/wp-content\/uploads\/2022\/08\/LOGO.png\",\"width\":300,\"height\":100,\"caption\":\"Shenzhen Essenled Lighting CO.,LTD\"},\"image\":{\"@id\":\"https:\/\/essenledstrip.com\/ar\/#\/schema\/logo\/image\/\"},\"sameAs\":[\"https:\/\/www.facebook.com\/Shenzhen-Essenled-Lighting-COLTD-106633570961729\"]}]}<\/script>\n<!-- \/ Yoast SEO Premium plugin. -->","yoast_head_json":{"title":"High density DC24V 700LED\/M SMD2110 IP20 24W Led Strip","description":"High Brightness High Efficiency SMD2110 700leds 24V 5Meters CRI95 LED Flex Flexible Waterproof Led Strip Lights, we offer free custom at your brand.","robots":{"index":"index","follow":"follow","max-snippet":"max-snippet:-1","max-image-preview":"max-image-preview:large","max-video-preview":"max-video-preview:-1"},"canonical":"https:\/\/essenledstrip.com\/es\/producto\/smd2110-700leds-led-tira\/","og_locale":"es_ES","og_type":"article","og_title":"SMD2110 700leds\/m 24V CRI>90+ High Brightness LED Strip","og_description":"High Brightness High Efficiency SMD2110 700leds 24V 5Meters CRI95 LED Flex Flexible Waterproof Led Strip Lights, we offer free custom at your brand.","og_url":"https:\/\/essenledstrip.com\/es\/producto\/smd2110-700leds-led-tira\/","og_site_name":"Essenled Lighting","article_publisher":"https:\/\/www.facebook.com\/Shenzhen-Essenled-Lighting-COLTD-106633570961729","article_modified_time":"2024-03-24T07:34:34+00:00","og_image":[{"width":800,"height":800,"url":"https:\/\/essenledstrip.com\/wp-content\/uploads\/2022\/09\/2110smd-700leds-10mm.webp","type":"image\/webp"}],"twitter_card":"summary_large_image","twitter_misc":{"Tiempo de lectura":"1 minuto"},"schema":{"@context":"https:\/\/schema.org","@graph":[{"@type":"WebPage","@id":"https:\/\/essenledstrip.com\/product\/smd2110-700leds-led-strip\/","url":"https:\/\/essenledstrip.com\/product\/smd2110-700leds-led-strip\/","name":"High density DC24V 700LED\/M SMD2110 IP20 24W Led Strip","isPartOf":{"@id":"https:\/\/essenledstrip.com\/ar\/#website"},"primaryImageOfPage":{"@id":"https:\/\/essenledstrip.com\/product\/smd2110-700leds-led-strip\/#primaryimage"},"image":{"@id":"https:\/\/essenledstrip.com\/product\/smd2110-700leds-led-strip\/#primaryimage"},"thumbnailUrl":"https:\/\/essenledstrip.com\/wp-content\/uploads\/2022\/09\/2110smd-700leds-10mm.webp","datePublished":"2022-09-09T15:11:04+00:00","dateModified":"2024-03-24T07:34:34+00:00","description":"High Brightness High Efficiency SMD2110 700leds 24V 5Meters CRI95 LED Flex Flexible Waterproof Led Strip Lights, we offer free custom at your brand.","breadcrumb":{"@id":"https:\/\/essenledstrip.com\/product\/smd2110-700leds-led-strip\/#breadcrumb"},"inLanguage":"es","potentialAction":[{"@type":"ReadAction","target":["https:\/\/essenledstrip.com\/product\/smd2110-700leds-led-strip\/"]}]},{"@type":"ImageObject","inLanguage":"es","@id":"https:\/\/essenledstrip.com\/product\/smd2110-700leds-led-strip\/#primaryimage","url":"https:\/\/essenledstrip.com\/wp-content\/uploads\/2022\/09\/2110smd-700leds-10mm.webp","contentUrl":"https:\/\/essenledstrip.com\/wp-content\/uploads\/2022\/09\/2110smd-700leds-10mm.webp","width":800,"height":800},{"@type":"BreadcrumbList","@id":"https:\/\/essenledstrip.com\/product\/smd2110-700leds-led-strip\/#breadcrumb","itemListElement":[{"@type":"ListItem","position":1,"name":"Home","item":"https:\/\/essenledstrip.com\/"},{"@type":"ListItem","position":2,"name":"Varer","item":"https:\/\/essenledstrip.com\/dk\/shop\/"},{"@type":"ListItem","position":3,"name":"SMD2110 700leds\/m 24V CRI>90+ High Brightness LED Strip"}]},{"@type":"WebSite","@id":"https:\/\/essenledstrip.com\/ar\/#website","url":"https:\/\/essenledstrip.com\/ar\/","name":"Essenled Lighting","description":"","publisher":{"@id":"https:\/\/essenledstrip.com\/ar\/#organization"},"potentialAction":[{"@type":"SearchAction","target":{"@type":"EntryPoint","urlTemplate":"https:\/\/essenledstrip.com\/ar\/?s={search_term_string}"},"query-input":{"@type":"PropertyValueSpecification","valueRequired":true,"valueName":"search_term_string"}}],"inLanguage":"es"},{"@type":"Organization","@id":"https:\/\/essenledstrip.com\/ar\/#organization","name":"Shenzhen Essenled Lighting CO.,LTD","url":"https:\/\/essenledstrip.com\/ar\/","logo":{"@type":"ImageObject","inLanguage":"es","@id":"https:\/\/essenledstrip.com\/ar\/#\/schema\/logo\/image\/","url":"https:\/\/essenledstrip.com\/wp-content\/uploads\/2022\/08\/LOGO.png","contentUrl":"https:\/\/essenledstrip.com\/wp-content\/uploads\/2022\/08\/LOGO.png","width":300,"height":100,"caption":"Shenzhen Essenled Lighting CO.,LTD"},"image":{"@id":"https:\/\/essenledstrip.com\/ar\/#\/schema\/logo\/image\/"},"sameAs":["https:\/\/www.facebook.com\/Shenzhen-Essenled-Lighting-COLTD-106633570961729"]}]}},"_links":{"self":[{"href":"https:\/\/essenledstrip.com\/es\/wp-json\/wp\/v2\/product\/711","targetHints":{"allow":["GET"]}}],"collection":[{"href":"https:\/\/essenledstrip.com\/es\/wp-json\/wp\/v2\/product"}],"about":[{"href":"https:\/\/essenledstrip.com\/es\/wp-json\/wp\/v2\/types\/product"}],"version-history":[{"count":0,"href":"https:\/\/essenledstrip.com\/es\/wp-json\/wp\/v2\/product\/711\/revisions"}],"wp:featuredmedia":[{"embeddable":true,"href":"https:\/\/essenledstrip.com\/es\/wp-json\/wp\/v2\/media\/2832"}],"wp:attachment":[{"href":"https:\/\/essenledstrip.com\/es\/wp-json\/wp\/v2\/media?parent=711"}],"wp:term":[{"taxonomy":"product_brand","embeddable":true,"href":"https:\/\/essenledstrip.com\/es\/wp-json\/wp\/v2\/product_brand?post=711"},{"taxonomy":"product_cat","embeddable":true,"href":"https:\/\/essenledstrip.com\/es\/wp-json\/wp\/v2\/product_cat?post=711"},{"taxonomy":"product_tag","embeddable":true,"href":"https:\/\/essenledstrip.com\/es\/wp-json\/wp\/v2\/product_tag?post=711"}],"curies":[{"name":"wp","href":"https:\/\/api.w.org\/{rel}","templated":true}]}}