{"id":1002,"date":"2022-09-20T11:14:18","date_gmt":"2022-09-20T03:14:18","guid":{"rendered":"https:\/\/essenledstrip.com\/?post_type=product&#038;p=1002"},"modified":"2024-06-05T09:52:23","modified_gmt":"2024-06-05T01:52:23","slug":"tunable-white-led-strip-smd2835-112leds","status":"publish","type":"product","link":"https:\/\/essenledstrip.com\/fr\/produit\/ruban-led-blanc-accordable-smd2835-112leds\/","title":{"rendered":"Ruban LED Blanc Accordable SMD2835 112leds\/m 19.2W 24V"},"content":{"rendered":"","protected":false},"excerpt":{"rendered":"<p>La bande de lumi\u00e8re blanche \u00e0 intensit\u00e9 variable dynamique, \u00e9galement appel\u00e9e bandes de lumi\u00e8re blanche variables, bande de lumi\u00e8re blanche \u00e0 intensit\u00e9 variable CCT, bandes de lumi\u00e8re cct bicolores blanches, bande de lumi\u00e8re blanche mixte, lumi\u00e8res changeantes CCT, bande de led blanche accordable. Il s&#039;agit g\u00e9n\u00e9ralement d&#039;une bande de LED blanche r\u00e9glable de 24 V, le r\u00e9glage des nuances de blanc ou le changement de la temp\u00e9rature de couleur est obtenu via un contr\u00f4leur de LED blanc r\u00e9glable \u00e0 distance ou c\u00e2bl\u00e9 ou un contr\u00f4leur DMX.<\/p>\n<p>L&#039;agitateur LED blanc accordable SMD2835 LED super lumineux, smd2835 112leds\/m avec haute densit\u00e9, CRI90 plus \u00e9lev\u00e9, la puissance est de 19,2 W\/m, la temp\u00e9rature de couleur peut \u00eatre ajust\u00e9e par le syst\u00e8me de contr\u00f4le de 1800 K \u00e0 6000 K pour r\u00e9pondre aux diff\u00e9rentes exigences de couleur, luminosit\u00e9 \u00e9galement. peut \u00eatre r\u00e9glable.<\/p>\n<p>Toutes nos bandes de LED blanches r\u00e9glables sont certifi\u00e9es CE, RoHS, garantissant des performances \u00e9lev\u00e9es et une longue dur\u00e9e de vie de 3 \u00e0 5 ans. Nous fournissons des solutions personnalis\u00e9es pour tous nos clients, des services OEM et ODM \u00e0 votre marque.<\/p>\n<p><img decoding=\"async\" class=\"alignnone size-medium wp-image-1009\" src=\"https:\/\/essenledstrip.com\/wp-content\/uploads\/2022\/09\/20220906094505-1-300x70.webp\" alt=\"\" width=\"300\" height=\"70\" srcset=\"https:\/\/essenledstrip.com\/wp-content\/uploads\/2022\/09\/20220906094505-1-300x70.webp 300w, https:\/\/essenledstrip.com\/wp-content\/uploads\/2022\/09\/20220906094505-1-18x4.webp 18w, https:\/\/essenledstrip.com\/wp-content\/uploads\/2022\/09\/20220906094505-1-600x139.webp 600w, https:\/\/essenledstrip.com\/wp-content\/uploads\/2022\/09\/20220906094505-1.webp 766w\" sizes=\"(max-width: 300px) 100vw, 300px\" \/><\/p>","protected":false},"featured_media":3025,"template":"","meta":{"_kad_post_transparent":"default","_kad_post_title":"","_kad_post_layout":"default","_kad_post_sidebar_id":"","_kad_post_content_style":"default","_kad_post_vertical_padding":"default","_kad_post_feature":"","_kad_post_feature_position":"","_kad_post_header":false,"_kad_post_footer":false,"_kad_post_classname":""},"product_brand":[],"product_cat":[29],"product_tag":[201,203,202],"class_list":{"0":"post-1002","1":"product","2":"type-product","3":"status-publish","4":"has-post-thumbnail","6":"product_cat-tunable-white-led-strip","7":"product_tag-24v-112led-m-smd-2835-led-strip-light-cwww-cct-adjustable","8":"product_tag-2835-112leds-meter-adjustable-cct-led-strip-19-2w-m","9":"product_tag-2835-cct-tunable112leds-m-cri90-ip20-led-flexible-strip","11":"first","12":"instock","13":"shipping-taxable","14":"product-type-simple","15":"entry","16":"content-bg","17":"loop-entry"},"yoast_head":"<!-- This site is optimized with the Yoast SEO Premium plugin v24.7 (Yoast SEO v26.7) - https:\/\/yoast.com\/wordpress\/plugins\/seo\/ -->\n<title>Bright led strip 112leds 2835 tunable white Dimmable - Essenled<\/title>\n<meta name=\"description\" content=\"Bright led strip tunable white 112leds 2835 19.2w\/m, available in cool white, neutral white and warm white,with Ra\u226590, Non-waterproof\/waterproof are available.\" \/>\n<meta name=\"robots\" content=\"index, follow, max-snippet:-1, max-image-preview:large, max-video-preview:-1\" \/>\n<link rel=\"canonical\" href=\"https:\/\/essenledstrip.com\/fr\/produit\/ruban-led-blanc-accordable-smd2835-112leds\/\" \/>\n<meta property=\"og:locale\" content=\"fr_FR\" \/>\n<meta property=\"og:type\" content=\"article\" \/>\n<meta property=\"og:title\" content=\"Tunable White LED Strip SMD2835 112leds\/m 19.2W 24V\" \/>\n<meta property=\"og:description\" content=\"Bright led strip tunable white 112leds 2835 19.2w\/m, available in cool white, neutral white and warm white,with Ra\u226590, Non-waterproof\/waterproof are available.\" \/>\n<meta property=\"og:url\" content=\"https:\/\/essenledstrip.com\/fr\/produit\/ruban-led-blanc-accordable-smd2835-112leds\/\" \/>\n<meta property=\"og:site_name\" content=\"Essenled Lighting\" \/>\n<meta property=\"article:publisher\" content=\"https:\/\/www.facebook.com\/Shenzhen-Essenled-Lighting-COLTD-106633570961729\" \/>\n<meta property=\"article:modified_time\" content=\"2024-06-05T01:52:23+00:00\" \/>\n<meta property=\"og:image\" content=\"https:\/\/essenledstrip.com\/wp-content\/uploads\/2022\/09\/Tunable-White-2835-LED-Strip-Light-3000K-6000K.webp\" \/>\n\t<meta property=\"og:image:width\" content=\"1000\" \/>\n\t<meta property=\"og:image:height\" content=\"1000\" \/>\n\t<meta property=\"og:image:type\" content=\"image\/webp\" \/>\n<meta name=\"twitter:card\" content=\"summary_large_image\" \/>\n<meta name=\"twitter:label1\" content=\"Dur\u00e9e de lecture est.\" \/>\n\t<meta name=\"twitter:data1\" content=\"1 minute\" \/>\n<script type=\"application\/ld+json\" class=\"yoast-schema-graph\">{\"@context\":\"https:\/\/schema.org\",\"@graph\":[{\"@type\":\"WebPage\",\"@id\":\"https:\/\/essenledstrip.com\/product\/tunable-white-led-strip-smd2835-112leds\/\",\"url\":\"https:\/\/essenledstrip.com\/product\/tunable-white-led-strip-smd2835-112leds\/\",\"name\":\"Bright led strip 112leds 2835 tunable white Dimmable - Essenled\",\"isPartOf\":{\"@id\":\"https:\/\/essenledstrip.com\/ar\/#website\"},\"primaryImageOfPage\":{\"@id\":\"https:\/\/essenledstrip.com\/product\/tunable-white-led-strip-smd2835-112leds\/#primaryimage\"},\"image\":{\"@id\":\"https:\/\/essenledstrip.com\/product\/tunable-white-led-strip-smd2835-112leds\/#primaryimage\"},\"thumbnailUrl\":\"https:\/\/essenledstrip.com\/wp-content\/uploads\/2022\/09\/Tunable-White-2835-LED-Strip-Light-3000K-6000K.webp\",\"datePublished\":\"2022-09-20T03:14:18+00:00\",\"dateModified\":\"2024-06-05T01:52:23+00:00\",\"description\":\"Bright led strip tunable white 112leds 2835 19.2w\/m, available in cool white, neutral white and warm white,with Ra\u226590, Non-waterproof\/waterproof are available.\",\"breadcrumb\":{\"@id\":\"https:\/\/essenledstrip.com\/product\/tunable-white-led-strip-smd2835-112leds\/#breadcrumb\"},\"inLanguage\":\"fr-BE\",\"potentialAction\":[{\"@type\":\"ReadAction\",\"target\":[\"https:\/\/essenledstrip.com\/product\/tunable-white-led-strip-smd2835-112leds\/\"]}]},{\"@type\":\"ImageObject\",\"inLanguage\":\"fr-BE\",\"@id\":\"https:\/\/essenledstrip.com\/product\/tunable-white-led-strip-smd2835-112leds\/#primaryimage\",\"url\":\"https:\/\/essenledstrip.com\/wp-content\/uploads\/2022\/09\/Tunable-White-2835-LED-Strip-Light-3000K-6000K.webp\",\"contentUrl\":\"https:\/\/essenledstrip.com\/wp-content\/uploads\/2022\/09\/Tunable-White-2835-LED-Strip-Light-3000K-6000K.webp\",\"width\":1000,\"height\":1000},{\"@type\":\"BreadcrumbList\",\"@id\":\"https:\/\/essenledstrip.com\/product\/tunable-white-led-strip-smd2835-112leds\/#breadcrumb\",\"itemListElement\":[{\"@type\":\"ListItem\",\"position\":1,\"name\":\"Home\",\"item\":\"https:\/\/essenledstrip.com\/\"},{\"@type\":\"ListItem\",\"position\":2,\"name\":\"Varer\",\"item\":\"https:\/\/essenledstrip.com\/dk\/shop\/\"},{\"@type\":\"ListItem\",\"position\":3,\"name\":\"Tunable White LED Strip SMD2835 112leds\/m 19.2W 24V\"}]},{\"@type\":\"WebSite\",\"@id\":\"https:\/\/essenledstrip.com\/ar\/#website\",\"url\":\"https:\/\/essenledstrip.com\/ar\/\",\"name\":\"Essenled Lighting\",\"description\":\"\",\"publisher\":{\"@id\":\"https:\/\/essenledstrip.com\/ar\/#organization\"},\"potentialAction\":[{\"@type\":\"SearchAction\",\"target\":{\"@type\":\"EntryPoint\",\"urlTemplate\":\"https:\/\/essenledstrip.com\/ar\/?s={search_term_string}\"},\"query-input\":{\"@type\":\"PropertyValueSpecification\",\"valueRequired\":true,\"valueName\":\"search_term_string\"}}],\"inLanguage\":\"fr-BE\"},{\"@type\":\"Organization\",\"@id\":\"https:\/\/essenledstrip.com\/ar\/#organization\",\"name\":\"Shenzhen Essenled Lighting CO.,LTD\",\"url\":\"https:\/\/essenledstrip.com\/ar\/\",\"logo\":{\"@type\":\"ImageObject\",\"inLanguage\":\"fr-BE\",\"@id\":\"https:\/\/essenledstrip.com\/ar\/#\/schema\/logo\/image\/\",\"url\":\"https:\/\/essenledstrip.com\/wp-content\/uploads\/2022\/08\/LOGO.png\",\"contentUrl\":\"https:\/\/essenledstrip.com\/wp-content\/uploads\/2022\/08\/LOGO.png\",\"width\":300,\"height\":100,\"caption\":\"Shenzhen Essenled Lighting CO.,LTD\"},\"image\":{\"@id\":\"https:\/\/essenledstrip.com\/ar\/#\/schema\/logo\/image\/\"},\"sameAs\":[\"https:\/\/www.facebook.com\/Shenzhen-Essenled-Lighting-COLTD-106633570961729\"]}]}<\/script>\n<!-- \/ Yoast SEO Premium plugin. -->","yoast_head_json":{"title":"Bright led strip 112leds 2835 tunable white Dimmable - Essenled","description":"Bright led strip tunable white 112leds 2835 19.2w\/m, available in cool white, neutral white and warm white,with Ra\u226590, Non-waterproof\/waterproof are available.","robots":{"index":"index","follow":"follow","max-snippet":"max-snippet:-1","max-image-preview":"max-image-preview:large","max-video-preview":"max-video-preview:-1"},"canonical":"https:\/\/essenledstrip.com\/fr\/produit\/ruban-led-blanc-accordable-smd2835-112leds\/","og_locale":"fr_FR","og_type":"article","og_title":"Tunable White LED Strip SMD2835 112leds\/m 19.2W 24V","og_description":"Bright led strip tunable white 112leds 2835 19.2w\/m, available in cool white, neutral white and warm white,with Ra\u226590, Non-waterproof\/waterproof are available.","og_url":"https:\/\/essenledstrip.com\/fr\/produit\/ruban-led-blanc-accordable-smd2835-112leds\/","og_site_name":"Essenled Lighting","article_publisher":"https:\/\/www.facebook.com\/Shenzhen-Essenled-Lighting-COLTD-106633570961729","article_modified_time":"2024-06-05T01:52:23+00:00","og_image":[{"width":1000,"height":1000,"url":"https:\/\/essenledstrip.com\/wp-content\/uploads\/2022\/09\/Tunable-White-2835-LED-Strip-Light-3000K-6000K.webp","type":"image\/webp"}],"twitter_card":"summary_large_image","twitter_misc":{"Dur\u00e9e de lecture est.":"1 minute"},"schema":{"@context":"https:\/\/schema.org","@graph":[{"@type":"WebPage","@id":"https:\/\/essenledstrip.com\/product\/tunable-white-led-strip-smd2835-112leds\/","url":"https:\/\/essenledstrip.com\/product\/tunable-white-led-strip-smd2835-112leds\/","name":"Bright led strip 112leds 2835 tunable white Dimmable - Essenled","isPartOf":{"@id":"https:\/\/essenledstrip.com\/ar\/#website"},"primaryImageOfPage":{"@id":"https:\/\/essenledstrip.com\/product\/tunable-white-led-strip-smd2835-112leds\/#primaryimage"},"image":{"@id":"https:\/\/essenledstrip.com\/product\/tunable-white-led-strip-smd2835-112leds\/#primaryimage"},"thumbnailUrl":"https:\/\/essenledstrip.com\/wp-content\/uploads\/2022\/09\/Tunable-White-2835-LED-Strip-Light-3000K-6000K.webp","datePublished":"2022-09-20T03:14:18+00:00","dateModified":"2024-06-05T01:52:23+00:00","description":"Bright led strip tunable white 112leds 2835 19.2w\/m, available in cool white, neutral white and warm white,with Ra\u226590, Non-waterproof\/waterproof are available.","breadcrumb":{"@id":"https:\/\/essenledstrip.com\/product\/tunable-white-led-strip-smd2835-112leds\/#breadcrumb"},"inLanguage":"fr-BE","potentialAction":[{"@type":"ReadAction","target":["https:\/\/essenledstrip.com\/product\/tunable-white-led-strip-smd2835-112leds\/"]}]},{"@type":"ImageObject","inLanguage":"fr-BE","@id":"https:\/\/essenledstrip.com\/product\/tunable-white-led-strip-smd2835-112leds\/#primaryimage","url":"https:\/\/essenledstrip.com\/wp-content\/uploads\/2022\/09\/Tunable-White-2835-LED-Strip-Light-3000K-6000K.webp","contentUrl":"https:\/\/essenledstrip.com\/wp-content\/uploads\/2022\/09\/Tunable-White-2835-LED-Strip-Light-3000K-6000K.webp","width":1000,"height":1000},{"@type":"BreadcrumbList","@id":"https:\/\/essenledstrip.com\/product\/tunable-white-led-strip-smd2835-112leds\/#breadcrumb","itemListElement":[{"@type":"ListItem","position":1,"name":"Home","item":"https:\/\/essenledstrip.com\/"},{"@type":"ListItem","position":2,"name":"Varer","item":"https:\/\/essenledstrip.com\/dk\/shop\/"},{"@type":"ListItem","position":3,"name":"Tunable White LED Strip SMD2835 112leds\/m 19.2W 24V"}]},{"@type":"WebSite","@id":"https:\/\/essenledstrip.com\/ar\/#website","url":"https:\/\/essenledstrip.com\/ar\/","name":"Essenled Lighting","description":"","publisher":{"@id":"https:\/\/essenledstrip.com\/ar\/#organization"},"potentialAction":[{"@type":"SearchAction","target":{"@type":"EntryPoint","urlTemplate":"https:\/\/essenledstrip.com\/ar\/?s={search_term_string}"},"query-input":{"@type":"PropertyValueSpecification","valueRequired":true,"valueName":"search_term_string"}}],"inLanguage":"fr-BE"},{"@type":"Organization","@id":"https:\/\/essenledstrip.com\/ar\/#organization","name":"Shenzhen Essenled Lighting CO.,LTD","url":"https:\/\/essenledstrip.com\/ar\/","logo":{"@type":"ImageObject","inLanguage":"fr-BE","@id":"https:\/\/essenledstrip.com\/ar\/#\/schema\/logo\/image\/","url":"https:\/\/essenledstrip.com\/wp-content\/uploads\/2022\/08\/LOGO.png","contentUrl":"https:\/\/essenledstrip.com\/wp-content\/uploads\/2022\/08\/LOGO.png","width":300,"height":100,"caption":"Shenzhen Essenled Lighting CO.,LTD"},"image":{"@id":"https:\/\/essenledstrip.com\/ar\/#\/schema\/logo\/image\/"},"sameAs":["https:\/\/www.facebook.com\/Shenzhen-Essenled-Lighting-COLTD-106633570961729"]}]}},"_links":{"self":[{"href":"https:\/\/essenledstrip.com\/fr\/wp-json\/wp\/v2\/product\/1002","targetHints":{"allow":["GET"]}}],"collection":[{"href":"https:\/\/essenledstrip.com\/fr\/wp-json\/wp\/v2\/product"}],"about":[{"href":"https:\/\/essenledstrip.com\/fr\/wp-json\/wp\/v2\/types\/product"}],"version-history":[{"count":0,"href":"https:\/\/essenledstrip.com\/fr\/wp-json\/wp\/v2\/product\/1002\/revisions"}],"wp:featuredmedia":[{"embeddable":true,"href":"https:\/\/essenledstrip.com\/fr\/wp-json\/wp\/v2\/media\/3025"}],"wp:attachment":[{"href":"https:\/\/essenledstrip.com\/fr\/wp-json\/wp\/v2\/media?parent=1002"}],"wp:term":[{"taxonomy":"product_brand","embeddable":true,"href":"https:\/\/essenledstrip.com\/fr\/wp-json\/wp\/v2\/product_brand?post=1002"},{"taxonomy":"product_cat","embeddable":true,"href":"https:\/\/essenledstrip.com\/fr\/wp-json\/wp\/v2\/product_cat?post=1002"},{"taxonomy":"product_tag","embeddable":true,"href":"https:\/\/essenledstrip.com\/fr\/wp-json\/wp\/v2\/product_tag?post=1002"}],"curies":[{"name":"wp","href":"https:\/\/api.w.org\/{rel}","templated":true}]}}