{"id":1085,"date":"2022-09-22T11:46:27","date_gmt":"2022-09-22T03:46:27","guid":{"rendered":"https:\/\/essenledstrip.com\/?post_type=product&#038;p=1085"},"modified":"2024-03-29T20:37:56","modified_gmt":"2024-03-29T12:37:56","slug":"rgb-led-strip-smd5050-120leds","status":"publish","type":"product","link":"https:\/\/essenledstrip.com\/fr\/produit\/bande-led-rgb-smd5050-120leds\/","title":{"rendered":"Ruban LED RGB SMD5050 120leds\/m Double 28.8W 20mm"},"content":{"rendered":"","protected":false},"excerpt":{"rendered":"<p>Les bandes lumineuses RVB sont des bandes de lumi\u00e8re \u00e0 changement de couleur qui ont la capacit\u00e9 de produire n&#039;importe quelle nuance de n&#039;importe quelle couleur, et elles sont cr\u00e9\u00e9es en m\u00e9langeant les trois couleurs primaires ; Rouge, bleu et vert. Leur sortie d\u00e9pend du type de contr\u00f4leur utilis\u00e9 ; ils ont \u00e9galement la capacit\u00e9 de produire une lumi\u00e8re blanche pure.<\/p>\n<p>Bande led RVB, avec double ligne 120 leds\/m DC24v (50mm\/coupe) 28.8w\/m, carte pcb 20mm, l&#039;utilisation de bandes lumineuses RVB est tr\u00e8s \u00e9tendue, chambres, bars, salons, panneaux d&#039;affichage et enseignes, lumi\u00e8res disco etc.<\/p>\n<p>Les lumi\u00e8res RVB sont tr\u00e8s populaires car elles sont s\u00fbres. Les lumi\u00e8res RVB sont exemptes de lumi\u00e8re ultraviolette et infrarouge nocive, vous pouvez les regarder pendant de longues p\u00e9riodes, sans vous soucier de votre vue. L&#039;\u00e9clairage rose, rouge, bleu et vert possible avec les lumi\u00e8res RVB fait un bien meilleur travail pour vous aider \u00e0 vous d\u00e9tendre, les lumi\u00e8res RVB peuvent \u00e9galement remplir votre espace de teintes jaunes, orange et violettes id\u00e9ales pour vous sentir exalt\u00e9 ou cr\u00e9atif.<\/p>\n<p><img decoding=\"async\" class=\"alignnone size-medium wp-image-1092\" src=\"https:\/\/essenledstrip.com\/wp-content\/uploads\/2022\/09\/20220906104020-1-300x109.webp\" alt=\"\" width=\"300\" height=\"109\" srcset=\"https:\/\/essenledstrip.com\/wp-content\/uploads\/2022\/09\/20220906104020-1-300x109.webp 300w, https:\/\/essenledstrip.com\/wp-content\/uploads\/2022\/09\/20220906104020-1-18x7.webp 18w, https:\/\/essenledstrip.com\/wp-content\/uploads\/2022\/09\/20220906104020-1.webp 569w\" sizes=\"(max-width: 300px) 100vw, 300px\" \/><\/p>","protected":false},"featured_media":2793,"template":"","meta":{"_kad_post_transparent":"default","_kad_post_title":"","_kad_post_layout":"default","_kad_post_sidebar_id":"","_kad_post_content_style":"default","_kad_post_vertical_padding":"default","_kad_post_feature":"","_kad_post_feature_position":"","_kad_post_header":false,"_kad_post_footer":false,"_kad_post_classname":""},"product_brand":[],"product_cat":[38,37],"product_tag":[222,223,224],"class_list":{"0":"post-1085","1":"product","2":"type-product","3":"status-publish","4":"has-post-thumbnail","6":"product_cat-rgb","7":"product_cat-rgbx-led-strip","8":"product_tag-24v-led-strip-smd5050-120leds-20mm-rgb-28-8w-ip20","9":"product_tag-5050-led-strip-lights-rgb-120led-m-24v-20mm-width","10":"product_tag-5050-strip-led-120-led-m-high-bright-28-8w-m-5m-rgb","12":"first","13":"instock","14":"shipping-taxable","15":"product-type-simple","16":"entry","17":"content-bg","18":"loop-entry"},"yoast_head":"<!-- This site is optimized with the Yoast SEO Premium plugin v24.7 (Yoast SEO v26.7) - https:\/\/yoast.com\/wordpress\/plugins\/seo\/ -->\n<title>DC24v 120leds\/m RGB Led Strip 5050 5m\/reel Double - Essenled<\/title>\n<meta name=\"description\" content=\"China factory 5050 RGB LED Strip Light 120LEDs dual line, 28.8w\/m, support non-waterpoof and waterproof, and customized at your brand everything you want.\" \/>\n<meta name=\"robots\" content=\"index, follow, max-snippet:-1, max-image-preview:large, max-video-preview:-1\" \/>\n<link rel=\"canonical\" href=\"https:\/\/essenledstrip.com\/fr\/produit\/bande-led-rgb-smd5050-120leds\/\" \/>\n<meta property=\"og:locale\" content=\"fr_FR\" \/>\n<meta property=\"og:type\" content=\"article\" \/>\n<meta property=\"og:title\" content=\"RGB LED Strip SMD5050 120leds\/m Dual 28.8W 20mm\" \/>\n<meta property=\"og:description\" content=\"China factory 5050 RGB LED Strip Light 120LEDs dual line, 28.8w\/m, support non-waterpoof and waterproof, and customized at your brand everything you want.\" \/>\n<meta property=\"og:url\" content=\"https:\/\/essenledstrip.com\/fr\/produit\/bande-led-rgb-smd5050-120leds\/\" \/>\n<meta property=\"og:site_name\" content=\"Essenled Lighting\" \/>\n<meta property=\"article:publisher\" content=\"https:\/\/www.facebook.com\/Shenzhen-Essenled-Lighting-COLTD-106633570961729\" \/>\n<meta property=\"article:modified_time\" content=\"2024-03-29T12:37:56+00:00\" \/>\n<meta property=\"og:image\" content=\"https:\/\/essenledstrip.com\/wp-content\/uploads\/2022\/09\/5050-Flexible-RGB-Strip-Light-120-LEDs.webp\" \/>\n\t<meta property=\"og:image:width\" content=\"800\" \/>\n\t<meta property=\"og:image:height\" content=\"800\" \/>\n\t<meta property=\"og:image:type\" content=\"image\/webp\" \/>\n<meta name=\"twitter:card\" content=\"summary_large_image\" \/>\n<meta name=\"twitter:label1\" content=\"Dur\u00e9e de lecture est.\" \/>\n\t<meta name=\"twitter:data1\" content=\"1 minute\" \/>\n<script type=\"application\/ld+json\" class=\"yoast-schema-graph\">{\"@context\":\"https:\/\/schema.org\",\"@graph\":[{\"@type\":\"WebPage\",\"@id\":\"https:\/\/essenledstrip.com\/product\/rgb-led-strip-smd5050-120leds\/\",\"url\":\"https:\/\/essenledstrip.com\/product\/rgb-led-strip-smd5050-120leds\/\",\"name\":\"DC24v 120leds\/m RGB Led Strip 5050 5m\/reel Double - Essenled\",\"isPartOf\":{\"@id\":\"https:\/\/essenledstrip.com\/ar\/#website\"},\"primaryImageOfPage\":{\"@id\":\"https:\/\/essenledstrip.com\/product\/rgb-led-strip-smd5050-120leds\/#primaryimage\"},\"image\":{\"@id\":\"https:\/\/essenledstrip.com\/product\/rgb-led-strip-smd5050-120leds\/#primaryimage\"},\"thumbnailUrl\":\"https:\/\/essenledstrip.com\/wp-content\/uploads\/2022\/09\/5050-Flexible-RGB-Strip-Light-120-LEDs.webp\",\"datePublished\":\"2022-09-22T03:46:27+00:00\",\"dateModified\":\"2024-03-29T12:37:56+00:00\",\"description\":\"China factory 5050 RGB LED Strip Light 120LEDs dual line, 28.8w\/m, support non-waterpoof and waterproof, and customized at your brand everything you want.\",\"breadcrumb\":{\"@id\":\"https:\/\/essenledstrip.com\/product\/rgb-led-strip-smd5050-120leds\/#breadcrumb\"},\"inLanguage\":\"fr-BE\",\"potentialAction\":[{\"@type\":\"ReadAction\",\"target\":[\"https:\/\/essenledstrip.com\/product\/rgb-led-strip-smd5050-120leds\/\"]}]},{\"@type\":\"ImageObject\",\"inLanguage\":\"fr-BE\",\"@id\":\"https:\/\/essenledstrip.com\/product\/rgb-led-strip-smd5050-120leds\/#primaryimage\",\"url\":\"https:\/\/essenledstrip.com\/wp-content\/uploads\/2022\/09\/5050-Flexible-RGB-Strip-Light-120-LEDs.webp\",\"contentUrl\":\"https:\/\/essenledstrip.com\/wp-content\/uploads\/2022\/09\/5050-Flexible-RGB-Strip-Light-120-LEDs.webp\",\"width\":800,\"height\":800,\"caption\":\"5050 Flexible RGB Strip Light 120 LEDs\"},{\"@type\":\"BreadcrumbList\",\"@id\":\"https:\/\/essenledstrip.com\/product\/rgb-led-strip-smd5050-120leds\/#breadcrumb\",\"itemListElement\":[{\"@type\":\"ListItem\",\"position\":1,\"name\":\"Home\",\"item\":\"https:\/\/essenledstrip.com\/\"},{\"@type\":\"ListItem\",\"position\":2,\"name\":\"Varer\",\"item\":\"https:\/\/essenledstrip.com\/dk\/shop\/\"},{\"@type\":\"ListItem\",\"position\":3,\"name\":\"RGB LED Strip SMD5050 120leds\/m Dual 28.8W 20mm\"}]},{\"@type\":\"WebSite\",\"@id\":\"https:\/\/essenledstrip.com\/ar\/#website\",\"url\":\"https:\/\/essenledstrip.com\/ar\/\",\"name\":\"Essenled Lighting\",\"description\":\"\",\"publisher\":{\"@id\":\"https:\/\/essenledstrip.com\/ar\/#organization\"},\"potentialAction\":[{\"@type\":\"SearchAction\",\"target\":{\"@type\":\"EntryPoint\",\"urlTemplate\":\"https:\/\/essenledstrip.com\/ar\/?s={search_term_string}\"},\"query-input\":{\"@type\":\"PropertyValueSpecification\",\"valueRequired\":true,\"valueName\":\"search_term_string\"}}],\"inLanguage\":\"fr-BE\"},{\"@type\":\"Organization\",\"@id\":\"https:\/\/essenledstrip.com\/ar\/#organization\",\"name\":\"Shenzhen Essenled Lighting CO.,LTD\",\"url\":\"https:\/\/essenledstrip.com\/ar\/\",\"logo\":{\"@type\":\"ImageObject\",\"inLanguage\":\"fr-BE\",\"@id\":\"https:\/\/essenledstrip.com\/ar\/#\/schema\/logo\/image\/\",\"url\":\"https:\/\/essenledstrip.com\/wp-content\/uploads\/2022\/08\/LOGO.png\",\"contentUrl\":\"https:\/\/essenledstrip.com\/wp-content\/uploads\/2022\/08\/LOGO.png\",\"width\":300,\"height\":100,\"caption\":\"Shenzhen Essenled Lighting CO.,LTD\"},\"image\":{\"@id\":\"https:\/\/essenledstrip.com\/ar\/#\/schema\/logo\/image\/\"},\"sameAs\":[\"https:\/\/www.facebook.com\/Shenzhen-Essenled-Lighting-COLTD-106633570961729\"]}]}<\/script>\n<!-- \/ Yoast SEO Premium plugin. -->","yoast_head_json":{"title":"DC24v 120leds\/m RGB Led Strip 5050 5m\/reel Double - Essenled","description":"China factory 5050 RGB LED Strip Light 120LEDs dual line, 28.8w\/m, support non-waterpoof and waterproof, and customized at your brand everything you want.","robots":{"index":"index","follow":"follow","max-snippet":"max-snippet:-1","max-image-preview":"max-image-preview:large","max-video-preview":"max-video-preview:-1"},"canonical":"https:\/\/essenledstrip.com\/fr\/produit\/bande-led-rgb-smd5050-120leds\/","og_locale":"fr_FR","og_type":"article","og_title":"RGB LED Strip SMD5050 120leds\/m Dual 28.8W 20mm","og_description":"China factory 5050 RGB LED Strip Light 120LEDs dual line, 28.8w\/m, support non-waterpoof and waterproof, and customized at your brand everything you want.","og_url":"https:\/\/essenledstrip.com\/fr\/produit\/bande-led-rgb-smd5050-120leds\/","og_site_name":"Essenled Lighting","article_publisher":"https:\/\/www.facebook.com\/Shenzhen-Essenled-Lighting-COLTD-106633570961729","article_modified_time":"2024-03-29T12:37:56+00:00","og_image":[{"width":800,"height":800,"url":"https:\/\/essenledstrip.com\/wp-content\/uploads\/2022\/09\/5050-Flexible-RGB-Strip-Light-120-LEDs.webp","type":"image\/webp"}],"twitter_card":"summary_large_image","twitter_misc":{"Dur\u00e9e de lecture est.":"1 minute"},"schema":{"@context":"https:\/\/schema.org","@graph":[{"@type":"WebPage","@id":"https:\/\/essenledstrip.com\/product\/rgb-led-strip-smd5050-120leds\/","url":"https:\/\/essenledstrip.com\/product\/rgb-led-strip-smd5050-120leds\/","name":"DC24v 120leds\/m RGB Led Strip 5050 5m\/reel Double - Essenled","isPartOf":{"@id":"https:\/\/essenledstrip.com\/ar\/#website"},"primaryImageOfPage":{"@id":"https:\/\/essenledstrip.com\/product\/rgb-led-strip-smd5050-120leds\/#primaryimage"},"image":{"@id":"https:\/\/essenledstrip.com\/product\/rgb-led-strip-smd5050-120leds\/#primaryimage"},"thumbnailUrl":"https:\/\/essenledstrip.com\/wp-content\/uploads\/2022\/09\/5050-Flexible-RGB-Strip-Light-120-LEDs.webp","datePublished":"2022-09-22T03:46:27+00:00","dateModified":"2024-03-29T12:37:56+00:00","description":"China factory 5050 RGB LED Strip Light 120LEDs dual line, 28.8w\/m, support non-waterpoof and waterproof, and customized at your brand everything you want.","breadcrumb":{"@id":"https:\/\/essenledstrip.com\/product\/rgb-led-strip-smd5050-120leds\/#breadcrumb"},"inLanguage":"fr-BE","potentialAction":[{"@type":"ReadAction","target":["https:\/\/essenledstrip.com\/product\/rgb-led-strip-smd5050-120leds\/"]}]},{"@type":"ImageObject","inLanguage":"fr-BE","@id":"https:\/\/essenledstrip.com\/product\/rgb-led-strip-smd5050-120leds\/#primaryimage","url":"https:\/\/essenledstrip.com\/wp-content\/uploads\/2022\/09\/5050-Flexible-RGB-Strip-Light-120-LEDs.webp","contentUrl":"https:\/\/essenledstrip.com\/wp-content\/uploads\/2022\/09\/5050-Flexible-RGB-Strip-Light-120-LEDs.webp","width":800,"height":800,"caption":"5050 Flexible RGB Strip Light 120 LEDs"},{"@type":"BreadcrumbList","@id":"https:\/\/essenledstrip.com\/product\/rgb-led-strip-smd5050-120leds\/#breadcrumb","itemListElement":[{"@type":"ListItem","position":1,"name":"Home","item":"https:\/\/essenledstrip.com\/"},{"@type":"ListItem","position":2,"name":"Varer","item":"https:\/\/essenledstrip.com\/dk\/shop\/"},{"@type":"ListItem","position":3,"name":"RGB LED Strip SMD5050 120leds\/m Dual 28.8W 20mm"}]},{"@type":"WebSite","@id":"https:\/\/essenledstrip.com\/ar\/#website","url":"https:\/\/essenledstrip.com\/ar\/","name":"Essenled Lighting","description":"","publisher":{"@id":"https:\/\/essenledstrip.com\/ar\/#organization"},"potentialAction":[{"@type":"SearchAction","target":{"@type":"EntryPoint","urlTemplate":"https:\/\/essenledstrip.com\/ar\/?s={search_term_string}"},"query-input":{"@type":"PropertyValueSpecification","valueRequired":true,"valueName":"search_term_string"}}],"inLanguage":"fr-BE"},{"@type":"Organization","@id":"https:\/\/essenledstrip.com\/ar\/#organization","name":"Shenzhen Essenled Lighting CO.,LTD","url":"https:\/\/essenledstrip.com\/ar\/","logo":{"@type":"ImageObject","inLanguage":"fr-BE","@id":"https:\/\/essenledstrip.com\/ar\/#\/schema\/logo\/image\/","url":"https:\/\/essenledstrip.com\/wp-content\/uploads\/2022\/08\/LOGO.png","contentUrl":"https:\/\/essenledstrip.com\/wp-content\/uploads\/2022\/08\/LOGO.png","width":300,"height":100,"caption":"Shenzhen Essenled Lighting CO.,LTD"},"image":{"@id":"https:\/\/essenledstrip.com\/ar\/#\/schema\/logo\/image\/"},"sameAs":["https:\/\/www.facebook.com\/Shenzhen-Essenled-Lighting-COLTD-106633570961729"]}]}},"_links":{"self":[{"href":"https:\/\/essenledstrip.com\/fr\/wp-json\/wp\/v2\/product\/1085","targetHints":{"allow":["GET"]}}],"collection":[{"href":"https:\/\/essenledstrip.com\/fr\/wp-json\/wp\/v2\/product"}],"about":[{"href":"https:\/\/essenledstrip.com\/fr\/wp-json\/wp\/v2\/types\/product"}],"version-history":[{"count":0,"href":"https:\/\/essenledstrip.com\/fr\/wp-json\/wp\/v2\/product\/1085\/revisions"}],"wp:featuredmedia":[{"embeddable":true,"href":"https:\/\/essenledstrip.com\/fr\/wp-json\/wp\/v2\/media\/2793"}],"wp:attachment":[{"href":"https:\/\/essenledstrip.com\/fr\/wp-json\/wp\/v2\/media?parent=1085"}],"wp:term":[{"taxonomy":"product_brand","embeddable":true,"href":"https:\/\/essenledstrip.com\/fr\/wp-json\/wp\/v2\/product_brand?post=1085"},{"taxonomy":"product_cat","embeddable":true,"href":"https:\/\/essenledstrip.com\/fr\/wp-json\/wp\/v2\/product_cat?post=1085"},{"taxonomy":"product_tag","embeddable":true,"href":"https:\/\/essenledstrip.com\/fr\/wp-json\/wp\/v2\/product_tag?post=1085"}],"curies":[{"name":"wp","href":"https:\/\/api.w.org\/{rel}","templated":true}]}}