{"id":1103,"date":"2022-09-22T12:02:45","date_gmt":"2022-09-22T04:02:45","guid":{"rendered":"https:\/\/essenledstrip.com\/?post_type=product&#038;p=1103"},"modified":"2024-03-29T20:35:19","modified_gmt":"2024-03-29T12:35:19","slug":"rgb-led-strip-smd3838-240leds","status":"publish","type":"product","link":"https:\/\/essenledstrip.com\/fr\/produit\/bande-led-rgb-smd3838-240leds\/","title":{"rendered":"Nouveau Ruban LED RVB SMD3838 240leds\/m 24W 12mm"},"content":{"rendered":"","protected":false},"excerpt":{"rendered":"<p>Les bandes lumineuses RVB sont des bandes de lumi\u00e8re \u00e0 changement de couleur qui ont la capacit\u00e9 de produire n&#039;importe quelle nuance de n&#039;importe quelle couleur, et elles sont cr\u00e9\u00e9es en m\u00e9langeant les trois couleurs primaires ; Rouge, bleu et vert. Leur sortie d\u00e9pend du type de contr\u00f4leur utilis\u00e9 ; ils ont \u00e9galement la capacit\u00e9 de produire une lumi\u00e8re blanche pure.<\/p>\n<p>Nouvelle bande LED smd3838 RVB, taille 38*38*1.1mm, plus petite et plus fine, avec 240leds\/m DC24v (25mm\/coupe) 24w\/m, carte PCB 12mm, con\u00e7ue avec une petite taille, de sorte qu&#039;elle peut remplacer smd5050\/smd4040 , il s&#039;agit d&#039;une s\u00e9lection id\u00e9ale pour r\u00e9pondre \u00e0 la demande de conception d&#039;\u00e9clairage int\u00e9rieur et de projets d&#039;\u00e9clairage innovants.<\/p>\n<p>Les lumi\u00e8res RVB sont tr\u00e8s populaires, les lumi\u00e8res RVB sont exemptes de lumi\u00e8re ultraviolette et infrarouge nocive, vous pouvez les regarder pendant de longues p\u00e9riodes, sans vous soucier de votre vue. L&#039;\u00e9clairage rose, rouge, bleu et vert possible avec les lumi\u00e8res RVB fait un bien meilleur travail pour vous aider \u00e0 vous d\u00e9tendre, les lumi\u00e8res RVB peuvent \u00e9galement remplir votre espace de teintes jaunes, orange et violettes id\u00e9ales pour vous sentir exalt\u00e9 ou cr\u00e9atif.<\/p>\n<p><img decoding=\"async\" class=\"alignnone size-medium wp-image-1110\" src=\"https:\/\/essenledstrip.com\/wp-content\/uploads\/2022\/09\/20220906103646-1-300x133.webp\" alt=\"\" width=\"300\" height=\"133\" srcset=\"https:\/\/essenledstrip.com\/wp-content\/uploads\/2022\/09\/20220906103646-1-300x133.webp 300w, https:\/\/essenledstrip.com\/wp-content\/uploads\/2022\/09\/20220906103646-1-18x8.webp 18w, https:\/\/essenledstrip.com\/wp-content\/uploads\/2022\/09\/20220906103646-1.webp 504w\" sizes=\"(max-width: 300px) 100vw, 300px\" \/><\/p>","protected":false},"featured_media":2796,"template":"","meta":{"_kad_post_transparent":"default","_kad_post_title":"","_kad_post_layout":"default","_kad_post_sidebar_id":"","_kad_post_content_style":"default","_kad_post_vertical_padding":"default","_kad_post_feature":"","_kad_post_feature_position":"","_kad_post_header":false,"_kad_post_footer":false,"_kad_post_classname":""},"product_brand":[],"product_cat":[38,37],"product_tag":[230,229,228],"class_list":{"0":"post-1103","1":"product","2":"type-product","3":"status-publish","4":"has-post-thumbnail","6":"product_cat-rgb","7":"product_cat-rgbx-led-strip","8":"product_tag-24v-240leds-m-smd3838-single-row-rgb-led-strip-tape-light","9":"product_tag-dot-free-240leds-smd3838-led-strip-light-24w-m-ip65","10":"product_tag-rgb-high-denisty-3838-240leds-m-dc24v-led-strip-lights","12":"first","13":"instock","14":"shipping-taxable","15":"product-type-simple","16":"entry","17":"content-bg","18":"loop-entry"},"yoast_head":"<!-- This site is optimized with the Yoast SEO Premium plugin v24.7 (Yoast SEO v26.7) - https:\/\/yoast.com\/wordpress\/plugins\/seo\/ -->\n<title>High Brightness RGB Led Strip Smd3838 240leds 5m - Essenled<\/title>\n<meta name=\"description\" content=\"Manufacturer SMD3838 RGB led strip, high brightness and low decay, with 240leds\/m high desity and dot free design,12mm width PCB with good heat dissipation\" \/>\n<meta name=\"robots\" content=\"index, follow, max-snippet:-1, max-image-preview:large, max-video-preview:-1\" \/>\n<link rel=\"canonical\" href=\"https:\/\/essenledstrip.com\/fr\/produit\/bande-led-rgb-smd3838-240leds\/\" \/>\n<meta property=\"og:locale\" content=\"fr_FR\" \/>\n<meta property=\"og:type\" content=\"article\" \/>\n<meta property=\"og:title\" content=\"New RGB LED Strip SMD3838 240leds\/m 24W 12mm\" \/>\n<meta property=\"og:description\" content=\"Manufacturer SMD3838 RGB led strip, high brightness and low decay, with 240leds\/m high desity and dot free design,12mm width PCB with good heat dissipation\" \/>\n<meta property=\"og:url\" content=\"https:\/\/essenledstrip.com\/fr\/produit\/bande-led-rgb-smd3838-240leds\/\" \/>\n<meta property=\"og:site_name\" content=\"Essenled Lighting\" \/>\n<meta property=\"article:publisher\" content=\"https:\/\/www.facebook.com\/Shenzhen-Essenled-Lighting-COLTD-106633570961729\" \/>\n<meta property=\"article:modified_time\" content=\"2024-03-29T12:35:19+00:00\" \/>\n<meta property=\"og:image\" content=\"https:\/\/essenledstrip.com\/wp-content\/uploads\/2022\/09\/RGB-high-density-LED-strip-3838-240LEDs.webp\" \/>\n\t<meta property=\"og:image:width\" content=\"800\" \/>\n\t<meta property=\"og:image:height\" content=\"800\" \/>\n\t<meta property=\"og:image:type\" content=\"image\/webp\" \/>\n<meta name=\"twitter:card\" content=\"summary_large_image\" \/>\n<meta name=\"twitter:label1\" content=\"Dur\u00e9e de lecture est.\" \/>\n\t<meta name=\"twitter:data1\" content=\"1 minute\" \/>\n<script type=\"application\/ld+json\" class=\"yoast-schema-graph\">{\"@context\":\"https:\/\/schema.org\",\"@graph\":[{\"@type\":\"WebPage\",\"@id\":\"https:\/\/essenledstrip.com\/product\/rgb-led-strip-smd3838-240leds\/\",\"url\":\"https:\/\/essenledstrip.com\/product\/rgb-led-strip-smd3838-240leds\/\",\"name\":\"High Brightness RGB Led Strip Smd3838 240leds 5m - Essenled\",\"isPartOf\":{\"@id\":\"https:\/\/essenledstrip.com\/ar\/#website\"},\"primaryImageOfPage\":{\"@id\":\"https:\/\/essenledstrip.com\/product\/rgb-led-strip-smd3838-240leds\/#primaryimage\"},\"image\":{\"@id\":\"https:\/\/essenledstrip.com\/product\/rgb-led-strip-smd3838-240leds\/#primaryimage\"},\"thumbnailUrl\":\"https:\/\/essenledstrip.com\/wp-content\/uploads\/2022\/09\/RGB-high-density-LED-strip-3838-240LEDs.webp\",\"datePublished\":\"2022-09-22T04:02:45+00:00\",\"dateModified\":\"2024-03-29T12:35:19+00:00\",\"description\":\"Manufacturer SMD3838 RGB led strip, high brightness and low decay, with 240leds\/m high desity and dot free design,12mm width PCB with good heat dissipation\",\"breadcrumb\":{\"@id\":\"https:\/\/essenledstrip.com\/product\/rgb-led-strip-smd3838-240leds\/#breadcrumb\"},\"inLanguage\":\"fr-BE\",\"potentialAction\":[{\"@type\":\"ReadAction\",\"target\":[\"https:\/\/essenledstrip.com\/product\/rgb-led-strip-smd3838-240leds\/\"]}]},{\"@type\":\"ImageObject\",\"inLanguage\":\"fr-BE\",\"@id\":\"https:\/\/essenledstrip.com\/product\/rgb-led-strip-smd3838-240leds\/#primaryimage\",\"url\":\"https:\/\/essenledstrip.com\/wp-content\/uploads\/2022\/09\/RGB-high-density-LED-strip-3838-240LEDs.webp\",\"contentUrl\":\"https:\/\/essenledstrip.com\/wp-content\/uploads\/2022\/09\/RGB-high-density-LED-strip-3838-240LEDs.webp\",\"width\":800,\"height\":800,\"caption\":\"RGB high density LED strip 3838 240LEDs\"},{\"@type\":\"BreadcrumbList\",\"@id\":\"https:\/\/essenledstrip.com\/product\/rgb-led-strip-smd3838-240leds\/#breadcrumb\",\"itemListElement\":[{\"@type\":\"ListItem\",\"position\":1,\"name\":\"Home\",\"item\":\"https:\/\/essenledstrip.com\/\"},{\"@type\":\"ListItem\",\"position\":2,\"name\":\"Varer\",\"item\":\"https:\/\/essenledstrip.com\/dk\/shop\/\"},{\"@type\":\"ListItem\",\"position\":3,\"name\":\"New RGB LED Strip SMD3838 240leds\/m 24W 12mm\"}]},{\"@type\":\"WebSite\",\"@id\":\"https:\/\/essenledstrip.com\/ar\/#website\",\"url\":\"https:\/\/essenledstrip.com\/ar\/\",\"name\":\"Essenled Lighting\",\"description\":\"\",\"publisher\":{\"@id\":\"https:\/\/essenledstrip.com\/ar\/#organization\"},\"potentialAction\":[{\"@type\":\"SearchAction\",\"target\":{\"@type\":\"EntryPoint\",\"urlTemplate\":\"https:\/\/essenledstrip.com\/ar\/?s={search_term_string}\"},\"query-input\":{\"@type\":\"PropertyValueSpecification\",\"valueRequired\":true,\"valueName\":\"search_term_string\"}}],\"inLanguage\":\"fr-BE\"},{\"@type\":\"Organization\",\"@id\":\"https:\/\/essenledstrip.com\/ar\/#organization\",\"name\":\"Shenzhen Essenled Lighting CO.,LTD\",\"url\":\"https:\/\/essenledstrip.com\/ar\/\",\"logo\":{\"@type\":\"ImageObject\",\"inLanguage\":\"fr-BE\",\"@id\":\"https:\/\/essenledstrip.com\/ar\/#\/schema\/logo\/image\/\",\"url\":\"https:\/\/essenledstrip.com\/wp-content\/uploads\/2022\/08\/LOGO.png\",\"contentUrl\":\"https:\/\/essenledstrip.com\/wp-content\/uploads\/2022\/08\/LOGO.png\",\"width\":300,\"height\":100,\"caption\":\"Shenzhen Essenled Lighting CO.,LTD\"},\"image\":{\"@id\":\"https:\/\/essenledstrip.com\/ar\/#\/schema\/logo\/image\/\"},\"sameAs\":[\"https:\/\/www.facebook.com\/Shenzhen-Essenled-Lighting-COLTD-106633570961729\"]}]}<\/script>\n<!-- \/ Yoast SEO Premium plugin. -->","yoast_head_json":{"title":"High Brightness RGB Led Strip Smd3838 240leds 5m - Essenled","description":"Manufacturer SMD3838 RGB led strip, high brightness and low decay, with 240leds\/m high desity and dot free design,12mm width PCB with good heat dissipation","robots":{"index":"index","follow":"follow","max-snippet":"max-snippet:-1","max-image-preview":"max-image-preview:large","max-video-preview":"max-video-preview:-1"},"canonical":"https:\/\/essenledstrip.com\/fr\/produit\/bande-led-rgb-smd3838-240leds\/","og_locale":"fr_FR","og_type":"article","og_title":"New RGB LED Strip SMD3838 240leds\/m 24W 12mm","og_description":"Manufacturer SMD3838 RGB led strip, high brightness and low decay, with 240leds\/m high desity and dot free design,12mm width PCB with good heat dissipation","og_url":"https:\/\/essenledstrip.com\/fr\/produit\/bande-led-rgb-smd3838-240leds\/","og_site_name":"Essenled Lighting","article_publisher":"https:\/\/www.facebook.com\/Shenzhen-Essenled-Lighting-COLTD-106633570961729","article_modified_time":"2024-03-29T12:35:19+00:00","og_image":[{"width":800,"height":800,"url":"https:\/\/essenledstrip.com\/wp-content\/uploads\/2022\/09\/RGB-high-density-LED-strip-3838-240LEDs.webp","type":"image\/webp"}],"twitter_card":"summary_large_image","twitter_misc":{"Dur\u00e9e de lecture est.":"1 minute"},"schema":{"@context":"https:\/\/schema.org","@graph":[{"@type":"WebPage","@id":"https:\/\/essenledstrip.com\/product\/rgb-led-strip-smd3838-240leds\/","url":"https:\/\/essenledstrip.com\/product\/rgb-led-strip-smd3838-240leds\/","name":"High Brightness RGB Led Strip Smd3838 240leds 5m - Essenled","isPartOf":{"@id":"https:\/\/essenledstrip.com\/ar\/#website"},"primaryImageOfPage":{"@id":"https:\/\/essenledstrip.com\/product\/rgb-led-strip-smd3838-240leds\/#primaryimage"},"image":{"@id":"https:\/\/essenledstrip.com\/product\/rgb-led-strip-smd3838-240leds\/#primaryimage"},"thumbnailUrl":"https:\/\/essenledstrip.com\/wp-content\/uploads\/2022\/09\/RGB-high-density-LED-strip-3838-240LEDs.webp","datePublished":"2022-09-22T04:02:45+00:00","dateModified":"2024-03-29T12:35:19+00:00","description":"Manufacturer SMD3838 RGB led strip, high brightness and low decay, with 240leds\/m high desity and dot free design,12mm width PCB with good heat dissipation","breadcrumb":{"@id":"https:\/\/essenledstrip.com\/product\/rgb-led-strip-smd3838-240leds\/#breadcrumb"},"inLanguage":"fr-BE","potentialAction":[{"@type":"ReadAction","target":["https:\/\/essenledstrip.com\/product\/rgb-led-strip-smd3838-240leds\/"]}]},{"@type":"ImageObject","inLanguage":"fr-BE","@id":"https:\/\/essenledstrip.com\/product\/rgb-led-strip-smd3838-240leds\/#primaryimage","url":"https:\/\/essenledstrip.com\/wp-content\/uploads\/2022\/09\/RGB-high-density-LED-strip-3838-240LEDs.webp","contentUrl":"https:\/\/essenledstrip.com\/wp-content\/uploads\/2022\/09\/RGB-high-density-LED-strip-3838-240LEDs.webp","width":800,"height":800,"caption":"RGB high density LED strip 3838 240LEDs"},{"@type":"BreadcrumbList","@id":"https:\/\/essenledstrip.com\/product\/rgb-led-strip-smd3838-240leds\/#breadcrumb","itemListElement":[{"@type":"ListItem","position":1,"name":"Home","item":"https:\/\/essenledstrip.com\/"},{"@type":"ListItem","position":2,"name":"Varer","item":"https:\/\/essenledstrip.com\/dk\/shop\/"},{"@type":"ListItem","position":3,"name":"New RGB LED Strip SMD3838 240leds\/m 24W 12mm"}]},{"@type":"WebSite","@id":"https:\/\/essenledstrip.com\/ar\/#website","url":"https:\/\/essenledstrip.com\/ar\/","name":"Essenled Lighting","description":"","publisher":{"@id":"https:\/\/essenledstrip.com\/ar\/#organization"},"potentialAction":[{"@type":"SearchAction","target":{"@type":"EntryPoint","urlTemplate":"https:\/\/essenledstrip.com\/ar\/?s={search_term_string}"},"query-input":{"@type":"PropertyValueSpecification","valueRequired":true,"valueName":"search_term_string"}}],"inLanguage":"fr-BE"},{"@type":"Organization","@id":"https:\/\/essenledstrip.com\/ar\/#organization","name":"Shenzhen Essenled Lighting CO.,LTD","url":"https:\/\/essenledstrip.com\/ar\/","logo":{"@type":"ImageObject","inLanguage":"fr-BE","@id":"https:\/\/essenledstrip.com\/ar\/#\/schema\/logo\/image\/","url":"https:\/\/essenledstrip.com\/wp-content\/uploads\/2022\/08\/LOGO.png","contentUrl":"https:\/\/essenledstrip.com\/wp-content\/uploads\/2022\/08\/LOGO.png","width":300,"height":100,"caption":"Shenzhen Essenled Lighting CO.,LTD"},"image":{"@id":"https:\/\/essenledstrip.com\/ar\/#\/schema\/logo\/image\/"},"sameAs":["https:\/\/www.facebook.com\/Shenzhen-Essenled-Lighting-COLTD-106633570961729"]}]}},"_links":{"self":[{"href":"https:\/\/essenledstrip.com\/fr\/wp-json\/wp\/v2\/product\/1103","targetHints":{"allow":["GET"]}}],"collection":[{"href":"https:\/\/essenledstrip.com\/fr\/wp-json\/wp\/v2\/product"}],"about":[{"href":"https:\/\/essenledstrip.com\/fr\/wp-json\/wp\/v2\/types\/product"}],"version-history":[{"count":0,"href":"https:\/\/essenledstrip.com\/fr\/wp-json\/wp\/v2\/product\/1103\/revisions"}],"wp:featuredmedia":[{"embeddable":true,"href":"https:\/\/essenledstrip.com\/fr\/wp-json\/wp\/v2\/media\/2796"}],"wp:attachment":[{"href":"https:\/\/essenledstrip.com\/fr\/wp-json\/wp\/v2\/media?parent=1103"}],"wp:term":[{"taxonomy":"product_brand","embeddable":true,"href":"https:\/\/essenledstrip.com\/fr\/wp-json\/wp\/v2\/product_brand?post=1103"},{"taxonomy":"product_cat","embeddable":true,"href":"https:\/\/essenledstrip.com\/fr\/wp-json\/wp\/v2\/product_cat?post=1103"},{"taxonomy":"product_tag","embeddable":true,"href":"https:\/\/essenledstrip.com\/fr\/wp-json\/wp\/v2\/product_tag?post=1103"}],"curies":[{"name":"wp","href":"https:\/\/api.w.org\/{rel}","templated":true}]}}