{"id":1121,"date":"2022-09-22T21:04:26","date_gmt":"2022-09-22T13:04:26","guid":{"rendered":"https:\/\/essenledstrip.com\/?post_type=product&#038;p=1121"},"modified":"2024-03-29T20:48:18","modified_gmt":"2024-03-29T12:48:18","slug":"rgbw-led-strip-smd5050-96leds","status":"publish","type":"product","link":"https:\/\/essenledstrip.com\/fr\/produit\/bande-led-rgbw-smd5050-96leds\/","title":{"rendered":"Ruban LED RGB+W SMD5050 96leds\/m 23W 12mm"},"content":{"rendered":"","protected":false},"excerpt":{"rendered":"<p>Le RVB + W comporte des LED rouges, vertes et bleues, mais ajoute une conception \u00e0 double puce LED, avec la puce LED blanche suppl\u00e9mentaire, la bande lumineuse LED RVB + W peut produire une large gamme de couleurs vives, la puce blanche suppl\u00e9mentaire permet \u00e9galement la bande LED pour produire un m\u00e9lange unique d&#039;\u00e9clairage RVB et couleur.<\/p>\n<p>La bande LED RGB+W, RGB-White &amp; RGB-Warm White en option, avec 96leds\/m(23w\/m) DC24v(125mm\/cut), carte PCB 12mm, temp\u00e9rature de couleurs standard 2100K-6000K, CRI80\/CRI90 sup\u00e9rieur plus, tous les d\u00e9tails peuvent \u00e9galement \u00eatre personnalis\u00e9s selon vos besoins.<\/p>\n<p>RVB + WW est le plus populaire, car RVB peut \u00eatre un blanc pur avec une combinaison de rouge, de vert et de bleu. c&#039;est un choix parfait pour r\u00e9pondre \u00e0 la demande de conception d&#039;\u00e9clairage int\u00e9rieur et de solutions d&#039;\u00e9clairage innovantes. Avec une t\u00e9l\u00e9commande, vous pouvez modifier les param\u00e8tres, la luminosit\u00e9 et les couleurs des bandes lumineuses \u00e0 presque toutes les couleurs que vous pouvez imaginer.<\/p>\n<p><img fetchpriority=\"high\" decoding=\"async\" class=\"alignnone wp-image-1127 size-large\" src=\"https:\/\/essenledstrip.com\/wp-content\/uploads\/2022\/09\/20220906164007-1-1024x183.webp\" alt=\"\" width=\"1024\" height=\"183\" srcset=\"https:\/\/essenledstrip.com\/wp-content\/uploads\/2022\/09\/20220906164007-1-1024x183.webp 1024w, https:\/\/essenledstrip.com\/wp-content\/uploads\/2022\/09\/20220906164007-1-300x53.webp 300w, https:\/\/essenledstrip.com\/wp-content\/uploads\/2022\/09\/20220906164007-1-768x137.webp 768w, https:\/\/essenledstrip.com\/wp-content\/uploads\/2022\/09\/20220906164007-1-18x3.webp 18w, https:\/\/essenledstrip.com\/wp-content\/uploads\/2022\/09\/20220906164007-1-600x107.webp 600w, https:\/\/essenledstrip.com\/wp-content\/uploads\/2022\/09\/20220906164007-1.webp 1060w\" sizes=\"(max-width: 1024px) 100vw, 1024px\" \/><\/p>","protected":false},"featured_media":2801,"template":"","meta":{"_kad_post_transparent":"default","_kad_post_title":"","_kad_post_layout":"default","_kad_post_sidebar_id":"","_kad_post_content_style":"default","_kad_post_vertical_padding":"default","_kad_post_feature":"","_kad_post_feature_position":"","_kad_post_header":false,"_kad_post_footer":false,"_kad_post_classname":""},"product_brand":[],"product_cat":[39,37],"product_tag":[234,235,236],"class_list":{"0":"post-1121","1":"product","2":"type-product","3":"status-publish","4":"has-post-thumbnail","6":"product_cat-rgbw","7":"product_cat-rgbx-led-strip","8":"product_tag-high-bright-rgbw-cri90-led-strip-96leds-5050-24v-light","9":"product_tag-rgbw-96leds-hgih-density-5050-led-strip-light-5m-reel-ip20","10":"product_tag-waterproof-rgbw-2700k-6000k-5050-96leds-23w-m-ip67","12":"first","13":"instock","14":"shipping-taxable","15":"product-type-simple","16":"entry","17":"content-bg","18":"loop-entry"},"yoast_head":"<!-- This site is optimized with the Yoast SEO Premium plugin v24.7 (Yoast SEO v26.7) - https:\/\/yoast.com\/wordpress\/plugins\/seo\/ -->\n<title>Led Strip 24V 23W RGBW 5mt 96leds SMD5050 Indoor IP20<\/title>\n<meta name=\"description\" content=\"RGB+W led strips smd5050 96leds\/m 23w\/m, 24V 5m IP20, it is suitable for cove, office, ,hotel, retail, architectural lighting etc. With 3-5 years warranty.\" \/>\n<meta name=\"robots\" content=\"index, follow, max-snippet:-1, max-image-preview:large, max-video-preview:-1\" \/>\n<link rel=\"canonical\" href=\"https:\/\/essenledstrip.com\/fr\/produit\/bande-led-rgbw-smd5050-96leds\/\" \/>\n<meta property=\"og:locale\" content=\"fr_FR\" \/>\n<meta property=\"og:type\" content=\"article\" \/>\n<meta property=\"og:title\" content=\"RGB+W LED Strip SMD5050 96leds\/m 23W 12mm\" \/>\n<meta property=\"og:description\" content=\"RGB+W led strips smd5050 96leds\/m 23w\/m, 24V 5m IP20, it is suitable for cove, office, ,hotel, retail, architectural lighting etc. With 3-5 years warranty.\" \/>\n<meta property=\"og:url\" content=\"https:\/\/essenledstrip.com\/fr\/produit\/bande-led-rgbw-smd5050-96leds\/\" \/>\n<meta property=\"og:site_name\" content=\"Essenled Lighting\" \/>\n<meta property=\"article:publisher\" content=\"https:\/\/www.facebook.com\/Shenzhen-Essenled-Lighting-COLTD-106633570961729\" \/>\n<meta property=\"article:modified_time\" content=\"2024-03-29T12:48:18+00:00\" \/>\n<meta property=\"og:image\" content=\"https:\/\/essenledstrip.com\/wp-content\/uploads\/2022\/09\/5050-RGBW-LED-Strip-96LEDs.webp\" \/>\n\t<meta property=\"og:image:width\" content=\"800\" \/>\n\t<meta property=\"og:image:height\" content=\"800\" \/>\n\t<meta property=\"og:image:type\" content=\"image\/webp\" \/>\n<meta name=\"twitter:card\" content=\"summary_large_image\" \/>\n<meta name=\"twitter:label1\" content=\"Dur\u00e9e de lecture est.\" \/>\n\t<meta name=\"twitter:data1\" content=\"1 minute\" \/>\n<script type=\"application\/ld+json\" class=\"yoast-schema-graph\">{\"@context\":\"https:\/\/schema.org\",\"@graph\":[{\"@type\":\"WebPage\",\"@id\":\"https:\/\/essenledstrip.com\/product\/rgbw-led-strip-smd5050-96leds\/\",\"url\":\"https:\/\/essenledstrip.com\/product\/rgbw-led-strip-smd5050-96leds\/\",\"name\":\"Led Strip 24V 23W RGBW 5mt 96leds SMD5050 Indoor IP20\",\"isPartOf\":{\"@id\":\"https:\/\/essenledstrip.com\/ar\/#website\"},\"primaryImageOfPage\":{\"@id\":\"https:\/\/essenledstrip.com\/product\/rgbw-led-strip-smd5050-96leds\/#primaryimage\"},\"image\":{\"@id\":\"https:\/\/essenledstrip.com\/product\/rgbw-led-strip-smd5050-96leds\/#primaryimage\"},\"thumbnailUrl\":\"https:\/\/essenledstrip.com\/wp-content\/uploads\/2022\/09\/5050-RGBW-LED-Strip-96LEDs.webp\",\"datePublished\":\"2022-09-22T13:04:26+00:00\",\"dateModified\":\"2024-03-29T12:48:18+00:00\",\"description\":\"RGB+W led strips smd5050 96leds\/m 23w\/m, 24V 5m IP20, it is suitable for cove, office, ,hotel, retail, architectural lighting etc. With 3-5 years warranty.\",\"breadcrumb\":{\"@id\":\"https:\/\/essenledstrip.com\/product\/rgbw-led-strip-smd5050-96leds\/#breadcrumb\"},\"inLanguage\":\"fr-BE\",\"potentialAction\":[{\"@type\":\"ReadAction\",\"target\":[\"https:\/\/essenledstrip.com\/product\/rgbw-led-strip-smd5050-96leds\/\"]}]},{\"@type\":\"ImageObject\",\"inLanguage\":\"fr-BE\",\"@id\":\"https:\/\/essenledstrip.com\/product\/rgbw-led-strip-smd5050-96leds\/#primaryimage\",\"url\":\"https:\/\/essenledstrip.com\/wp-content\/uploads\/2022\/09\/5050-RGBW-LED-Strip-96LEDs.webp\",\"contentUrl\":\"https:\/\/essenledstrip.com\/wp-content\/uploads\/2022\/09\/5050-RGBW-LED-Strip-96LEDs.webp\",\"width\":800,\"height\":800,\"caption\":\"5050 RGBW LED Strip 96LEDs\"},{\"@type\":\"BreadcrumbList\",\"@id\":\"https:\/\/essenledstrip.com\/product\/rgbw-led-strip-smd5050-96leds\/#breadcrumb\",\"itemListElement\":[{\"@type\":\"ListItem\",\"position\":1,\"name\":\"Home\",\"item\":\"https:\/\/essenledstrip.com\/\"},{\"@type\":\"ListItem\",\"position\":2,\"name\":\"Varer\",\"item\":\"https:\/\/essenledstrip.com\/dk\/shop\/\"},{\"@type\":\"ListItem\",\"position\":3,\"name\":\"RGB+W LED Strip SMD5050 96leds\/m 23W 12mm\"}]},{\"@type\":\"WebSite\",\"@id\":\"https:\/\/essenledstrip.com\/ar\/#website\",\"url\":\"https:\/\/essenledstrip.com\/ar\/\",\"name\":\"Essenled Lighting\",\"description\":\"\",\"publisher\":{\"@id\":\"https:\/\/essenledstrip.com\/ar\/#organization\"},\"potentialAction\":[{\"@type\":\"SearchAction\",\"target\":{\"@type\":\"EntryPoint\",\"urlTemplate\":\"https:\/\/essenledstrip.com\/ar\/?s={search_term_string}\"},\"query-input\":{\"@type\":\"PropertyValueSpecification\",\"valueRequired\":true,\"valueName\":\"search_term_string\"}}],\"inLanguage\":\"fr-BE\"},{\"@type\":\"Organization\",\"@id\":\"https:\/\/essenledstrip.com\/ar\/#organization\",\"name\":\"Shenzhen Essenled Lighting CO.,LTD\",\"url\":\"https:\/\/essenledstrip.com\/ar\/\",\"logo\":{\"@type\":\"ImageObject\",\"inLanguage\":\"fr-BE\",\"@id\":\"https:\/\/essenledstrip.com\/ar\/#\/schema\/logo\/image\/\",\"url\":\"https:\/\/essenledstrip.com\/wp-content\/uploads\/2022\/08\/LOGO.png\",\"contentUrl\":\"https:\/\/essenledstrip.com\/wp-content\/uploads\/2022\/08\/LOGO.png\",\"width\":300,\"height\":100,\"caption\":\"Shenzhen Essenled Lighting CO.,LTD\"},\"image\":{\"@id\":\"https:\/\/essenledstrip.com\/ar\/#\/schema\/logo\/image\/\"},\"sameAs\":[\"https:\/\/www.facebook.com\/Shenzhen-Essenled-Lighting-COLTD-106633570961729\"]}]}<\/script>\n<!-- \/ Yoast SEO Premium plugin. -->","yoast_head_json":{"title":"Led Strip 24V 23W RGBW 5mt 96leds SMD5050 Indoor IP20","description":"RGB+W led strips smd5050 96leds\/m 23w\/m, 24V 5m IP20, it is suitable for cove, office, ,hotel, retail, architectural lighting etc. With 3-5 years warranty.","robots":{"index":"index","follow":"follow","max-snippet":"max-snippet:-1","max-image-preview":"max-image-preview:large","max-video-preview":"max-video-preview:-1"},"canonical":"https:\/\/essenledstrip.com\/fr\/produit\/bande-led-rgbw-smd5050-96leds\/","og_locale":"fr_FR","og_type":"article","og_title":"RGB+W LED Strip SMD5050 96leds\/m 23W 12mm","og_description":"RGB+W led strips smd5050 96leds\/m 23w\/m, 24V 5m IP20, it is suitable for cove, office, ,hotel, retail, architectural lighting etc. With 3-5 years warranty.","og_url":"https:\/\/essenledstrip.com\/fr\/produit\/bande-led-rgbw-smd5050-96leds\/","og_site_name":"Essenled Lighting","article_publisher":"https:\/\/www.facebook.com\/Shenzhen-Essenled-Lighting-COLTD-106633570961729","article_modified_time":"2024-03-29T12:48:18+00:00","og_image":[{"width":800,"height":800,"url":"https:\/\/essenledstrip.com\/wp-content\/uploads\/2022\/09\/5050-RGBW-LED-Strip-96LEDs.webp","type":"image\/webp"}],"twitter_card":"summary_large_image","twitter_misc":{"Dur\u00e9e de lecture est.":"1 minute"},"schema":{"@context":"https:\/\/schema.org","@graph":[{"@type":"WebPage","@id":"https:\/\/essenledstrip.com\/product\/rgbw-led-strip-smd5050-96leds\/","url":"https:\/\/essenledstrip.com\/product\/rgbw-led-strip-smd5050-96leds\/","name":"Led Strip 24V 23W RGBW 5mt 96leds SMD5050 Indoor IP20","isPartOf":{"@id":"https:\/\/essenledstrip.com\/ar\/#website"},"primaryImageOfPage":{"@id":"https:\/\/essenledstrip.com\/product\/rgbw-led-strip-smd5050-96leds\/#primaryimage"},"image":{"@id":"https:\/\/essenledstrip.com\/product\/rgbw-led-strip-smd5050-96leds\/#primaryimage"},"thumbnailUrl":"https:\/\/essenledstrip.com\/wp-content\/uploads\/2022\/09\/5050-RGBW-LED-Strip-96LEDs.webp","datePublished":"2022-09-22T13:04:26+00:00","dateModified":"2024-03-29T12:48:18+00:00","description":"RGB+W led strips smd5050 96leds\/m 23w\/m, 24V 5m IP20, it is suitable for cove, office, ,hotel, retail, architectural lighting etc. With 3-5 years warranty.","breadcrumb":{"@id":"https:\/\/essenledstrip.com\/product\/rgbw-led-strip-smd5050-96leds\/#breadcrumb"},"inLanguage":"fr-BE","potentialAction":[{"@type":"ReadAction","target":["https:\/\/essenledstrip.com\/product\/rgbw-led-strip-smd5050-96leds\/"]}]},{"@type":"ImageObject","inLanguage":"fr-BE","@id":"https:\/\/essenledstrip.com\/product\/rgbw-led-strip-smd5050-96leds\/#primaryimage","url":"https:\/\/essenledstrip.com\/wp-content\/uploads\/2022\/09\/5050-RGBW-LED-Strip-96LEDs.webp","contentUrl":"https:\/\/essenledstrip.com\/wp-content\/uploads\/2022\/09\/5050-RGBW-LED-Strip-96LEDs.webp","width":800,"height":800,"caption":"5050 RGBW LED Strip 96LEDs"},{"@type":"BreadcrumbList","@id":"https:\/\/essenledstrip.com\/product\/rgbw-led-strip-smd5050-96leds\/#breadcrumb","itemListElement":[{"@type":"ListItem","position":1,"name":"Home","item":"https:\/\/essenledstrip.com\/"},{"@type":"ListItem","position":2,"name":"Varer","item":"https:\/\/essenledstrip.com\/dk\/shop\/"},{"@type":"ListItem","position":3,"name":"RGB+W LED Strip SMD5050 96leds\/m 23W 12mm"}]},{"@type":"WebSite","@id":"https:\/\/essenledstrip.com\/ar\/#website","url":"https:\/\/essenledstrip.com\/ar\/","name":"Essenled Lighting","description":"","publisher":{"@id":"https:\/\/essenledstrip.com\/ar\/#organization"},"potentialAction":[{"@type":"SearchAction","target":{"@type":"EntryPoint","urlTemplate":"https:\/\/essenledstrip.com\/ar\/?s={search_term_string}"},"query-input":{"@type":"PropertyValueSpecification","valueRequired":true,"valueName":"search_term_string"}}],"inLanguage":"fr-BE"},{"@type":"Organization","@id":"https:\/\/essenledstrip.com\/ar\/#organization","name":"Shenzhen Essenled Lighting CO.,LTD","url":"https:\/\/essenledstrip.com\/ar\/","logo":{"@type":"ImageObject","inLanguage":"fr-BE","@id":"https:\/\/essenledstrip.com\/ar\/#\/schema\/logo\/image\/","url":"https:\/\/essenledstrip.com\/wp-content\/uploads\/2022\/08\/LOGO.png","contentUrl":"https:\/\/essenledstrip.com\/wp-content\/uploads\/2022\/08\/LOGO.png","width":300,"height":100,"caption":"Shenzhen Essenled Lighting CO.,LTD"},"image":{"@id":"https:\/\/essenledstrip.com\/ar\/#\/schema\/logo\/image\/"},"sameAs":["https:\/\/www.facebook.com\/Shenzhen-Essenled-Lighting-COLTD-106633570961729"]}]}},"_links":{"self":[{"href":"https:\/\/essenledstrip.com\/fr\/wp-json\/wp\/v2\/product\/1121","targetHints":{"allow":["GET"]}}],"collection":[{"href":"https:\/\/essenledstrip.com\/fr\/wp-json\/wp\/v2\/product"}],"about":[{"href":"https:\/\/essenledstrip.com\/fr\/wp-json\/wp\/v2\/types\/product"}],"version-history":[{"count":0,"href":"https:\/\/essenledstrip.com\/fr\/wp-json\/wp\/v2\/product\/1121\/revisions"}],"wp:featuredmedia":[{"embeddable":true,"href":"https:\/\/essenledstrip.com\/fr\/wp-json\/wp\/v2\/media\/2801"}],"wp:attachment":[{"href":"https:\/\/essenledstrip.com\/fr\/wp-json\/wp\/v2\/media?parent=1121"}],"wp:term":[{"taxonomy":"product_brand","embeddable":true,"href":"https:\/\/essenledstrip.com\/fr\/wp-json\/wp\/v2\/product_brand?post=1121"},{"taxonomy":"product_cat","embeddable":true,"href":"https:\/\/essenledstrip.com\/fr\/wp-json\/wp\/v2\/product_cat?post=1121"},{"taxonomy":"product_tag","embeddable":true,"href":"https:\/\/essenledstrip.com\/fr\/wp-json\/wp\/v2\/product_tag?post=1121"}],"curies":[{"name":"wp","href":"https:\/\/api.w.org\/{rel}","templated":true}]}}