{"id":1299,"date":"2022-09-26T10:54:40","date_gmt":"2022-09-26T02:54:40","guid":{"rendered":"https:\/\/essenledstrip.com\/?post_type=product&#038;p=1299"},"modified":"2024-03-30T07:38:18","modified_gmt":"2024-03-29T23:38:18","slug":"side-emitting-led-strip-smd3014-60leds","status":"publish","type":"product","link":"https:\/\/essenledstrip.com\/fr\/produit\/bande-led-emission-laterale-smd3014-60leds\/","title":{"rendered":"Bande LED \u00e0 \u00e9mission lat\u00e9rale SMD3014 60leds 6W 24V 8mm"},"content":{"rendered":"","protected":false},"excerpt":{"rendered":"<p>La bande LED \u00e0 \u00e9mission lat\u00e9rale projette la lumi\u00e8re sur un c\u00f4t\u00e9 de la bande flexible, plut\u00f4t que vers le haut. Cela signifie qu&#039;il peut \u00eatre cach\u00e9 tout en \u00e9clairant quelque chose de c\u00f4t\u00e9. id\u00e9al pour le lettrage de signalisation et la mise en \u00e9vidence des bords. De sorte que l&#039;\u00e9clairage \u00e9met du c\u00f4t\u00e9 plut\u00f4t que des bandes standard qui \u00e9mettent de la lumi\u00e8re depuis le dessus de la surface.<\/p>\n<p>La bande LED \u00e0 \u00e9mission lat\u00e9rale SMD3014 60 LED\/m (6 W\/m) DC12 V (50 mm\/coupe) et DC24 V (100 mm\/coupe), carte PCB \u00e0 ligne unique de 8 mm, disponible en 2700 K, 3000 K, 4000 K, 6000 K, les bandes LED \u00e0 \u00e9mission lat\u00e9rale contiennent un seul s\u00e9rie de couleurs, s\u00e9rie RVB et s\u00e9rie RGBW.<\/p>\n<p>La s\u00e9rie de bandes LED \u00e0 \u00e9mission lat\u00e9rale est con\u00e7ue pour une utilisation en int\u00e9rieur, les LED sont con\u00e7ues pour \u00e9mettre des faisceaux lat\u00e9raux, parall\u00e8les \u00e0 des surfaces planes sans que les bandes soient en vue pour mettre l&#039;accent sur les couloirs, les escaliers et les criques. les LED sont con\u00e7ues pour \u00e9mettre des faisceaux lat\u00e9raux, parall\u00e8les \u00e0 des surfaces planes sans que les bandes ne soient en vue. La construction flexible de la bande, combin\u00e9e au support adh\u00e9sif 3M et \u00e0 la conception sur mesure, facilite l&#039;\u00e9l\u00e9vation de tout espace int\u00e9rieur.<\/p>\n<p><img fetchpriority=\"high\" decoding=\"async\" class=\"alignnone wp-image-1305 size-large\" src=\"https:\/\/essenledstrip.com\/wp-content\/uploads\/2022\/09\/20220907171740-1-1024x95.webp\" alt=\"\" width=\"1024\" height=\"95\" srcset=\"https:\/\/essenledstrip.com\/wp-content\/uploads\/2022\/09\/20220907171740-1-1024x95.webp 1024w, https:\/\/essenledstrip.com\/wp-content\/uploads\/2022\/09\/20220907171740-1-300x28.webp 300w, https:\/\/essenledstrip.com\/wp-content\/uploads\/2022\/09\/20220907171740-1-768x71.webp 768w, https:\/\/essenledstrip.com\/wp-content\/uploads\/2022\/09\/20220907171740-1-1536x143.webp 1536w, https:\/\/essenledstrip.com\/wp-content\/uploads\/2022\/09\/20220907171740-1-18x2.webp 18w, https:\/\/essenledstrip.com\/wp-content\/uploads\/2022\/09\/20220907171740-1-600x56.webp 600w, https:\/\/essenledstrip.com\/wp-content\/uploads\/2022\/09\/20220907171740-1.webp 1949w\" sizes=\"(max-width: 1024px) 100vw, 1024px\" \/><\/p>","protected":false},"featured_media":2776,"template":"","meta":{"_kad_post_transparent":"default","_kad_post_title":"","_kad_post_layout":"default","_kad_post_sidebar_id":"","_kad_post_content_style":"default","_kad_post_vertical_padding":"default","_kad_post_feature":"","_kad_post_feature_position":"","_kad_post_header":false,"_kad_post_footer":false,"_kad_post_classname":""},"product_brand":[],"product_cat":[256,48],"product_tag":[294,295,293],"class_list":{"0":"post-1299","1":"product","2":"type-product","3":"status-publish","4":"has-post-thumbnail","6":"product_cat-side-emitting-led-strip","7":"product_cat-special-led-strip","8":"product_tag-12v-5m-ip20-3014-side-emitting-led-strip-60leds","9":"product_tag-3014-60leds-side-emitting-led-strip-6w-ip65-waterproof","10":"product_tag-side-emitting-3014-60leds-led-strip-6w-m-12v-24v","12":"first","13":"instock","14":"shipping-taxable","15":"product-type-simple","16":"entry","17":"content-bg","18":"loop-entry"},"yoast_head":"<!-- This site is optimized with the Yoast SEO Premium plugin v24.7 (Yoast SEO v26.7) - https:\/\/yoast.com\/wordpress\/plugins\/seo\/ -->\n<title>24V 60Leds IP20 3014 Side Emitting Stirp Single Color lights<\/title>\n<meta name=\"description\" content=\"The side emitting LED strip is very thin and flexible, with single color 60leds smd3014, to satisfy some special needs,which the light emitted from side.\" \/>\n<meta name=\"robots\" content=\"index, follow, max-snippet:-1, max-image-preview:large, max-video-preview:-1\" \/>\n<link rel=\"canonical\" href=\"https:\/\/essenledstrip.com\/fr\/produit\/bande-led-emission-laterale-smd3014-60leds\/\" \/>\n<meta property=\"og:locale\" content=\"fr_FR\" \/>\n<meta property=\"og:type\" content=\"article\" \/>\n<meta property=\"og:title\" content=\"Side Emitting Led Strip SMD3014 60leds 6W 24V 8mm\" \/>\n<meta property=\"og:description\" content=\"The side emitting LED strip is very thin and flexible, with single color 60leds smd3014, to satisfy some special needs,which the light emitted from side.\" \/>\n<meta property=\"og:url\" content=\"https:\/\/essenledstrip.com\/fr\/produit\/bande-led-emission-laterale-smd3014-60leds\/\" \/>\n<meta property=\"og:site_name\" content=\"Essenled Lighting\" \/>\n<meta property=\"article:publisher\" content=\"https:\/\/www.facebook.com\/Shenzhen-Essenled-Lighting-COLTD-106633570961729\" \/>\n<meta property=\"article:modified_time\" content=\"2024-03-29T23:38:18+00:00\" \/>\n<meta property=\"og:image\" content=\"https:\/\/essenledstrip.com\/wp-content\/uploads\/2022\/09\/3014-LED-strip-Side-Emitting-60Ledsm.webp\" \/>\n\t<meta property=\"og:image:width\" content=\"800\" \/>\n\t<meta property=\"og:image:height\" content=\"800\" \/>\n\t<meta property=\"og:image:type\" content=\"image\/webp\" \/>\n<meta name=\"twitter:card\" content=\"summary_large_image\" \/>\n<meta name=\"twitter:label1\" content=\"Dur\u00e9e de lecture est.\" \/>\n\t<meta name=\"twitter:data1\" content=\"1 minute\" \/>\n<script type=\"application\/ld+json\" class=\"yoast-schema-graph\">{\"@context\":\"https:\/\/schema.org\",\"@graph\":[{\"@type\":\"WebPage\",\"@id\":\"https:\/\/essenledstrip.com\/product\/side-emitting-led-strip-smd3014-60leds\/\",\"url\":\"https:\/\/essenledstrip.com\/product\/side-emitting-led-strip-smd3014-60leds\/\",\"name\":\"24V 60Leds IP20 3014 Side Emitting Stirp Single Color lights\",\"isPartOf\":{\"@id\":\"https:\/\/essenledstrip.com\/ar\/#website\"},\"primaryImageOfPage\":{\"@id\":\"https:\/\/essenledstrip.com\/product\/side-emitting-led-strip-smd3014-60leds\/#primaryimage\"},\"image\":{\"@id\":\"https:\/\/essenledstrip.com\/product\/side-emitting-led-strip-smd3014-60leds\/#primaryimage\"},\"thumbnailUrl\":\"https:\/\/essenledstrip.com\/wp-content\/uploads\/2022\/09\/3014-LED-strip-Side-Emitting-60Ledsm.webp\",\"datePublished\":\"2022-09-26T02:54:40+00:00\",\"dateModified\":\"2024-03-29T23:38:18+00:00\",\"description\":\"The side emitting LED strip is very thin and flexible, with single color 60leds smd3014, to satisfy some special needs,which the light emitted from side.\",\"breadcrumb\":{\"@id\":\"https:\/\/essenledstrip.com\/product\/side-emitting-led-strip-smd3014-60leds\/#breadcrumb\"},\"inLanguage\":\"fr-BE\",\"potentialAction\":[{\"@type\":\"ReadAction\",\"target\":[\"https:\/\/essenledstrip.com\/product\/side-emitting-led-strip-smd3014-60leds\/\"]}]},{\"@type\":\"ImageObject\",\"inLanguage\":\"fr-BE\",\"@id\":\"https:\/\/essenledstrip.com\/product\/side-emitting-led-strip-smd3014-60leds\/#primaryimage\",\"url\":\"https:\/\/essenledstrip.com\/wp-content\/uploads\/2022\/09\/3014-LED-strip-Side-Emitting-60Ledsm.webp\",\"contentUrl\":\"https:\/\/essenledstrip.com\/wp-content\/uploads\/2022\/09\/3014-LED-strip-Side-Emitting-60Ledsm.webp\",\"width\":800,\"height\":800,\"caption\":\"3014 LED strip Side Emitting 60Ledsm\"},{\"@type\":\"BreadcrumbList\",\"@id\":\"https:\/\/essenledstrip.com\/product\/side-emitting-led-strip-smd3014-60leds\/#breadcrumb\",\"itemListElement\":[{\"@type\":\"ListItem\",\"position\":1,\"name\":\"Home\",\"item\":\"https:\/\/essenledstrip.com\/\"},{\"@type\":\"ListItem\",\"position\":2,\"name\":\"Varer\",\"item\":\"https:\/\/essenledstrip.com\/dk\/shop\/\"},{\"@type\":\"ListItem\",\"position\":3,\"name\":\"Side Emitting Led Strip SMD3014 60leds 6W 24V 8mm\"}]},{\"@type\":\"WebSite\",\"@id\":\"https:\/\/essenledstrip.com\/ar\/#website\",\"url\":\"https:\/\/essenledstrip.com\/ar\/\",\"name\":\"Essenled Lighting\",\"description\":\"\",\"publisher\":{\"@id\":\"https:\/\/essenledstrip.com\/ar\/#organization\"},\"potentialAction\":[{\"@type\":\"SearchAction\",\"target\":{\"@type\":\"EntryPoint\",\"urlTemplate\":\"https:\/\/essenledstrip.com\/ar\/?s={search_term_string}\"},\"query-input\":{\"@type\":\"PropertyValueSpecification\",\"valueRequired\":true,\"valueName\":\"search_term_string\"}}],\"inLanguage\":\"fr-BE\"},{\"@type\":\"Organization\",\"@id\":\"https:\/\/essenledstrip.com\/ar\/#organization\",\"name\":\"Shenzhen Essenled Lighting CO.,LTD\",\"url\":\"https:\/\/essenledstrip.com\/ar\/\",\"logo\":{\"@type\":\"ImageObject\",\"inLanguage\":\"fr-BE\",\"@id\":\"https:\/\/essenledstrip.com\/ar\/#\/schema\/logo\/image\/\",\"url\":\"https:\/\/essenledstrip.com\/wp-content\/uploads\/2022\/08\/LOGO.png\",\"contentUrl\":\"https:\/\/essenledstrip.com\/wp-content\/uploads\/2022\/08\/LOGO.png\",\"width\":300,\"height\":100,\"caption\":\"Shenzhen Essenled Lighting CO.,LTD\"},\"image\":{\"@id\":\"https:\/\/essenledstrip.com\/ar\/#\/schema\/logo\/image\/\"},\"sameAs\":[\"https:\/\/www.facebook.com\/Shenzhen-Essenled-Lighting-COLTD-106633570961729\"]}]}<\/script>\n<!-- \/ Yoast SEO Premium plugin. -->","yoast_head_json":{"title":"24V 60Leds IP20 3014 Side Emitting Stirp Single Color lights","description":"The side emitting LED strip is very thin and flexible, with single color 60leds smd3014, to satisfy some special needs,which the light emitted from side.","robots":{"index":"index","follow":"follow","max-snippet":"max-snippet:-1","max-image-preview":"max-image-preview:large","max-video-preview":"max-video-preview:-1"},"canonical":"https:\/\/essenledstrip.com\/fr\/produit\/bande-led-emission-laterale-smd3014-60leds\/","og_locale":"fr_FR","og_type":"article","og_title":"Side Emitting Led Strip SMD3014 60leds 6W 24V 8mm","og_description":"The side emitting LED strip is very thin and flexible, with single color 60leds smd3014, to satisfy some special needs,which the light emitted from side.","og_url":"https:\/\/essenledstrip.com\/fr\/produit\/bande-led-emission-laterale-smd3014-60leds\/","og_site_name":"Essenled Lighting","article_publisher":"https:\/\/www.facebook.com\/Shenzhen-Essenled-Lighting-COLTD-106633570961729","article_modified_time":"2024-03-29T23:38:18+00:00","og_image":[{"width":800,"height":800,"url":"https:\/\/essenledstrip.com\/wp-content\/uploads\/2022\/09\/3014-LED-strip-Side-Emitting-60Ledsm.webp","type":"image\/webp"}],"twitter_card":"summary_large_image","twitter_misc":{"Dur\u00e9e de lecture est.":"1 minute"},"schema":{"@context":"https:\/\/schema.org","@graph":[{"@type":"WebPage","@id":"https:\/\/essenledstrip.com\/product\/side-emitting-led-strip-smd3014-60leds\/","url":"https:\/\/essenledstrip.com\/product\/side-emitting-led-strip-smd3014-60leds\/","name":"24V 60Leds IP20 3014 Side Emitting Stirp Single Color lights","isPartOf":{"@id":"https:\/\/essenledstrip.com\/ar\/#website"},"primaryImageOfPage":{"@id":"https:\/\/essenledstrip.com\/product\/side-emitting-led-strip-smd3014-60leds\/#primaryimage"},"image":{"@id":"https:\/\/essenledstrip.com\/product\/side-emitting-led-strip-smd3014-60leds\/#primaryimage"},"thumbnailUrl":"https:\/\/essenledstrip.com\/wp-content\/uploads\/2022\/09\/3014-LED-strip-Side-Emitting-60Ledsm.webp","datePublished":"2022-09-26T02:54:40+00:00","dateModified":"2024-03-29T23:38:18+00:00","description":"The side emitting LED strip is very thin and flexible, with single color 60leds smd3014, to satisfy some special needs,which the light emitted from side.","breadcrumb":{"@id":"https:\/\/essenledstrip.com\/product\/side-emitting-led-strip-smd3014-60leds\/#breadcrumb"},"inLanguage":"fr-BE","potentialAction":[{"@type":"ReadAction","target":["https:\/\/essenledstrip.com\/product\/side-emitting-led-strip-smd3014-60leds\/"]}]},{"@type":"ImageObject","inLanguage":"fr-BE","@id":"https:\/\/essenledstrip.com\/product\/side-emitting-led-strip-smd3014-60leds\/#primaryimage","url":"https:\/\/essenledstrip.com\/wp-content\/uploads\/2022\/09\/3014-LED-strip-Side-Emitting-60Ledsm.webp","contentUrl":"https:\/\/essenledstrip.com\/wp-content\/uploads\/2022\/09\/3014-LED-strip-Side-Emitting-60Ledsm.webp","width":800,"height":800,"caption":"3014 LED strip Side Emitting 60Ledsm"},{"@type":"BreadcrumbList","@id":"https:\/\/essenledstrip.com\/product\/side-emitting-led-strip-smd3014-60leds\/#breadcrumb","itemListElement":[{"@type":"ListItem","position":1,"name":"Home","item":"https:\/\/essenledstrip.com\/"},{"@type":"ListItem","position":2,"name":"Varer","item":"https:\/\/essenledstrip.com\/dk\/shop\/"},{"@type":"ListItem","position":3,"name":"Side Emitting Led Strip SMD3014 60leds 6W 24V 8mm"}]},{"@type":"WebSite","@id":"https:\/\/essenledstrip.com\/ar\/#website","url":"https:\/\/essenledstrip.com\/ar\/","name":"Essenled Lighting","description":"","publisher":{"@id":"https:\/\/essenledstrip.com\/ar\/#organization"},"potentialAction":[{"@type":"SearchAction","target":{"@type":"EntryPoint","urlTemplate":"https:\/\/essenledstrip.com\/ar\/?s={search_term_string}"},"query-input":{"@type":"PropertyValueSpecification","valueRequired":true,"valueName":"search_term_string"}}],"inLanguage":"fr-BE"},{"@type":"Organization","@id":"https:\/\/essenledstrip.com\/ar\/#organization","name":"Shenzhen Essenled Lighting CO.,LTD","url":"https:\/\/essenledstrip.com\/ar\/","logo":{"@type":"ImageObject","inLanguage":"fr-BE","@id":"https:\/\/essenledstrip.com\/ar\/#\/schema\/logo\/image\/","url":"https:\/\/essenledstrip.com\/wp-content\/uploads\/2022\/08\/LOGO.png","contentUrl":"https:\/\/essenledstrip.com\/wp-content\/uploads\/2022\/08\/LOGO.png","width":300,"height":100,"caption":"Shenzhen Essenled Lighting CO.,LTD"},"image":{"@id":"https:\/\/essenledstrip.com\/ar\/#\/schema\/logo\/image\/"},"sameAs":["https:\/\/www.facebook.com\/Shenzhen-Essenled-Lighting-COLTD-106633570961729"]}]}},"_links":{"self":[{"href":"https:\/\/essenledstrip.com\/fr\/wp-json\/wp\/v2\/product\/1299","targetHints":{"allow":["GET"]}}],"collection":[{"href":"https:\/\/essenledstrip.com\/fr\/wp-json\/wp\/v2\/product"}],"about":[{"href":"https:\/\/essenledstrip.com\/fr\/wp-json\/wp\/v2\/types\/product"}],"version-history":[{"count":0,"href":"https:\/\/essenledstrip.com\/fr\/wp-json\/wp\/v2\/product\/1299\/revisions"}],"wp:featuredmedia":[{"embeddable":true,"href":"https:\/\/essenledstrip.com\/fr\/wp-json\/wp\/v2\/media\/2776"}],"wp:attachment":[{"href":"https:\/\/essenledstrip.com\/fr\/wp-json\/wp\/v2\/media?parent=1299"}],"wp:term":[{"taxonomy":"product_brand","embeddable":true,"href":"https:\/\/essenledstrip.com\/fr\/wp-json\/wp\/v2\/product_brand?post=1299"},{"taxonomy":"product_cat","embeddable":true,"href":"https:\/\/essenledstrip.com\/fr\/wp-json\/wp\/v2\/product_cat?post=1299"},{"taxonomy":"product_tag","embeddable":true,"href":"https:\/\/essenledstrip.com\/fr\/wp-json\/wp\/v2\/product_tag?post=1299"}],"curies":[{"name":"wp","href":"https:\/\/api.w.org\/{rel}","templated":true}]}}