{"id":1370,"date":"2022-09-27T20:22:34","date_gmt":"2022-09-27T12:22:34","guid":{"rendered":"https:\/\/essenledstrip.com\/?post_type=product&#038;p=1370"},"modified":"2022-09-28T10:25:53","modified_gmt":"2022-09-28T02:25:53","slug":"360-round-silicone-neon-led-strip-r25","status":"publish","type":"product","link":"https:\/\/essenledstrip.com\/fr\/produit\/360-rond-silicone-neon-led-strip-r25\/","title":{"rendered":"Ruban LED N\u00e9on Silicone Rond 360\u00b0 \u2013 R25"},"content":{"rendered":"","protected":false},"excerpt":{"rendered":"<p>360\u00b0 Silicone LED Neon Flex R25 adopte une technologie innovante, \u00e9mission de lumi\u00e8re \u00e0 360\u00b0, pas de zone sombre. Mat\u00e9riau flexible, assorti \u00e0 diff\u00e9rentes solutions d&#039;application pour r\u00e9pondre \u00e0 tous les besoins de moulage. Peut \u00eatre appliqu\u00e9 en ligne droite, circulaire, courbe et autre forme sp\u00e9ciale. C&#039;est le meilleur partenaire pour la conception de votre espace et le moulage artistique.<\/p>\n<ul>\n<li>\u00c9mission lumineuse uniforme dans toutes les directions<\/li>\n<li>Adoptez une conception de composants de haute qualit\u00e9 pour obtenir des performances fiables.<\/li>\n<li>Le processus d&#039;extrusion unique et la conception \u00e9lectronique peuvent \u00eatre pli\u00e9s de n&#039;importe quelle mani\u00e8re.<\/li>\n<li>Peut le couper n&#039;importe o\u00f9 pour garder une sortie d&#039;\u00e9clairage uniforme.<\/li>\n<li>Degr\u00e9 IP : Extrusion de silicone, pour la d\u00e9coration int\u00e9rieure.<\/li>\n<li>ETL, CE, certificat RoHS, dur\u00e9e de vie plus longue avec 3 ans de garantie.<img fetchpriority=\"high\" decoding=\"async\" class=\"alignnone wp-image-1377 size-large\" src=\"https:\/\/essenledstrip.com\/wp-content\/uploads\/2022\/09\/20220907115641-1-1024x212.webp\" alt=\"\" width=\"1024\" height=\"212\" srcset=\"https:\/\/essenledstrip.com\/wp-content\/uploads\/2022\/09\/20220907115641-1-1024x212.webp 1024w, https:\/\/essenledstrip.com\/wp-content\/uploads\/2022\/09\/20220907115641-1-300x62.webp 300w, https:\/\/essenledstrip.com\/wp-content\/uploads\/2022\/09\/20220907115641-1-768x159.webp 768w, https:\/\/essenledstrip.com\/wp-content\/uploads\/2022\/09\/20220907115641-1-18x4.webp 18w, https:\/\/essenledstrip.com\/wp-content\/uploads\/2022\/09\/20220907115641-1-600x124.webp 600w, https:\/\/essenledstrip.com\/wp-content\/uploads\/2022\/09\/20220907115641-1.webp 1345w\" sizes=\"(max-width: 1024px) 100vw, 1024px\" \/><\/li>\n<\/ul>","protected":false},"featured_media":1372,"template":"","meta":{"_kad_post_transparent":"default","_kad_post_title":"","_kad_post_layout":"default","_kad_post_sidebar_id":"","_kad_post_content_style":"default","_kad_post_vertical_padding":"default","_kad_post_feature":"","_kad_post_feature_position":"","_kad_post_header":false,"_kad_post_footer":false,"_kad_post_classname":""},"product_brand":[],"product_cat":[60,57],"product_tag":[316,318,317],"class_list":{"0":"post-1370","1":"product","2":"type-product","3":"status-publish","4":"has-post-thumbnail","6":"product_cat-360-round-neon-strip","7":"product_cat-neon-led-strip","8":"product_tag-360-degreee-illuminate-ip67-silicone-slim-led-neon-flex-light","9":"product_tag-360-beam-angle-flexibly-cutting-r25-led-silicone-neon-flex","10":"product_tag-360-round-beam-angle-r25-silicone-neon-flex-strip","12":"first","13":"instock","14":"shipping-taxable","15":"product-type-simple","16":"entry","17":"content-bg","18":"loop-entry"},"yoast_head":"<!-- This site is optimized with the Yoast SEO Premium plugin v24.7 (Yoast SEO v26.7) - https:\/\/yoast.com\/wordpress\/plugins\/seo\/ -->\n<title>360\u00b0 Degree Round Silicone LED Neon Flex R25 Light - Essenled<\/title>\n<meta name=\"description\" content=\"360\u00b0 Round Silicone LED Neon Flex R25 with their elegant looks and unrivaled energy efficiency, is a brand new light source with long lifetime.\" \/>\n<meta name=\"robots\" content=\"index, follow, max-snippet:-1, max-image-preview:large, max-video-preview:-1\" \/>\n<link rel=\"canonical\" href=\"https:\/\/essenledstrip.com\/fr\/produit\/360-rond-silicone-neon-led-strip-r25\/\" \/>\n<meta property=\"og:locale\" content=\"fr_FR\" \/>\n<meta property=\"og:type\" content=\"article\" \/>\n<meta property=\"og:title\" content=\"360\u00b0 Round Silicone Neon LED Strip - R25\" \/>\n<meta property=\"og:description\" content=\"360\u00b0 Round Silicone LED Neon Flex R25 with their elegant looks and unrivaled energy efficiency, is a brand new light source with long lifetime.\" \/>\n<meta property=\"og:url\" content=\"https:\/\/essenledstrip.com\/fr\/produit\/360-rond-silicone-neon-led-strip-r25\/\" \/>\n<meta property=\"og:site_name\" content=\"Essenled Lighting\" \/>\n<meta property=\"article:publisher\" content=\"https:\/\/www.facebook.com\/Shenzhen-Essenled-Lighting-COLTD-106633570961729\" \/>\n<meta property=\"article:modified_time\" content=\"2022-09-28T02:25:53+00:00\" \/>\n<meta property=\"og:image\" content=\"https:\/\/essenledstrip.com\/wp-content\/uploads\/2022\/09\/360\u00b0-Beam-Angle-Flexibly-cutting-R25-LED-Silicone-Neon-Flex.webp\" \/>\n\t<meta property=\"og:image:width\" content=\"800\" \/>\n\t<meta property=\"og:image:height\" content=\"800\" \/>\n\t<meta property=\"og:image:type\" content=\"image\/webp\" \/>\n<meta name=\"twitter:card\" content=\"summary_large_image\" \/>\n<script type=\"application\/ld+json\" class=\"yoast-schema-graph\">{\"@context\":\"https:\/\/schema.org\",\"@graph\":[{\"@type\":\"WebPage\",\"@id\":\"https:\/\/essenledstrip.com\/product\/360-round-silicone-neon-led-strip-r25\/\",\"url\":\"https:\/\/essenledstrip.com\/product\/360-round-silicone-neon-led-strip-r25\/\",\"name\":\"360\u00b0 Degree Round Silicone LED Neon Flex R25 Light - Essenled\",\"isPartOf\":{\"@id\":\"https:\/\/essenledstrip.com\/ar\/#website\"},\"primaryImageOfPage\":{\"@id\":\"https:\/\/essenledstrip.com\/product\/360-round-silicone-neon-led-strip-r25\/#primaryimage\"},\"image\":{\"@id\":\"https:\/\/essenledstrip.com\/product\/360-round-silicone-neon-led-strip-r25\/#primaryimage\"},\"thumbnailUrl\":\"https:\/\/essenledstrip.com\/wp-content\/uploads\/2022\/09\/360\u00b0-Beam-Angle-Flexibly-cutting-R25-LED-Silicone-Neon-Flex.webp\",\"datePublished\":\"2022-09-27T12:22:34+00:00\",\"dateModified\":\"2022-09-28T02:25:53+00:00\",\"description\":\"360\u00b0 Round Silicone LED Neon Flex R25 with their elegant looks and unrivaled energy efficiency, is a brand new light source with long lifetime.\",\"breadcrumb\":{\"@id\":\"https:\/\/essenledstrip.com\/product\/360-round-silicone-neon-led-strip-r25\/#breadcrumb\"},\"inLanguage\":\"fr-BE\",\"potentialAction\":[{\"@type\":\"ReadAction\",\"target\":[\"https:\/\/essenledstrip.com\/product\/360-round-silicone-neon-led-strip-r25\/\"]}]},{\"@type\":\"ImageObject\",\"inLanguage\":\"fr-BE\",\"@id\":\"https:\/\/essenledstrip.com\/product\/360-round-silicone-neon-led-strip-r25\/#primaryimage\",\"url\":\"https:\/\/essenledstrip.com\/wp-content\/uploads\/2022\/09\/360\u00b0-Beam-Angle-Flexibly-cutting-R25-LED-Silicone-Neon-Flex.webp\",\"contentUrl\":\"https:\/\/essenledstrip.com\/wp-content\/uploads\/2022\/09\/360\u00b0-Beam-Angle-Flexibly-cutting-R25-LED-Silicone-Neon-Flex.webp\",\"width\":800,\"height\":800,\"caption\":\"360\u00b0 Beam Angle Flexibly cutting R25 LED Silicone Neon Flex\"},{\"@type\":\"BreadcrumbList\",\"@id\":\"https:\/\/essenledstrip.com\/product\/360-round-silicone-neon-led-strip-r25\/#breadcrumb\",\"itemListElement\":[{\"@type\":\"ListItem\",\"position\":1,\"name\":\"Home\",\"item\":\"https:\/\/essenledstrip.com\/\"},{\"@type\":\"ListItem\",\"position\":2,\"name\":\"Varer\",\"item\":\"https:\/\/essenledstrip.com\/dk\/shop\/\"},{\"@type\":\"ListItem\",\"position\":3,\"name\":\"360\u00b0 Round Silicone Neon LED Strip &#8211; R25\"}]},{\"@type\":\"WebSite\",\"@id\":\"https:\/\/essenledstrip.com\/ar\/#website\",\"url\":\"https:\/\/essenledstrip.com\/ar\/\",\"name\":\"Essenled Lighting\",\"description\":\"\",\"publisher\":{\"@id\":\"https:\/\/essenledstrip.com\/ar\/#organization\"},\"potentialAction\":[{\"@type\":\"SearchAction\",\"target\":{\"@type\":\"EntryPoint\",\"urlTemplate\":\"https:\/\/essenledstrip.com\/ar\/?s={search_term_string}\"},\"query-input\":{\"@type\":\"PropertyValueSpecification\",\"valueRequired\":true,\"valueName\":\"search_term_string\"}}],\"inLanguage\":\"fr-BE\"},{\"@type\":\"Organization\",\"@id\":\"https:\/\/essenledstrip.com\/ar\/#organization\",\"name\":\"Shenzhen Essenled Lighting CO.,LTD\",\"url\":\"https:\/\/essenledstrip.com\/ar\/\",\"logo\":{\"@type\":\"ImageObject\",\"inLanguage\":\"fr-BE\",\"@id\":\"https:\/\/essenledstrip.com\/ar\/#\/schema\/logo\/image\/\",\"url\":\"https:\/\/essenledstrip.com\/wp-content\/uploads\/2022\/08\/LOGO.png\",\"contentUrl\":\"https:\/\/essenledstrip.com\/wp-content\/uploads\/2022\/08\/LOGO.png\",\"width\":300,\"height\":100,\"caption\":\"Shenzhen Essenled Lighting CO.,LTD\"},\"image\":{\"@id\":\"https:\/\/essenledstrip.com\/ar\/#\/schema\/logo\/image\/\"},\"sameAs\":[\"https:\/\/www.facebook.com\/Shenzhen-Essenled-Lighting-COLTD-106633570961729\"]}]}<\/script>\n<!-- \/ Yoast SEO Premium plugin. -->","yoast_head_json":{"title":"360\u00b0 Degree Round Silicone LED Neon Flex R25 Light - Essenled","description":"360\u00b0 Round Silicone LED Neon Flex R25 with their elegant looks and unrivaled energy efficiency, is a brand new light source with long lifetime.","robots":{"index":"index","follow":"follow","max-snippet":"max-snippet:-1","max-image-preview":"max-image-preview:large","max-video-preview":"max-video-preview:-1"},"canonical":"https:\/\/essenledstrip.com\/fr\/produit\/360-rond-silicone-neon-led-strip-r25\/","og_locale":"fr_FR","og_type":"article","og_title":"360\u00b0 Round Silicone Neon LED Strip - R25","og_description":"360\u00b0 Round Silicone LED Neon Flex R25 with their elegant looks and unrivaled energy efficiency, is a brand new light source with long lifetime.","og_url":"https:\/\/essenledstrip.com\/fr\/produit\/360-rond-silicone-neon-led-strip-r25\/","og_site_name":"Essenled Lighting","article_publisher":"https:\/\/www.facebook.com\/Shenzhen-Essenled-Lighting-COLTD-106633570961729","article_modified_time":"2022-09-28T02:25:53+00:00","og_image":[{"width":800,"height":800,"url":"https:\/\/essenledstrip.com\/wp-content\/uploads\/2022\/09\/360\u00b0-Beam-Angle-Flexibly-cutting-R25-LED-Silicone-Neon-Flex.webp","type":"image\/webp"}],"twitter_card":"summary_large_image","schema":{"@context":"https:\/\/schema.org","@graph":[{"@type":"WebPage","@id":"https:\/\/essenledstrip.com\/product\/360-round-silicone-neon-led-strip-r25\/","url":"https:\/\/essenledstrip.com\/product\/360-round-silicone-neon-led-strip-r25\/","name":"360\u00b0 Degree Round Silicone LED Neon Flex R25 Light - Essenled","isPartOf":{"@id":"https:\/\/essenledstrip.com\/ar\/#website"},"primaryImageOfPage":{"@id":"https:\/\/essenledstrip.com\/product\/360-round-silicone-neon-led-strip-r25\/#primaryimage"},"image":{"@id":"https:\/\/essenledstrip.com\/product\/360-round-silicone-neon-led-strip-r25\/#primaryimage"},"thumbnailUrl":"https:\/\/essenledstrip.com\/wp-content\/uploads\/2022\/09\/360\u00b0-Beam-Angle-Flexibly-cutting-R25-LED-Silicone-Neon-Flex.webp","datePublished":"2022-09-27T12:22:34+00:00","dateModified":"2022-09-28T02:25:53+00:00","description":"360\u00b0 Round Silicone LED Neon Flex R25 with their elegant looks and unrivaled energy efficiency, is a brand new light source with long lifetime.","breadcrumb":{"@id":"https:\/\/essenledstrip.com\/product\/360-round-silicone-neon-led-strip-r25\/#breadcrumb"},"inLanguage":"fr-BE","potentialAction":[{"@type":"ReadAction","target":["https:\/\/essenledstrip.com\/product\/360-round-silicone-neon-led-strip-r25\/"]}]},{"@type":"ImageObject","inLanguage":"fr-BE","@id":"https:\/\/essenledstrip.com\/product\/360-round-silicone-neon-led-strip-r25\/#primaryimage","url":"https:\/\/essenledstrip.com\/wp-content\/uploads\/2022\/09\/360\u00b0-Beam-Angle-Flexibly-cutting-R25-LED-Silicone-Neon-Flex.webp","contentUrl":"https:\/\/essenledstrip.com\/wp-content\/uploads\/2022\/09\/360\u00b0-Beam-Angle-Flexibly-cutting-R25-LED-Silicone-Neon-Flex.webp","width":800,"height":800,"caption":"360\u00b0 Beam Angle Flexibly cutting R25 LED Silicone Neon Flex"},{"@type":"BreadcrumbList","@id":"https:\/\/essenledstrip.com\/product\/360-round-silicone-neon-led-strip-r25\/#breadcrumb","itemListElement":[{"@type":"ListItem","position":1,"name":"Home","item":"https:\/\/essenledstrip.com\/"},{"@type":"ListItem","position":2,"name":"Varer","item":"https:\/\/essenledstrip.com\/dk\/shop\/"},{"@type":"ListItem","position":3,"name":"360\u00b0 Round Silicone Neon LED Strip &#8211; R25"}]},{"@type":"WebSite","@id":"https:\/\/essenledstrip.com\/ar\/#website","url":"https:\/\/essenledstrip.com\/ar\/","name":"Essenled Lighting","description":"","publisher":{"@id":"https:\/\/essenledstrip.com\/ar\/#organization"},"potentialAction":[{"@type":"SearchAction","target":{"@type":"EntryPoint","urlTemplate":"https:\/\/essenledstrip.com\/ar\/?s={search_term_string}"},"query-input":{"@type":"PropertyValueSpecification","valueRequired":true,"valueName":"search_term_string"}}],"inLanguage":"fr-BE"},{"@type":"Organization","@id":"https:\/\/essenledstrip.com\/ar\/#organization","name":"Shenzhen Essenled Lighting CO.,LTD","url":"https:\/\/essenledstrip.com\/ar\/","logo":{"@type":"ImageObject","inLanguage":"fr-BE","@id":"https:\/\/essenledstrip.com\/ar\/#\/schema\/logo\/image\/","url":"https:\/\/essenledstrip.com\/wp-content\/uploads\/2022\/08\/LOGO.png","contentUrl":"https:\/\/essenledstrip.com\/wp-content\/uploads\/2022\/08\/LOGO.png","width":300,"height":100,"caption":"Shenzhen Essenled Lighting CO.,LTD"},"image":{"@id":"https:\/\/essenledstrip.com\/ar\/#\/schema\/logo\/image\/"},"sameAs":["https:\/\/www.facebook.com\/Shenzhen-Essenled-Lighting-COLTD-106633570961729"]}]}},"_links":{"self":[{"href":"https:\/\/essenledstrip.com\/fr\/wp-json\/wp\/v2\/product\/1370","targetHints":{"allow":["GET"]}}],"collection":[{"href":"https:\/\/essenledstrip.com\/fr\/wp-json\/wp\/v2\/product"}],"about":[{"href":"https:\/\/essenledstrip.com\/fr\/wp-json\/wp\/v2\/types\/product"}],"version-history":[{"count":0,"href":"https:\/\/essenledstrip.com\/fr\/wp-json\/wp\/v2\/product\/1370\/revisions"}],"wp:featuredmedia":[{"embeddable":true,"href":"https:\/\/essenledstrip.com\/fr\/wp-json\/wp\/v2\/media\/1372"}],"wp:attachment":[{"href":"https:\/\/essenledstrip.com\/fr\/wp-json\/wp\/v2\/media?parent=1370"}],"wp:term":[{"taxonomy":"product_brand","embeddable":true,"href":"https:\/\/essenledstrip.com\/fr\/wp-json\/wp\/v2\/product_brand?post=1370"},{"taxonomy":"product_cat","embeddable":true,"href":"https:\/\/essenledstrip.com\/fr\/wp-json\/wp\/v2\/product_cat?post=1370"},{"taxonomy":"product_tag","embeddable":true,"href":"https:\/\/essenledstrip.com\/fr\/wp-json\/wp\/v2\/product_tag?post=1370"}],"curies":[{"name":"wp","href":"https:\/\/api.w.org\/{rel}","templated":true}]}}