{"id":1504,"date":"2022-10-02T10:41:40","date_gmt":"2022-10-02T02:41:40","guid":{"rendered":"https:\/\/essenledstrip.com\/?post_type=product&#038;p=1504"},"modified":"2024-03-30T11:48:46","modified_gmt":"2024-03-30T03:48:46","slug":"constant-current-led-strip-rgb-15m","status":"publish","type":"product","link":"https:\/\/essenledstrip.com\/fr\/produit\/bande-led-courant-constant-rgb-15m\/","title":{"rendered":"Ruban LED \u00e0 Courant Constant RVB 15m\/bobine 11W\/m"},"content":{"rendered":"","protected":false},"excerpt":{"rendered":"<p>Les bandes LED \u00e0 courant constant super longues sont sp\u00e9cialement con\u00e7ues pour les utilisateurs qui ont l&#039;intention de conduire 10 m, 15 m, 20 m, 30 m m\u00e8tres (100 pieds) jusqu&#039;\u00e0 100 m\u00e8tres de bandes super longue distance par un seul conducteur \u00e0 une extr\u00e9mit\u00e9 tout en ayant une couleur et une luminosit\u00e9 pr\u00e9cises \u00e0 chaque une partie des bandes. Gr\u00e2ce aux puces IC int\u00e9gr\u00e9es \u00e0 bord, le courant \u00e9lectrique sur chaque LED est \u00e9valu\u00e9 exactement \u00e0 la m\u00eame valeur. Cette technologie permet d&#039;obtenir exactement le m\u00eame rendement lumineux \u00e0 chaque partie des bandes de led, malgr\u00e9 d&#039;\u00e9ventuelles chutes de tension sur le site d&#039;installation.<\/p>\n<p>Conception \u00e0 courant constant Super Long: SMD5050 60leds\/m, RVB, 11w\/m, 24VDC seulement, 15m par bobine, super longue longueur chaque unit\u00e9 avec un pilote, pas de chute de tension, couleur pr\u00e9cise, m\u00eame luminosit\u00e9 \u00e0 chaque partie des bandes, moins pilotes n\u00e9cessaires, moins de c\u00e2blage, installation plus facile.<\/p>\n<p><img decoding=\"async\" class=\"alignnone size-medium wp-image-1509\" src=\"https:\/\/essenledstrip.com\/wp-content\/uploads\/2022\/10\/20220906210824-1-300x70.webp\" alt=\"\" width=\"300\" height=\"70\" srcset=\"https:\/\/essenledstrip.com\/wp-content\/uploads\/2022\/10\/20220906210824-1-300x70.webp 300w, https:\/\/essenledstrip.com\/wp-content\/uploads\/2022\/10\/20220906210824-1-18x4.webp 18w, https:\/\/essenledstrip.com\/wp-content\/uploads\/2022\/10\/20220906210824-1-600x140.webp 600w, https:\/\/essenledstrip.com\/wp-content\/uploads\/2022\/10\/20220906210824-1.webp 654w\" sizes=\"(max-width: 300px) 100vw, 300px\" \/><\/p>","protected":false},"featured_media":2858,"template":"","meta":{"_kad_post_transparent":"default","_kad_post_title":"","_kad_post_layout":"default","_kad_post_sidebar_id":"","_kad_post_content_style":"default","_kad_post_vertical_padding":"default","_kad_post_feature":"","_kad_post_feature_position":"","_kad_post_header":false,"_kad_post_footer":false,"_kad_post_classname":""},"product_brand":[],"product_cat":[48,56],"product_tag":[361,363,362],"class_list":{"0":"post-1504","1":"product","2":"type-product","3":"status-publish","4":"has-post-thumbnail","6":"product_cat-special-led-strip","7":"product_cat-super-long-constant-current-led-strip","8":"product_tag-constant-current-rgb-led-strip-5050-24v-15m-reel-11w-m","9":"product_tag-smd5050-60leds-constant-current-rgb-led-strip-15m-reel-11w-m","10":"product_tag-super-long-low-voltage-drop-rgb-led-strip-15m-reel-24v","12":"first","13":"instock","14":"shipping-taxable","15":"product-type-simple","16":"entry","17":"content-bg","18":"loop-entry"},"yoast_head":"<!-- This site is optimized with the Yoast SEO Premium plugin v24.7 (Yoast SEO v26.7) - https:\/\/yoast.com\/wordpress\/plugins\/seo\/ -->\n<title>Constant Current Led Light Strip SMD5050 RGB 11W - Essenled<\/title>\n<meta name=\"description\" content=\"Super long Constant Current Led Light Strip Smd5050 60leds RGB 15m\/reel, 11w\/m, it is good for kitchen, room, bedroom, dorm room, others lighting solution.\" \/>\n<meta name=\"robots\" content=\"index, follow, max-snippet:-1, max-image-preview:large, max-video-preview:-1\" \/>\n<link rel=\"canonical\" href=\"https:\/\/essenledstrip.com\/fr\/produit\/bande-led-courant-constant-rgb-15m\/\" \/>\n<meta property=\"og:locale\" content=\"fr_FR\" \/>\n<meta property=\"og:type\" content=\"article\" \/>\n<meta property=\"og:title\" content=\"Constant Current LED Strip RGB 15m\/reel 11W\/m\" \/>\n<meta property=\"og:description\" content=\"Super long Constant Current Led Light Strip Smd5050 60leds RGB 15m\/reel, 11w\/m, it is good for kitchen, room, bedroom, dorm room, others lighting solution.\" \/>\n<meta property=\"og:url\" content=\"https:\/\/essenledstrip.com\/fr\/produit\/bande-led-courant-constant-rgb-15m\/\" \/>\n<meta property=\"og:site_name\" content=\"Essenled Lighting\" \/>\n<meta property=\"article:publisher\" content=\"https:\/\/www.facebook.com\/Shenzhen-Essenled-Lighting-COLTD-106633570961729\" \/>\n<meta property=\"article:modified_time\" content=\"2024-03-30T03:48:46+00:00\" \/>\n<meta property=\"og:image\" content=\"https:\/\/essenledstrip.com\/wp-content\/uploads\/2022\/10\/Constant-Current-LED-Strip-RGB.webp\" \/>\n\t<meta property=\"og:image:width\" content=\"800\" \/>\n\t<meta property=\"og:image:height\" content=\"800\" \/>\n\t<meta property=\"og:image:type\" content=\"image\/webp\" \/>\n<meta name=\"twitter:card\" content=\"summary_large_image\" \/>\n<meta name=\"twitter:label1\" content=\"Dur\u00e9e de lecture est.\" \/>\n\t<meta name=\"twitter:data1\" content=\"1 minute\" \/>\n<script type=\"application\/ld+json\" class=\"yoast-schema-graph\">{\"@context\":\"https:\/\/schema.org\",\"@graph\":[{\"@type\":\"WebPage\",\"@id\":\"https:\/\/essenledstrip.com\/product\/constant-current-led-strip-rgb-15m\/\",\"url\":\"https:\/\/essenledstrip.com\/product\/constant-current-led-strip-rgb-15m\/\",\"name\":\"Constant Current Led Light Strip SMD5050 RGB 11W - Essenled\",\"isPartOf\":{\"@id\":\"https:\/\/essenledstrip.com\/ar\/#website\"},\"primaryImageOfPage\":{\"@id\":\"https:\/\/essenledstrip.com\/product\/constant-current-led-strip-rgb-15m\/#primaryimage\"},\"image\":{\"@id\":\"https:\/\/essenledstrip.com\/product\/constant-current-led-strip-rgb-15m\/#primaryimage\"},\"thumbnailUrl\":\"https:\/\/essenledstrip.com\/wp-content\/uploads\/2022\/10\/Constant-Current-LED-Strip-RGB.webp\",\"datePublished\":\"2022-10-02T02:41:40+00:00\",\"dateModified\":\"2024-03-30T03:48:46+00:00\",\"description\":\"Super long Constant Current Led Light Strip Smd5050 60leds RGB 15m\/reel, 11w\/m, it is good for kitchen, room, bedroom, dorm room, others lighting solution.\",\"breadcrumb\":{\"@id\":\"https:\/\/essenledstrip.com\/product\/constant-current-led-strip-rgb-15m\/#breadcrumb\"},\"inLanguage\":\"fr-BE\",\"potentialAction\":[{\"@type\":\"ReadAction\",\"target\":[\"https:\/\/essenledstrip.com\/product\/constant-current-led-strip-rgb-15m\/\"]}]},{\"@type\":\"ImageObject\",\"inLanguage\":\"fr-BE\",\"@id\":\"https:\/\/essenledstrip.com\/product\/constant-current-led-strip-rgb-15m\/#primaryimage\",\"url\":\"https:\/\/essenledstrip.com\/wp-content\/uploads\/2022\/10\/Constant-Current-LED-Strip-RGB.webp\",\"contentUrl\":\"https:\/\/essenledstrip.com\/wp-content\/uploads\/2022\/10\/Constant-Current-LED-Strip-RGB.webp\",\"width\":800,\"height\":800,\"caption\":\"Constant Current LED Strip RGB\"},{\"@type\":\"BreadcrumbList\",\"@id\":\"https:\/\/essenledstrip.com\/product\/constant-current-led-strip-rgb-15m\/#breadcrumb\",\"itemListElement\":[{\"@type\":\"ListItem\",\"position\":1,\"name\":\"Home\",\"item\":\"https:\/\/essenledstrip.com\/\"},{\"@type\":\"ListItem\",\"position\":2,\"name\":\"Varer\",\"item\":\"https:\/\/essenledstrip.com\/dk\/shop\/\"},{\"@type\":\"ListItem\",\"position\":3,\"name\":\"Constant Current LED Strip RGB 15m\/reel 11W\/m\"}]},{\"@type\":\"WebSite\",\"@id\":\"https:\/\/essenledstrip.com\/ar\/#website\",\"url\":\"https:\/\/essenledstrip.com\/ar\/\",\"name\":\"Essenled Lighting\",\"description\":\"\",\"publisher\":{\"@id\":\"https:\/\/essenledstrip.com\/ar\/#organization\"},\"potentialAction\":[{\"@type\":\"SearchAction\",\"target\":{\"@type\":\"EntryPoint\",\"urlTemplate\":\"https:\/\/essenledstrip.com\/ar\/?s={search_term_string}\"},\"query-input\":{\"@type\":\"PropertyValueSpecification\",\"valueRequired\":true,\"valueName\":\"search_term_string\"}}],\"inLanguage\":\"fr-BE\"},{\"@type\":\"Organization\",\"@id\":\"https:\/\/essenledstrip.com\/ar\/#organization\",\"name\":\"Shenzhen Essenled Lighting CO.,LTD\",\"url\":\"https:\/\/essenledstrip.com\/ar\/\",\"logo\":{\"@type\":\"ImageObject\",\"inLanguage\":\"fr-BE\",\"@id\":\"https:\/\/essenledstrip.com\/ar\/#\/schema\/logo\/image\/\",\"url\":\"https:\/\/essenledstrip.com\/wp-content\/uploads\/2022\/08\/LOGO.png\",\"contentUrl\":\"https:\/\/essenledstrip.com\/wp-content\/uploads\/2022\/08\/LOGO.png\",\"width\":300,\"height\":100,\"caption\":\"Shenzhen Essenled Lighting CO.,LTD\"},\"image\":{\"@id\":\"https:\/\/essenledstrip.com\/ar\/#\/schema\/logo\/image\/\"},\"sameAs\":[\"https:\/\/www.facebook.com\/Shenzhen-Essenled-Lighting-COLTD-106633570961729\"]}]}<\/script>\n<!-- \/ Yoast SEO Premium plugin. -->","yoast_head_json":{"title":"Constant Current Led Light Strip SMD5050 RGB 11W - Essenled","description":"Super long Constant Current Led Light Strip Smd5050 60leds RGB 15m\/reel, 11w\/m, it is good for kitchen, room, bedroom, dorm room, others lighting solution.","robots":{"index":"index","follow":"follow","max-snippet":"max-snippet:-1","max-image-preview":"max-image-preview:large","max-video-preview":"max-video-preview:-1"},"canonical":"https:\/\/essenledstrip.com\/fr\/produit\/bande-led-courant-constant-rgb-15m\/","og_locale":"fr_FR","og_type":"article","og_title":"Constant Current LED Strip RGB 15m\/reel 11W\/m","og_description":"Super long Constant Current Led Light Strip Smd5050 60leds RGB 15m\/reel, 11w\/m, it is good for kitchen, room, bedroom, dorm room, others lighting solution.","og_url":"https:\/\/essenledstrip.com\/fr\/produit\/bande-led-courant-constant-rgb-15m\/","og_site_name":"Essenled Lighting","article_publisher":"https:\/\/www.facebook.com\/Shenzhen-Essenled-Lighting-COLTD-106633570961729","article_modified_time":"2024-03-30T03:48:46+00:00","og_image":[{"width":800,"height":800,"url":"https:\/\/essenledstrip.com\/wp-content\/uploads\/2022\/10\/Constant-Current-LED-Strip-RGB.webp","type":"image\/webp"}],"twitter_card":"summary_large_image","twitter_misc":{"Dur\u00e9e de lecture est.":"1 minute"},"schema":{"@context":"https:\/\/schema.org","@graph":[{"@type":"WebPage","@id":"https:\/\/essenledstrip.com\/product\/constant-current-led-strip-rgb-15m\/","url":"https:\/\/essenledstrip.com\/product\/constant-current-led-strip-rgb-15m\/","name":"Constant Current Led Light Strip SMD5050 RGB 11W - Essenled","isPartOf":{"@id":"https:\/\/essenledstrip.com\/ar\/#website"},"primaryImageOfPage":{"@id":"https:\/\/essenledstrip.com\/product\/constant-current-led-strip-rgb-15m\/#primaryimage"},"image":{"@id":"https:\/\/essenledstrip.com\/product\/constant-current-led-strip-rgb-15m\/#primaryimage"},"thumbnailUrl":"https:\/\/essenledstrip.com\/wp-content\/uploads\/2022\/10\/Constant-Current-LED-Strip-RGB.webp","datePublished":"2022-10-02T02:41:40+00:00","dateModified":"2024-03-30T03:48:46+00:00","description":"Super long Constant Current Led Light Strip Smd5050 60leds RGB 15m\/reel, 11w\/m, it is good for kitchen, room, bedroom, dorm room, others lighting solution.","breadcrumb":{"@id":"https:\/\/essenledstrip.com\/product\/constant-current-led-strip-rgb-15m\/#breadcrumb"},"inLanguage":"fr-BE","potentialAction":[{"@type":"ReadAction","target":["https:\/\/essenledstrip.com\/product\/constant-current-led-strip-rgb-15m\/"]}]},{"@type":"ImageObject","inLanguage":"fr-BE","@id":"https:\/\/essenledstrip.com\/product\/constant-current-led-strip-rgb-15m\/#primaryimage","url":"https:\/\/essenledstrip.com\/wp-content\/uploads\/2022\/10\/Constant-Current-LED-Strip-RGB.webp","contentUrl":"https:\/\/essenledstrip.com\/wp-content\/uploads\/2022\/10\/Constant-Current-LED-Strip-RGB.webp","width":800,"height":800,"caption":"Constant Current LED Strip RGB"},{"@type":"BreadcrumbList","@id":"https:\/\/essenledstrip.com\/product\/constant-current-led-strip-rgb-15m\/#breadcrumb","itemListElement":[{"@type":"ListItem","position":1,"name":"Home","item":"https:\/\/essenledstrip.com\/"},{"@type":"ListItem","position":2,"name":"Varer","item":"https:\/\/essenledstrip.com\/dk\/shop\/"},{"@type":"ListItem","position":3,"name":"Constant Current LED Strip RGB 15m\/reel 11W\/m"}]},{"@type":"WebSite","@id":"https:\/\/essenledstrip.com\/ar\/#website","url":"https:\/\/essenledstrip.com\/ar\/","name":"Essenled Lighting","description":"","publisher":{"@id":"https:\/\/essenledstrip.com\/ar\/#organization"},"potentialAction":[{"@type":"SearchAction","target":{"@type":"EntryPoint","urlTemplate":"https:\/\/essenledstrip.com\/ar\/?s={search_term_string}"},"query-input":{"@type":"PropertyValueSpecification","valueRequired":true,"valueName":"search_term_string"}}],"inLanguage":"fr-BE"},{"@type":"Organization","@id":"https:\/\/essenledstrip.com\/ar\/#organization","name":"Shenzhen Essenled Lighting CO.,LTD","url":"https:\/\/essenledstrip.com\/ar\/","logo":{"@type":"ImageObject","inLanguage":"fr-BE","@id":"https:\/\/essenledstrip.com\/ar\/#\/schema\/logo\/image\/","url":"https:\/\/essenledstrip.com\/wp-content\/uploads\/2022\/08\/LOGO.png","contentUrl":"https:\/\/essenledstrip.com\/wp-content\/uploads\/2022\/08\/LOGO.png","width":300,"height":100,"caption":"Shenzhen Essenled Lighting CO.,LTD"},"image":{"@id":"https:\/\/essenledstrip.com\/ar\/#\/schema\/logo\/image\/"},"sameAs":["https:\/\/www.facebook.com\/Shenzhen-Essenled-Lighting-COLTD-106633570961729"]}]}},"_links":{"self":[{"href":"https:\/\/essenledstrip.com\/fr\/wp-json\/wp\/v2\/product\/1504","targetHints":{"allow":["GET"]}}],"collection":[{"href":"https:\/\/essenledstrip.com\/fr\/wp-json\/wp\/v2\/product"}],"about":[{"href":"https:\/\/essenledstrip.com\/fr\/wp-json\/wp\/v2\/types\/product"}],"version-history":[{"count":0,"href":"https:\/\/essenledstrip.com\/fr\/wp-json\/wp\/v2\/product\/1504\/revisions"}],"wp:featuredmedia":[{"embeddable":true,"href":"https:\/\/essenledstrip.com\/fr\/wp-json\/wp\/v2\/media\/2858"}],"wp:attachment":[{"href":"https:\/\/essenledstrip.com\/fr\/wp-json\/wp\/v2\/media?parent=1504"}],"wp:term":[{"taxonomy":"product_brand","embeddable":true,"href":"https:\/\/essenledstrip.com\/fr\/wp-json\/wp\/v2\/product_brand?post=1504"},{"taxonomy":"product_cat","embeddable":true,"href":"https:\/\/essenledstrip.com\/fr\/wp-json\/wp\/v2\/product_cat?post=1504"},{"taxonomy":"product_tag","embeddable":true,"href":"https:\/\/essenledstrip.com\/fr\/wp-json\/wp\/v2\/product_tag?post=1504"}],"curies":[{"name":"wp","href":"https:\/\/api.w.org\/{rel}","templated":true}]}}