{"id":948,"date":"2022-09-17T11:36:17","date_gmt":"2022-09-17T03:36:17","guid":{"rendered":"https:\/\/essenledstrip.com\/?post_type=product&#038;p=948"},"modified":"2024-03-23T23:32:07","modified_gmt":"2024-03-23T15:32:07","slug":"cob-led-strip-480leds-4mm","status":"publish","type":"product","link":"https:\/\/essenledstrip.com\/fr\/produit\/cob-led-strip-480leds-4mm\/","title":{"rendered":"Ruban LED COB 480leds\/m 5W 24V Ultra-\u00e9troit 4mm"},"content":{"rendered":"","protected":false},"excerpt":{"rendered":"<p>Le COB signifie Chip on Board, ce qui signifie que les diodes LED sont int\u00e9gr\u00e9es directement dans la carte de circuit imprim\u00e9, le principal avantage de cette technologie est qu&#039;il n&#039;y a pas de taches visibles, avec une carte PCB super \u00e9troite de 4 mm, haute densit\u00e9 480 leds\/m DC12v (25 mm \/cut) et DC24v(50mm\/cut) 5w\/m, disponible en bobines de 5 et 50 m\u00e8tres, temp\u00e9rature de couleur standard 2700K\/3000K\/4000K\/6500K.<\/p>\n<p>Avec une bande COB de 480 puces\/M, elles sont beaucoup plus flexibles que les autres bandes flexibles en raison de la petite taille des diodes et de la r\u00e9partition uniforme du poids. Cette bande diffuse une lumi\u00e8re douce et uniforme d&#039;un bout \u00e0 l&#039;autre. M\u00eame la lumi\u00e8re sans point d&#039;\u00e9clairage est plus attrayante pour l&#039;\u0153il humain et d\u00e9gage une lumi\u00e8re constante m\u00eame dans les endroits \u00e9troits.<\/p>\n<p>Notre bande enti\u00e8rement flexible avec une longue dur\u00e9e de vie de 3 \u00e0 5 ans avec une bonne couleur uniforme, nous promettons un seul bac pour chaque commande, \u00e9galement avec certificat CE\/RoHs\/ETL.<\/p>\n<p><img fetchpriority=\"high\" decoding=\"async\" class=\"alignnone wp-image-955 size-large\" src=\"https:\/\/essenledstrip.com\/wp-content\/uploads\/2022\/09\/20220906173100-1-1024x128.webp\" alt=\"\" width=\"1024\" height=\"128\" srcset=\"https:\/\/essenledstrip.com\/wp-content\/uploads\/2022\/09\/20220906173100-1-1024x128.webp 1024w, https:\/\/essenledstrip.com\/wp-content\/uploads\/2022\/09\/20220906173100-1-300x38.webp 300w, https:\/\/essenledstrip.com\/wp-content\/uploads\/2022\/09\/20220906173100-1-768x96.webp 768w, https:\/\/essenledstrip.com\/wp-content\/uploads\/2022\/09\/20220906173100-1-18x2.webp 18w, https:\/\/essenledstrip.com\/wp-content\/uploads\/2022\/09\/20220906173100-1-600x75.webp 600w, https:\/\/essenledstrip.com\/wp-content\/uploads\/2022\/09\/20220906173100-1.webp 1496w\" sizes=\"(max-width: 1024px) 100vw, 1024px\" \/><\/p>","protected":false},"featured_media":2726,"template":"","meta":{"_kad_post_transparent":"default","_kad_post_title":"","_kad_post_layout":"default","_kad_post_sidebar_id":"","_kad_post_content_style":"default","_kad_post_vertical_padding":"default","_kad_post_feature":"","_kad_post_feature_position":"","_kad_post_header":false,"_kad_post_footer":false,"_kad_post_classname":""},"product_brand":[],"product_cat":[42],"product_tag":[188,187,186],"class_list":{"0":"post-948","1":"product","2":"type-product","3":"status-publish","4":"has-post-thumbnail","6":"product_cat-cob-led-strip","7":"product_tag-4mm-pcb-cob-led-strip-light-24v-5m-480led-m","8":"product_tag-4mm-width-super-slim-narrow-cob-led-strip","9":"product_tag-cob-4mm-super-mini-slim-led-flexible-strip","11":"first","12":"instock","13":"shipping-taxable","14":"product-type-simple","15":"entry","16":"content-bg","17":"loop-entry"},"yoast_head":"<!-- This site is optimized with the Yoast SEO Premium plugin v24.7 (Yoast SEO v26.7) - https:\/\/yoast.com\/wordpress\/plugins\/seo\/ -->\n<title>DC12v 24v Super Thin 4mm Color Cob Led Strip Lights - Essenled<\/title>\n<meta name=\"description\" content=\"High density COB led strips with 480leds\/m super thin 4mm width, this Seamless LED Strip is a perfect, discreet lighting solution or for building into furniture.\" \/>\n<meta name=\"robots\" content=\"index, follow, max-snippet:-1, max-image-preview:large, max-video-preview:-1\" \/>\n<link rel=\"canonical\" href=\"https:\/\/essenledstrip.com\/fr\/produit\/cob-led-strip-480leds-4mm\/\" \/>\n<meta property=\"og:locale\" content=\"fr_FR\" \/>\n<meta property=\"og:type\" content=\"article\" \/>\n<meta property=\"og:title\" content=\"COB LED Strip 480leds\/m 5W 24V Ultra-narrow 4mm\" \/>\n<meta property=\"og:description\" content=\"High density COB led strips with 480leds\/m super thin 4mm width, this Seamless LED Strip is a perfect, discreet lighting solution or for building into furniture.\" \/>\n<meta property=\"og:url\" content=\"https:\/\/essenledstrip.com\/fr\/produit\/cob-led-strip-480leds-4mm\/\" \/>\n<meta property=\"og:site_name\" content=\"Essenled Lighting\" \/>\n<meta property=\"article:publisher\" content=\"https:\/\/www.facebook.com\/Shenzhen-Essenled-Lighting-COLTD-106633570961729\" \/>\n<meta property=\"article:modified_time\" content=\"2024-03-23T15:32:07+00:00\" \/>\n<meta property=\"og:image\" content=\"https:\/\/essenledstrip.com\/wp-content\/uploads\/2022\/09\/12V24V-4MM-5W-Dotless-COB-Light-Strips.webp\" \/>\n\t<meta property=\"og:image:width\" content=\"800\" \/>\n\t<meta property=\"og:image:height\" content=\"800\" \/>\n\t<meta property=\"og:image:type\" content=\"image\/webp\" \/>\n<meta name=\"twitter:card\" content=\"summary_large_image\" \/>\n<meta name=\"twitter:label1\" content=\"Dur\u00e9e de lecture est.\" \/>\n\t<meta name=\"twitter:data1\" content=\"1 minute\" \/>\n<script type=\"application\/ld+json\" class=\"yoast-schema-graph\">{\"@context\":\"https:\/\/schema.org\",\"@graph\":[{\"@type\":\"WebPage\",\"@id\":\"https:\/\/essenledstrip.com\/product\/cob-led-strip-480leds-4mm\/\",\"url\":\"https:\/\/essenledstrip.com\/product\/cob-led-strip-480leds-4mm\/\",\"name\":\"DC12v 24v Super Thin 4mm Color Cob Led Strip Lights - Essenled\",\"isPartOf\":{\"@id\":\"https:\/\/essenledstrip.com\/ar\/#website\"},\"primaryImageOfPage\":{\"@id\":\"https:\/\/essenledstrip.com\/product\/cob-led-strip-480leds-4mm\/#primaryimage\"},\"image\":{\"@id\":\"https:\/\/essenledstrip.com\/product\/cob-led-strip-480leds-4mm\/#primaryimage\"},\"thumbnailUrl\":\"https:\/\/essenledstrip.com\/wp-content\/uploads\/2022\/09\/12V24V-4MM-5W-Dotless-COB-Light-Strips.webp\",\"datePublished\":\"2022-09-17T03:36:17+00:00\",\"dateModified\":\"2024-03-23T15:32:07+00:00\",\"description\":\"High density COB led strips with 480leds\/m super thin 4mm width, this Seamless LED Strip is a perfect, discreet lighting solution or for building into furniture.\",\"breadcrumb\":{\"@id\":\"https:\/\/essenledstrip.com\/product\/cob-led-strip-480leds-4mm\/#breadcrumb\"},\"inLanguage\":\"fr-BE\",\"potentialAction\":[{\"@type\":\"ReadAction\",\"target\":[\"https:\/\/essenledstrip.com\/product\/cob-led-strip-480leds-4mm\/\"]}]},{\"@type\":\"ImageObject\",\"inLanguage\":\"fr-BE\",\"@id\":\"https:\/\/essenledstrip.com\/product\/cob-led-strip-480leds-4mm\/#primaryimage\",\"url\":\"https:\/\/essenledstrip.com\/wp-content\/uploads\/2022\/09\/12V24V-4MM-5W-Dotless-COB-Light-Strips.webp\",\"contentUrl\":\"https:\/\/essenledstrip.com\/wp-content\/uploads\/2022\/09\/12V24V-4MM-5W-Dotless-COB-Light-Strips.webp\",\"width\":800,\"height\":800,\"caption\":\"12V24V 4MM 5W Dotless COB Light Strips\"},{\"@type\":\"BreadcrumbList\",\"@id\":\"https:\/\/essenledstrip.com\/product\/cob-led-strip-480leds-4mm\/#breadcrumb\",\"itemListElement\":[{\"@type\":\"ListItem\",\"position\":1,\"name\":\"Home\",\"item\":\"https:\/\/essenledstrip.com\/\"},{\"@type\":\"ListItem\",\"position\":2,\"name\":\"Varer\",\"item\":\"https:\/\/essenledstrip.com\/dk\/shop\/\"},{\"@type\":\"ListItem\",\"position\":3,\"name\":\"COB LED Strip 480leds\/m 5W 24V Ultra-narrow 4mm\"}]},{\"@type\":\"WebSite\",\"@id\":\"https:\/\/essenledstrip.com\/ar\/#website\",\"url\":\"https:\/\/essenledstrip.com\/ar\/\",\"name\":\"Essenled Lighting\",\"description\":\"\",\"publisher\":{\"@id\":\"https:\/\/essenledstrip.com\/ar\/#organization\"},\"potentialAction\":[{\"@type\":\"SearchAction\",\"target\":{\"@type\":\"EntryPoint\",\"urlTemplate\":\"https:\/\/essenledstrip.com\/ar\/?s={search_term_string}\"},\"query-input\":{\"@type\":\"PropertyValueSpecification\",\"valueRequired\":true,\"valueName\":\"search_term_string\"}}],\"inLanguage\":\"fr-BE\"},{\"@type\":\"Organization\",\"@id\":\"https:\/\/essenledstrip.com\/ar\/#organization\",\"name\":\"Shenzhen Essenled Lighting CO.,LTD\",\"url\":\"https:\/\/essenledstrip.com\/ar\/\",\"logo\":{\"@type\":\"ImageObject\",\"inLanguage\":\"fr-BE\",\"@id\":\"https:\/\/essenledstrip.com\/ar\/#\/schema\/logo\/image\/\",\"url\":\"https:\/\/essenledstrip.com\/wp-content\/uploads\/2022\/08\/LOGO.png\",\"contentUrl\":\"https:\/\/essenledstrip.com\/wp-content\/uploads\/2022\/08\/LOGO.png\",\"width\":300,\"height\":100,\"caption\":\"Shenzhen Essenled Lighting CO.,LTD\"},\"image\":{\"@id\":\"https:\/\/essenledstrip.com\/ar\/#\/schema\/logo\/image\/\"},\"sameAs\":[\"https:\/\/www.facebook.com\/Shenzhen-Essenled-Lighting-COLTD-106633570961729\"]}]}<\/script>\n<!-- \/ Yoast SEO Premium plugin. -->","yoast_head_json":{"title":"DC12v 24v Super Thin 4mm Color Cob Led Strip Lights - Essenled","description":"High density COB led strips with 480leds\/m super thin 4mm width, this Seamless LED Strip is a perfect, discreet lighting solution or for building into furniture.","robots":{"index":"index","follow":"follow","max-snippet":"max-snippet:-1","max-image-preview":"max-image-preview:large","max-video-preview":"max-video-preview:-1"},"canonical":"https:\/\/essenledstrip.com\/fr\/produit\/cob-led-strip-480leds-4mm\/","og_locale":"fr_FR","og_type":"article","og_title":"COB LED Strip 480leds\/m 5W 24V Ultra-narrow 4mm","og_description":"High density COB led strips with 480leds\/m super thin 4mm width, this Seamless LED Strip is a perfect, discreet lighting solution or for building into furniture.","og_url":"https:\/\/essenledstrip.com\/fr\/produit\/cob-led-strip-480leds-4mm\/","og_site_name":"Essenled Lighting","article_publisher":"https:\/\/www.facebook.com\/Shenzhen-Essenled-Lighting-COLTD-106633570961729","article_modified_time":"2024-03-23T15:32:07+00:00","og_image":[{"width":800,"height":800,"url":"https:\/\/essenledstrip.com\/wp-content\/uploads\/2022\/09\/12V24V-4MM-5W-Dotless-COB-Light-Strips.webp","type":"image\/webp"}],"twitter_card":"summary_large_image","twitter_misc":{"Dur\u00e9e de lecture est.":"1 minute"},"schema":{"@context":"https:\/\/schema.org","@graph":[{"@type":"WebPage","@id":"https:\/\/essenledstrip.com\/product\/cob-led-strip-480leds-4mm\/","url":"https:\/\/essenledstrip.com\/product\/cob-led-strip-480leds-4mm\/","name":"DC12v 24v Super Thin 4mm Color Cob Led Strip Lights - Essenled","isPartOf":{"@id":"https:\/\/essenledstrip.com\/ar\/#website"},"primaryImageOfPage":{"@id":"https:\/\/essenledstrip.com\/product\/cob-led-strip-480leds-4mm\/#primaryimage"},"image":{"@id":"https:\/\/essenledstrip.com\/product\/cob-led-strip-480leds-4mm\/#primaryimage"},"thumbnailUrl":"https:\/\/essenledstrip.com\/wp-content\/uploads\/2022\/09\/12V24V-4MM-5W-Dotless-COB-Light-Strips.webp","datePublished":"2022-09-17T03:36:17+00:00","dateModified":"2024-03-23T15:32:07+00:00","description":"High density COB led strips with 480leds\/m super thin 4mm width, this Seamless LED Strip is a perfect, discreet lighting solution or for building into furniture.","breadcrumb":{"@id":"https:\/\/essenledstrip.com\/product\/cob-led-strip-480leds-4mm\/#breadcrumb"},"inLanguage":"fr-BE","potentialAction":[{"@type":"ReadAction","target":["https:\/\/essenledstrip.com\/product\/cob-led-strip-480leds-4mm\/"]}]},{"@type":"ImageObject","inLanguage":"fr-BE","@id":"https:\/\/essenledstrip.com\/product\/cob-led-strip-480leds-4mm\/#primaryimage","url":"https:\/\/essenledstrip.com\/wp-content\/uploads\/2022\/09\/12V24V-4MM-5W-Dotless-COB-Light-Strips.webp","contentUrl":"https:\/\/essenledstrip.com\/wp-content\/uploads\/2022\/09\/12V24V-4MM-5W-Dotless-COB-Light-Strips.webp","width":800,"height":800,"caption":"12V24V 4MM 5W Dotless COB Light Strips"},{"@type":"BreadcrumbList","@id":"https:\/\/essenledstrip.com\/product\/cob-led-strip-480leds-4mm\/#breadcrumb","itemListElement":[{"@type":"ListItem","position":1,"name":"Home","item":"https:\/\/essenledstrip.com\/"},{"@type":"ListItem","position":2,"name":"Varer","item":"https:\/\/essenledstrip.com\/dk\/shop\/"},{"@type":"ListItem","position":3,"name":"COB LED Strip 480leds\/m 5W 24V Ultra-narrow 4mm"}]},{"@type":"WebSite","@id":"https:\/\/essenledstrip.com\/ar\/#website","url":"https:\/\/essenledstrip.com\/ar\/","name":"Essenled Lighting","description":"","publisher":{"@id":"https:\/\/essenledstrip.com\/ar\/#organization"},"potentialAction":[{"@type":"SearchAction","target":{"@type":"EntryPoint","urlTemplate":"https:\/\/essenledstrip.com\/ar\/?s={search_term_string}"},"query-input":{"@type":"PropertyValueSpecification","valueRequired":true,"valueName":"search_term_string"}}],"inLanguage":"fr-BE"},{"@type":"Organization","@id":"https:\/\/essenledstrip.com\/ar\/#organization","name":"Shenzhen Essenled Lighting CO.,LTD","url":"https:\/\/essenledstrip.com\/ar\/","logo":{"@type":"ImageObject","inLanguage":"fr-BE","@id":"https:\/\/essenledstrip.com\/ar\/#\/schema\/logo\/image\/","url":"https:\/\/essenledstrip.com\/wp-content\/uploads\/2022\/08\/LOGO.png","contentUrl":"https:\/\/essenledstrip.com\/wp-content\/uploads\/2022\/08\/LOGO.png","width":300,"height":100,"caption":"Shenzhen Essenled Lighting CO.,LTD"},"image":{"@id":"https:\/\/essenledstrip.com\/ar\/#\/schema\/logo\/image\/"},"sameAs":["https:\/\/www.facebook.com\/Shenzhen-Essenled-Lighting-COLTD-106633570961729"]}]}},"_links":{"self":[{"href":"https:\/\/essenledstrip.com\/fr\/wp-json\/wp\/v2\/product\/948","targetHints":{"allow":["GET"]}}],"collection":[{"href":"https:\/\/essenledstrip.com\/fr\/wp-json\/wp\/v2\/product"}],"about":[{"href":"https:\/\/essenledstrip.com\/fr\/wp-json\/wp\/v2\/types\/product"}],"version-history":[{"count":0,"href":"https:\/\/essenledstrip.com\/fr\/wp-json\/wp\/v2\/product\/948\/revisions"}],"wp:featuredmedia":[{"embeddable":true,"href":"https:\/\/essenledstrip.com\/fr\/wp-json\/wp\/v2\/media\/2726"}],"wp:attachment":[{"href":"https:\/\/essenledstrip.com\/fr\/wp-json\/wp\/v2\/media?parent=948"}],"wp:term":[{"taxonomy":"product_brand","embeddable":true,"href":"https:\/\/essenledstrip.com\/fr\/wp-json\/wp\/v2\/product_brand?post=948"},{"taxonomy":"product_cat","embeddable":true,"href":"https:\/\/essenledstrip.com\/fr\/wp-json\/wp\/v2\/product_cat?post=948"},{"taxonomy":"product_tag","embeddable":true,"href":"https:\/\/essenledstrip.com\/fr\/wp-json\/wp\/v2\/product_tag?post=948"}],"curies":[{"name":"wp","href":"https:\/\/api.w.org\/{rel}","templated":true}]}}