{"id":957,"date":"2022-09-17T17:20:24","date_gmt":"2022-09-17T09:20:24","guid":{"rendered":"https:\/\/essenledstrip.com\/?post_type=product&#038;p=957"},"modified":"2024-03-23T23:56:37","modified_gmt":"2024-03-23T15:56:37","slug":"cob-led-strip-480leds-8mm-10mm","status":"publish","type":"product","link":"https:\/\/essenledstrip.com\/fr\/produit\/bande-led-cob-480leds-8mm-10mm\/","title":{"rendered":"Ruban LED COB 480leds\/m 5W 10W 15W 24V 8mm-10mm"},"content":{"rendered":"","protected":false},"excerpt":{"rendered":"<p>Le COB signifie Chip on Board, ce qui signifie que les diodes LED sont int\u00e9gr\u00e9es directement dans la carte de circuit imprim\u00e9, le principal avantage de cette technologie est qu&#039;il n&#039;y a pas de taches visibles, avec une carte de circuit imprim\u00e9 de 8 mm et 10 mm en option, haute densit\u00e9 480 leds\/m DC12v ( 25mm\/coupe) et DC24v(50mm\/coupe) 5w\/m 10w\/m 15w\/m, disponible en bobines de 5 et 50 m\u00e8tres, temp\u00e9rature de couleur standard 2700K\/3000K\/4000K\/6500K.<\/p>\n<p>Avec une bande COB de 480 puces\/M, elles sont beaucoup plus flexibles que les autres bandes flexibles en raison de la petite taille des diodes et de la r\u00e9partition uniforme du poids. Cette bande diffuse une lumi\u00e8re douce et uniforme d&#039;un bout \u00e0 l&#039;autre. M\u00eame la lumi\u00e8re sans point d&#039;\u00e9clairage est plus attrayante pour l&#039;\u0153il humain et d\u00e9gage une lumi\u00e8re constante m\u00eame dans les endroits \u00e9troits.<\/p>\n<p>Notre bande enti\u00e8rement flexible avec une longue dur\u00e9e de vie de 3 \u00e0 5 ans avec une bonne couleur uniforme, nous promettons un seul bac pour chaque commande, \u00e9galement avec certificat CE\/RoHs\/ETL.<\/p>\n<p><img fetchpriority=\"high\" decoding=\"async\" class=\"alignnone wp-image-964 size-large\" src=\"https:\/\/essenledstrip.com\/wp-content\/uploads\/2022\/09\/20220906173211-1-1024x149.webp\" alt=\"\" width=\"1024\" height=\"149\" srcset=\"https:\/\/essenledstrip.com\/wp-content\/uploads\/2022\/09\/20220906173211-1-1024x149.webp 1024w, https:\/\/essenledstrip.com\/wp-content\/uploads\/2022\/09\/20220906173211-1-300x44.webp 300w, https:\/\/essenledstrip.com\/wp-content\/uploads\/2022\/09\/20220906173211-1-768x112.webp 768w, https:\/\/essenledstrip.com\/wp-content\/uploads\/2022\/09\/20220906173211-1-18x3.webp 18w, https:\/\/essenledstrip.com\/wp-content\/uploads\/2022\/09\/20220906173211-1-600x87.webp 600w, https:\/\/essenledstrip.com\/wp-content\/uploads\/2022\/09\/20220906173211-1.webp 1455w\" sizes=\"(max-width: 1024px) 100vw, 1024px\" \/><\/p>","protected":false},"featured_media":2734,"template":"","meta":{"_kad_post_transparent":"default","_kad_post_title":"hide","_kad_post_layout":"fullwidth","_kad_post_sidebar_id":"","_kad_post_content_style":"unboxed","_kad_post_vertical_padding":"hide","_kad_post_feature":"hide","_kad_post_feature_position":"","_kad_post_header":false,"_kad_post_footer":false,"_kad_post_classname":""},"product_brand":[],"product_cat":[42],"product_tag":[190,191,189],"class_list":{"0":"post-957","1":"product","2":"type-product","3":"status-publish","4":"has-post-thumbnail","6":"product_cat-cob-led-strip","7":"product_tag-8mm-12v-24v-480leds-cob-led-strip-5meters-reel","8":"product_tag-8mm-5m-cob-led-strip-480leds-5w-m-10w-m-15w-m","9":"product_tag-8mm-cob-led-strip-4800leds-m-dc12v-24v-cri90","11":"first","12":"instock","13":"shipping-taxable","14":"product-type-simple","15":"entry","16":"content-bg","17":"loop-entry"},"yoast_head":"<!-- This site is optimized with the Yoast SEO Premium plugin v24.7 (Yoast SEO v26.7) - https:\/\/yoast.com\/wordpress\/plugins\/seo\/ -->\n<title>LED Strip COB 24V 5W 10W 15W 480LED\/m CRI90 5m - Essenled<\/title>\n<meta name=\"description\" content=\"Use of high quality cob led light 480leds\/m 5w\/m 10w\/m 15w\/m source, the COB led tape light luminous angle is 180 degrees, shines a soft, uniform light from end to end.\" \/>\n<meta name=\"robots\" content=\"index, follow, max-snippet:-1, max-image-preview:large, max-video-preview:-1\" \/>\n<link rel=\"canonical\" href=\"https:\/\/essenledstrip.com\/fr\/produit\/bande-led-cob-480leds-8mm-10mm\/\" \/>\n<meta property=\"og:locale\" content=\"fr_FR\" \/>\n<meta property=\"og:type\" content=\"article\" \/>\n<meta property=\"og:title\" content=\"COB LED Strip 480leds\/m 5W 10W 15W 24V 8mm-10mm\" \/>\n<meta property=\"og:description\" content=\"Use of high quality cob led light 480leds\/m 5w\/m 10w\/m 15w\/m source, the COB led tape light luminous angle is 180 degrees, shines a soft, uniform light from end to end.\" \/>\n<meta property=\"og:url\" content=\"https:\/\/essenledstrip.com\/fr\/produit\/bande-led-cob-480leds-8mm-10mm\/\" \/>\n<meta property=\"og:site_name\" content=\"Essenled Lighting\" \/>\n<meta property=\"article:publisher\" content=\"https:\/\/www.facebook.com\/Shenzhen-Essenled-Lighting-COLTD-106633570961729\" \/>\n<meta property=\"article:modified_time\" content=\"2024-03-23T15:56:37+00:00\" \/>\n<meta property=\"og:image\" content=\"https:\/\/essenledstrip.com\/wp-content\/uploads\/2022\/09\/High-density-480leds-5w-10w-15w.webp\" \/>\n\t<meta property=\"og:image:width\" content=\"800\" \/>\n\t<meta property=\"og:image:height\" content=\"800\" \/>\n\t<meta property=\"og:image:type\" content=\"image\/webp\" \/>\n<meta name=\"twitter:card\" content=\"summary_large_image\" \/>\n<meta name=\"twitter:label1\" content=\"Dur\u00e9e de lecture est.\" \/>\n\t<meta name=\"twitter:data1\" content=\"1 minute\" \/>\n<script type=\"application\/ld+json\" class=\"yoast-schema-graph\">{\"@context\":\"https:\/\/schema.org\",\"@graph\":[{\"@type\":\"WebPage\",\"@id\":\"https:\/\/essenledstrip.com\/product\/cob-led-strip-480leds-8mm-10mm\/\",\"url\":\"https:\/\/essenledstrip.com\/product\/cob-led-strip-480leds-8mm-10mm\/\",\"name\":\"LED Strip COB 24V 5W 10W 15W 480LED\/m CRI90 5m - Essenled\",\"isPartOf\":{\"@id\":\"https:\/\/essenledstrip.com\/ar\/#website\"},\"primaryImageOfPage\":{\"@id\":\"https:\/\/essenledstrip.com\/product\/cob-led-strip-480leds-8mm-10mm\/#primaryimage\"},\"image\":{\"@id\":\"https:\/\/essenledstrip.com\/product\/cob-led-strip-480leds-8mm-10mm\/#primaryimage\"},\"thumbnailUrl\":\"https:\/\/essenledstrip.com\/wp-content\/uploads\/2022\/09\/High-density-480leds-5w-10w-15w.webp\",\"datePublished\":\"2022-09-17T09:20:24+00:00\",\"dateModified\":\"2024-03-23T15:56:37+00:00\",\"description\":\"Use of high quality cob led light 480leds\/m 5w\/m 10w\/m 15w\/m source, the COB led tape light luminous angle is 180 degrees, shines a soft, uniform light from end to end.\",\"breadcrumb\":{\"@id\":\"https:\/\/essenledstrip.com\/product\/cob-led-strip-480leds-8mm-10mm\/#breadcrumb\"},\"inLanguage\":\"fr-BE\",\"potentialAction\":[{\"@type\":\"ReadAction\",\"target\":[\"https:\/\/essenledstrip.com\/product\/cob-led-strip-480leds-8mm-10mm\/\"]}]},{\"@type\":\"ImageObject\",\"inLanguage\":\"fr-BE\",\"@id\":\"https:\/\/essenledstrip.com\/product\/cob-led-strip-480leds-8mm-10mm\/#primaryimage\",\"url\":\"https:\/\/essenledstrip.com\/wp-content\/uploads\/2022\/09\/High-density-480leds-5w-10w-15w.webp\",\"contentUrl\":\"https:\/\/essenledstrip.com\/wp-content\/uploads\/2022\/09\/High-density-480leds-5w-10w-15w.webp\",\"width\":800,\"height\":800,\"caption\":\"High density 480leds 5w 10w 15w\"},{\"@type\":\"BreadcrumbList\",\"@id\":\"https:\/\/essenledstrip.com\/product\/cob-led-strip-480leds-8mm-10mm\/#breadcrumb\",\"itemListElement\":[{\"@type\":\"ListItem\",\"position\":1,\"name\":\"Home\",\"item\":\"https:\/\/essenledstrip.com\/\"},{\"@type\":\"ListItem\",\"position\":2,\"name\":\"Varer\",\"item\":\"https:\/\/essenledstrip.com\/dk\/shop\/\"},{\"@type\":\"ListItem\",\"position\":3,\"name\":\"COB LED Strip 480leds\/m 5W 10W 15W 24V 8mm-10mm\"}]},{\"@type\":\"WebSite\",\"@id\":\"https:\/\/essenledstrip.com\/ar\/#website\",\"url\":\"https:\/\/essenledstrip.com\/ar\/\",\"name\":\"Essenled Lighting\",\"description\":\"\",\"publisher\":{\"@id\":\"https:\/\/essenledstrip.com\/ar\/#organization\"},\"potentialAction\":[{\"@type\":\"SearchAction\",\"target\":{\"@type\":\"EntryPoint\",\"urlTemplate\":\"https:\/\/essenledstrip.com\/ar\/?s={search_term_string}\"},\"query-input\":{\"@type\":\"PropertyValueSpecification\",\"valueRequired\":true,\"valueName\":\"search_term_string\"}}],\"inLanguage\":\"fr-BE\"},{\"@type\":\"Organization\",\"@id\":\"https:\/\/essenledstrip.com\/ar\/#organization\",\"name\":\"Shenzhen Essenled Lighting CO.,LTD\",\"url\":\"https:\/\/essenledstrip.com\/ar\/\",\"logo\":{\"@type\":\"ImageObject\",\"inLanguage\":\"fr-BE\",\"@id\":\"https:\/\/essenledstrip.com\/ar\/#\/schema\/logo\/image\/\",\"url\":\"https:\/\/essenledstrip.com\/wp-content\/uploads\/2022\/08\/LOGO.png\",\"contentUrl\":\"https:\/\/essenledstrip.com\/wp-content\/uploads\/2022\/08\/LOGO.png\",\"width\":300,\"height\":100,\"caption\":\"Shenzhen Essenled Lighting CO.,LTD\"},\"image\":{\"@id\":\"https:\/\/essenledstrip.com\/ar\/#\/schema\/logo\/image\/\"},\"sameAs\":[\"https:\/\/www.facebook.com\/Shenzhen-Essenled-Lighting-COLTD-106633570961729\"]}]}<\/script>\n<!-- \/ Yoast SEO Premium plugin. -->","yoast_head_json":{"title":"LED Strip COB 24V 5W 10W 15W 480LED\/m CRI90 5m - Essenled","description":"Use of high quality cob led light 480leds\/m 5w\/m 10w\/m 15w\/m source, the COB led tape light luminous angle is 180 degrees, shines a soft, uniform light from end to end.","robots":{"index":"index","follow":"follow","max-snippet":"max-snippet:-1","max-image-preview":"max-image-preview:large","max-video-preview":"max-video-preview:-1"},"canonical":"https:\/\/essenledstrip.com\/fr\/produit\/bande-led-cob-480leds-8mm-10mm\/","og_locale":"fr_FR","og_type":"article","og_title":"COB LED Strip 480leds\/m 5W 10W 15W 24V 8mm-10mm","og_description":"Use of high quality cob led light 480leds\/m 5w\/m 10w\/m 15w\/m source, the COB led tape light luminous angle is 180 degrees, shines a soft, uniform light from end to end.","og_url":"https:\/\/essenledstrip.com\/fr\/produit\/bande-led-cob-480leds-8mm-10mm\/","og_site_name":"Essenled Lighting","article_publisher":"https:\/\/www.facebook.com\/Shenzhen-Essenled-Lighting-COLTD-106633570961729","article_modified_time":"2024-03-23T15:56:37+00:00","og_image":[{"width":800,"height":800,"url":"https:\/\/essenledstrip.com\/wp-content\/uploads\/2022\/09\/High-density-480leds-5w-10w-15w.webp","type":"image\/webp"}],"twitter_card":"summary_large_image","twitter_misc":{"Dur\u00e9e de lecture est.":"1 minute"},"schema":{"@context":"https:\/\/schema.org","@graph":[{"@type":"WebPage","@id":"https:\/\/essenledstrip.com\/product\/cob-led-strip-480leds-8mm-10mm\/","url":"https:\/\/essenledstrip.com\/product\/cob-led-strip-480leds-8mm-10mm\/","name":"LED Strip COB 24V 5W 10W 15W 480LED\/m CRI90 5m - Essenled","isPartOf":{"@id":"https:\/\/essenledstrip.com\/ar\/#website"},"primaryImageOfPage":{"@id":"https:\/\/essenledstrip.com\/product\/cob-led-strip-480leds-8mm-10mm\/#primaryimage"},"image":{"@id":"https:\/\/essenledstrip.com\/product\/cob-led-strip-480leds-8mm-10mm\/#primaryimage"},"thumbnailUrl":"https:\/\/essenledstrip.com\/wp-content\/uploads\/2022\/09\/High-density-480leds-5w-10w-15w.webp","datePublished":"2022-09-17T09:20:24+00:00","dateModified":"2024-03-23T15:56:37+00:00","description":"Use of high quality cob led light 480leds\/m 5w\/m 10w\/m 15w\/m source, the COB led tape light luminous angle is 180 degrees, shines a soft, uniform light from end to end.","breadcrumb":{"@id":"https:\/\/essenledstrip.com\/product\/cob-led-strip-480leds-8mm-10mm\/#breadcrumb"},"inLanguage":"fr-BE","potentialAction":[{"@type":"ReadAction","target":["https:\/\/essenledstrip.com\/product\/cob-led-strip-480leds-8mm-10mm\/"]}]},{"@type":"ImageObject","inLanguage":"fr-BE","@id":"https:\/\/essenledstrip.com\/product\/cob-led-strip-480leds-8mm-10mm\/#primaryimage","url":"https:\/\/essenledstrip.com\/wp-content\/uploads\/2022\/09\/High-density-480leds-5w-10w-15w.webp","contentUrl":"https:\/\/essenledstrip.com\/wp-content\/uploads\/2022\/09\/High-density-480leds-5w-10w-15w.webp","width":800,"height":800,"caption":"High density 480leds 5w 10w 15w"},{"@type":"BreadcrumbList","@id":"https:\/\/essenledstrip.com\/product\/cob-led-strip-480leds-8mm-10mm\/#breadcrumb","itemListElement":[{"@type":"ListItem","position":1,"name":"Home","item":"https:\/\/essenledstrip.com\/"},{"@type":"ListItem","position":2,"name":"Varer","item":"https:\/\/essenledstrip.com\/dk\/shop\/"},{"@type":"ListItem","position":3,"name":"COB LED Strip 480leds\/m 5W 10W 15W 24V 8mm-10mm"}]},{"@type":"WebSite","@id":"https:\/\/essenledstrip.com\/ar\/#website","url":"https:\/\/essenledstrip.com\/ar\/","name":"Essenled Lighting","description":"","publisher":{"@id":"https:\/\/essenledstrip.com\/ar\/#organization"},"potentialAction":[{"@type":"SearchAction","target":{"@type":"EntryPoint","urlTemplate":"https:\/\/essenledstrip.com\/ar\/?s={search_term_string}"},"query-input":{"@type":"PropertyValueSpecification","valueRequired":true,"valueName":"search_term_string"}}],"inLanguage":"fr-BE"},{"@type":"Organization","@id":"https:\/\/essenledstrip.com\/ar\/#organization","name":"Shenzhen Essenled Lighting CO.,LTD","url":"https:\/\/essenledstrip.com\/ar\/","logo":{"@type":"ImageObject","inLanguage":"fr-BE","@id":"https:\/\/essenledstrip.com\/ar\/#\/schema\/logo\/image\/","url":"https:\/\/essenledstrip.com\/wp-content\/uploads\/2022\/08\/LOGO.png","contentUrl":"https:\/\/essenledstrip.com\/wp-content\/uploads\/2022\/08\/LOGO.png","width":300,"height":100,"caption":"Shenzhen Essenled Lighting CO.,LTD"},"image":{"@id":"https:\/\/essenledstrip.com\/ar\/#\/schema\/logo\/image\/"},"sameAs":["https:\/\/www.facebook.com\/Shenzhen-Essenled-Lighting-COLTD-106633570961729"]}]}},"_links":{"self":[{"href":"https:\/\/essenledstrip.com\/fr\/wp-json\/wp\/v2\/product\/957","targetHints":{"allow":["GET"]}}],"collection":[{"href":"https:\/\/essenledstrip.com\/fr\/wp-json\/wp\/v2\/product"}],"about":[{"href":"https:\/\/essenledstrip.com\/fr\/wp-json\/wp\/v2\/types\/product"}],"version-history":[{"count":0,"href":"https:\/\/essenledstrip.com\/fr\/wp-json\/wp\/v2\/product\/957\/revisions"}],"wp:featuredmedia":[{"embeddable":true,"href":"https:\/\/essenledstrip.com\/fr\/wp-json\/wp\/v2\/media\/2734"}],"wp:attachment":[{"href":"https:\/\/essenledstrip.com\/fr\/wp-json\/wp\/v2\/media?parent=957"}],"wp:term":[{"taxonomy":"product_brand","embeddable":true,"href":"https:\/\/essenledstrip.com\/fr\/wp-json\/wp\/v2\/product_brand?post=957"},{"taxonomy":"product_cat","embeddable":true,"href":"https:\/\/essenledstrip.com\/fr\/wp-json\/wp\/v2\/product_cat?post=957"},{"taxonomy":"product_tag","embeddable":true,"href":"https:\/\/essenledstrip.com\/fr\/wp-json\/wp\/v2\/product_tag?post=957"}],"curies":[{"name":"wp","href":"https:\/\/api.w.org\/{rel}","templated":true}]}}