{"id":1213,"date":"2022-09-24T20:42:58","date_gmt":"2022-09-24T12:42:58","guid":{"rendered":"https:\/\/essenledstrip.com\/?post_type=product&#038;p=1213"},"modified":"2024-03-30T07:20:21","modified_gmt":"2024-03-29T23:20:21","slug":"high-efficiency-led-strip-64leds","status":"publish","type":"product","link":"https:\/\/essenledstrip.com\/it\/prodotto\/high-efficiency-led-strip-64leds\/","title":{"rendered":"Striscia LED ad alta efficienza 190LM\/W 64leds\/m (corrente costante)"},"content":{"rendered":"","protected":false},"excerpt":{"rendered":"<p>La striscia LED ad alta efficienza \u00e8 una striscia led con un&#039;efficienza luminosa fino a 190 LM\/w, utilizza chip di grandi dimensioni e LED SMD2835 ad alta luminosit\u00e0, resistori di alta qualit\u00e0 e PCB pi\u00f9 spesso da 3 once. Le nostre strisce LED tradizionali sono normali 6 LED e 3 LED (12V) per taglio, ma le strisce LED ad alta efficienza sono 9 LED per taglio o un gruppo di 8 LED (24V). Pi\u00f9 LED hai in un gruppo, pi\u00f9 lumen ottieni.<\/p>\n<p>La striscia led ad alta efficienza \u00e8 progettata per abbinare una maggiore emissione luminosa e un minor consumo, fino a 190lm\/w (+-10lm\/w), smd2835 64leds\/m, 80leds\/m, 128leds\/m e 160leds\/m ad alta densit\u00e0. 6 temperature colore 2100K, 2400K, 2700K, 3000K, 4000K e 6000K, supporto personalizzazione.<\/p>\n<p>SMD2835 pu\u00f2 essere una striscia di luce led ad alta efficienza, con meno potenza, pu\u00f2 avere pi\u00f9 lumen, risparmiando molta energia. La staffa led ad alta efficienza \u00e8 una scelta eccellente per soddisfare la domanda di applicazioni commerciali che necessitano della massima luminosit\u00e0 per evidenziare le caratteristiche, che possono essere ampiamente utilizzate in diverse applicazioni.<\/p>\n<p><img decoding=\"async\" class=\"alignnone size-medium wp-image-1219\" src=\"https:\/\/essenledstrip.com\/wp-content\/uploads\/2022\/09\/20220907113449-1-300x55.webp\" alt=\"\" width=\"300\" height=\"55\" srcset=\"https:\/\/essenledstrip.com\/wp-content\/uploads\/2022\/09\/20220907113449-1-300x55.webp 300w, https:\/\/essenledstrip.com\/wp-content\/uploads\/2022\/09\/20220907113449-1-768x141.webp 768w, https:\/\/essenledstrip.com\/wp-content\/uploads\/2022\/09\/20220907113449-1-18x3.webp 18w, https:\/\/essenledstrip.com\/wp-content\/uploads\/2022\/09\/20220907113449-1-600x110.webp 600w, https:\/\/essenledstrip.com\/wp-content\/uploads\/2022\/09\/20220907113449-1.webp 952w\" sizes=\"(max-width: 300px) 100vw, 300px\" \/><\/p>","protected":false},"featured_media":2761,"template":"","meta":{"_kad_post_transparent":"default","_kad_post_title":"","_kad_post_layout":"default","_kad_post_sidebar_id":"","_kad_post_content_style":"default","_kad_post_vertical_padding":"default","_kad_post_feature":"","_kad_post_feature_position":"","_kad_post_header":false,"_kad_post_footer":false,"_kad_post_classname":""},"product_brand":[],"product_cat":[53,48],"product_tag":[265,263,264],"class_list":{"0":"post-1213","1":"product","2":"type-product","3":"status-publish","4":"has-post-thumbnail","6":"product_cat-high-efficiency-led-strip","7":"product_cat-special-led-strip","8":"product_tag-2835-64leds-high-efficiency-constant-current-led-strip-190lm-w","9":"product_tag-high-efficiency-190lmlm-w-led-strip-2835-64leds-lights","10":"product_tag-led-strip-high-efficiency-190lm-w-64leds-24v","12":"first","13":"instock","14":"shipping-taxable","15":"product-type-simple","16":"entry","17":"content-bg","18":"loop-entry"},"yoast_head":"<!-- This site is optimized with the Yoast SEO Premium plugin v24.7 (Yoast SEO v26.7) - https:\/\/yoast.com\/wordpress\/plugins\/seo\/ -->\n<title>High Efficiency Led Strip 2835 64LEDs\/m 24V 190LM\/W - Essenled<\/title>\n<meta name=\"description\" content=\"The High Efficiency LED Strip is a led strip with a luminous efficacy of up to 190 LM\/w. 2835 64LEDs\/M constant current LED Strip with high Ra&gt;90+.\" \/>\n<meta name=\"robots\" content=\"index, follow, max-snippet:-1, max-image-preview:large, max-video-preview:-1\" \/>\n<link rel=\"canonical\" href=\"https:\/\/essenledstrip.com\/it\/prodotto\/high-efficiency-led-strip-64leds\/\" \/>\n<meta property=\"og:locale\" content=\"it_IT\" \/>\n<meta property=\"og:type\" content=\"article\" \/>\n<meta property=\"og:title\" content=\"190LM\/W High Efficiency LED Strip 64leds\/m(Constant Current)\" \/>\n<meta property=\"og:description\" content=\"The High Efficiency LED Strip is a led strip with a luminous efficacy of up to 190 LM\/w. 2835 64LEDs\/M constant current LED Strip with high Ra&gt;90+.\" \/>\n<meta property=\"og:url\" content=\"https:\/\/essenledstrip.com\/it\/prodotto\/high-efficiency-led-strip-64leds\/\" \/>\n<meta property=\"og:site_name\" content=\"Essenled Lighting\" \/>\n<meta property=\"article:publisher\" content=\"https:\/\/www.facebook.com\/Shenzhen-Essenled-Lighting-COLTD-106633570961729\" \/>\n<meta property=\"article:modified_time\" content=\"2024-03-29T23:20:21+00:00\" \/>\n<meta property=\"og:image\" content=\"https:\/\/essenledstrip.com\/wp-content\/uploads\/2022\/09\/2835-64LEDs-190lmw-led-strip.webp\" \/>\n\t<meta property=\"og:image:width\" content=\"800\" \/>\n\t<meta property=\"og:image:height\" content=\"800\" \/>\n\t<meta property=\"og:image:type\" content=\"image\/webp\" \/>\n<meta name=\"twitter:card\" content=\"summary_large_image\" \/>\n<meta name=\"twitter:label1\" content=\"Tempo di lettura stimato\" \/>\n\t<meta name=\"twitter:data1\" content=\"1 minuto\" \/>\n<script type=\"application\/ld+json\" class=\"yoast-schema-graph\">{\"@context\":\"https:\/\/schema.org\",\"@graph\":[{\"@type\":\"WebPage\",\"@id\":\"https:\/\/essenledstrip.com\/product\/high-efficiency-led-strip-64leds\/\",\"url\":\"https:\/\/essenledstrip.com\/product\/high-efficiency-led-strip-64leds\/\",\"name\":\"High Efficiency Led Strip 2835 64LEDs\/m 24V 190LM\/W - Essenled\",\"isPartOf\":{\"@id\":\"https:\/\/essenledstrip.com\/ar\/#website\"},\"primaryImageOfPage\":{\"@id\":\"https:\/\/essenledstrip.com\/product\/high-efficiency-led-strip-64leds\/#primaryimage\"},\"image\":{\"@id\":\"https:\/\/essenledstrip.com\/product\/high-efficiency-led-strip-64leds\/#primaryimage\"},\"thumbnailUrl\":\"https:\/\/essenledstrip.com\/wp-content\/uploads\/2022\/09\/2835-64LEDs-190lmw-led-strip.webp\",\"datePublished\":\"2022-09-24T12:42:58+00:00\",\"dateModified\":\"2024-03-29T23:20:21+00:00\",\"description\":\"The High Efficiency LED Strip is a led strip with a luminous efficacy of up to 190 LM\/w. 2835 64LEDs\/M constant current LED Strip with high Ra>90+.\",\"breadcrumb\":{\"@id\":\"https:\/\/essenledstrip.com\/product\/high-efficiency-led-strip-64leds\/#breadcrumb\"},\"inLanguage\":\"it-IT\",\"potentialAction\":[{\"@type\":\"ReadAction\",\"target\":[\"https:\/\/essenledstrip.com\/product\/high-efficiency-led-strip-64leds\/\"]}]},{\"@type\":\"ImageObject\",\"inLanguage\":\"it-IT\",\"@id\":\"https:\/\/essenledstrip.com\/product\/high-efficiency-led-strip-64leds\/#primaryimage\",\"url\":\"https:\/\/essenledstrip.com\/wp-content\/uploads\/2022\/09\/2835-64LEDs-190lmw-led-strip.webp\",\"contentUrl\":\"https:\/\/essenledstrip.com\/wp-content\/uploads\/2022\/09\/2835-64LEDs-190lmw-led-strip.webp\",\"width\":800,\"height\":800,\"caption\":\"2835 64LEDs 190lmw led strip\"},{\"@type\":\"BreadcrumbList\",\"@id\":\"https:\/\/essenledstrip.com\/product\/high-efficiency-led-strip-64leds\/#breadcrumb\",\"itemListElement\":[{\"@type\":\"ListItem\",\"position\":1,\"name\":\"Home\",\"item\":\"https:\/\/essenledstrip.com\/\"},{\"@type\":\"ListItem\",\"position\":2,\"name\":\"Varer\",\"item\":\"https:\/\/essenledstrip.com\/dk\/shop\/\"},{\"@type\":\"ListItem\",\"position\":3,\"name\":\"190LM\/W High Efficiency LED Strip 64leds\/m(Constant Current)\"}]},{\"@type\":\"WebSite\",\"@id\":\"https:\/\/essenledstrip.com\/ar\/#website\",\"url\":\"https:\/\/essenledstrip.com\/ar\/\",\"name\":\"Essenled Lighting\",\"description\":\"\",\"publisher\":{\"@id\":\"https:\/\/essenledstrip.com\/ar\/#organization\"},\"potentialAction\":[{\"@type\":\"SearchAction\",\"target\":{\"@type\":\"EntryPoint\",\"urlTemplate\":\"https:\/\/essenledstrip.com\/ar\/?s={search_term_string}\"},\"query-input\":{\"@type\":\"PropertyValueSpecification\",\"valueRequired\":true,\"valueName\":\"search_term_string\"}}],\"inLanguage\":\"it-IT\"},{\"@type\":\"Organization\",\"@id\":\"https:\/\/essenledstrip.com\/ar\/#organization\",\"name\":\"Shenzhen Essenled Lighting CO.,LTD\",\"url\":\"https:\/\/essenledstrip.com\/ar\/\",\"logo\":{\"@type\":\"ImageObject\",\"inLanguage\":\"it-IT\",\"@id\":\"https:\/\/essenledstrip.com\/ar\/#\/schema\/logo\/image\/\",\"url\":\"https:\/\/essenledstrip.com\/wp-content\/uploads\/2022\/08\/LOGO.png\",\"contentUrl\":\"https:\/\/essenledstrip.com\/wp-content\/uploads\/2022\/08\/LOGO.png\",\"width\":300,\"height\":100,\"caption\":\"Shenzhen Essenled Lighting CO.,LTD\"},\"image\":{\"@id\":\"https:\/\/essenledstrip.com\/ar\/#\/schema\/logo\/image\/\"},\"sameAs\":[\"https:\/\/www.facebook.com\/Shenzhen-Essenled-Lighting-COLTD-106633570961729\"]}]}<\/script>\n<!-- \/ Yoast SEO Premium plugin. -->","yoast_head_json":{"title":"High Efficiency Led Strip 2835 64LEDs\/m 24V 190LM\/W - Essenled","description":"The High Efficiency LED Strip is a led strip with a luminous efficacy of up to 190 LM\/w. 2835 64LEDs\/M constant current LED Strip with high Ra>90+.","robots":{"index":"index","follow":"follow","max-snippet":"max-snippet:-1","max-image-preview":"max-image-preview:large","max-video-preview":"max-video-preview:-1"},"canonical":"https:\/\/essenledstrip.com\/it\/prodotto\/high-efficiency-led-strip-64leds\/","og_locale":"it_IT","og_type":"article","og_title":"190LM\/W High Efficiency LED Strip 64leds\/m(Constant Current)","og_description":"The High Efficiency LED Strip is a led strip with a luminous efficacy of up to 190 LM\/w. 2835 64LEDs\/M constant current LED Strip with high Ra>90+.","og_url":"https:\/\/essenledstrip.com\/it\/prodotto\/high-efficiency-led-strip-64leds\/","og_site_name":"Essenled Lighting","article_publisher":"https:\/\/www.facebook.com\/Shenzhen-Essenled-Lighting-COLTD-106633570961729","article_modified_time":"2024-03-29T23:20:21+00:00","og_image":[{"width":800,"height":800,"url":"https:\/\/essenledstrip.com\/wp-content\/uploads\/2022\/09\/2835-64LEDs-190lmw-led-strip.webp","type":"image\/webp"}],"twitter_card":"summary_large_image","twitter_misc":{"Tempo di lettura stimato":"1 minuto"},"schema":{"@context":"https:\/\/schema.org","@graph":[{"@type":"WebPage","@id":"https:\/\/essenledstrip.com\/product\/high-efficiency-led-strip-64leds\/","url":"https:\/\/essenledstrip.com\/product\/high-efficiency-led-strip-64leds\/","name":"High Efficiency Led Strip 2835 64LEDs\/m 24V 190LM\/W - Essenled","isPartOf":{"@id":"https:\/\/essenledstrip.com\/ar\/#website"},"primaryImageOfPage":{"@id":"https:\/\/essenledstrip.com\/product\/high-efficiency-led-strip-64leds\/#primaryimage"},"image":{"@id":"https:\/\/essenledstrip.com\/product\/high-efficiency-led-strip-64leds\/#primaryimage"},"thumbnailUrl":"https:\/\/essenledstrip.com\/wp-content\/uploads\/2022\/09\/2835-64LEDs-190lmw-led-strip.webp","datePublished":"2022-09-24T12:42:58+00:00","dateModified":"2024-03-29T23:20:21+00:00","description":"The High Efficiency LED Strip is a led strip with a luminous efficacy of up to 190 LM\/w. 2835 64LEDs\/M constant current LED Strip with high Ra>90+.","breadcrumb":{"@id":"https:\/\/essenledstrip.com\/product\/high-efficiency-led-strip-64leds\/#breadcrumb"},"inLanguage":"it-IT","potentialAction":[{"@type":"ReadAction","target":["https:\/\/essenledstrip.com\/product\/high-efficiency-led-strip-64leds\/"]}]},{"@type":"ImageObject","inLanguage":"it-IT","@id":"https:\/\/essenledstrip.com\/product\/high-efficiency-led-strip-64leds\/#primaryimage","url":"https:\/\/essenledstrip.com\/wp-content\/uploads\/2022\/09\/2835-64LEDs-190lmw-led-strip.webp","contentUrl":"https:\/\/essenledstrip.com\/wp-content\/uploads\/2022\/09\/2835-64LEDs-190lmw-led-strip.webp","width":800,"height":800,"caption":"2835 64LEDs 190lmw led strip"},{"@type":"BreadcrumbList","@id":"https:\/\/essenledstrip.com\/product\/high-efficiency-led-strip-64leds\/#breadcrumb","itemListElement":[{"@type":"ListItem","position":1,"name":"Home","item":"https:\/\/essenledstrip.com\/"},{"@type":"ListItem","position":2,"name":"Varer","item":"https:\/\/essenledstrip.com\/dk\/shop\/"},{"@type":"ListItem","position":3,"name":"190LM\/W High Efficiency LED Strip 64leds\/m(Constant Current)"}]},{"@type":"WebSite","@id":"https:\/\/essenledstrip.com\/ar\/#website","url":"https:\/\/essenledstrip.com\/ar\/","name":"Essenled Lighting","description":"","publisher":{"@id":"https:\/\/essenledstrip.com\/ar\/#organization"},"potentialAction":[{"@type":"SearchAction","target":{"@type":"EntryPoint","urlTemplate":"https:\/\/essenledstrip.com\/ar\/?s={search_term_string}"},"query-input":{"@type":"PropertyValueSpecification","valueRequired":true,"valueName":"search_term_string"}}],"inLanguage":"it-IT"},{"@type":"Organization","@id":"https:\/\/essenledstrip.com\/ar\/#organization","name":"Shenzhen Essenled Lighting CO.,LTD","url":"https:\/\/essenledstrip.com\/ar\/","logo":{"@type":"ImageObject","inLanguage":"it-IT","@id":"https:\/\/essenledstrip.com\/ar\/#\/schema\/logo\/image\/","url":"https:\/\/essenledstrip.com\/wp-content\/uploads\/2022\/08\/LOGO.png","contentUrl":"https:\/\/essenledstrip.com\/wp-content\/uploads\/2022\/08\/LOGO.png","width":300,"height":100,"caption":"Shenzhen Essenled Lighting CO.,LTD"},"image":{"@id":"https:\/\/essenledstrip.com\/ar\/#\/schema\/logo\/image\/"},"sameAs":["https:\/\/www.facebook.com\/Shenzhen-Essenled-Lighting-COLTD-106633570961729"]}]}},"_links":{"self":[{"href":"https:\/\/essenledstrip.com\/it\/wp-json\/wp\/v2\/product\/1213","targetHints":{"allow":["GET"]}}],"collection":[{"href":"https:\/\/essenledstrip.com\/it\/wp-json\/wp\/v2\/product"}],"about":[{"href":"https:\/\/essenledstrip.com\/it\/wp-json\/wp\/v2\/types\/product"}],"version-history":[{"count":0,"href":"https:\/\/essenledstrip.com\/it\/wp-json\/wp\/v2\/product\/1213\/revisions"}],"wp:featuredmedia":[{"embeddable":true,"href":"https:\/\/essenledstrip.com\/it\/wp-json\/wp\/v2\/media\/2761"}],"wp:attachment":[{"href":"https:\/\/essenledstrip.com\/it\/wp-json\/wp\/v2\/media?parent=1213"}],"wp:term":[{"taxonomy":"product_brand","embeddable":true,"href":"https:\/\/essenledstrip.com\/it\/wp-json\/wp\/v2\/product_brand?post=1213"},{"taxonomy":"product_cat","embeddable":true,"href":"https:\/\/essenledstrip.com\/it\/wp-json\/wp\/v2\/product_cat?post=1213"},{"taxonomy":"product_tag","embeddable":true,"href":"https:\/\/essenledstrip.com\/it\/wp-json\/wp\/v2\/product_tag?post=1213"}],"curies":[{"name":"wp","href":"https:\/\/api.w.org\/{rel}","templated":true}]}}