{"id":1221,"date":"2022-09-24T20:54:08","date_gmt":"2022-09-24T12:54:08","guid":{"rendered":"https:\/\/essenledstrip.com\/?post_type=product&#038;p=1221"},"modified":"2024-03-30T07:21:36","modified_gmt":"2024-03-29T23:21:36","slug":"high-efficiency-led-strip-80leds","status":"publish","type":"product","link":"https:\/\/essenledstrip.com\/pt\/produto\/tira-de-led-de-alta-eficiencia-80-leds\/","title":{"rendered":"Faixa de LED de alta efici\u00eancia 190LM\/W 80leds\/m (corrente constante)"},"content":{"rendered":"","protected":false},"excerpt":{"rendered":"<p>A Fita LED de Alta Efici\u00eancia \u00e9 uma fita LED com efic\u00e1cia luminosa de at\u00e9 190 LM\/w, usa chips de tamanho grande e LEDs SMD2835 de alto brilho, resistores de alta qualidade e PCB mais espesso de 3 on\u00e7as. Nossas tiras de LED tradicionais s\u00e3o normais 6 LEDs e 3 LEDs (12V) por corte, mas as tiras de LED de alta efici\u00eancia s\u00e3o 9 LEDs por corte ou um grupo de 8 LEDs (24V). Quanto mais LEDs voc\u00ea tiver em um grupo, mais l\u00famens voc\u00ea ter\u00e1.<\/p>\n<p>A faixa de led de alta efici\u00eancia \u00e9 projetada para combinar mais sa\u00edda de luz e menos consumo, at\u00e9 190lm\/w (+-10lm\/w), smd2835 64leds\/m, 80leds\/m, 128leds\/m e 160leds\/m com alta densidade. 6 temperatura de cor 2100K, 2400K, 2700K, 3000K, 4000K e 6000K, suporte para personaliza\u00e7\u00e3o.<\/p>\n<p>SMD2835 pode ser luz de tira led de alta efici\u00eancia, com menos energia, pode ter mais l\u00famen, economizar muita energia. A fita de led de alta efici\u00eancia \u00e9 uma excelente escolha para atender a demanda de aplica\u00e7\u00f5es comerciais que necessitam de brilho m\u00e1ximo para destacar recursos, cuja fita de led pode ser amplamente utilizada em diferentes aplica\u00e7\u00f5es.<\/p>\n<p><img decoding=\"async\" class=\"alignnone size-medium wp-image-1227\" src=\"https:\/\/essenledstrip.com\/wp-content\/uploads\/2022\/09\/20220907113543-1-300x62.webp\" alt=\"\" width=\"300\" height=\"62\" srcset=\"https:\/\/essenledstrip.com\/wp-content\/uploads\/2022\/09\/20220907113543-1-300x62.webp 300w, https:\/\/essenledstrip.com\/wp-content\/uploads\/2022\/09\/20220907113543-1-768x159.webp 768w, https:\/\/essenledstrip.com\/wp-content\/uploads\/2022\/09\/20220907113543-1-18x4.webp 18w, https:\/\/essenledstrip.com\/wp-content\/uploads\/2022\/09\/20220907113543-1-600x124.webp 600w, https:\/\/essenledstrip.com\/wp-content\/uploads\/2022\/09\/20220907113543-1.webp 929w\" sizes=\"(max-width: 300px) 100vw, 300px\" \/><\/p>","protected":false},"featured_media":2759,"template":"","meta":{"_kad_post_transparent":"default","_kad_post_title":"","_kad_post_layout":"default","_kad_post_sidebar_id":"","_kad_post_content_style":"default","_kad_post_vertical_padding":"default","_kad_post_feature":"","_kad_post_feature_position":"","_kad_post_header":false,"_kad_post_footer":false,"_kad_post_classname":""},"product_brand":[],"product_cat":[53,48],"product_tag":[266,267,268],"class_list":{"0":"post-1221","1":"product","2":"type-product","3":"status-publish","4":"has-post-thumbnail","6":"product_cat-high-efficiency-led-strip","7":"product_cat-special-led-strip","8":"product_tag-dc24v-2835smd-80leds-m-high-efficiency-cc-led-strip","9":"product_tag-high-efficiency-190lm-w-smd2835-80leds-led-strip-light-5m","10":"product_tag-led-strip-high-efficiency-190lm-w-cri90-ip67-waterproof","12":"first","13":"instock","14":"shipping-taxable","15":"product-type-simple","16":"entry","17":"content-bg","18":"loop-entry"},"yoast_head":"<!-- This site is optimized with the Yoast SEO Premium plugin v24.7 (Yoast SEO v26.7) - https:\/\/yoast.com\/wordpress\/plugins\/seo\/ -->\n<title>High Efficiency Led Strip DC24v Smd2835 80leds 190LM\/W<\/title>\n<meta name=\"description\" content=\"Top Quality high efficiency led strip lights DC24v Smd 2835 80leds 190lm\/w Flexible Led Strip Lights Waterproof Ip68, more details pls find us Factory directly.\" \/>\n<meta name=\"robots\" content=\"index, follow, max-snippet:-1, max-image-preview:large, max-video-preview:-1\" \/>\n<link rel=\"canonical\" href=\"https:\/\/essenledstrip.com\/pt\/produto\/tira-de-led-de-alta-eficiencia-80-leds\/\" \/>\n<meta property=\"og:locale\" content=\"pt_PT\" \/>\n<meta property=\"og:type\" content=\"article\" \/>\n<meta property=\"og:title\" content=\"190LM\/W High Efficiency LED Strip 80leds\/m(Constant Current)\" \/>\n<meta property=\"og:description\" content=\"Top Quality high efficiency led strip lights DC24v Smd 2835 80leds 190lm\/w Flexible Led Strip Lights Waterproof Ip68, more details pls find us Factory directly.\" \/>\n<meta property=\"og:url\" content=\"https:\/\/essenledstrip.com\/pt\/produto\/tira-de-led-de-alta-eficiencia-80-leds\/\" \/>\n<meta property=\"og:site_name\" content=\"Essenled Lighting\" \/>\n<meta property=\"article:publisher\" content=\"https:\/\/www.facebook.com\/Shenzhen-Essenled-Lighting-COLTD-106633570961729\" \/>\n<meta property=\"article:modified_time\" content=\"2024-03-29T23:21:36+00:00\" \/>\n<meta property=\"og:image\" content=\"https:\/\/essenledstrip.com\/wp-content\/uploads\/2022\/09\/2835-80LEDs-190lmw-led-strip.webp\" \/>\n\t<meta property=\"og:image:width\" content=\"800\" \/>\n\t<meta property=\"og:image:height\" content=\"800\" \/>\n\t<meta property=\"og:image:type\" content=\"image\/webp\" \/>\n<meta name=\"twitter:card\" content=\"summary_large_image\" \/>\n<meta name=\"twitter:label1\" content=\"Tempo estimado de leitura\" \/>\n\t<meta name=\"twitter:data1\" content=\"1 minuto\" \/>\n<script type=\"application\/ld+json\" class=\"yoast-schema-graph\">{\"@context\":\"https:\/\/schema.org\",\"@graph\":[{\"@type\":\"WebPage\",\"@id\":\"https:\/\/essenledstrip.com\/product\/high-efficiency-led-strip-80leds\/\",\"url\":\"https:\/\/essenledstrip.com\/product\/high-efficiency-led-strip-80leds\/\",\"name\":\"High Efficiency Led Strip DC24v Smd2835 80leds 190LM\/W\",\"isPartOf\":{\"@id\":\"https:\/\/essenledstrip.com\/ar\/#website\"},\"primaryImageOfPage\":{\"@id\":\"https:\/\/essenledstrip.com\/product\/high-efficiency-led-strip-80leds\/#primaryimage\"},\"image\":{\"@id\":\"https:\/\/essenledstrip.com\/product\/high-efficiency-led-strip-80leds\/#primaryimage\"},\"thumbnailUrl\":\"https:\/\/essenledstrip.com\/wp-content\/uploads\/2022\/09\/2835-80LEDs-190lmw-led-strip.webp\",\"datePublished\":\"2022-09-24T12:54:08+00:00\",\"dateModified\":\"2024-03-29T23:21:36+00:00\",\"description\":\"Top Quality high efficiency led strip lights DC24v Smd 2835 80leds 190lm\/w Flexible Led Strip Lights Waterproof Ip68, more details pls find us Factory directly.\",\"breadcrumb\":{\"@id\":\"https:\/\/essenledstrip.com\/product\/high-efficiency-led-strip-80leds\/#breadcrumb\"},\"inLanguage\":\"pt-PT\",\"potentialAction\":[{\"@type\":\"ReadAction\",\"target\":[\"https:\/\/essenledstrip.com\/product\/high-efficiency-led-strip-80leds\/\"]}]},{\"@type\":\"ImageObject\",\"inLanguage\":\"pt-PT\",\"@id\":\"https:\/\/essenledstrip.com\/product\/high-efficiency-led-strip-80leds\/#primaryimage\",\"url\":\"https:\/\/essenledstrip.com\/wp-content\/uploads\/2022\/09\/2835-80LEDs-190lmw-led-strip.webp\",\"contentUrl\":\"https:\/\/essenledstrip.com\/wp-content\/uploads\/2022\/09\/2835-80LEDs-190lmw-led-strip.webp\",\"width\":800,\"height\":800,\"caption\":\"2835 80LEDs 190lmw led strip\"},{\"@type\":\"BreadcrumbList\",\"@id\":\"https:\/\/essenledstrip.com\/product\/high-efficiency-led-strip-80leds\/#breadcrumb\",\"itemListElement\":[{\"@type\":\"ListItem\",\"position\":1,\"name\":\"Home\",\"item\":\"https:\/\/essenledstrip.com\/\"},{\"@type\":\"ListItem\",\"position\":2,\"name\":\"Varer\",\"item\":\"https:\/\/essenledstrip.com\/dk\/shop\/\"},{\"@type\":\"ListItem\",\"position\":3,\"name\":\"190LM\/W High Efficiency LED Strip 80leds\/m(Constant Current)\"}]},{\"@type\":\"WebSite\",\"@id\":\"https:\/\/essenledstrip.com\/ar\/#website\",\"url\":\"https:\/\/essenledstrip.com\/ar\/\",\"name\":\"Essenled Lighting\",\"description\":\"\",\"publisher\":{\"@id\":\"https:\/\/essenledstrip.com\/ar\/#organization\"},\"potentialAction\":[{\"@type\":\"SearchAction\",\"target\":{\"@type\":\"EntryPoint\",\"urlTemplate\":\"https:\/\/essenledstrip.com\/ar\/?s={search_term_string}\"},\"query-input\":{\"@type\":\"PropertyValueSpecification\",\"valueRequired\":true,\"valueName\":\"search_term_string\"}}],\"inLanguage\":\"pt-PT\"},{\"@type\":\"Organization\",\"@id\":\"https:\/\/essenledstrip.com\/ar\/#organization\",\"name\":\"Shenzhen Essenled Lighting CO.,LTD\",\"url\":\"https:\/\/essenledstrip.com\/ar\/\",\"logo\":{\"@type\":\"ImageObject\",\"inLanguage\":\"pt-PT\",\"@id\":\"https:\/\/essenledstrip.com\/ar\/#\/schema\/logo\/image\/\",\"url\":\"https:\/\/essenledstrip.com\/wp-content\/uploads\/2022\/08\/LOGO.png\",\"contentUrl\":\"https:\/\/essenledstrip.com\/wp-content\/uploads\/2022\/08\/LOGO.png\",\"width\":300,\"height\":100,\"caption\":\"Shenzhen Essenled Lighting CO.,LTD\"},\"image\":{\"@id\":\"https:\/\/essenledstrip.com\/ar\/#\/schema\/logo\/image\/\"},\"sameAs\":[\"https:\/\/www.facebook.com\/Shenzhen-Essenled-Lighting-COLTD-106633570961729\"]}]}<\/script>\n<!-- \/ Yoast SEO Premium plugin. -->","yoast_head_json":{"title":"High Efficiency Led Strip DC24v Smd2835 80leds 190LM\/W","description":"Top Quality high efficiency led strip lights DC24v Smd 2835 80leds 190lm\/w Flexible Led Strip Lights Waterproof Ip68, more details pls find us Factory directly.","robots":{"index":"index","follow":"follow","max-snippet":"max-snippet:-1","max-image-preview":"max-image-preview:large","max-video-preview":"max-video-preview:-1"},"canonical":"https:\/\/essenledstrip.com\/pt\/produto\/tira-de-led-de-alta-eficiencia-80-leds\/","og_locale":"pt_PT","og_type":"article","og_title":"190LM\/W High Efficiency LED Strip 80leds\/m(Constant Current)","og_description":"Top Quality high efficiency led strip lights DC24v Smd 2835 80leds 190lm\/w Flexible Led Strip Lights Waterproof Ip68, more details pls find us Factory directly.","og_url":"https:\/\/essenledstrip.com\/pt\/produto\/tira-de-led-de-alta-eficiencia-80-leds\/","og_site_name":"Essenled Lighting","article_publisher":"https:\/\/www.facebook.com\/Shenzhen-Essenled-Lighting-COLTD-106633570961729","article_modified_time":"2024-03-29T23:21:36+00:00","og_image":[{"width":800,"height":800,"url":"https:\/\/essenledstrip.com\/wp-content\/uploads\/2022\/09\/2835-80LEDs-190lmw-led-strip.webp","type":"image\/webp"}],"twitter_card":"summary_large_image","twitter_misc":{"Tempo estimado de leitura":"1 minuto"},"schema":{"@context":"https:\/\/schema.org","@graph":[{"@type":"WebPage","@id":"https:\/\/essenledstrip.com\/product\/high-efficiency-led-strip-80leds\/","url":"https:\/\/essenledstrip.com\/product\/high-efficiency-led-strip-80leds\/","name":"High Efficiency Led Strip DC24v Smd2835 80leds 190LM\/W","isPartOf":{"@id":"https:\/\/essenledstrip.com\/ar\/#website"},"primaryImageOfPage":{"@id":"https:\/\/essenledstrip.com\/product\/high-efficiency-led-strip-80leds\/#primaryimage"},"image":{"@id":"https:\/\/essenledstrip.com\/product\/high-efficiency-led-strip-80leds\/#primaryimage"},"thumbnailUrl":"https:\/\/essenledstrip.com\/wp-content\/uploads\/2022\/09\/2835-80LEDs-190lmw-led-strip.webp","datePublished":"2022-09-24T12:54:08+00:00","dateModified":"2024-03-29T23:21:36+00:00","description":"Top Quality high efficiency led strip lights DC24v Smd 2835 80leds 190lm\/w Flexible Led Strip Lights Waterproof Ip68, more details pls find us Factory directly.","breadcrumb":{"@id":"https:\/\/essenledstrip.com\/product\/high-efficiency-led-strip-80leds\/#breadcrumb"},"inLanguage":"pt-PT","potentialAction":[{"@type":"ReadAction","target":["https:\/\/essenledstrip.com\/product\/high-efficiency-led-strip-80leds\/"]}]},{"@type":"ImageObject","inLanguage":"pt-PT","@id":"https:\/\/essenledstrip.com\/product\/high-efficiency-led-strip-80leds\/#primaryimage","url":"https:\/\/essenledstrip.com\/wp-content\/uploads\/2022\/09\/2835-80LEDs-190lmw-led-strip.webp","contentUrl":"https:\/\/essenledstrip.com\/wp-content\/uploads\/2022\/09\/2835-80LEDs-190lmw-led-strip.webp","width":800,"height":800,"caption":"2835 80LEDs 190lmw led strip"},{"@type":"BreadcrumbList","@id":"https:\/\/essenledstrip.com\/product\/high-efficiency-led-strip-80leds\/#breadcrumb","itemListElement":[{"@type":"ListItem","position":1,"name":"Home","item":"https:\/\/essenledstrip.com\/"},{"@type":"ListItem","position":2,"name":"Varer","item":"https:\/\/essenledstrip.com\/dk\/shop\/"},{"@type":"ListItem","position":3,"name":"190LM\/W High Efficiency LED Strip 80leds\/m(Constant Current)"}]},{"@type":"WebSite","@id":"https:\/\/essenledstrip.com\/ar\/#website","url":"https:\/\/essenledstrip.com\/ar\/","name":"Essenled Lighting","description":"","publisher":{"@id":"https:\/\/essenledstrip.com\/ar\/#organization"},"potentialAction":[{"@type":"SearchAction","target":{"@type":"EntryPoint","urlTemplate":"https:\/\/essenledstrip.com\/ar\/?s={search_term_string}"},"query-input":{"@type":"PropertyValueSpecification","valueRequired":true,"valueName":"search_term_string"}}],"inLanguage":"pt-PT"},{"@type":"Organization","@id":"https:\/\/essenledstrip.com\/ar\/#organization","name":"Shenzhen Essenled Lighting CO.,LTD","url":"https:\/\/essenledstrip.com\/ar\/","logo":{"@type":"ImageObject","inLanguage":"pt-PT","@id":"https:\/\/essenledstrip.com\/ar\/#\/schema\/logo\/image\/","url":"https:\/\/essenledstrip.com\/wp-content\/uploads\/2022\/08\/LOGO.png","contentUrl":"https:\/\/essenledstrip.com\/wp-content\/uploads\/2022\/08\/LOGO.png","width":300,"height":100,"caption":"Shenzhen Essenled Lighting CO.,LTD"},"image":{"@id":"https:\/\/essenledstrip.com\/ar\/#\/schema\/logo\/image\/"},"sameAs":["https:\/\/www.facebook.com\/Shenzhen-Essenled-Lighting-COLTD-106633570961729"]}]}},"_links":{"self":[{"href":"https:\/\/essenledstrip.com\/pt\/wp-json\/wp\/v2\/product\/1221","targetHints":{"allow":["GET"]}}],"collection":[{"href":"https:\/\/essenledstrip.com\/pt\/wp-json\/wp\/v2\/product"}],"about":[{"href":"https:\/\/essenledstrip.com\/pt\/wp-json\/wp\/v2\/types\/product"}],"version-history":[{"count":0,"href":"https:\/\/essenledstrip.com\/pt\/wp-json\/wp\/v2\/product\/1221\/revisions"}],"wp:featuredmedia":[{"embeddable":true,"href":"https:\/\/essenledstrip.com\/pt\/wp-json\/wp\/v2\/media\/2759"}],"wp:attachment":[{"href":"https:\/\/essenledstrip.com\/pt\/wp-json\/wp\/v2\/media?parent=1221"}],"wp:term":[{"taxonomy":"product_brand","embeddable":true,"href":"https:\/\/essenledstrip.com\/pt\/wp-json\/wp\/v2\/product_brand?post=1221"},{"taxonomy":"product_cat","embeddable":true,"href":"https:\/\/essenledstrip.com\/pt\/wp-json\/wp\/v2\/product_cat?post=1221"},{"taxonomy":"product_tag","embeddable":true,"href":"https:\/\/essenledstrip.com\/pt\/wp-json\/wp\/v2\/product_tag?post=1221"}],"curies":[{"name":"wp","href":"https:\/\/api.w.org\/{rel}","templated":true}]}}