{"id":1394,"date":"2022-09-29T23:03:03","date_gmt":"2022-09-29T15:03:03","guid":{"rendered":"https:\/\/essenledstrip.com\/?post_type=product&#038;p=1394"},"modified":"2025-01-21T12:52:40","modified_gmt":"2025-01-21T04:52:40","slug":"ip67-waterproof-s0408-silicone-neon-led-strip","status":"publish","type":"product","link":"https:\/\/essenledstrip.com\/pt\/produto\/ip67-waterproof-s0408-silicone-neon-led-strip\/","title":{"rendered":"Faixa de LED de n\u00e9on de silicone IP67 imperme\u00e1vel S0408"},"content":{"rendered":"","protected":false},"excerpt":{"rendered":"<p>Todas as nossas luzes de tira led de n\u00e9on de silicone s\u00e3o mais de IP65 testadas e certificadas \u00e0 prova d&#039;\u00e1gua, garantindo alto desempenho e longa vida \u00fatil.<\/p>\n<ul>\n<li>Vista lateral de luz neon led de silicone 4mm * 8mm (W * H), DC24V.<\/li>\n<li>\u00c9 prote\u00e7\u00e3o IP67, nunca amarela, resistente a UV, resistente \u00e0 \u00e1gua salgada e resistente a altas temperaturas atrav\u00e9s de revestimento de silicone opalino.<\/li>\n<li>Lumin\u00e2ncia uniforme e livre de pontos trar\u00e1 o desempenho mais excelente para aplica\u00e7\u00e3o interna e externa.<\/li>\n<\/ul>\n<p>Oferecemos solu\u00e7\u00f5es personalizadas, servi\u00e7o de OEM, ODM. Atacadistas, distribuidores, revendedores, comerciantes, agentes s\u00e3o bem-vindos para comprar a granel conosco.<\/p>\n<p><img fetchpriority=\"high\" decoding=\"async\" class=\"alignnone wp-image-1400 size-large\" src=\"https:\/\/essenledstrip.com\/wp-content\/uploads\/2022\/09\/20220928151407-1024x301.webp\" alt=\"\" width=\"1024\" height=\"301\" srcset=\"https:\/\/essenledstrip.com\/wp-content\/uploads\/2022\/09\/20220928151407-1024x301.webp 1024w, https:\/\/essenledstrip.com\/wp-content\/uploads\/2022\/09\/20220928151407-300x88.webp 300w, https:\/\/essenledstrip.com\/wp-content\/uploads\/2022\/09\/20220928151407-768x225.webp 768w, https:\/\/essenledstrip.com\/wp-content\/uploads\/2022\/09\/20220928151407-1536x451.webp 1536w, https:\/\/essenledstrip.com\/wp-content\/uploads\/2022\/09\/20220928151407-18x5.webp 18w, https:\/\/essenledstrip.com\/wp-content\/uploads\/2022\/09\/20220928151407-600x176.webp 600w, https:\/\/essenledstrip.com\/wp-content\/uploads\/2022\/09\/20220928151407.webp 1584w\" sizes=\"(max-width: 1024px) 100vw, 1024px\" \/><\/p>","protected":false},"featured_media":1396,"template":"","meta":{"_kad_post_transparent":"default","_kad_post_title":"","_kad_post_layout":"default","_kad_post_sidebar_id":"","_kad_post_content_style":"default","_kad_post_vertical_padding":"default","_kad_post_feature":"","_kad_post_feature_position":"","_kad_post_header":false,"_kad_post_footer":false,"_kad_post_classname":""},"product_brand":[],"product_cat":[57,59],"product_tag":[322,324,323],"class_list":{"0":"post-1394","1":"product","2":"type-product","3":"status-publish","4":"has-post-thumbnail","6":"product_cat-neon-led-strip","7":"product_cat-side-view-neon-strip","8":"product_tag-mini-size-side-view-silicone-neon-led-strip-0408","9":"product_tag-neon-strip-lights-0408-led-neon-factory-6w-m-24v","10":"product_tag-silicone-neon-led-strip-0408-6w-m-ip67-waterproof","12":"first","13":"instock","14":"shipping-taxable","15":"product-type-simple","16":"entry","17":"content-bg","18":"loop-entry"},"yoast_head":"<!-- This site is optimized with the Yoast SEO Premium plugin v24.7 (Yoast SEO v26.7) - https:\/\/yoast.com\/wordpress\/plugins\/seo\/ -->\n<title>Side View Bending Neon Strip 0408 6W 24vDC - Essenled Lighting<\/title>\n<meta name=\"description\" content=\"Silicone neon led strip light side view S0408 size:4mm*8mm(W*H) with IP67 waterproof, DC24V optional, it has unique optical light distribution structure design.\" \/>\n<meta name=\"robots\" content=\"index, follow, max-snippet:-1, max-image-preview:large, max-video-preview:-1\" \/>\n<link rel=\"canonical\" href=\"https:\/\/essenledstrip.com\/pt\/produto\/ip67-waterproof-s0408-silicone-neon-led-strip\/\" \/>\n<meta property=\"og:locale\" content=\"pt_PT\" \/>\n<meta property=\"og:type\" content=\"article\" \/>\n<meta property=\"og:title\" content=\"IP67 Waterproof S0408 Silicone Neon LED Strip\" \/>\n<meta property=\"og:description\" content=\"Silicone neon led strip light side view S0408 size:4mm*8mm(W*H) with IP67 waterproof, DC24V optional, it has unique optical light distribution structure design.\" \/>\n<meta property=\"og:url\" content=\"https:\/\/essenledstrip.com\/pt\/produto\/ip67-waterproof-s0408-silicone-neon-led-strip\/\" \/>\n<meta property=\"og:site_name\" content=\"Essenled Lighting\" \/>\n<meta property=\"article:publisher\" content=\"https:\/\/www.facebook.com\/Shenzhen-Essenled-Lighting-COLTD-106633570961729\" \/>\n<meta property=\"article:modified_time\" content=\"2025-01-21T04:52:40+00:00\" \/>\n<meta property=\"og:image\" content=\"https:\/\/essenledstrip.com\/wp-content\/uploads\/2022\/09\/Mini-size-side-view-silicone-neon-led-strip-0408.webp\" \/>\n\t<meta property=\"og:image:width\" content=\"800\" \/>\n\t<meta property=\"og:image:height\" content=\"800\" \/>\n\t<meta property=\"og:image:type\" content=\"image\/webp\" \/>\n<meta name=\"twitter:card\" content=\"summary_large_image\" \/>\n<meta name=\"twitter:label1\" content=\"Tempo estimado de leitura\" \/>\n\t<meta name=\"twitter:data1\" content=\"1 minuto\" \/>\n<script type=\"application\/ld+json\" class=\"yoast-schema-graph\">{\"@context\":\"https:\/\/schema.org\",\"@graph\":[{\"@type\":\"WebPage\",\"@id\":\"https:\/\/essenledstrip.com\/product\/ip67-waterproof-s0408-silicone-neon-led-strip\/\",\"url\":\"https:\/\/essenledstrip.com\/product\/ip67-waterproof-s0408-silicone-neon-led-strip\/\",\"name\":\"Side View Bending Neon Strip 0408 6W 24vDC - Essenled Lighting\",\"isPartOf\":{\"@id\":\"https:\/\/essenledstrip.com\/ar\/#website\"},\"primaryImageOfPage\":{\"@id\":\"https:\/\/essenledstrip.com\/product\/ip67-waterproof-s0408-silicone-neon-led-strip\/#primaryimage\"},\"image\":{\"@id\":\"https:\/\/essenledstrip.com\/product\/ip67-waterproof-s0408-silicone-neon-led-strip\/#primaryimage\"},\"thumbnailUrl\":\"https:\/\/essenledstrip.com\/wp-content\/uploads\/2022\/09\/Mini-size-side-view-silicone-neon-led-strip-0408.webp\",\"datePublished\":\"2022-09-29T15:03:03+00:00\",\"dateModified\":\"2025-01-21T04:52:40+00:00\",\"description\":\"Silicone neon led strip light side view S0408 size:4mm*8mm(W*H) with IP67 waterproof, DC24V optional, it has unique optical light distribution structure design.\",\"breadcrumb\":{\"@id\":\"https:\/\/essenledstrip.com\/product\/ip67-waterproof-s0408-silicone-neon-led-strip\/#breadcrumb\"},\"inLanguage\":\"pt-PT\",\"potentialAction\":[{\"@type\":\"ReadAction\",\"target\":[\"https:\/\/essenledstrip.com\/product\/ip67-waterproof-s0408-silicone-neon-led-strip\/\"]}]},{\"@type\":\"ImageObject\",\"inLanguage\":\"pt-PT\",\"@id\":\"https:\/\/essenledstrip.com\/product\/ip67-waterproof-s0408-silicone-neon-led-strip\/#primaryimage\",\"url\":\"https:\/\/essenledstrip.com\/wp-content\/uploads\/2022\/09\/Mini-size-side-view-silicone-neon-led-strip-0408.webp\",\"contentUrl\":\"https:\/\/essenledstrip.com\/wp-content\/uploads\/2022\/09\/Mini-size-side-view-silicone-neon-led-strip-0408.webp\",\"width\":800,\"height\":800,\"caption\":\"Mini size side view silicone neon led strip 0408\"},{\"@type\":\"BreadcrumbList\",\"@id\":\"https:\/\/essenledstrip.com\/product\/ip67-waterproof-s0408-silicone-neon-led-strip\/#breadcrumb\",\"itemListElement\":[{\"@type\":\"ListItem\",\"position\":1,\"name\":\"Home\",\"item\":\"https:\/\/essenledstrip.com\/\"},{\"@type\":\"ListItem\",\"position\":2,\"name\":\"Varer\",\"item\":\"https:\/\/essenledstrip.com\/dk\/shop\/\"},{\"@type\":\"ListItem\",\"position\":3,\"name\":\"IP67 Waterproof S0408 Silicone Neon LED Strip\"}]},{\"@type\":\"WebSite\",\"@id\":\"https:\/\/essenledstrip.com\/ar\/#website\",\"url\":\"https:\/\/essenledstrip.com\/ar\/\",\"name\":\"Essenled Lighting\",\"description\":\"\",\"publisher\":{\"@id\":\"https:\/\/essenledstrip.com\/ar\/#organization\"},\"potentialAction\":[{\"@type\":\"SearchAction\",\"target\":{\"@type\":\"EntryPoint\",\"urlTemplate\":\"https:\/\/essenledstrip.com\/ar\/?s={search_term_string}\"},\"query-input\":{\"@type\":\"PropertyValueSpecification\",\"valueRequired\":true,\"valueName\":\"search_term_string\"}}],\"inLanguage\":\"pt-PT\"},{\"@type\":\"Organization\",\"@id\":\"https:\/\/essenledstrip.com\/ar\/#organization\",\"name\":\"Shenzhen Essenled Lighting CO.,LTD\",\"url\":\"https:\/\/essenledstrip.com\/ar\/\",\"logo\":{\"@type\":\"ImageObject\",\"inLanguage\":\"pt-PT\",\"@id\":\"https:\/\/essenledstrip.com\/ar\/#\/schema\/logo\/image\/\",\"url\":\"https:\/\/essenledstrip.com\/wp-content\/uploads\/2022\/08\/LOGO.png\",\"contentUrl\":\"https:\/\/essenledstrip.com\/wp-content\/uploads\/2022\/08\/LOGO.png\",\"width\":300,\"height\":100,\"caption\":\"Shenzhen Essenled Lighting CO.,LTD\"},\"image\":{\"@id\":\"https:\/\/essenledstrip.com\/ar\/#\/schema\/logo\/image\/\"},\"sameAs\":[\"https:\/\/www.facebook.com\/Shenzhen-Essenled-Lighting-COLTD-106633570961729\"]}]}<\/script>\n<!-- \/ Yoast SEO Premium plugin. -->","yoast_head_json":{"title":"Side View Bending Neon Strip 0408 6W 24vDC - Essenled Lighting","description":"Silicone neon led strip light side view S0408 size:4mm*8mm(W*H) with IP67 waterproof, DC24V optional, it has unique optical light distribution structure design.","robots":{"index":"index","follow":"follow","max-snippet":"max-snippet:-1","max-image-preview":"max-image-preview:large","max-video-preview":"max-video-preview:-1"},"canonical":"https:\/\/essenledstrip.com\/pt\/produto\/ip67-waterproof-s0408-silicone-neon-led-strip\/","og_locale":"pt_PT","og_type":"article","og_title":"IP67 Waterproof S0408 Silicone Neon LED Strip","og_description":"Silicone neon led strip light side view S0408 size:4mm*8mm(W*H) with IP67 waterproof, DC24V optional, it has unique optical light distribution structure design.","og_url":"https:\/\/essenledstrip.com\/pt\/produto\/ip67-waterproof-s0408-silicone-neon-led-strip\/","og_site_name":"Essenled Lighting","article_publisher":"https:\/\/www.facebook.com\/Shenzhen-Essenled-Lighting-COLTD-106633570961729","article_modified_time":"2025-01-21T04:52:40+00:00","og_image":[{"width":800,"height":800,"url":"https:\/\/essenledstrip.com\/wp-content\/uploads\/2022\/09\/Mini-size-side-view-silicone-neon-led-strip-0408.webp","type":"image\/webp"}],"twitter_card":"summary_large_image","twitter_misc":{"Tempo estimado de leitura":"1 minuto"},"schema":{"@context":"https:\/\/schema.org","@graph":[{"@type":"WebPage","@id":"https:\/\/essenledstrip.com\/product\/ip67-waterproof-s0408-silicone-neon-led-strip\/","url":"https:\/\/essenledstrip.com\/product\/ip67-waterproof-s0408-silicone-neon-led-strip\/","name":"Side View Bending Neon Strip 0408 6W 24vDC - Essenled Lighting","isPartOf":{"@id":"https:\/\/essenledstrip.com\/ar\/#website"},"primaryImageOfPage":{"@id":"https:\/\/essenledstrip.com\/product\/ip67-waterproof-s0408-silicone-neon-led-strip\/#primaryimage"},"image":{"@id":"https:\/\/essenledstrip.com\/product\/ip67-waterproof-s0408-silicone-neon-led-strip\/#primaryimage"},"thumbnailUrl":"https:\/\/essenledstrip.com\/wp-content\/uploads\/2022\/09\/Mini-size-side-view-silicone-neon-led-strip-0408.webp","datePublished":"2022-09-29T15:03:03+00:00","dateModified":"2025-01-21T04:52:40+00:00","description":"Silicone neon led strip light side view S0408 size:4mm*8mm(W*H) with IP67 waterproof, DC24V optional, it has unique optical light distribution structure design.","breadcrumb":{"@id":"https:\/\/essenledstrip.com\/product\/ip67-waterproof-s0408-silicone-neon-led-strip\/#breadcrumb"},"inLanguage":"pt-PT","potentialAction":[{"@type":"ReadAction","target":["https:\/\/essenledstrip.com\/product\/ip67-waterproof-s0408-silicone-neon-led-strip\/"]}]},{"@type":"ImageObject","inLanguage":"pt-PT","@id":"https:\/\/essenledstrip.com\/product\/ip67-waterproof-s0408-silicone-neon-led-strip\/#primaryimage","url":"https:\/\/essenledstrip.com\/wp-content\/uploads\/2022\/09\/Mini-size-side-view-silicone-neon-led-strip-0408.webp","contentUrl":"https:\/\/essenledstrip.com\/wp-content\/uploads\/2022\/09\/Mini-size-side-view-silicone-neon-led-strip-0408.webp","width":800,"height":800,"caption":"Mini size side view silicone neon led strip 0408"},{"@type":"BreadcrumbList","@id":"https:\/\/essenledstrip.com\/product\/ip67-waterproof-s0408-silicone-neon-led-strip\/#breadcrumb","itemListElement":[{"@type":"ListItem","position":1,"name":"Home","item":"https:\/\/essenledstrip.com\/"},{"@type":"ListItem","position":2,"name":"Varer","item":"https:\/\/essenledstrip.com\/dk\/shop\/"},{"@type":"ListItem","position":3,"name":"IP67 Waterproof S0408 Silicone Neon LED Strip"}]},{"@type":"WebSite","@id":"https:\/\/essenledstrip.com\/ar\/#website","url":"https:\/\/essenledstrip.com\/ar\/","name":"Essenled Lighting","description":"","publisher":{"@id":"https:\/\/essenledstrip.com\/ar\/#organization"},"potentialAction":[{"@type":"SearchAction","target":{"@type":"EntryPoint","urlTemplate":"https:\/\/essenledstrip.com\/ar\/?s={search_term_string}"},"query-input":{"@type":"PropertyValueSpecification","valueRequired":true,"valueName":"search_term_string"}}],"inLanguage":"pt-PT"},{"@type":"Organization","@id":"https:\/\/essenledstrip.com\/ar\/#organization","name":"Shenzhen Essenled Lighting CO.,LTD","url":"https:\/\/essenledstrip.com\/ar\/","logo":{"@type":"ImageObject","inLanguage":"pt-PT","@id":"https:\/\/essenledstrip.com\/ar\/#\/schema\/logo\/image\/","url":"https:\/\/essenledstrip.com\/wp-content\/uploads\/2022\/08\/LOGO.png","contentUrl":"https:\/\/essenledstrip.com\/wp-content\/uploads\/2022\/08\/LOGO.png","width":300,"height":100,"caption":"Shenzhen Essenled Lighting CO.,LTD"},"image":{"@id":"https:\/\/essenledstrip.com\/ar\/#\/schema\/logo\/image\/"},"sameAs":["https:\/\/www.facebook.com\/Shenzhen-Essenled-Lighting-COLTD-106633570961729"]}]}},"_links":{"self":[{"href":"https:\/\/essenledstrip.com\/pt\/wp-json\/wp\/v2\/product\/1394","targetHints":{"allow":["GET"]}}],"collection":[{"href":"https:\/\/essenledstrip.com\/pt\/wp-json\/wp\/v2\/product"}],"about":[{"href":"https:\/\/essenledstrip.com\/pt\/wp-json\/wp\/v2\/types\/product"}],"version-history":[{"count":0,"href":"https:\/\/essenledstrip.com\/pt\/wp-json\/wp\/v2\/product\/1394\/revisions"}],"wp:featuredmedia":[{"embeddable":true,"href":"https:\/\/essenledstrip.com\/pt\/wp-json\/wp\/v2\/media\/1396"}],"wp:attachment":[{"href":"https:\/\/essenledstrip.com\/pt\/wp-json\/wp\/v2\/media?parent=1394"}],"wp:term":[{"taxonomy":"product_brand","embeddable":true,"href":"https:\/\/essenledstrip.com\/pt\/wp-json\/wp\/v2\/product_brand?post=1394"},{"taxonomy":"product_cat","embeddable":true,"href":"https:\/\/essenledstrip.com\/pt\/wp-json\/wp\/v2\/product_cat?post=1394"},{"taxonomy":"product_tag","embeddable":true,"href":"https:\/\/essenledstrip.com\/pt\/wp-json\/wp\/v2\/product_tag?post=1394"}],"curies":[{"name":"wp","href":"https:\/\/api.w.org\/{rel}","templated":true}]}}