{"id":1443,"date":"2022-09-29T23:39:23","date_gmt":"2022-09-29T15:39:23","guid":{"rendered":"https:\/\/essenledstrip.com\/?post_type=product&#038;p=1443"},"modified":"2022-09-29T23:39:24","modified_gmt":"2022-09-29T15:39:24","slug":"ip67-waterproof-t1010-silicone-neon-led-strip","status":"publish","type":"product","link":"https:\/\/essenledstrip.com\/pt\/produto\/ip67-waterproof-t1010-silicone-neon-led-strip\/","title":{"rendered":"Faixa de LED de n\u00e9on de silicone IP67 imperme\u00e1vel T1010"},"content":{"rendered":"","protected":false},"excerpt":{"rendered":"<p>Todas as nossas luzes de tira led de n\u00e9on de silicone s\u00e3o mais de IP65 testadas e certificadas \u00e0 prova d&#039;\u00e1gua, garantindo alto desempenho e longa vida \u00fatil.<\/p>\n<ul>\n<li>Vista superior de luz de neon led de silicone 10mm * 10mm (W * H), DC24V.<\/li>\n<li>\u00c9 prote\u00e7\u00e3o IP67, nunca amarela, resistente a UV, resistente \u00e0 \u00e1gua salgada e resistente a altas temperaturas atrav\u00e9s de revestimento de silicone opalino.<\/li>\n<li>Lumin\u00e2ncia uniforme e livre de pontos trar\u00e1 o desempenho mais excelente para aplica\u00e7\u00e3o interna e externa.<\/li>\n<\/ul>\n<p>Oferecemos solu\u00e7\u00f5es personalizadas, servi\u00e7o de OEM, ODM. Atacadistas, distribuidores, revendedores, comerciantes, agentes s\u00e3o bem-vindos para comprar a granel conosco.<\/p>\n<p><img fetchpriority=\"high\" decoding=\"async\" class=\"alignnone wp-image-1449 size-large\" src=\"https:\/\/essenledstrip.com\/wp-content\/uploads\/2022\/09\/20220928151914-1024x270.webp\" alt=\"\" width=\"1024\" height=\"270\" srcset=\"https:\/\/essenledstrip.com\/wp-content\/uploads\/2022\/09\/20220928151914-1024x270.webp 1024w, https:\/\/essenledstrip.com\/wp-content\/uploads\/2022\/09\/20220928151914-300x79.webp 300w, https:\/\/essenledstrip.com\/wp-content\/uploads\/2022\/09\/20220928151914-768x202.webp 768w, https:\/\/essenledstrip.com\/wp-content\/uploads\/2022\/09\/20220928151914-18x5.webp 18w, https:\/\/essenledstrip.com\/wp-content\/uploads\/2022\/09\/20220928151914-600x158.webp 600w, https:\/\/essenledstrip.com\/wp-content\/uploads\/2022\/09\/20220928151914.webp 1515w\" sizes=\"(max-width: 1024px) 100vw, 1024px\" \/><\/p>","protected":false},"featured_media":1445,"template":"","meta":{"_kad_post_transparent":"default","_kad_post_title":"","_kad_post_layout":"default","_kad_post_sidebar_id":"","_kad_post_content_style":"default","_kad_post_vertical_padding":"default","_kad_post_feature":"","_kad_post_feature_position":"","_kad_post_header":false,"_kad_post_footer":false,"_kad_post_classname":""},"product_brand":[],"product_cat":[57,58],"product_tag":[341,340,342],"class_list":{"0":"post-1443","1":"product","2":"type-product","3":"status-publish","4":"has-post-thumbnail","6":"product_cat-neon-led-strip","7":"product_cat-top-view-neon-strip","8":"product_tag-1010-silicone-led-neon-light-top-view-emitting-5w-10w","9":"product_tag-1010-top-view-silicone-flexible-led-strip-led-neon-strip-light","10":"product_tag-top-view-silicone-tube-dot-free-1010-led-strip-lighting","12":"first","13":"instock","14":"shipping-taxable","15":"product-type-simple","16":"entry","17":"content-bg","18":"loop-entry"},"yoast_head":"<!-- This site is optimized with the Yoast SEO Premium plugin v24.7 (Yoast SEO v26.7) - https:\/\/yoast.com\/wordpress\/plugins\/seo\/ -->\n<title>Top View Mini T1010 Neon Flex Silicone Neon Strip - Essenled<\/title>\n<meta name=\"description\" content=\"24V 5W\/10W per meter silicone neon T1010 flex strip with top view for homogeneous, soft &amp; dot-free lighting, Use the dual color silicone &amp; co-extrusion.\" \/>\n<meta name=\"robots\" content=\"index, follow, max-snippet:-1, max-image-preview:large, max-video-preview:-1\" \/>\n<link rel=\"canonical\" href=\"https:\/\/essenledstrip.com\/pt\/produto\/ip67-waterproof-t1010-silicone-neon-led-strip\/\" \/>\n<meta property=\"og:locale\" content=\"pt_PT\" \/>\n<meta property=\"og:type\" content=\"article\" \/>\n<meta property=\"og:title\" content=\"IP67 Waterproof T1010 Silicone Neon LED Strip\" \/>\n<meta property=\"og:description\" content=\"24V 5W\/10W per meter silicone neon T1010 flex strip with top view for homogeneous, soft &amp; dot-free lighting, Use the dual color silicone &amp; co-extrusion.\" \/>\n<meta property=\"og:url\" content=\"https:\/\/essenledstrip.com\/pt\/produto\/ip67-waterproof-t1010-silicone-neon-led-strip\/\" \/>\n<meta property=\"og:site_name\" content=\"Essenled Lighting\" \/>\n<meta property=\"article:publisher\" content=\"https:\/\/www.facebook.com\/Shenzhen-Essenled-Lighting-COLTD-106633570961729\" \/>\n<meta property=\"article:modified_time\" content=\"2022-09-29T15:39:24+00:00\" \/>\n<meta property=\"og:image\" content=\"https:\/\/essenledstrip.com\/wp-content\/uploads\/2022\/09\/1010-top-view-silicone-flexible-led-strip-led-neon-strip-light.webp\" \/>\n\t<meta property=\"og:image:width\" content=\"800\" \/>\n\t<meta property=\"og:image:height\" content=\"800\" \/>\n\t<meta property=\"og:image:type\" content=\"image\/webp\" \/>\n<meta name=\"twitter:card\" content=\"summary_large_image\" \/>\n<script type=\"application\/ld+json\" class=\"yoast-schema-graph\">{\"@context\":\"https:\/\/schema.org\",\"@graph\":[{\"@type\":\"WebPage\",\"@id\":\"https:\/\/essenledstrip.com\/product\/ip67-waterproof-t1010-silicone-neon-led-strip\/\",\"url\":\"https:\/\/essenledstrip.com\/product\/ip67-waterproof-t1010-silicone-neon-led-strip\/\",\"name\":\"Top View Mini T1010 Neon Flex Silicone Neon Strip - Essenled\",\"isPartOf\":{\"@id\":\"https:\/\/essenledstrip.com\/ar\/#website\"},\"primaryImageOfPage\":{\"@id\":\"https:\/\/essenledstrip.com\/product\/ip67-waterproof-t1010-silicone-neon-led-strip\/#primaryimage\"},\"image\":{\"@id\":\"https:\/\/essenledstrip.com\/product\/ip67-waterproof-t1010-silicone-neon-led-strip\/#primaryimage\"},\"thumbnailUrl\":\"https:\/\/essenledstrip.com\/wp-content\/uploads\/2022\/09\/1010-top-view-silicone-flexible-led-strip-led-neon-strip-light.webp\",\"datePublished\":\"2022-09-29T15:39:23+00:00\",\"dateModified\":\"2022-09-29T15:39:24+00:00\",\"description\":\"24V 5W\/10W per meter silicone neon T1010 flex strip with top view for homogeneous, soft & dot-free lighting, Use the dual color silicone & co-extrusion.\",\"breadcrumb\":{\"@id\":\"https:\/\/essenledstrip.com\/product\/ip67-waterproof-t1010-silicone-neon-led-strip\/#breadcrumb\"},\"inLanguage\":\"pt-PT\",\"potentialAction\":[{\"@type\":\"ReadAction\",\"target\":[\"https:\/\/essenledstrip.com\/product\/ip67-waterproof-t1010-silicone-neon-led-strip\/\"]}]},{\"@type\":\"ImageObject\",\"inLanguage\":\"pt-PT\",\"@id\":\"https:\/\/essenledstrip.com\/product\/ip67-waterproof-t1010-silicone-neon-led-strip\/#primaryimage\",\"url\":\"https:\/\/essenledstrip.com\/wp-content\/uploads\/2022\/09\/1010-top-view-silicone-flexible-led-strip-led-neon-strip-light.webp\",\"contentUrl\":\"https:\/\/essenledstrip.com\/wp-content\/uploads\/2022\/09\/1010-top-view-silicone-flexible-led-strip-led-neon-strip-light.webp\",\"width\":800,\"height\":800,\"caption\":\"1010 top view silicone flexible led strip led neon strip light\"},{\"@type\":\"BreadcrumbList\",\"@id\":\"https:\/\/essenledstrip.com\/product\/ip67-waterproof-t1010-silicone-neon-led-strip\/#breadcrumb\",\"itemListElement\":[{\"@type\":\"ListItem\",\"position\":1,\"name\":\"Home\",\"item\":\"https:\/\/essenledstrip.com\/\"},{\"@type\":\"ListItem\",\"position\":2,\"name\":\"Varer\",\"item\":\"https:\/\/essenledstrip.com\/dk\/shop\/\"},{\"@type\":\"ListItem\",\"position\":3,\"name\":\"IP67 Waterproof T1010 Silicone Neon LED Strip\"}]},{\"@type\":\"WebSite\",\"@id\":\"https:\/\/essenledstrip.com\/ar\/#website\",\"url\":\"https:\/\/essenledstrip.com\/ar\/\",\"name\":\"Essenled Lighting\",\"description\":\"\",\"publisher\":{\"@id\":\"https:\/\/essenledstrip.com\/ar\/#organization\"},\"potentialAction\":[{\"@type\":\"SearchAction\",\"target\":{\"@type\":\"EntryPoint\",\"urlTemplate\":\"https:\/\/essenledstrip.com\/ar\/?s={search_term_string}\"},\"query-input\":{\"@type\":\"PropertyValueSpecification\",\"valueRequired\":true,\"valueName\":\"search_term_string\"}}],\"inLanguage\":\"pt-PT\"},{\"@type\":\"Organization\",\"@id\":\"https:\/\/essenledstrip.com\/ar\/#organization\",\"name\":\"Shenzhen Essenled Lighting CO.,LTD\",\"url\":\"https:\/\/essenledstrip.com\/ar\/\",\"logo\":{\"@type\":\"ImageObject\",\"inLanguage\":\"pt-PT\",\"@id\":\"https:\/\/essenledstrip.com\/ar\/#\/schema\/logo\/image\/\",\"url\":\"https:\/\/essenledstrip.com\/wp-content\/uploads\/2022\/08\/LOGO.png\",\"contentUrl\":\"https:\/\/essenledstrip.com\/wp-content\/uploads\/2022\/08\/LOGO.png\",\"width\":300,\"height\":100,\"caption\":\"Shenzhen Essenled Lighting CO.,LTD\"},\"image\":{\"@id\":\"https:\/\/essenledstrip.com\/ar\/#\/schema\/logo\/image\/\"},\"sameAs\":[\"https:\/\/www.facebook.com\/Shenzhen-Essenled-Lighting-COLTD-106633570961729\"]}]}<\/script>\n<!-- \/ Yoast SEO Premium plugin. -->","yoast_head_json":{"title":"Top View Mini T1010 Neon Flex Silicone Neon Strip - Essenled","description":"24V 5W\/10W per meter silicone neon T1010 flex strip with top view for homogeneous, soft & dot-free lighting, Use the dual color silicone & co-extrusion.","robots":{"index":"index","follow":"follow","max-snippet":"max-snippet:-1","max-image-preview":"max-image-preview:large","max-video-preview":"max-video-preview:-1"},"canonical":"https:\/\/essenledstrip.com\/pt\/produto\/ip67-waterproof-t1010-silicone-neon-led-strip\/","og_locale":"pt_PT","og_type":"article","og_title":"IP67 Waterproof T1010 Silicone Neon LED Strip","og_description":"24V 5W\/10W per meter silicone neon T1010 flex strip with top view for homogeneous, soft & dot-free lighting, Use the dual color silicone & co-extrusion.","og_url":"https:\/\/essenledstrip.com\/pt\/produto\/ip67-waterproof-t1010-silicone-neon-led-strip\/","og_site_name":"Essenled Lighting","article_publisher":"https:\/\/www.facebook.com\/Shenzhen-Essenled-Lighting-COLTD-106633570961729","article_modified_time":"2022-09-29T15:39:24+00:00","og_image":[{"width":800,"height":800,"url":"https:\/\/essenledstrip.com\/wp-content\/uploads\/2022\/09\/1010-top-view-silicone-flexible-led-strip-led-neon-strip-light.webp","type":"image\/webp"}],"twitter_card":"summary_large_image","schema":{"@context":"https:\/\/schema.org","@graph":[{"@type":"WebPage","@id":"https:\/\/essenledstrip.com\/product\/ip67-waterproof-t1010-silicone-neon-led-strip\/","url":"https:\/\/essenledstrip.com\/product\/ip67-waterproof-t1010-silicone-neon-led-strip\/","name":"Top View Mini T1010 Neon Flex Silicone Neon Strip - Essenled","isPartOf":{"@id":"https:\/\/essenledstrip.com\/ar\/#website"},"primaryImageOfPage":{"@id":"https:\/\/essenledstrip.com\/product\/ip67-waterproof-t1010-silicone-neon-led-strip\/#primaryimage"},"image":{"@id":"https:\/\/essenledstrip.com\/product\/ip67-waterproof-t1010-silicone-neon-led-strip\/#primaryimage"},"thumbnailUrl":"https:\/\/essenledstrip.com\/wp-content\/uploads\/2022\/09\/1010-top-view-silicone-flexible-led-strip-led-neon-strip-light.webp","datePublished":"2022-09-29T15:39:23+00:00","dateModified":"2022-09-29T15:39:24+00:00","description":"24V 5W\/10W per meter silicone neon T1010 flex strip with top view for homogeneous, soft & dot-free lighting, Use the dual color silicone & co-extrusion.","breadcrumb":{"@id":"https:\/\/essenledstrip.com\/product\/ip67-waterproof-t1010-silicone-neon-led-strip\/#breadcrumb"},"inLanguage":"pt-PT","potentialAction":[{"@type":"ReadAction","target":["https:\/\/essenledstrip.com\/product\/ip67-waterproof-t1010-silicone-neon-led-strip\/"]}]},{"@type":"ImageObject","inLanguage":"pt-PT","@id":"https:\/\/essenledstrip.com\/product\/ip67-waterproof-t1010-silicone-neon-led-strip\/#primaryimage","url":"https:\/\/essenledstrip.com\/wp-content\/uploads\/2022\/09\/1010-top-view-silicone-flexible-led-strip-led-neon-strip-light.webp","contentUrl":"https:\/\/essenledstrip.com\/wp-content\/uploads\/2022\/09\/1010-top-view-silicone-flexible-led-strip-led-neon-strip-light.webp","width":800,"height":800,"caption":"1010 top view silicone flexible led strip led neon strip light"},{"@type":"BreadcrumbList","@id":"https:\/\/essenledstrip.com\/product\/ip67-waterproof-t1010-silicone-neon-led-strip\/#breadcrumb","itemListElement":[{"@type":"ListItem","position":1,"name":"Home","item":"https:\/\/essenledstrip.com\/"},{"@type":"ListItem","position":2,"name":"Varer","item":"https:\/\/essenledstrip.com\/dk\/shop\/"},{"@type":"ListItem","position":3,"name":"IP67 Waterproof T1010 Silicone Neon LED Strip"}]},{"@type":"WebSite","@id":"https:\/\/essenledstrip.com\/ar\/#website","url":"https:\/\/essenledstrip.com\/ar\/","name":"Essenled Lighting","description":"","publisher":{"@id":"https:\/\/essenledstrip.com\/ar\/#organization"},"potentialAction":[{"@type":"SearchAction","target":{"@type":"EntryPoint","urlTemplate":"https:\/\/essenledstrip.com\/ar\/?s={search_term_string}"},"query-input":{"@type":"PropertyValueSpecification","valueRequired":true,"valueName":"search_term_string"}}],"inLanguage":"pt-PT"},{"@type":"Organization","@id":"https:\/\/essenledstrip.com\/ar\/#organization","name":"Shenzhen Essenled Lighting CO.,LTD","url":"https:\/\/essenledstrip.com\/ar\/","logo":{"@type":"ImageObject","inLanguage":"pt-PT","@id":"https:\/\/essenledstrip.com\/ar\/#\/schema\/logo\/image\/","url":"https:\/\/essenledstrip.com\/wp-content\/uploads\/2022\/08\/LOGO.png","contentUrl":"https:\/\/essenledstrip.com\/wp-content\/uploads\/2022\/08\/LOGO.png","width":300,"height":100,"caption":"Shenzhen Essenled Lighting CO.,LTD"},"image":{"@id":"https:\/\/essenledstrip.com\/ar\/#\/schema\/logo\/image\/"},"sameAs":["https:\/\/www.facebook.com\/Shenzhen-Essenled-Lighting-COLTD-106633570961729"]}]}},"_links":{"self":[{"href":"https:\/\/essenledstrip.com\/pt\/wp-json\/wp\/v2\/product\/1443","targetHints":{"allow":["GET"]}}],"collection":[{"href":"https:\/\/essenledstrip.com\/pt\/wp-json\/wp\/v2\/product"}],"about":[{"href":"https:\/\/essenledstrip.com\/pt\/wp-json\/wp\/v2\/types\/product"}],"version-history":[{"count":0,"href":"https:\/\/essenledstrip.com\/pt\/wp-json\/wp\/v2\/product\/1443\/revisions"}],"wp:featuredmedia":[{"embeddable":true,"href":"https:\/\/essenledstrip.com\/pt\/wp-json\/wp\/v2\/media\/1445"}],"wp:attachment":[{"href":"https:\/\/essenledstrip.com\/pt\/wp-json\/wp\/v2\/media?parent=1443"}],"wp:term":[{"taxonomy":"product_brand","embeddable":true,"href":"https:\/\/essenledstrip.com\/pt\/wp-json\/wp\/v2\/product_brand?post=1443"},{"taxonomy":"product_cat","embeddable":true,"href":"https:\/\/essenledstrip.com\/pt\/wp-json\/wp\/v2\/product_cat?post=1443"},{"taxonomy":"product_tag","embeddable":true,"href":"https:\/\/essenledstrip.com\/pt\/wp-json\/wp\/v2\/product_tag?post=1443"}],"curies":[{"name":"wp","href":"https:\/\/api.w.org\/{rel}","templated":true}]}}