{"id":1489,"date":"2022-10-02T10:29:21","date_gmt":"2022-10-02T02:29:21","guid":{"rendered":"https:\/\/essenledstrip.com\/?post_type=product&#038;p=1489"},"modified":"2024-03-30T11:45:03","modified_gmt":"2024-03-30T03:45:03","slug":"constant-current-led-strip-10m-120leds","status":"publish","type":"product","link":"https:\/\/essenledstrip.com\/pt\/produto\/constant-current-led-strip-10m-120leds\/","title":{"rendered":"Faixa de LED de Corrente Constante 10m\/carretel 12W\/m 120leds\/m"},"content":{"rendered":"","protected":false},"excerpt":{"rendered":"<p>As tiras de LED de corrente constante super longas s\u00e3o especialmente projetadas para usu\u00e1rios que pretendem dirigir 10m, 15m, 20m, 30m metros (100 p\u00e9s) at\u00e9 100 metros tiras de super longa dist\u00e2ncia por apenas um driver em uma extremidade, enquanto t\u00eam cores e brilho precisos em cada parte das tiras. Por meio de chips IC integrados a bordo, a corrente el\u00e9trica em cada LED \u00e9 classificada exatamente no mesmo valor. Esta tecnologia permite exatamente a mesma sa\u00edda de luz em todas as partes das tiras de led, apesar de poss\u00edveis quedas de tens\u00e3o no local de instala\u00e7\u00e3o.<\/p>\n<p>Design de corrente constante super longa: SMD2835 120leds\/m, 12w\/m, 24VDC apenas, 10m por bobina, comprimento super longo cada unidade com um driver, sem queda de tens\u00e3o, cor precisa, brilho uniforme em todas as partes das tiras, menos drivers necess\u00e1rios , menos fia\u00e7\u00e3o, instala\u00e7\u00e3o mais f\u00e1cil.<\/p>\n<p><img decoding=\"async\" class=\"alignnone size-medium wp-image-1494\" src=\"https:\/\/essenledstrip.com\/wp-content\/uploads\/2022\/10\/20220906210622-1-300x73.webp\" alt=\"\" width=\"300\" height=\"73\" srcset=\"https:\/\/essenledstrip.com\/wp-content\/uploads\/2022\/10\/20220906210622-1-300x73.webp 300w, https:\/\/essenledstrip.com\/wp-content\/uploads\/2022\/10\/20220906210622-1-768x186.webp 768w, https:\/\/essenledstrip.com\/wp-content\/uploads\/2022\/10\/20220906210622-1-18x4.webp 18w, https:\/\/essenledstrip.com\/wp-content\/uploads\/2022\/10\/20220906210622-1-600x145.webp 600w, https:\/\/essenledstrip.com\/wp-content\/uploads\/2022\/10\/20220906210622-1.webp 829w\" sizes=\"(max-width: 300px) 100vw, 300px\" \/><\/p>","protected":false},"featured_media":2857,"template":"","meta":{"_kad_post_transparent":"default","_kad_post_title":"","_kad_post_layout":"default","_kad_post_sidebar_id":"","_kad_post_content_style":"default","_kad_post_vertical_padding":"default","_kad_post_feature":"","_kad_post_feature_position":"","_kad_post_header":false,"_kad_post_footer":false,"_kad_post_classname":""},"product_brand":[],"product_cat":[48,56],"product_tag":[355,357,356],"class_list":{"0":"post-1489","1":"product","2":"type-product","3":"status-publish","4":"has-post-thumbnail","6":"product_cat-special-led-strip","7":"product_cat-super-long-constant-current-led-strip","8":"product_tag-constant-current-led-strip-120leds-2835-10m-reel-12w-m","9":"product_tag-smd2835-120leds-super-long-cc-led-strip-no-any-voltage-drop-10m","10":"product_tag-super-long-low-voltage-drop-120leds-10m-reel-one-end-with-power","12":"first","13":"instock","14":"shipping-taxable","15":"product-type-simple","16":"entry","17":"content-bg","18":"loop-entry"},"yoast_head":"<!-- This site is optimized with the Yoast SEO Premium plugin v24.7 (Yoast SEO v26.7) - https:\/\/yoast.com\/wordpress\/plugins\/seo\/ -->\n<title>No Voltage Drop 120Leds Constant Current Led Strip Super Long<\/title>\n<meta name=\"description\" content=\"SMD2835 120Leds 10m\/reel super long constant current LED Strip design, 12w\/m with signle pcb board 10mm, less voltage drop strips for hotel decoration.\" \/>\n<meta name=\"robots\" content=\"index, follow, max-snippet:-1, max-image-preview:large, max-video-preview:-1\" \/>\n<link rel=\"canonical\" href=\"https:\/\/essenledstrip.com\/pt\/produto\/constant-current-led-strip-10m-120leds\/\" \/>\n<meta property=\"og:locale\" content=\"pt_PT\" \/>\n<meta property=\"og:type\" content=\"article\" \/>\n<meta property=\"og:title\" content=\"Constant Current LED Strip 10m\/reel 12W\/m 120leds\/m\" \/>\n<meta property=\"og:description\" content=\"SMD2835 120Leds 10m\/reel super long constant current LED Strip design, 12w\/m with signle pcb board 10mm, less voltage drop strips for hotel decoration.\" \/>\n<meta property=\"og:url\" content=\"https:\/\/essenledstrip.com\/pt\/produto\/constant-current-led-strip-10m-120leds\/\" \/>\n<meta property=\"og:site_name\" content=\"Essenled Lighting\" \/>\n<meta property=\"article:publisher\" content=\"https:\/\/www.facebook.com\/Shenzhen-Essenled-Lighting-COLTD-106633570961729\" \/>\n<meta property=\"article:modified_time\" content=\"2024-03-30T03:45:03+00:00\" \/>\n<meta property=\"og:image\" content=\"https:\/\/essenledstrip.com\/wp-content\/uploads\/2022\/10\/Constant-Current-LED-Strip-120leds.webp\" \/>\n\t<meta property=\"og:image:width\" content=\"800\" \/>\n\t<meta property=\"og:image:height\" content=\"800\" \/>\n\t<meta property=\"og:image:type\" content=\"image\/webp\" \/>\n<meta name=\"twitter:card\" content=\"summary_large_image\" \/>\n<meta name=\"twitter:label1\" content=\"Tempo estimado de leitura\" \/>\n\t<meta name=\"twitter:data1\" content=\"1 minuto\" \/>\n<script type=\"application\/ld+json\" class=\"yoast-schema-graph\">{\"@context\":\"https:\/\/schema.org\",\"@graph\":[{\"@type\":\"WebPage\",\"@id\":\"https:\/\/essenledstrip.com\/product\/constant-current-led-strip-10m-120leds\/\",\"url\":\"https:\/\/essenledstrip.com\/product\/constant-current-led-strip-10m-120leds\/\",\"name\":\"No Voltage Drop 120Leds Constant Current Led Strip Super Long\",\"isPartOf\":{\"@id\":\"https:\/\/essenledstrip.com\/ar\/#website\"},\"primaryImageOfPage\":{\"@id\":\"https:\/\/essenledstrip.com\/product\/constant-current-led-strip-10m-120leds\/#primaryimage\"},\"image\":{\"@id\":\"https:\/\/essenledstrip.com\/product\/constant-current-led-strip-10m-120leds\/#primaryimage\"},\"thumbnailUrl\":\"https:\/\/essenledstrip.com\/wp-content\/uploads\/2022\/10\/Constant-Current-LED-Strip-120leds.webp\",\"datePublished\":\"2022-10-02T02:29:21+00:00\",\"dateModified\":\"2024-03-30T03:45:03+00:00\",\"description\":\"SMD2835 120Leds 10m\/reel super long constant current LED Strip design, 12w\/m with signle pcb board 10mm, less voltage drop strips for hotel decoration.\",\"breadcrumb\":{\"@id\":\"https:\/\/essenledstrip.com\/product\/constant-current-led-strip-10m-120leds\/#breadcrumb\"},\"inLanguage\":\"pt-PT\",\"potentialAction\":[{\"@type\":\"ReadAction\",\"target\":[\"https:\/\/essenledstrip.com\/product\/constant-current-led-strip-10m-120leds\/\"]}]},{\"@type\":\"ImageObject\",\"inLanguage\":\"pt-PT\",\"@id\":\"https:\/\/essenledstrip.com\/product\/constant-current-led-strip-10m-120leds\/#primaryimage\",\"url\":\"https:\/\/essenledstrip.com\/wp-content\/uploads\/2022\/10\/Constant-Current-LED-Strip-120leds.webp\",\"contentUrl\":\"https:\/\/essenledstrip.com\/wp-content\/uploads\/2022\/10\/Constant-Current-LED-Strip-120leds.webp\",\"width\":800,\"height\":800,\"caption\":\"Constant Current LED Strip 120leds\"},{\"@type\":\"BreadcrumbList\",\"@id\":\"https:\/\/essenledstrip.com\/product\/constant-current-led-strip-10m-120leds\/#breadcrumb\",\"itemListElement\":[{\"@type\":\"ListItem\",\"position\":1,\"name\":\"Home\",\"item\":\"https:\/\/essenledstrip.com\/\"},{\"@type\":\"ListItem\",\"position\":2,\"name\":\"Varer\",\"item\":\"https:\/\/essenledstrip.com\/dk\/shop\/\"},{\"@type\":\"ListItem\",\"position\":3,\"name\":\"Constant Current LED Strip 10m\/reel 12W\/m 120leds\/m\"}]},{\"@type\":\"WebSite\",\"@id\":\"https:\/\/essenledstrip.com\/ar\/#website\",\"url\":\"https:\/\/essenledstrip.com\/ar\/\",\"name\":\"Essenled Lighting\",\"description\":\"\",\"publisher\":{\"@id\":\"https:\/\/essenledstrip.com\/ar\/#organization\"},\"potentialAction\":[{\"@type\":\"SearchAction\",\"target\":{\"@type\":\"EntryPoint\",\"urlTemplate\":\"https:\/\/essenledstrip.com\/ar\/?s={search_term_string}\"},\"query-input\":{\"@type\":\"PropertyValueSpecification\",\"valueRequired\":true,\"valueName\":\"search_term_string\"}}],\"inLanguage\":\"pt-PT\"},{\"@type\":\"Organization\",\"@id\":\"https:\/\/essenledstrip.com\/ar\/#organization\",\"name\":\"Shenzhen Essenled Lighting CO.,LTD\",\"url\":\"https:\/\/essenledstrip.com\/ar\/\",\"logo\":{\"@type\":\"ImageObject\",\"inLanguage\":\"pt-PT\",\"@id\":\"https:\/\/essenledstrip.com\/ar\/#\/schema\/logo\/image\/\",\"url\":\"https:\/\/essenledstrip.com\/wp-content\/uploads\/2022\/08\/LOGO.png\",\"contentUrl\":\"https:\/\/essenledstrip.com\/wp-content\/uploads\/2022\/08\/LOGO.png\",\"width\":300,\"height\":100,\"caption\":\"Shenzhen Essenled Lighting CO.,LTD\"},\"image\":{\"@id\":\"https:\/\/essenledstrip.com\/ar\/#\/schema\/logo\/image\/\"},\"sameAs\":[\"https:\/\/www.facebook.com\/Shenzhen-Essenled-Lighting-COLTD-106633570961729\"]}]}<\/script>\n<!-- \/ Yoast SEO Premium plugin. -->","yoast_head_json":{"title":"No Voltage Drop 120Leds Constant Current Led Strip Super Long","description":"SMD2835 120Leds 10m\/reel super long constant current LED Strip design, 12w\/m with signle pcb board 10mm, less voltage drop strips for hotel decoration.","robots":{"index":"index","follow":"follow","max-snippet":"max-snippet:-1","max-image-preview":"max-image-preview:large","max-video-preview":"max-video-preview:-1"},"canonical":"https:\/\/essenledstrip.com\/pt\/produto\/constant-current-led-strip-10m-120leds\/","og_locale":"pt_PT","og_type":"article","og_title":"Constant Current LED Strip 10m\/reel 12W\/m 120leds\/m","og_description":"SMD2835 120Leds 10m\/reel super long constant current LED Strip design, 12w\/m with signle pcb board 10mm, less voltage drop strips for hotel decoration.","og_url":"https:\/\/essenledstrip.com\/pt\/produto\/constant-current-led-strip-10m-120leds\/","og_site_name":"Essenled Lighting","article_publisher":"https:\/\/www.facebook.com\/Shenzhen-Essenled-Lighting-COLTD-106633570961729","article_modified_time":"2024-03-30T03:45:03+00:00","og_image":[{"width":800,"height":800,"url":"https:\/\/essenledstrip.com\/wp-content\/uploads\/2022\/10\/Constant-Current-LED-Strip-120leds.webp","type":"image\/webp"}],"twitter_card":"summary_large_image","twitter_misc":{"Tempo estimado de leitura":"1 minuto"},"schema":{"@context":"https:\/\/schema.org","@graph":[{"@type":"WebPage","@id":"https:\/\/essenledstrip.com\/product\/constant-current-led-strip-10m-120leds\/","url":"https:\/\/essenledstrip.com\/product\/constant-current-led-strip-10m-120leds\/","name":"No Voltage Drop 120Leds Constant Current Led Strip Super Long","isPartOf":{"@id":"https:\/\/essenledstrip.com\/ar\/#website"},"primaryImageOfPage":{"@id":"https:\/\/essenledstrip.com\/product\/constant-current-led-strip-10m-120leds\/#primaryimage"},"image":{"@id":"https:\/\/essenledstrip.com\/product\/constant-current-led-strip-10m-120leds\/#primaryimage"},"thumbnailUrl":"https:\/\/essenledstrip.com\/wp-content\/uploads\/2022\/10\/Constant-Current-LED-Strip-120leds.webp","datePublished":"2022-10-02T02:29:21+00:00","dateModified":"2024-03-30T03:45:03+00:00","description":"SMD2835 120Leds 10m\/reel super long constant current LED Strip design, 12w\/m with signle pcb board 10mm, less voltage drop strips for hotel decoration.","breadcrumb":{"@id":"https:\/\/essenledstrip.com\/product\/constant-current-led-strip-10m-120leds\/#breadcrumb"},"inLanguage":"pt-PT","potentialAction":[{"@type":"ReadAction","target":["https:\/\/essenledstrip.com\/product\/constant-current-led-strip-10m-120leds\/"]}]},{"@type":"ImageObject","inLanguage":"pt-PT","@id":"https:\/\/essenledstrip.com\/product\/constant-current-led-strip-10m-120leds\/#primaryimage","url":"https:\/\/essenledstrip.com\/wp-content\/uploads\/2022\/10\/Constant-Current-LED-Strip-120leds.webp","contentUrl":"https:\/\/essenledstrip.com\/wp-content\/uploads\/2022\/10\/Constant-Current-LED-Strip-120leds.webp","width":800,"height":800,"caption":"Constant Current LED Strip 120leds"},{"@type":"BreadcrumbList","@id":"https:\/\/essenledstrip.com\/product\/constant-current-led-strip-10m-120leds\/#breadcrumb","itemListElement":[{"@type":"ListItem","position":1,"name":"Home","item":"https:\/\/essenledstrip.com\/"},{"@type":"ListItem","position":2,"name":"Varer","item":"https:\/\/essenledstrip.com\/dk\/shop\/"},{"@type":"ListItem","position":3,"name":"Constant Current LED Strip 10m\/reel 12W\/m 120leds\/m"}]},{"@type":"WebSite","@id":"https:\/\/essenledstrip.com\/ar\/#website","url":"https:\/\/essenledstrip.com\/ar\/","name":"Essenled Lighting","description":"","publisher":{"@id":"https:\/\/essenledstrip.com\/ar\/#organization"},"potentialAction":[{"@type":"SearchAction","target":{"@type":"EntryPoint","urlTemplate":"https:\/\/essenledstrip.com\/ar\/?s={search_term_string}"},"query-input":{"@type":"PropertyValueSpecification","valueRequired":true,"valueName":"search_term_string"}}],"inLanguage":"pt-PT"},{"@type":"Organization","@id":"https:\/\/essenledstrip.com\/ar\/#organization","name":"Shenzhen Essenled Lighting CO.,LTD","url":"https:\/\/essenledstrip.com\/ar\/","logo":{"@type":"ImageObject","inLanguage":"pt-PT","@id":"https:\/\/essenledstrip.com\/ar\/#\/schema\/logo\/image\/","url":"https:\/\/essenledstrip.com\/wp-content\/uploads\/2022\/08\/LOGO.png","contentUrl":"https:\/\/essenledstrip.com\/wp-content\/uploads\/2022\/08\/LOGO.png","width":300,"height":100,"caption":"Shenzhen Essenled Lighting CO.,LTD"},"image":{"@id":"https:\/\/essenledstrip.com\/ar\/#\/schema\/logo\/image\/"},"sameAs":["https:\/\/www.facebook.com\/Shenzhen-Essenled-Lighting-COLTD-106633570961729"]}]}},"_links":{"self":[{"href":"https:\/\/essenledstrip.com\/pt\/wp-json\/wp\/v2\/product\/1489","targetHints":{"allow":["GET"]}}],"collection":[{"href":"https:\/\/essenledstrip.com\/pt\/wp-json\/wp\/v2\/product"}],"about":[{"href":"https:\/\/essenledstrip.com\/pt\/wp-json\/wp\/v2\/types\/product"}],"version-history":[{"count":0,"href":"https:\/\/essenledstrip.com\/pt\/wp-json\/wp\/v2\/product\/1489\/revisions"}],"wp:featuredmedia":[{"embeddable":true,"href":"https:\/\/essenledstrip.com\/pt\/wp-json\/wp\/v2\/media\/2857"}],"wp:attachment":[{"href":"https:\/\/essenledstrip.com\/pt\/wp-json\/wp\/v2\/media?parent=1489"}],"wp:term":[{"taxonomy":"product_brand","embeddable":true,"href":"https:\/\/essenledstrip.com\/pt\/wp-json\/wp\/v2\/product_brand?post=1489"},{"taxonomy":"product_cat","embeddable":true,"href":"https:\/\/essenledstrip.com\/pt\/wp-json\/wp\/v2\/product_cat?post=1489"},{"taxonomy":"product_tag","embeddable":true,"href":"https:\/\/essenledstrip.com\/pt\/wp-json\/wp\/v2\/product_tag?post=1489"}],"curies":[{"name":"wp","href":"https:\/\/api.w.org\/{rel}","templated":true}]}}