{"id":2635,"date":"2023-10-10T11:45:56","date_gmt":"2023-10-10T03:45:56","guid":{"rendered":"https:\/\/essenledstrip.com\/?post_type=product&#038;p=2635"},"modified":"2024-06-05T08:31:33","modified_gmt":"2024-06-05T00:31:33","slug":"cob-dim-to-warm-led-strip-588leds-m","status":"publish","type":"product","link":"https:\/\/essenledstrip.com\/pt\/produto\/cob-dim-to-warm-led-strip-588leds-m\/","title":{"rendered":"Fita LED COB Dim to Warm 588leds\/m 1800K a 3000K"},"content":{"rendered":"","protected":false},"excerpt":{"rendered":"<p>Faixa de LED COB Dim to Warm 588LEDs\/m, que diminuiu de 1800K para 3000K. A faixa COB dim to warm \u00e9 uma faixa de LED de densidade muito alta. N\u00e3o h\u00e1 pontos claros e a cor permanece consistente por toda parte.<\/p>\n<p>Esta faixa LED COB Dim to Warm com ajuste de temperatura de cor \u00e9 usada em cenas especiais. Os clientes atribuem grande import\u00e2ncia ao tom da temperatura da cor da luz quente. O que muda de 1800K para 3000K. Voc\u00ea s\u00f3 precisa combin\u00e1-lo com um interruptor dimmer compat\u00edvel e pode aumentar ou diminuir as luzes \u00e0 vontade para expressar seu humor.<\/p>\n<p>A faixa COB dim to warm foi desenvolvida recentemente e possui apenas dois fios. A pot\u00eancia m\u00e1xima \u00e9 de 15W por metro, voc\u00ea pode cortar conforme seu projeto (72,57mm por corte), a amostra \u00e9 gr\u00e1tis. Se voc\u00ea tiver algum interesse, por favor me avise e enviarei as especifica\u00e7\u00f5es relevantes.<\/p>\n<p><img decoding=\"async\" class=\"alignnone size-medium wp-image-2640\" src=\"https:\/\/essenledstrip.com\/wp-content\/uploads\/2023\/10\/COB-LED-strip-Dim-to-Warm-588LEDs-1-300x63.webp\" alt=\"\" width=\"300\" height=\"63\" srcset=\"https:\/\/essenledstrip.com\/wp-content\/uploads\/2023\/10\/COB-LED-strip-Dim-to-Warm-588LEDs-1-300x63.webp 300w, https:\/\/essenledstrip.com\/wp-content\/uploads\/2023\/10\/COB-LED-strip-Dim-to-Warm-588LEDs-1-768x161.webp 768w, https:\/\/essenledstrip.com\/wp-content\/uploads\/2023\/10\/COB-LED-strip-Dim-to-Warm-588LEDs-1-18x4.webp 18w, https:\/\/essenledstrip.com\/wp-content\/uploads\/2023\/10\/COB-LED-strip-Dim-to-Warm-588LEDs-1-600x125.webp 600w, https:\/\/essenledstrip.com\/wp-content\/uploads\/2023\/10\/COB-LED-strip-Dim-to-Warm-588LEDs-1.webp 856w\" sizes=\"(max-width: 300px) 100vw, 300px\" \/><\/p>","protected":false},"featured_media":3006,"template":"","meta":{"_kad_post_transparent":"default","_kad_post_title":"","_kad_post_layout":"default","_kad_post_sidebar_id":"","_kad_post_content_style":"default","_kad_post_vertical_padding":"default","_kad_post_feature":"","_kad_post_feature_position":"","_kad_post_header":false,"_kad_post_footer":false,"_kad_post_classname":""},"product_brand":[],"product_cat":[42],"product_tag":[632,631,633],"class_list":{"0":"post-2635","1":"product","2":"type-product","3":"status-publish","4":"has-post-thumbnail","6":"product_cat-cob-led-strip","7":"product_tag-dim-to-warm","8":"product_tag-dim-to-warm-cob","9":"product_tag-dim-to-warm-led-strip","11":"first","12":"instock","13":"shipping-taxable","14":"product-type-simple","15":"entry","16":"content-bg","17":"loop-entry"},"yoast_head":"<!-- This site is optimized with the Yoast SEO Premium plugin v24.7 (Yoast SEO v26.7) - https:\/\/yoast.com\/wordpress\/plugins\/seo\/ -->\n<title>COB Dim to Warm LED Strip 588leds\/m 1800K to 3000K - Essenled Lighting<\/title>\n<meta name=\"description\" content=\"COB LED Strip Dim to Warm 588LEDs\/m manufacturer factory, dimmed from 1800K to 3000K, 15w\/m, no any light spots, no shadow, soft lighting.\" \/>\n<meta name=\"robots\" content=\"index, follow, max-snippet:-1, max-image-preview:large, max-video-preview:-1\" \/>\n<link rel=\"canonical\" href=\"https:\/\/essenledstrip.com\/pt\/produto\/cob-dim-to-warm-led-strip-588leds-m\/\" \/>\n<meta property=\"og:locale\" content=\"pt_PT\" \/>\n<meta property=\"og:type\" content=\"article\" \/>\n<meta property=\"og:title\" content=\"COB Dim to Warm LED Strip 588leds\/m 1800K to 3000K\" \/>\n<meta property=\"og:description\" content=\"COB LED Strip Dim to Warm 588LEDs\/m manufacturer factory, dimmed from 1800K to 3000K, 15w\/m, no any light spots, no shadow, soft lighting.\" \/>\n<meta property=\"og:url\" content=\"https:\/\/essenledstrip.com\/pt\/produto\/cob-dim-to-warm-led-strip-588leds-m\/\" \/>\n<meta property=\"og:site_name\" content=\"Essenled Lighting\" \/>\n<meta property=\"article:publisher\" content=\"https:\/\/www.facebook.com\/Shenzhen-Essenled-Lighting-COLTD-106633570961729\" \/>\n<meta property=\"article:modified_time\" content=\"2024-06-05T00:31:33+00:00\" \/>\n<meta property=\"og:image\" content=\"https:\/\/essenledstrip.com\/wp-content\/uploads\/2023\/10\/Dim-to-Warm-Strip-Lights.webp\" \/>\n\t<meta property=\"og:image:width\" content=\"1000\" \/>\n\t<meta property=\"og:image:height\" content=\"1000\" \/>\n\t<meta property=\"og:image:type\" content=\"image\/webp\" \/>\n<meta name=\"twitter:card\" content=\"summary_large_image\" \/>\n<meta name=\"twitter:label1\" content=\"Tempo estimado de leitura\" \/>\n\t<meta name=\"twitter:data1\" content=\"1 minuto\" \/>\n<script type=\"application\/ld+json\" class=\"yoast-schema-graph\">{\"@context\":\"https:\/\/schema.org\",\"@graph\":[{\"@type\":\"WebPage\",\"@id\":\"https:\/\/essenledstrip.com\/product\/cob-dim-to-warm-led-strip-588leds-m\/\",\"url\":\"https:\/\/essenledstrip.com\/product\/cob-dim-to-warm-led-strip-588leds-m\/\",\"name\":\"COB Dim to Warm LED Strip 588leds\/m 1800K to 3000K - Essenled Lighting\",\"isPartOf\":{\"@id\":\"https:\/\/essenledstrip.com\/ar\/#website\"},\"primaryImageOfPage\":{\"@id\":\"https:\/\/essenledstrip.com\/product\/cob-dim-to-warm-led-strip-588leds-m\/#primaryimage\"},\"image\":{\"@id\":\"https:\/\/essenledstrip.com\/product\/cob-dim-to-warm-led-strip-588leds-m\/#primaryimage\"},\"thumbnailUrl\":\"https:\/\/essenledstrip.com\/wp-content\/uploads\/2023\/10\/Dim-to-Warm-Strip-Lights.webp\",\"datePublished\":\"2023-10-10T03:45:56+00:00\",\"dateModified\":\"2024-06-05T00:31:33+00:00\",\"description\":\"COB LED Strip Dim to Warm 588LEDs\/m manufacturer factory, dimmed from 1800K to 3000K, 15w\/m, no any light spots, no shadow, soft lighting.\",\"breadcrumb\":{\"@id\":\"https:\/\/essenledstrip.com\/product\/cob-dim-to-warm-led-strip-588leds-m\/#breadcrumb\"},\"inLanguage\":\"pt-PT\",\"potentialAction\":[{\"@type\":\"ReadAction\",\"target\":[\"https:\/\/essenledstrip.com\/product\/cob-dim-to-warm-led-strip-588leds-m\/\"]}]},{\"@type\":\"ImageObject\",\"inLanguage\":\"pt-PT\",\"@id\":\"https:\/\/essenledstrip.com\/product\/cob-dim-to-warm-led-strip-588leds-m\/#primaryimage\",\"url\":\"https:\/\/essenledstrip.com\/wp-content\/uploads\/2023\/10\/Dim-to-Warm-Strip-Lights.webp\",\"contentUrl\":\"https:\/\/essenledstrip.com\/wp-content\/uploads\/2023\/10\/Dim-to-Warm-Strip-Lights.webp\",\"width\":1000,\"height\":1000,\"caption\":\"Dim to Warm Strip Lights\"},{\"@type\":\"BreadcrumbList\",\"@id\":\"https:\/\/essenledstrip.com\/product\/cob-dim-to-warm-led-strip-588leds-m\/#breadcrumb\",\"itemListElement\":[{\"@type\":\"ListItem\",\"position\":1,\"name\":\"Home\",\"item\":\"https:\/\/essenledstrip.com\/\"},{\"@type\":\"ListItem\",\"position\":2,\"name\":\"Varer\",\"item\":\"https:\/\/essenledstrip.com\/dk\/shop\/\"},{\"@type\":\"ListItem\",\"position\":3,\"name\":\"COB Dim to Warm LED Strip 588leds\/m 1800K to 3000K\"}]},{\"@type\":\"WebSite\",\"@id\":\"https:\/\/essenledstrip.com\/ar\/#website\",\"url\":\"https:\/\/essenledstrip.com\/ar\/\",\"name\":\"Essenled Lighting\",\"description\":\"\",\"publisher\":{\"@id\":\"https:\/\/essenledstrip.com\/ar\/#organization\"},\"potentialAction\":[{\"@type\":\"SearchAction\",\"target\":{\"@type\":\"EntryPoint\",\"urlTemplate\":\"https:\/\/essenledstrip.com\/ar\/?s={search_term_string}\"},\"query-input\":{\"@type\":\"PropertyValueSpecification\",\"valueRequired\":true,\"valueName\":\"search_term_string\"}}],\"inLanguage\":\"pt-PT\"},{\"@type\":\"Organization\",\"@id\":\"https:\/\/essenledstrip.com\/ar\/#organization\",\"name\":\"Shenzhen Essenled Lighting CO.,LTD\",\"url\":\"https:\/\/essenledstrip.com\/ar\/\",\"logo\":{\"@type\":\"ImageObject\",\"inLanguage\":\"pt-PT\",\"@id\":\"https:\/\/essenledstrip.com\/ar\/#\/schema\/logo\/image\/\",\"url\":\"https:\/\/essenledstrip.com\/wp-content\/uploads\/2022\/08\/LOGO.png\",\"contentUrl\":\"https:\/\/essenledstrip.com\/wp-content\/uploads\/2022\/08\/LOGO.png\",\"width\":300,\"height\":100,\"caption\":\"Shenzhen Essenled Lighting CO.,LTD\"},\"image\":{\"@id\":\"https:\/\/essenledstrip.com\/ar\/#\/schema\/logo\/image\/\"},\"sameAs\":[\"https:\/\/www.facebook.com\/Shenzhen-Essenled-Lighting-COLTD-106633570961729\"]}]}<\/script>\n<!-- \/ Yoast SEO Premium plugin. -->","yoast_head_json":{"title":"COB Dim to Warm LED Strip 588leds\/m 1800K to 3000K - Essenled Lighting","description":"COB LED Strip Dim to Warm 588LEDs\/m manufacturer factory, dimmed from 1800K to 3000K, 15w\/m, no any light spots, no shadow, soft lighting.","robots":{"index":"index","follow":"follow","max-snippet":"max-snippet:-1","max-image-preview":"max-image-preview:large","max-video-preview":"max-video-preview:-1"},"canonical":"https:\/\/essenledstrip.com\/pt\/produto\/cob-dim-to-warm-led-strip-588leds-m\/","og_locale":"pt_PT","og_type":"article","og_title":"COB Dim to Warm LED Strip 588leds\/m 1800K to 3000K","og_description":"COB LED Strip Dim to Warm 588LEDs\/m manufacturer factory, dimmed from 1800K to 3000K, 15w\/m, no any light spots, no shadow, soft lighting.","og_url":"https:\/\/essenledstrip.com\/pt\/produto\/cob-dim-to-warm-led-strip-588leds-m\/","og_site_name":"Essenled Lighting","article_publisher":"https:\/\/www.facebook.com\/Shenzhen-Essenled-Lighting-COLTD-106633570961729","article_modified_time":"2024-06-05T00:31:33+00:00","og_image":[{"width":1000,"height":1000,"url":"https:\/\/essenledstrip.com\/wp-content\/uploads\/2023\/10\/Dim-to-Warm-Strip-Lights.webp","type":"image\/webp"}],"twitter_card":"summary_large_image","twitter_misc":{"Tempo estimado de leitura":"1 minuto"},"schema":{"@context":"https:\/\/schema.org","@graph":[{"@type":"WebPage","@id":"https:\/\/essenledstrip.com\/product\/cob-dim-to-warm-led-strip-588leds-m\/","url":"https:\/\/essenledstrip.com\/product\/cob-dim-to-warm-led-strip-588leds-m\/","name":"COB Dim to Warm LED Strip 588leds\/m 1800K to 3000K - Essenled Lighting","isPartOf":{"@id":"https:\/\/essenledstrip.com\/ar\/#website"},"primaryImageOfPage":{"@id":"https:\/\/essenledstrip.com\/product\/cob-dim-to-warm-led-strip-588leds-m\/#primaryimage"},"image":{"@id":"https:\/\/essenledstrip.com\/product\/cob-dim-to-warm-led-strip-588leds-m\/#primaryimage"},"thumbnailUrl":"https:\/\/essenledstrip.com\/wp-content\/uploads\/2023\/10\/Dim-to-Warm-Strip-Lights.webp","datePublished":"2023-10-10T03:45:56+00:00","dateModified":"2024-06-05T00:31:33+00:00","description":"COB LED Strip Dim to Warm 588LEDs\/m manufacturer factory, dimmed from 1800K to 3000K, 15w\/m, no any light spots, no shadow, soft lighting.","breadcrumb":{"@id":"https:\/\/essenledstrip.com\/product\/cob-dim-to-warm-led-strip-588leds-m\/#breadcrumb"},"inLanguage":"pt-PT","potentialAction":[{"@type":"ReadAction","target":["https:\/\/essenledstrip.com\/product\/cob-dim-to-warm-led-strip-588leds-m\/"]}]},{"@type":"ImageObject","inLanguage":"pt-PT","@id":"https:\/\/essenledstrip.com\/product\/cob-dim-to-warm-led-strip-588leds-m\/#primaryimage","url":"https:\/\/essenledstrip.com\/wp-content\/uploads\/2023\/10\/Dim-to-Warm-Strip-Lights.webp","contentUrl":"https:\/\/essenledstrip.com\/wp-content\/uploads\/2023\/10\/Dim-to-Warm-Strip-Lights.webp","width":1000,"height":1000,"caption":"Dim to Warm Strip Lights"},{"@type":"BreadcrumbList","@id":"https:\/\/essenledstrip.com\/product\/cob-dim-to-warm-led-strip-588leds-m\/#breadcrumb","itemListElement":[{"@type":"ListItem","position":1,"name":"Home","item":"https:\/\/essenledstrip.com\/"},{"@type":"ListItem","position":2,"name":"Varer","item":"https:\/\/essenledstrip.com\/dk\/shop\/"},{"@type":"ListItem","position":3,"name":"COB Dim to Warm LED Strip 588leds\/m 1800K to 3000K"}]},{"@type":"WebSite","@id":"https:\/\/essenledstrip.com\/ar\/#website","url":"https:\/\/essenledstrip.com\/ar\/","name":"Essenled Lighting","description":"","publisher":{"@id":"https:\/\/essenledstrip.com\/ar\/#organization"},"potentialAction":[{"@type":"SearchAction","target":{"@type":"EntryPoint","urlTemplate":"https:\/\/essenledstrip.com\/ar\/?s={search_term_string}"},"query-input":{"@type":"PropertyValueSpecification","valueRequired":true,"valueName":"search_term_string"}}],"inLanguage":"pt-PT"},{"@type":"Organization","@id":"https:\/\/essenledstrip.com\/ar\/#organization","name":"Shenzhen Essenled Lighting CO.,LTD","url":"https:\/\/essenledstrip.com\/ar\/","logo":{"@type":"ImageObject","inLanguage":"pt-PT","@id":"https:\/\/essenledstrip.com\/ar\/#\/schema\/logo\/image\/","url":"https:\/\/essenledstrip.com\/wp-content\/uploads\/2022\/08\/LOGO.png","contentUrl":"https:\/\/essenledstrip.com\/wp-content\/uploads\/2022\/08\/LOGO.png","width":300,"height":100,"caption":"Shenzhen Essenled Lighting CO.,LTD"},"image":{"@id":"https:\/\/essenledstrip.com\/ar\/#\/schema\/logo\/image\/"},"sameAs":["https:\/\/www.facebook.com\/Shenzhen-Essenled-Lighting-COLTD-106633570961729"]}]}},"_links":{"self":[{"href":"https:\/\/essenledstrip.com\/pt\/wp-json\/wp\/v2\/product\/2635","targetHints":{"allow":["GET"]}}],"collection":[{"href":"https:\/\/essenledstrip.com\/pt\/wp-json\/wp\/v2\/product"}],"about":[{"href":"https:\/\/essenledstrip.com\/pt\/wp-json\/wp\/v2\/types\/product"}],"version-history":[{"count":0,"href":"https:\/\/essenledstrip.com\/pt\/wp-json\/wp\/v2\/product\/2635\/revisions"}],"wp:featuredmedia":[{"embeddable":true,"href":"https:\/\/essenledstrip.com\/pt\/wp-json\/wp\/v2\/media\/3006"}],"wp:attachment":[{"href":"https:\/\/essenledstrip.com\/pt\/wp-json\/wp\/v2\/media?parent=2635"}],"wp:term":[{"taxonomy":"product_brand","embeddable":true,"href":"https:\/\/essenledstrip.com\/pt\/wp-json\/wp\/v2\/product_brand?post=2635"},{"taxonomy":"product_cat","embeddable":true,"href":"https:\/\/essenledstrip.com\/pt\/wp-json\/wp\/v2\/product_cat?post=2635"},{"taxonomy":"product_tag","embeddable":true,"href":"https:\/\/essenledstrip.com\/pt\/wp-json\/wp\/v2\/product_tag?post=2635"}],"curies":[{"name":"wp","href":"https:\/\/api.w.org\/{rel}","templated":true}]}}