{"id":966,"date":"2022-09-19T10:29:47","date_gmt":"2022-09-19T02:29:47","guid":{"rendered":"https:\/\/essenledstrip.com\/?post_type=product&#038;p=966"},"modified":"2024-03-24T00:11:55","modified_gmt":"2024-03-23T16:11:55","slug":"cob-led-strip-576leds-tunable-white","status":"publish","type":"product","link":"https:\/\/essenledstrip.com\/pt\/produto\/cob-led-strip-576leds-tunable-white\/","title":{"rendered":"Fita LED COB 576 leds\/m Branco sintoniz\u00e1vel 10W-15W 24V"},"content":{"rendered":"","protected":false},"excerpt":{"rendered":"<p>O COB significa Chip on Board, a principal vantagem desta tecnologia \u00e9 que n\u00e3o h\u00e1 manchas vis\u00edveis, tira de campo COB branca ajust\u00e1vel ou tira de led COB ajust\u00e1vel CCT, com placa PCB de alta densidade 576leds\/m 10mm, DC24v (27.8mm\/cut ) 10 w\/m 15 w\/m, temperatura de cor padr\u00e3o 2700 k + 6500 k, outros cct podem ser personalizados se voc\u00ea precisar.<\/p>\n<p>A faixa de led COB branca ajust\u00e1vel, at\u00e9 576 leds\/m de alta densidade, o chip COB \u00e9 fixado diretamente na placa PCB, o calor do chip pode ser rapidamente transferido para a placa PCB. Portanto, a taxa de dissipa\u00e7\u00e3o de calor da tira de led COB \u00e9 mais r\u00e1pida que a da tira de led SMD e, posteriormente, o decaimento da luz da tira de led COB \u00e9 menor e a vida \u00fatil \u00e9 maior. Resultados em maior intensidade e maior uniformidade de luz, sem pontos de luz e \u00e1rea escura, alta efici\u00eancia, alto CRI, alta flexibilidade, \u00e2ngulo de feixe de 180\u00b0, vida \u00fatil mais longa.<\/p>\n<p><img decoding=\"async\" class=\"alignnone size-medium wp-image-978\" src=\"https:\/\/essenledstrip.com\/wp-content\/uploads\/2022\/09\/20220906173417-1-300x92.webp\" alt=\"\" width=\"300\" height=\"92\" srcset=\"https:\/\/essenledstrip.com\/wp-content\/uploads\/2022\/09\/20220906173417-1-300x92.webp 300w, https:\/\/essenledstrip.com\/wp-content\/uploads\/2022\/09\/20220906173417-1-18x6.webp 18w, https:\/\/essenledstrip.com\/wp-content\/uploads\/2022\/09\/20220906173417-1-600x184.webp 600w, https:\/\/essenledstrip.com\/wp-content\/uploads\/2022\/09\/20220906173417-1.webp 678w\" sizes=\"(max-width: 300px) 100vw, 300px\" \/><\/p>","protected":false},"featured_media":2742,"template":"","meta":{"_kad_post_transparent":"default","_kad_post_title":"","_kad_post_layout":"default","_kad_post_sidebar_id":"","_kad_post_content_style":"default","_kad_post_vertical_padding":"default","_kad_post_feature":"","_kad_post_feature_position":"","_kad_post_header":false,"_kad_post_footer":false,"_kad_post_classname":""},"product_brand":[],"product_cat":[42],"product_tag":[192,193,194],"class_list":{"0":"post-966","1":"product","2":"type-product","3":"status-publish","4":"has-post-thumbnail","6":"product_cat-cob-led-strip","7":"product_tag-24v-cct-2700k-6500k-cob-led-strip-light-576leds-high-density","8":"product_tag-cct-cob-led-strip-lights-576leds-m-dual-color-10mm","9":"product_tag-cct-led-streifen-cob-27k65k-24v-15w-m-576led-m-cri90","11":"first","12":"instock","13":"shipping-taxable","14":"product-type-simple","15":"entry","16":"content-bg","17":"loop-entry"},"yoast_head":"<!-- This site is optimized with the Yoast SEO Premium plugin v24.7 (Yoast SEO v26.7) - https:\/\/yoast.com\/wordpress\/plugins\/seo\/ -->\n<title>576LEDs\/M COB Led Strip Tunable White 10W 15W 24V - Essenled<\/title>\n<meta name=\"description\" content=\"COB LED Strip tunable white 576leds\/m 10w\/m 15w\/m, CRI&gt;90+, DC24V. There is even and soft light radiation, no glaring and no lighting spot,very bright.\" \/>\n<meta name=\"robots\" content=\"index, follow, max-snippet:-1, max-image-preview:large, max-video-preview:-1\" \/>\n<link rel=\"canonical\" href=\"https:\/\/essenledstrip.com\/pt\/produto\/cob-led-strip-576leds-tunable-white\/\" \/>\n<meta property=\"og:locale\" content=\"pt_PT\" \/>\n<meta property=\"og:type\" content=\"article\" \/>\n<meta property=\"og:title\" content=\"COB LED Strip 576leds\/m Tunable White 10W-15W 24V\" \/>\n<meta property=\"og:description\" content=\"COB LED Strip tunable white 576leds\/m 10w\/m 15w\/m, CRI&gt;90+, DC24V. There is even and soft light radiation, no glaring and no lighting spot,very bright.\" \/>\n<meta property=\"og:url\" content=\"https:\/\/essenledstrip.com\/pt\/produto\/cob-led-strip-576leds-tunable-white\/\" \/>\n<meta property=\"og:site_name\" content=\"Essenled Lighting\" \/>\n<meta property=\"article:publisher\" content=\"https:\/\/www.facebook.com\/Shenzhen-Essenled-Lighting-COLTD-106633570961729\" \/>\n<meta property=\"article:modified_time\" content=\"2024-03-23T16:11:55+00:00\" \/>\n<meta property=\"og:image\" content=\"https:\/\/essenledstrip.com\/wp-content\/uploads\/2022\/09\/Hot-sales-COB-led-light-strip-2700K6000K-Dual-White-576-leds.webp\" \/>\n\t<meta property=\"og:image:width\" content=\"800\" \/>\n\t<meta property=\"og:image:height\" content=\"800\" \/>\n\t<meta property=\"og:image:type\" content=\"image\/webp\" \/>\n<meta name=\"twitter:card\" content=\"summary_large_image\" \/>\n<meta name=\"twitter:label1\" content=\"Tempo estimado de leitura\" \/>\n\t<meta name=\"twitter:data1\" content=\"1 minuto\" \/>\n<script type=\"application\/ld+json\" class=\"yoast-schema-graph\">{\"@context\":\"https:\/\/schema.org\",\"@graph\":[{\"@type\":\"WebPage\",\"@id\":\"https:\/\/essenledstrip.com\/product\/cob-led-strip-576leds-tunable-white\/\",\"url\":\"https:\/\/essenledstrip.com\/product\/cob-led-strip-576leds-tunable-white\/\",\"name\":\"576LEDs\/M COB Led Strip Tunable White 10W 15W 24V - Essenled\",\"isPartOf\":{\"@id\":\"https:\/\/essenledstrip.com\/ar\/#website\"},\"primaryImageOfPage\":{\"@id\":\"https:\/\/essenledstrip.com\/product\/cob-led-strip-576leds-tunable-white\/#primaryimage\"},\"image\":{\"@id\":\"https:\/\/essenledstrip.com\/product\/cob-led-strip-576leds-tunable-white\/#primaryimage\"},\"thumbnailUrl\":\"https:\/\/essenledstrip.com\/wp-content\/uploads\/2022\/09\/Hot-sales-COB-led-light-strip-2700K6000K-Dual-White-576-leds.webp\",\"datePublished\":\"2022-09-19T02:29:47+00:00\",\"dateModified\":\"2024-03-23T16:11:55+00:00\",\"description\":\"COB LED Strip tunable white 576leds\/m 10w\/m 15w\/m, CRI>90+, DC24V. There is even and soft light radiation, no glaring and no lighting spot,very bright.\",\"breadcrumb\":{\"@id\":\"https:\/\/essenledstrip.com\/product\/cob-led-strip-576leds-tunable-white\/#breadcrumb\"},\"inLanguage\":\"pt-PT\",\"potentialAction\":[{\"@type\":\"ReadAction\",\"target\":[\"https:\/\/essenledstrip.com\/product\/cob-led-strip-576leds-tunable-white\/\"]}]},{\"@type\":\"ImageObject\",\"inLanguage\":\"pt-PT\",\"@id\":\"https:\/\/essenledstrip.com\/product\/cob-led-strip-576leds-tunable-white\/#primaryimage\",\"url\":\"https:\/\/essenledstrip.com\/wp-content\/uploads\/2022\/09\/Hot-sales-COB-led-light-strip-2700K6000K-Dual-White-576-leds.webp\",\"contentUrl\":\"https:\/\/essenledstrip.com\/wp-content\/uploads\/2022\/09\/Hot-sales-COB-led-light-strip-2700K6000K-Dual-White-576-leds.webp\",\"width\":800,\"height\":800,\"caption\":\"Hot sales COB led light strip 2700K6000K Dual White 576 leds\"},{\"@type\":\"BreadcrumbList\",\"@id\":\"https:\/\/essenledstrip.com\/product\/cob-led-strip-576leds-tunable-white\/#breadcrumb\",\"itemListElement\":[{\"@type\":\"ListItem\",\"position\":1,\"name\":\"Home\",\"item\":\"https:\/\/essenledstrip.com\/\"},{\"@type\":\"ListItem\",\"position\":2,\"name\":\"Varer\",\"item\":\"https:\/\/essenledstrip.com\/dk\/shop\/\"},{\"@type\":\"ListItem\",\"position\":3,\"name\":\"COB LED Strip 576leds\/m Tunable White 10W-15W 24V\"}]},{\"@type\":\"WebSite\",\"@id\":\"https:\/\/essenledstrip.com\/ar\/#website\",\"url\":\"https:\/\/essenledstrip.com\/ar\/\",\"name\":\"Essenled Lighting\",\"description\":\"\",\"publisher\":{\"@id\":\"https:\/\/essenledstrip.com\/ar\/#organization\"},\"potentialAction\":[{\"@type\":\"SearchAction\",\"target\":{\"@type\":\"EntryPoint\",\"urlTemplate\":\"https:\/\/essenledstrip.com\/ar\/?s={search_term_string}\"},\"query-input\":{\"@type\":\"PropertyValueSpecification\",\"valueRequired\":true,\"valueName\":\"search_term_string\"}}],\"inLanguage\":\"pt-PT\"},{\"@type\":\"Organization\",\"@id\":\"https:\/\/essenledstrip.com\/ar\/#organization\",\"name\":\"Shenzhen Essenled Lighting CO.,LTD\",\"url\":\"https:\/\/essenledstrip.com\/ar\/\",\"logo\":{\"@type\":\"ImageObject\",\"inLanguage\":\"pt-PT\",\"@id\":\"https:\/\/essenledstrip.com\/ar\/#\/schema\/logo\/image\/\",\"url\":\"https:\/\/essenledstrip.com\/wp-content\/uploads\/2022\/08\/LOGO.png\",\"contentUrl\":\"https:\/\/essenledstrip.com\/wp-content\/uploads\/2022\/08\/LOGO.png\",\"width\":300,\"height\":100,\"caption\":\"Shenzhen Essenled Lighting CO.,LTD\"},\"image\":{\"@id\":\"https:\/\/essenledstrip.com\/ar\/#\/schema\/logo\/image\/\"},\"sameAs\":[\"https:\/\/www.facebook.com\/Shenzhen-Essenled-Lighting-COLTD-106633570961729\"]}]}<\/script>\n<!-- \/ Yoast SEO Premium plugin. -->","yoast_head_json":{"title":"576LEDs\/M COB Led Strip Tunable White 10W 15W 24V - Essenled","description":"COB LED Strip tunable white 576leds\/m 10w\/m 15w\/m, CRI>90+, DC24V. There is even and soft light radiation, no glaring and no lighting spot,very bright.","robots":{"index":"index","follow":"follow","max-snippet":"max-snippet:-1","max-image-preview":"max-image-preview:large","max-video-preview":"max-video-preview:-1"},"canonical":"https:\/\/essenledstrip.com\/pt\/produto\/cob-led-strip-576leds-tunable-white\/","og_locale":"pt_PT","og_type":"article","og_title":"COB LED Strip 576leds\/m Tunable White 10W-15W 24V","og_description":"COB LED Strip tunable white 576leds\/m 10w\/m 15w\/m, CRI>90+, DC24V. There is even and soft light radiation, no glaring and no lighting spot,very bright.","og_url":"https:\/\/essenledstrip.com\/pt\/produto\/cob-led-strip-576leds-tunable-white\/","og_site_name":"Essenled Lighting","article_publisher":"https:\/\/www.facebook.com\/Shenzhen-Essenled-Lighting-COLTD-106633570961729","article_modified_time":"2024-03-23T16:11:55+00:00","og_image":[{"width":800,"height":800,"url":"https:\/\/essenledstrip.com\/wp-content\/uploads\/2022\/09\/Hot-sales-COB-led-light-strip-2700K6000K-Dual-White-576-leds.webp","type":"image\/webp"}],"twitter_card":"summary_large_image","twitter_misc":{"Tempo estimado de leitura":"1 minuto"},"schema":{"@context":"https:\/\/schema.org","@graph":[{"@type":"WebPage","@id":"https:\/\/essenledstrip.com\/product\/cob-led-strip-576leds-tunable-white\/","url":"https:\/\/essenledstrip.com\/product\/cob-led-strip-576leds-tunable-white\/","name":"576LEDs\/M COB Led Strip Tunable White 10W 15W 24V - Essenled","isPartOf":{"@id":"https:\/\/essenledstrip.com\/ar\/#website"},"primaryImageOfPage":{"@id":"https:\/\/essenledstrip.com\/product\/cob-led-strip-576leds-tunable-white\/#primaryimage"},"image":{"@id":"https:\/\/essenledstrip.com\/product\/cob-led-strip-576leds-tunable-white\/#primaryimage"},"thumbnailUrl":"https:\/\/essenledstrip.com\/wp-content\/uploads\/2022\/09\/Hot-sales-COB-led-light-strip-2700K6000K-Dual-White-576-leds.webp","datePublished":"2022-09-19T02:29:47+00:00","dateModified":"2024-03-23T16:11:55+00:00","description":"COB LED Strip tunable white 576leds\/m 10w\/m 15w\/m, CRI>90+, DC24V. There is even and soft light radiation, no glaring and no lighting spot,very bright.","breadcrumb":{"@id":"https:\/\/essenledstrip.com\/product\/cob-led-strip-576leds-tunable-white\/#breadcrumb"},"inLanguage":"pt-PT","potentialAction":[{"@type":"ReadAction","target":["https:\/\/essenledstrip.com\/product\/cob-led-strip-576leds-tunable-white\/"]}]},{"@type":"ImageObject","inLanguage":"pt-PT","@id":"https:\/\/essenledstrip.com\/product\/cob-led-strip-576leds-tunable-white\/#primaryimage","url":"https:\/\/essenledstrip.com\/wp-content\/uploads\/2022\/09\/Hot-sales-COB-led-light-strip-2700K6000K-Dual-White-576-leds.webp","contentUrl":"https:\/\/essenledstrip.com\/wp-content\/uploads\/2022\/09\/Hot-sales-COB-led-light-strip-2700K6000K-Dual-White-576-leds.webp","width":800,"height":800,"caption":"Hot sales COB led light strip 2700K6000K Dual White 576 leds"},{"@type":"BreadcrumbList","@id":"https:\/\/essenledstrip.com\/product\/cob-led-strip-576leds-tunable-white\/#breadcrumb","itemListElement":[{"@type":"ListItem","position":1,"name":"Home","item":"https:\/\/essenledstrip.com\/"},{"@type":"ListItem","position":2,"name":"Varer","item":"https:\/\/essenledstrip.com\/dk\/shop\/"},{"@type":"ListItem","position":3,"name":"COB LED Strip 576leds\/m Tunable White 10W-15W 24V"}]},{"@type":"WebSite","@id":"https:\/\/essenledstrip.com\/ar\/#website","url":"https:\/\/essenledstrip.com\/ar\/","name":"Essenled Lighting","description":"","publisher":{"@id":"https:\/\/essenledstrip.com\/ar\/#organization"},"potentialAction":[{"@type":"SearchAction","target":{"@type":"EntryPoint","urlTemplate":"https:\/\/essenledstrip.com\/ar\/?s={search_term_string}"},"query-input":{"@type":"PropertyValueSpecification","valueRequired":true,"valueName":"search_term_string"}}],"inLanguage":"pt-PT"},{"@type":"Organization","@id":"https:\/\/essenledstrip.com\/ar\/#organization","name":"Shenzhen Essenled Lighting CO.,LTD","url":"https:\/\/essenledstrip.com\/ar\/","logo":{"@type":"ImageObject","inLanguage":"pt-PT","@id":"https:\/\/essenledstrip.com\/ar\/#\/schema\/logo\/image\/","url":"https:\/\/essenledstrip.com\/wp-content\/uploads\/2022\/08\/LOGO.png","contentUrl":"https:\/\/essenledstrip.com\/wp-content\/uploads\/2022\/08\/LOGO.png","width":300,"height":100,"caption":"Shenzhen Essenled Lighting CO.,LTD"},"image":{"@id":"https:\/\/essenledstrip.com\/ar\/#\/schema\/logo\/image\/"},"sameAs":["https:\/\/www.facebook.com\/Shenzhen-Essenled-Lighting-COLTD-106633570961729"]}]}},"_links":{"self":[{"href":"https:\/\/essenledstrip.com\/pt\/wp-json\/wp\/v2\/product\/966","targetHints":{"allow":["GET"]}}],"collection":[{"href":"https:\/\/essenledstrip.com\/pt\/wp-json\/wp\/v2\/product"}],"about":[{"href":"https:\/\/essenledstrip.com\/pt\/wp-json\/wp\/v2\/types\/product"}],"version-history":[{"count":0,"href":"https:\/\/essenledstrip.com\/pt\/wp-json\/wp\/v2\/product\/966\/revisions"}],"wp:featuredmedia":[{"embeddable":true,"href":"https:\/\/essenledstrip.com\/pt\/wp-json\/wp\/v2\/media\/2742"}],"wp:attachment":[{"href":"https:\/\/essenledstrip.com\/pt\/wp-json\/wp\/v2\/media?parent=966"}],"wp:term":[{"taxonomy":"product_brand","embeddable":true,"href":"https:\/\/essenledstrip.com\/pt\/wp-json\/wp\/v2\/product_brand?post=966"},{"taxonomy":"product_cat","embeddable":true,"href":"https:\/\/essenledstrip.com\/pt\/wp-json\/wp\/v2\/product_cat?post=966"},{"taxonomy":"product_tag","embeddable":true,"href":"https:\/\/essenledstrip.com\/pt\/wp-json\/wp\/v2\/product_tag?post=966"}],"curies":[{"name":"wp","href":"https:\/\/api.w.org\/{rel}","templated":true}]}}